{"id":13100,"date":"2022-11-30T15:53:26","date_gmt":"2022-11-30T14:53:26","guid":{"rendered":"https:\/\/argumo.co\/?post_type=product&#038;p=13100"},"modified":"2023-08-17T11:41:26","modified_gmt":"2023-08-17T10:41:26","slug":"chaussure-decolte-pen","status":"publish","type":"product","link":"https:\/\/argumo.co\/fr\/produit\/chaussure-decolte-pen\/","title":{"rendered":"Chaussures d\u00e9collet\u00e9es PEN &#8211; BASS-0018"},"content":{"rendered":"<p>D\u00e9couvrez la chaussure d\u00e9cot\u00e9e PEN \u2013 BASS-0018, une chaussure basse noire qui allie style et fonctionnalit\u00e9. Disponible dans un large \u00e9ventail de pointures, elle offre une adh\u00e9rence antid\u00e9rapante pour la s\u00e9curit\u00e9, avec un cuir pour la durabilit\u00e9. Son montage soud\u00e9 assure une solidit\u00e9 robuste, tandis que la semelle en cuir offre confort et \u00e9l\u00e9gance.<\/p>\n","protected":false},"excerpt":{"rendered":"<p>D\u00e9couvrez la\u00a0chaussure d\u00e9cot\u00e9e PEN PEN \u2013 BASS-0018, une chaussure basse noire qui allie style et fonctionnalit\u00e9. Disponible dans un large \u00e9ventail de pointures, elle offre une adh\u00e9rence antid\u00e9rapante pour la s\u00e9curit\u00e9, avec un cuir pour la durabilit\u00e9. Son montage soud\u00e9 assure une solidit\u00e9 robuste, tandis que la semelle en cuir offre confort et \u00e9l\u00e9gance.<\/p>\n","protected":false},"featured_media":14295,"comment_status":"open","ping_status":"closed","template":"","meta":[],"product_cat":[167,166],"product_tag":[],"class_list":{"0":"post-13100","1":"product","2":"type-product","3":"status-publish","4":"has-post-thumbnail","6":"product_cat-industrie","7":"product_cat-uniforme","9":"first","10":"instock","11":"taxable","12":"shipping-taxable","13":"purchasable","14":"product-type-simple"},"yoast_head":"<!-- This site is optimized with the Yoast SEO Premium plugin v20.12 (Yoast SEO v20.12) - https:\/\/yoast.com\/wordpress\/plugins\/seo\/ -->\n<title>Chaussures d\u00e9collet\u00e9es PEN - BASS-0018 - ARGUMO<\/title>\n<meta name=\"robots\" content=\"index, follow, max-snippet:-1, max-image-preview:large, max-video-preview:-1\" \/>\n<link rel=\"canonical\" href=\"https:\/\/argumo.co\/fr\/produit\/chaussure-decolte-pen\/\" \/>\n<meta property=\"og:locale\" content=\"fr_FR\" \/>\n<meta property=\"og:type\" content=\"article\" \/>\n<meta property=\"og:title\" content=\"Chaussures d\u00e9collet\u00e9es PEN - BASS-0018\" \/>\n<meta property=\"og:description\" content=\"D\u00e9couvrez la\u00a0chaussure d\u00e9cot\u00e9e PEN PEN \u2013 BASS-0018, une chaussure basse noire qui allie style et fonctionnalit\u00e9. Disponible dans un large \u00e9ventail de pointures, elle offre une adh\u00e9rence antid\u00e9rapante pour la s\u00e9curit\u00e9, avec un cuir pour la durabilit\u00e9. Son montage soud\u00e9 assure une solidit\u00e9 robuste, tandis que la semelle en cuir offre confort et \u00e9l\u00e9gance.\" \/>\n<meta property=\"og:url\" content=\"https:\/\/argumo.co\/fr\/produit\/chaussure-decolte-pen\/\" \/>\n<meta property=\"og:site_name\" content=\"ARGUMO\" \/>\n<meta property=\"article:modified_time\" content=\"2023-08-17T10:41:26+00:00\" \/>\n<meta property=\"og:image\" content=\"https:\/\/argumo.co\/wp-content\/uploads\/2022\/11\/P1164734.webp\" \/>\n\t<meta property=\"og:image:width\" content=\"1800\" \/>\n\t<meta property=\"og:image:height\" content=\"2160\" \/>\n\t<meta property=\"og:image:type\" content=\"image\/webp\" \/>\n<meta name=\"twitter:card\" content=\"summary_large_image\" \/>\n<meta name=\"twitter:label1\" content=\"Prix\" \/>\n\t<meta name=\"twitter:data1\" content=\"1.00&nbsp;&euro;\" \/>\n\t<meta name=\"twitter:label2\" content=\"Availability\" \/>\n\t<meta name=\"twitter:data2\" content=\"In stock\" \/>\n<script type=\"application\/ld+json\" class=\"yoast-schema-graph\">{\"@context\":\"https:\/\/schema.org\",\"@graph\":[{\"@type\":\"WebPage\",\"@id\":\"https:\/\/argumo.co\/produit\/chaussure-decolte-pen\/\",\"url\":\"https:\/\/argumo.co\/produit\/chaussure-decolte-pen\/\",\"name\":\"Chaussures d\u00e9collet\u00e9es PEN - BASS-0018 - ARGUMO\",\"isPartOf\":{\"@id\":\"https:\/\/argumo.co\/fr\/#website\"},\"datePublished\":\"2022-11-30T14:53:26+00:00\",\"dateModified\":\"2023-08-17T10:41:26+00:00\",\"breadcrumb\":{\"@id\":\"https:\/\/argumo.co\/produit\/chaussure-decolte-pen\/#breadcrumb\"},\"inLanguage\":\"fr-FR\",\"potentialAction\":[{\"@type\":\"ReadAction\",\"target\":[\"https:\/\/argumo.co\/produit\/chaussure-decolte-pen\/\"]}]},{\"@type\":\"BreadcrumbList\",\"@id\":\"https:\/\/argumo.co\/produit\/chaussure-decolte-pen\/#breadcrumb\",\"itemListElement\":[{\"@type\":\"ListItem\",\"position\":1,\"name\":\"Home\",\"item\":\"https:\/\/argumo.co\/fr\/\"},{\"@type\":\"ListItem\",\"position\":2,\"name\":\"Catalogue de chaussures\",\"item\":\"https:\/\/argumo.co\/boutique\/\"},{\"@type\":\"ListItem\",\"position\":3,\"name\":\"Chaussures d\u00e9collet\u00e9es PEN &#8211; BASS-0018\"}]},{\"@type\":\"WebSite\",\"@id\":\"https:\/\/argumo.co\/fr\/#website\",\"url\":\"https:\/\/argumo.co\/fr\/\",\"name\":\"ARGUMO\",\"description\":\"Durabilit\u00e9, Confort Finition &amp; S\u00e9duction Intemporelle\",\"potentialAction\":[{\"@type\":\"SearchAction\",\"target\":{\"@type\":\"EntryPoint\",\"urlTemplate\":\"https:\/\/argumo.co\/fr\/?s={search_term_string}\"},\"query-input\":\"required name=search_term_string\"}],\"inLanguage\":\"fr-FR\"}]}<\/script>\n<meta property=\"product:price:amount\" content=\"1.00\" \/>\n<meta property=\"product:price:currency\" content=\"EUR\" \/>\n<meta property=\"og:availability\" content=\"instock\" \/>\n<meta property=\"product:availability\" content=\"instock\" \/>\n<meta property=\"product:condition\" content=\"new\" \/>\n<!-- \/ Yoast SEO Premium plugin. -->","yoast_head_json":{"title":"Chaussures d\u00e9collet\u00e9es PEN - BASS-0018 - ARGUMO","robots":{"index":"index","follow":"follow","max-snippet":"max-snippet:-1","max-image-preview":"max-image-preview:large","max-video-preview":"max-video-preview:-1"},"canonical":"https:\/\/argumo.co\/fr\/produit\/chaussure-decolte-pen\/","og_locale":"fr_FR","og_type":"article","og_title":"Chaussures d\u00e9collet\u00e9es PEN - BASS-0018","og_description":"D\u00e9couvrez la\u00a0chaussure d\u00e9cot\u00e9e PEN PEN \u2013 BASS-0018, une chaussure basse noire qui allie style et fonctionnalit\u00e9. Disponible dans un large \u00e9ventail de pointures, elle offre une adh\u00e9rence antid\u00e9rapante pour la s\u00e9curit\u00e9, avec un cuir pour la durabilit\u00e9. Son montage soud\u00e9 assure une solidit\u00e9 robuste, tandis que la semelle en cuir offre confort et \u00e9l\u00e9gance.","og_url":"https:\/\/argumo.co\/fr\/produit\/chaussure-decolte-pen\/","og_site_name":"ARGUMO","article_modified_time":"2023-08-17T10:41:26+00:00","og_image":[{"width":1800,"height":2160,"url":"https:\/\/argumo.co\/wp-content\/uploads\/2022\/11\/P1164734.webp","type":"image\/webp"}],"twitter_card":"summary_large_image","twitter_misc":{"Prix":"1.00&nbsp;&euro;","Availability":"In stock"},"schema":{"@context":"https:\/\/schema.org","@graph":[{"@type":"WebPage","@id":"https:\/\/argumo.co\/produit\/chaussure-decolte-pen\/","url":"https:\/\/argumo.co\/produit\/chaussure-decolte-pen\/","name":"Chaussures d\u00e9collet\u00e9es PEN - BASS-0018 - ARGUMO","isPartOf":{"@id":"https:\/\/argumo.co\/fr\/#website"},"datePublished":"2022-11-30T14:53:26+00:00","dateModified":"2023-08-17T10:41:26+00:00","breadcrumb":{"@id":"https:\/\/argumo.co\/produit\/chaussure-decolte-pen\/#breadcrumb"},"inLanguage":"fr-FR","potentialAction":[{"@type":"ReadAction","target":["https:\/\/argumo.co\/produit\/chaussure-decolte-pen\/"]}]},{"@type":"BreadcrumbList","@id":"https:\/\/argumo.co\/produit\/chaussure-decolte-pen\/#breadcrumb","itemListElement":[{"@type":"ListItem","position":1,"name":"Home","item":"https:\/\/argumo.co\/fr\/"},{"@type":"ListItem","position":2,"name":"Catalogue de chaussures","item":"https:\/\/argumo.co\/boutique\/"},{"@type":"ListItem","position":3,"name":"Chaussures d\u00e9collet\u00e9es PEN &#8211; BASS-0018"}]},{"@type":"WebSite","@id":"https:\/\/argumo.co\/fr\/#website","url":"https:\/\/argumo.co\/fr\/","name":"ARGUMO","description":"Durabilit\u00e9, Confort Finition &amp; S\u00e9duction Intemporelle","potentialAction":[{"@type":"SearchAction","target":{"@type":"EntryPoint","urlTemplate":"https:\/\/argumo.co\/fr\/?s={search_term_string}"},"query-input":"required name=search_term_string"}],"inLanguage":"fr-FR"}]},"product_price_amount":"1.00","product_price_currency":"EUR","og_availability":"instock","product_availability":"instock","product_condition":"new"},"_links":{"self":[{"href":"https:\/\/argumo.co\/fr\/wp-json\/wp\/v2\/product\/13100"}],"collection":[{"href":"https:\/\/argumo.co\/fr\/wp-json\/wp\/v2\/product"}],"about":[{"href":"https:\/\/argumo.co\/fr\/wp-json\/wp\/v2\/types\/product"}],"replies":[{"embeddable":true,"href":"https:\/\/argumo.co\/fr\/wp-json\/wp\/v2\/comments?post=13100"}],"version-history":[{"count":7,"href":"https:\/\/argumo.co\/fr\/wp-json\/wp\/v2\/product\/13100\/revisions"}],"predecessor-version":[{"id":14356,"href":"https:\/\/argumo.co\/fr\/wp-json\/wp\/v2\/product\/13100\/revisions\/14356"}],"wp:featuredmedia":[{"embeddable":true,"href":"https:\/\/argumo.co\/fr\/wp-json\/wp\/v2\/media\/14295"}],"wp:attachment":[{"href":"https:\/\/argumo.co\/fr\/wp-json\/wp\/v2\/media?parent=13100"}],"wp:term":[{"taxonomy":"product_cat","embeddable":true,"href":"https:\/\/argumo.co\/fr\/wp-json\/wp\/v2\/product_cat?post=13100"},{"taxonomy":"product_tag","embeddable":true,"href":"https:\/\/argumo.co\/fr\/wp-json\/wp\/v2\/product_tag?post=13100"}],"curies":[{"name":"wp","href":"https:\/\/api.w.org\/{rel}","templated":true}]}}