{"id":13096,"date":"2022-11-30T15:50:40","date_gmt":"2022-11-30T14:50:40","guid":{"rendered":"https:\/\/argumo.co\/?post_type=product&#038;p=13096"},"modified":"2023-08-17T11:43:43","modified_gmt":"2023-08-17T10:43:43","slug":"basse%e2%80%902-col-mousse","status":"publish","type":"product","link":"https:\/\/argumo.co\/fr\/produit\/basse%e2%80%902-col-mousse\/","title":{"rendered":"Chaussures Basses avec Col Mousse &#8211; BASS-0040"},"content":{"rendered":"<p>D\u00e9couvrez le m\u00e9lange parfait de style et de fonctionnalit\u00e9 avec les Chaussures Basses BASS-0040, disponibles en noir. Fabriqu\u00e9es en cuir Nappa de haute qualit\u00e9 (14-16 mm d&#8217;\u00e9paisseur), ces chaussures offrent durabilit\u00e9 et \u00e9l\u00e9gance. La semelle en PU crant\u00e9 assure une adh\u00e9rence sup\u00e9rieure pour \u00e9viter les glissades, et le montage soud\u00e9 garantit une construction solide. Avec un col en mousse pour un confort suppl\u00e9mentaire, ces chaussures sont le choix id\u00e9al pour ajouter une touche de sophistication \u00e0 votre tenue tout en assurant s\u00e9curit\u00e9 et confort.<\/p>\n","protected":false},"excerpt":{"rendered":"<p>D\u00e9couvrez le m\u00e9lange parfait de style et de fonctionnalit\u00e9 avec les Chaussures Basses BASS-0040, disponibles en noir. Fabriqu\u00e9es en cuir Nappa de haute qualit\u00e9 (14-16 mm d&#8217;\u00e9paisseur), ces chaussures offrent durabilit\u00e9 et \u00e9l\u00e9gance. La semelle en PU crant\u00e9 assure une adh\u00e9rence sup\u00e9rieure pour \u00e9viter les glissades, et le montage soud\u00e9 garantit une construction solide. Avec un col en mousse pour un confort suppl\u00e9mentaire, ces chaussures sont le choix id\u00e9al pour ajouter une touche de sophistication \u00e0 votre tenue tout en assurant s\u00e9curit\u00e9 et confort.<\/p>\n","protected":false},"featured_media":14325,"comment_status":"open","ping_status":"closed","template":"","meta":[],"product_cat":[167,166],"product_tag":[],"class_list":{"0":"post-13096","1":"product","2":"type-product","3":"status-publish","4":"has-post-thumbnail","6":"product_cat-industrie","7":"product_cat-uniforme","9":"first","10":"instock","11":"taxable","12":"shipping-taxable","13":"purchasable","14":"product-type-simple"},"yoast_head":"<!-- This site is optimized with the Yoast SEO Premium plugin v20.12 (Yoast SEO v20.12) - https:\/\/yoast.com\/wordpress\/plugins\/seo\/ -->\n<title>Chaussures Basses avec Col Mousse - BASS-0040 - ARGUMO<\/title>\n<meta name=\"robots\" content=\"index, follow, max-snippet:-1, max-image-preview:large, max-video-preview:-1\" \/>\n<link rel=\"canonical\" href=\"https:\/\/argumo.co\/fr\/produit\/basse\u20102-col-mousse\/\" \/>\n<meta property=\"og:locale\" content=\"fr_FR\" \/>\n<meta property=\"og:type\" content=\"article\" \/>\n<meta property=\"og:title\" content=\"Chaussures Basses avec Col Mousse - BASS-0040\" \/>\n<meta property=\"og:description\" content=\"D\u00e9couvrez le m\u00e9lange parfait de style et de fonctionnalit\u00e9 avec les Chaussures Basses BASS-0040, disponibles en noir. Fabriqu\u00e9es en cuir Nappa de haute qualit\u00e9 (14-16 mm d&#039;\u00e9paisseur), ces chaussures offrent durabilit\u00e9 et \u00e9l\u00e9gance. La semelle en PU crant\u00e9 assure une adh\u00e9rence sup\u00e9rieure pour \u00e9viter les glissades, et le montage soud\u00e9 garantit une construction solide. Avec un col en mousse pour un confort suppl\u00e9mentaire, ces chaussures sont le choix id\u00e9al pour ajouter une touche de sophistication \u00e0 votre tenue tout en assurant s\u00e9curit\u00e9 et confort.\" \/>\n<meta property=\"og:url\" content=\"https:\/\/argumo.co\/fr\/produit\/basse\u20102-col-mousse\/\" \/>\n<meta property=\"og:site_name\" content=\"ARGUMO\" \/>\n<meta property=\"article:modified_time\" content=\"2023-08-17T10:43:43+00:00\" \/>\n<meta property=\"og:image\" content=\"https:\/\/argumo.co\/wp-content\/uploads\/2022\/11\/P1164720.webp\" \/>\n\t<meta property=\"og:image:width\" content=\"1800\" \/>\n\t<meta property=\"og:image:height\" content=\"2160\" \/>\n\t<meta property=\"og:image:type\" content=\"image\/webp\" \/>\n<meta name=\"twitter:card\" content=\"summary_large_image\" \/>\n<meta name=\"twitter:label1\" content=\"Prix\" \/>\n\t<meta name=\"twitter:data1\" content=\"1.00&nbsp;&euro;\" \/>\n\t<meta name=\"twitter:label2\" content=\"Availability\" \/>\n\t<meta name=\"twitter:data2\" content=\"In stock\" \/>\n<script type=\"application\/ld+json\" class=\"yoast-schema-graph\">{\"@context\":\"https:\/\/schema.org\",\"@graph\":[{\"@type\":\"WebPage\",\"@id\":\"https:\/\/argumo.co\/produit\/basse%e2%80%902-col-mousse\/\",\"url\":\"https:\/\/argumo.co\/produit\/basse%e2%80%902-col-mousse\/\",\"name\":\"Chaussures Basses avec Col Mousse - BASS-0040 - ARGUMO\",\"isPartOf\":{\"@id\":\"https:\/\/argumo.co\/fr\/#website\"},\"datePublished\":\"2022-11-30T14:50:40+00:00\",\"dateModified\":\"2023-08-17T10:43:43+00:00\",\"breadcrumb\":{\"@id\":\"https:\/\/argumo.co\/produit\/basse%e2%80%902-col-mousse\/#breadcrumb\"},\"inLanguage\":\"fr-FR\",\"potentialAction\":[{\"@type\":\"ReadAction\",\"target\":[\"https:\/\/argumo.co\/produit\/basse%e2%80%902-col-mousse\/\"]}]},{\"@type\":\"BreadcrumbList\",\"@id\":\"https:\/\/argumo.co\/produit\/basse%e2%80%902-col-mousse\/#breadcrumb\",\"itemListElement\":[{\"@type\":\"ListItem\",\"position\":1,\"name\":\"Home\",\"item\":\"https:\/\/argumo.co\/fr\/\"},{\"@type\":\"ListItem\",\"position\":2,\"name\":\"Catalogue de chaussures\",\"item\":\"https:\/\/argumo.co\/boutique\/\"},{\"@type\":\"ListItem\",\"position\":3,\"name\":\"Chaussures Basses avec Col Mousse &#8211; BASS-0040\"}]},{\"@type\":\"WebSite\",\"@id\":\"https:\/\/argumo.co\/fr\/#website\",\"url\":\"https:\/\/argumo.co\/fr\/\",\"name\":\"ARGUMO\",\"description\":\"Durabilit\u00e9, Confort Finition &amp; S\u00e9duction Intemporelle\",\"potentialAction\":[{\"@type\":\"SearchAction\",\"target\":{\"@type\":\"EntryPoint\",\"urlTemplate\":\"https:\/\/argumo.co\/fr\/?s={search_term_string}\"},\"query-input\":\"required name=search_term_string\"}],\"inLanguage\":\"fr-FR\"}]}<\/script>\n<meta property=\"product:price:amount\" content=\"1.00\" \/>\n<meta property=\"product:price:currency\" content=\"EUR\" \/>\n<meta property=\"og:availability\" content=\"instock\" \/>\n<meta property=\"product:availability\" content=\"instock\" \/>\n<meta property=\"product:condition\" content=\"new\" \/>\n<!-- \/ Yoast SEO Premium plugin. -->","yoast_head_json":{"title":"Chaussures Basses avec Col Mousse - BASS-0040 - ARGUMO","robots":{"index":"index","follow":"follow","max-snippet":"max-snippet:-1","max-image-preview":"max-image-preview:large","max-video-preview":"max-video-preview:-1"},"canonical":"https:\/\/argumo.co\/fr\/produit\/basse\u20102-col-mousse\/","og_locale":"fr_FR","og_type":"article","og_title":"Chaussures Basses avec Col Mousse - BASS-0040","og_description":"D\u00e9couvrez le m\u00e9lange parfait de style et de fonctionnalit\u00e9 avec les Chaussures Basses BASS-0040, disponibles en noir. Fabriqu\u00e9es en cuir Nappa de haute qualit\u00e9 (14-16 mm d'\u00e9paisseur), ces chaussures offrent durabilit\u00e9 et \u00e9l\u00e9gance. La semelle en PU crant\u00e9 assure une adh\u00e9rence sup\u00e9rieure pour \u00e9viter les glissades, et le montage soud\u00e9 garantit une construction solide. Avec un col en mousse pour un confort suppl\u00e9mentaire, ces chaussures sont le choix id\u00e9al pour ajouter une touche de sophistication \u00e0 votre tenue tout en assurant s\u00e9curit\u00e9 et confort.","og_url":"https:\/\/argumo.co\/fr\/produit\/basse\u20102-col-mousse\/","og_site_name":"ARGUMO","article_modified_time":"2023-08-17T10:43:43+00:00","og_image":[{"width":1800,"height":2160,"url":"https:\/\/argumo.co\/wp-content\/uploads\/2022\/11\/P1164720.webp","type":"image\/webp"}],"twitter_card":"summary_large_image","twitter_misc":{"Prix":"1.00&nbsp;&euro;","Availability":"In stock"},"schema":{"@context":"https:\/\/schema.org","@graph":[{"@type":"WebPage","@id":"https:\/\/argumo.co\/produit\/basse%e2%80%902-col-mousse\/","url":"https:\/\/argumo.co\/produit\/basse%e2%80%902-col-mousse\/","name":"Chaussures Basses avec Col Mousse - BASS-0040 - ARGUMO","isPartOf":{"@id":"https:\/\/argumo.co\/fr\/#website"},"datePublished":"2022-11-30T14:50:40+00:00","dateModified":"2023-08-17T10:43:43+00:00","breadcrumb":{"@id":"https:\/\/argumo.co\/produit\/basse%e2%80%902-col-mousse\/#breadcrumb"},"inLanguage":"fr-FR","potentialAction":[{"@type":"ReadAction","target":["https:\/\/argumo.co\/produit\/basse%e2%80%902-col-mousse\/"]}]},{"@type":"BreadcrumbList","@id":"https:\/\/argumo.co\/produit\/basse%e2%80%902-col-mousse\/#breadcrumb","itemListElement":[{"@type":"ListItem","position":1,"name":"Home","item":"https:\/\/argumo.co\/fr\/"},{"@type":"ListItem","position":2,"name":"Catalogue de chaussures","item":"https:\/\/argumo.co\/boutique\/"},{"@type":"ListItem","position":3,"name":"Chaussures Basses avec Col Mousse &#8211; BASS-0040"}]},{"@type":"WebSite","@id":"https:\/\/argumo.co\/fr\/#website","url":"https:\/\/argumo.co\/fr\/","name":"ARGUMO","description":"Durabilit\u00e9, Confort Finition &amp; S\u00e9duction Intemporelle","potentialAction":[{"@type":"SearchAction","target":{"@type":"EntryPoint","urlTemplate":"https:\/\/argumo.co\/fr\/?s={search_term_string}"},"query-input":"required name=search_term_string"}],"inLanguage":"fr-FR"}]},"product_price_amount":"1.00","product_price_currency":"EUR","og_availability":"instock","product_availability":"instock","product_condition":"new"},"_links":{"self":[{"href":"https:\/\/argumo.co\/fr\/wp-json\/wp\/v2\/product\/13096"}],"collection":[{"href":"https:\/\/argumo.co\/fr\/wp-json\/wp\/v2\/product"}],"about":[{"href":"https:\/\/argumo.co\/fr\/wp-json\/wp\/v2\/types\/product"}],"replies":[{"embeddable":true,"href":"https:\/\/argumo.co\/fr\/wp-json\/wp\/v2\/comments?post=13096"}],"version-history":[{"count":4,"href":"https:\/\/argumo.co\/fr\/wp-json\/wp\/v2\/product\/13096\/revisions"}],"predecessor-version":[{"id":14358,"href":"https:\/\/argumo.co\/fr\/wp-json\/wp\/v2\/product\/13096\/revisions\/14358"}],"wp:featuredmedia":[{"embeddable":true,"href":"https:\/\/argumo.co\/fr\/wp-json\/wp\/v2\/media\/14325"}],"wp:attachment":[{"href":"https:\/\/argumo.co\/fr\/wp-json\/wp\/v2\/media?parent=13096"}],"wp:term":[{"taxonomy":"product_cat","embeddable":true,"href":"https:\/\/argumo.co\/fr\/wp-json\/wp\/v2\/product_cat?post=13096"},{"taxonomy":"product_tag","embeddable":true,"href":"https:\/\/argumo.co\/fr\/wp-json\/wp\/v2\/product_tag?post=13096"}],"curies":[{"name":"wp","href":"https:\/\/api.w.org\/{rel}","templated":true}]}}