{"id":13076,"date":"2022-11-30T15:18:11","date_gmt":"2022-11-30T14:18:11","guid":{"rendered":"https:\/\/argumo.co\/?post_type=product&#038;p=13076"},"modified":"2023-08-16T19:05:40","modified_gmt":"2023-08-16T18:05:40","slug":"demi%e2%80%90botte-mousse","status":"publish","type":"product","link":"https:\/\/argumo.co\/fr\/produit\/demi%e2%80%90botte-mousse\/","title":{"rendered":"DEMI\u2010BOTTE MOUSSE &#8211; BOTT-0055"},"content":{"rendered":"","protected":false},"excerpt":{"rendered":"<p>D\u00e9couvrez la demi-botte noire ( BOTT-0055), avec une adh\u00e9rence antid\u00e9rapante pour une s\u00e9curit\u00e9 accrue. Fabriqu\u00e9e en cuir pleine Hydrofuge, cette demi-botte allie durabilit\u00e9 et r\u00e9sistance \u00e0 l&#8217;humidit\u00e9. Son montage Good-Year\u00ae solide assure une robustesse exceptionnelle, et sa semelle en caoutchouc crant\u00e9 offre une adh\u00e9rence fiable.<\/p>\n","protected":false},"featured_media":14308,"comment_status":"open","ping_status":"closed","template":"","meta":[],"product_cat":[167,20,166],"product_tag":[],"class_list":{"0":"post-13076","1":"product","2":"type-product","3":"status-publish","4":"has-post-thumbnail","6":"product_cat-industrie","7":"product_cat-tactiques","8":"product_cat-uniforme","10":"first","11":"instock","12":"taxable","13":"shipping-taxable","14":"purchasable","15":"product-type-simple"},"yoast_head":"<!-- This site is optimized with the Yoast SEO Premium plugin v20.12 (Yoast SEO v20.12) - https:\/\/yoast.com\/wordpress\/plugins\/seo\/ -->\n<title>DEMI\u2010BOTTE MOUSSE - BOTT-0055 - ARGUMO<\/title>\n<meta name=\"robots\" content=\"index, follow, max-snippet:-1, max-image-preview:large, max-video-preview:-1\" \/>\n<link rel=\"canonical\" href=\"https:\/\/argumo.co\/fr\/produit\/demi\u2010botte-mousse\/\" \/>\n<meta property=\"og:locale\" content=\"fr_FR\" \/>\n<meta property=\"og:type\" content=\"article\" \/>\n<meta property=\"og:title\" content=\"DEMI\u2010BOTTE MOUSSE - BOTT-0055\" \/>\n<meta property=\"og:description\" content=\"D\u00e9couvrez la demi-botte noire ( BOTT-0055), avec une adh\u00e9rence antid\u00e9rapante pour une s\u00e9curit\u00e9 accrue. Fabriqu\u00e9e en cuir pleine Hydrofuge, cette demi-botte allie durabilit\u00e9 et r\u00e9sistance \u00e0 l&#039;humidit\u00e9. Son montage Good-Year\u00ae solide assure une robustesse exceptionnelle, et sa semelle en caoutchouc crant\u00e9 offre une adh\u00e9rence fiable.\" \/>\n<meta property=\"og:url\" content=\"https:\/\/argumo.co\/fr\/produit\/demi\u2010botte-mousse\/\" \/>\n<meta property=\"og:site_name\" content=\"ARGUMO\" \/>\n<meta property=\"article:modified_time\" content=\"2023-08-16T18:05:40+00:00\" \/>\n<meta property=\"og:image\" content=\"https:\/\/argumo.co\/wp-content\/uploads\/2022\/11\/Groupe-58.webp\" \/>\n\t<meta property=\"og:image:width\" content=\"1800\" \/>\n\t<meta property=\"og:image:height\" content=\"2160\" \/>\n\t<meta property=\"og:image:type\" content=\"image\/webp\" \/>\n<meta name=\"twitter:card\" content=\"summary_large_image\" \/>\n<meta name=\"twitter:label1\" content=\"Prix\" \/>\n\t<meta name=\"twitter:data1\" content=\"1.00&nbsp;&euro;\" \/>\n\t<meta name=\"twitter:label2\" content=\"Availability\" \/>\n\t<meta name=\"twitter:data2\" content=\"In stock\" \/>\n<script type=\"application\/ld+json\" class=\"yoast-schema-graph\">{\"@context\":\"https:\/\/schema.org\",\"@graph\":[{\"@type\":\"WebPage\",\"@id\":\"https:\/\/argumo.co\/produit\/demi%e2%80%90botte-mousse\/\",\"url\":\"https:\/\/argumo.co\/produit\/demi%e2%80%90botte-mousse\/\",\"name\":\"DEMI\u2010BOTTE MOUSSE - BOTT-0055 - ARGUMO\",\"isPartOf\":{\"@id\":\"https:\/\/argumo.co\/fr\/#website\"},\"datePublished\":\"2022-11-30T14:18:11+00:00\",\"dateModified\":\"2023-08-16T18:05:40+00:00\",\"breadcrumb\":{\"@id\":\"https:\/\/argumo.co\/produit\/demi%e2%80%90botte-mousse\/#breadcrumb\"},\"inLanguage\":\"fr-FR\",\"potentialAction\":[{\"@type\":\"ReadAction\",\"target\":[\"https:\/\/argumo.co\/produit\/demi%e2%80%90botte-mousse\/\"]}]},{\"@type\":\"BreadcrumbList\",\"@id\":\"https:\/\/argumo.co\/produit\/demi%e2%80%90botte-mousse\/#breadcrumb\",\"itemListElement\":[{\"@type\":\"ListItem\",\"position\":1,\"name\":\"Home\",\"item\":\"https:\/\/argumo.co\/fr\/\"},{\"@type\":\"ListItem\",\"position\":2,\"name\":\"Catalogue de chaussures\",\"item\":\"https:\/\/argumo.co\/boutique\/\"},{\"@type\":\"ListItem\",\"position\":3,\"name\":\"DEMI\u2010BOTTE MOUSSE &#8211; BOTT-0055\"}]},{\"@type\":\"WebSite\",\"@id\":\"https:\/\/argumo.co\/fr\/#website\",\"url\":\"https:\/\/argumo.co\/fr\/\",\"name\":\"ARGUMO\",\"description\":\"Durabilit\u00e9, Confort Finition &amp; S\u00e9duction Intemporelle\",\"potentialAction\":[{\"@type\":\"SearchAction\",\"target\":{\"@type\":\"EntryPoint\",\"urlTemplate\":\"https:\/\/argumo.co\/fr\/?s={search_term_string}\"},\"query-input\":\"required name=search_term_string\"}],\"inLanguage\":\"fr-FR\"}]}<\/script>\n<meta property=\"product:price:amount\" content=\"1.00\" \/>\n<meta property=\"product:price:currency\" content=\"EUR\" \/>\n<meta property=\"og:availability\" content=\"instock\" \/>\n<meta property=\"product:availability\" content=\"instock\" \/>\n<meta property=\"product:condition\" content=\"new\" \/>\n<!-- \/ Yoast SEO Premium plugin. -->","yoast_head_json":{"title":"DEMI\u2010BOTTE MOUSSE - BOTT-0055 - ARGUMO","robots":{"index":"index","follow":"follow","max-snippet":"max-snippet:-1","max-image-preview":"max-image-preview:large","max-video-preview":"max-video-preview:-1"},"canonical":"https:\/\/argumo.co\/fr\/produit\/demi\u2010botte-mousse\/","og_locale":"fr_FR","og_type":"article","og_title":"DEMI\u2010BOTTE MOUSSE - BOTT-0055","og_description":"D\u00e9couvrez la demi-botte noire ( BOTT-0055), avec une adh\u00e9rence antid\u00e9rapante pour une s\u00e9curit\u00e9 accrue. Fabriqu\u00e9e en cuir pleine Hydrofuge, cette demi-botte allie durabilit\u00e9 et r\u00e9sistance \u00e0 l'humidit\u00e9. Son montage Good-Year\u00ae solide assure une robustesse exceptionnelle, et sa semelle en caoutchouc crant\u00e9 offre une adh\u00e9rence fiable.","og_url":"https:\/\/argumo.co\/fr\/produit\/demi\u2010botte-mousse\/","og_site_name":"ARGUMO","article_modified_time":"2023-08-16T18:05:40+00:00","og_image":[{"width":1800,"height":2160,"url":"https:\/\/argumo.co\/wp-content\/uploads\/2022\/11\/Groupe-58.webp","type":"image\/webp"}],"twitter_card":"summary_large_image","twitter_misc":{"Prix":"1.00&nbsp;&euro;","Availability":"In stock"},"schema":{"@context":"https:\/\/schema.org","@graph":[{"@type":"WebPage","@id":"https:\/\/argumo.co\/produit\/demi%e2%80%90botte-mousse\/","url":"https:\/\/argumo.co\/produit\/demi%e2%80%90botte-mousse\/","name":"DEMI\u2010BOTTE MOUSSE - BOTT-0055 - ARGUMO","isPartOf":{"@id":"https:\/\/argumo.co\/fr\/#website"},"datePublished":"2022-11-30T14:18:11+00:00","dateModified":"2023-08-16T18:05:40+00:00","breadcrumb":{"@id":"https:\/\/argumo.co\/produit\/demi%e2%80%90botte-mousse\/#breadcrumb"},"inLanguage":"fr-FR","potentialAction":[{"@type":"ReadAction","target":["https:\/\/argumo.co\/produit\/demi%e2%80%90botte-mousse\/"]}]},{"@type":"BreadcrumbList","@id":"https:\/\/argumo.co\/produit\/demi%e2%80%90botte-mousse\/#breadcrumb","itemListElement":[{"@type":"ListItem","position":1,"name":"Home","item":"https:\/\/argumo.co\/fr\/"},{"@type":"ListItem","position":2,"name":"Catalogue de chaussures","item":"https:\/\/argumo.co\/boutique\/"},{"@type":"ListItem","position":3,"name":"DEMI\u2010BOTTE MOUSSE &#8211; BOTT-0055"}]},{"@type":"WebSite","@id":"https:\/\/argumo.co\/fr\/#website","url":"https:\/\/argumo.co\/fr\/","name":"ARGUMO","description":"Durabilit\u00e9, Confort Finition &amp; S\u00e9duction Intemporelle","potentialAction":[{"@type":"SearchAction","target":{"@type":"EntryPoint","urlTemplate":"https:\/\/argumo.co\/fr\/?s={search_term_string}"},"query-input":"required name=search_term_string"}],"inLanguage":"fr-FR"}]},"product_price_amount":"1.00","product_price_currency":"EUR","og_availability":"instock","product_availability":"instock","product_condition":"new"},"_links":{"self":[{"href":"https:\/\/argumo.co\/fr\/wp-json\/wp\/v2\/product\/13076"}],"collection":[{"href":"https:\/\/argumo.co\/fr\/wp-json\/wp\/v2\/product"}],"about":[{"href":"https:\/\/argumo.co\/fr\/wp-json\/wp\/v2\/types\/product"}],"replies":[{"embeddable":true,"href":"https:\/\/argumo.co\/fr\/wp-json\/wp\/v2\/comments?post=13076"}],"version-history":[{"count":3,"href":"https:\/\/argumo.co\/fr\/wp-json\/wp\/v2\/product\/13076\/revisions"}],"predecessor-version":[{"id":14310,"href":"https:\/\/argumo.co\/fr\/wp-json\/wp\/v2\/product\/13076\/revisions\/14310"}],"wp:featuredmedia":[{"embeddable":true,"href":"https:\/\/argumo.co\/fr\/wp-json\/wp\/v2\/media\/14308"}],"wp:attachment":[{"href":"https:\/\/argumo.co\/fr\/wp-json\/wp\/v2\/media?parent=13076"}],"wp:term":[{"taxonomy":"product_cat","embeddable":true,"href":"https:\/\/argumo.co\/fr\/wp-json\/wp\/v2\/product_cat?post=13076"},{"taxonomy":"product_tag","embeddable":true,"href":"https:\/\/argumo.co\/fr\/wp-json\/wp\/v2\/product_tag?post=13076"}],"curies":[{"name":"wp","href":"https:\/\/api.w.org\/{rel}","templated":true}]}}