{"id":8,"date":"2022-05-04T16:32:17","date_gmt":"2022-05-04T16:32:17","guid":{"rendered":"https:\/\/argumo.co\/index.php\/boutique\/"},"modified":"2023-08-17T10:50:00","modified_gmt":"2023-08-17T09:50:00","slug":"boutique","status":"publish","type":"page","link":"https:\/\/argumo.co\/fr\/boutique\/","title":{"rendered":"Catalogue de chaussures"},"content":{"rendered":"","protected":false},"excerpt":{"rendered":"","protected":false},"author":1,"featured_media":0,"parent":0,"menu_order":0,"comment_status":"closed","ping_status":"closed","template":"","meta":{"footnotes":""},"class_list":["post-8","page","type-page","status-publish","hentry"],"yoast_head":"<!-- This site is optimized with the Yoast SEO Premium plugin v20.12 (Yoast SEO v20.12) - https:\/\/yoast.com\/wordpress\/plugins\/seo\/ -->\n<title>Catalogue de chaussures - ARGUMO<\/title>\n<meta name=\"description\" content=\"D\u00e9couvrez notre catalogue ARGUMO de chaussures industrielles innovantes. Qualit\u00e9 garantie pour r\u00e9pondre \u00e0 vos besoins vari\u00e9s\" \/>\n<meta name=\"robots\" content=\"index, follow, max-snippet:-1, max-image-preview:large, max-video-preview:-1\" \/>\n<link rel=\"canonical\" href=\"https:\/\/argumo.co\/fr\/boutique\/\" \/>\n<meta property=\"og:locale\" content=\"fr_FR\" \/>\n<meta property=\"og:type\" content=\"article\" \/>\n<meta property=\"og:title\" content=\"Catalogue de chaussures\" \/>\n<meta property=\"og:description\" content=\"D\u00e9couvrez notre catalogue ARGUMO de chaussures industrielles innovantes. Qualit\u00e9 garantie pour r\u00e9pondre \u00e0 vos besoins vari\u00e9s\" \/>\n<meta property=\"og:url\" content=\"https:\/\/argumo.co\/fr\/boutique\/\" \/>\n<meta property=\"og:site_name\" content=\"ARGUMO\" \/>\n<meta property=\"article:modified_time\" content=\"2023-08-17T09:50:00+00:00\" \/>\n<meta name=\"twitter:card\" content=\"summary_large_image\" \/>\n<script type=\"application\/ld+json\" class=\"yoast-schema-graph\">{\"@context\":\"https:\/\/schema.org\",\"@graph\":[{\"@type\":\"WebPage\",\"@id\":\"https:\/\/argumo.co\/boutique\/\",\"url\":\"https:\/\/argumo.co\/boutique\/\",\"name\":\"Catalogue de chaussures - ARGUMO\",\"isPartOf\":{\"@id\":\"https:\/\/argumo.co\/fr\/#website\"},\"datePublished\":\"2022-05-04T16:32:17+00:00\",\"dateModified\":\"2023-08-17T09:50:00+00:00\",\"description\":\"D\u00e9couvrez notre catalogue ARGUMO de chaussures industrielles innovantes. Qualit\u00e9 garantie pour r\u00e9pondre \u00e0 vos besoins vari\u00e9s\",\"breadcrumb\":{\"@id\":\"https:\/\/argumo.co\/boutique\/#breadcrumb\"},\"inLanguage\":\"fr-FR\",\"potentialAction\":[{\"@type\":\"ReadAction\",\"target\":[\"https:\/\/argumo.co\/boutique\/\"]}]},{\"@type\":\"BreadcrumbList\",\"@id\":\"https:\/\/argumo.co\/boutique\/#breadcrumb\",\"itemListElement\":[{\"@type\":\"ListItem\",\"position\":1,\"name\":\"Home\",\"item\":\"https:\/\/argumo.co\/fr\/\"},{\"@type\":\"ListItem\",\"position\":2,\"name\":\"Catalogue de chaussures\"}]},{\"@type\":\"WebSite\",\"@id\":\"https:\/\/argumo.co\/fr\/#website\",\"url\":\"https:\/\/argumo.co\/fr\/\",\"name\":\"ARGUMO\",\"description\":\"Durabilit\u00e9, Confort Finition &amp; S\u00e9duction Intemporelle\",\"potentialAction\":[{\"@type\":\"SearchAction\",\"target\":{\"@type\":\"EntryPoint\",\"urlTemplate\":\"https:\/\/argumo.co\/fr\/?s={search_term_string}\"},\"query-input\":\"required name=search_term_string\"}],\"inLanguage\":\"fr-FR\"}]}<\/script>\n<!-- \/ Yoast SEO Premium plugin. -->","yoast_head_json":{"title":"Catalogue de chaussures - ARGUMO","description":"D\u00e9couvrez notre catalogue ARGUMO de chaussures industrielles innovantes. Qualit\u00e9 garantie pour r\u00e9pondre \u00e0 vos besoins vari\u00e9s","robots":{"index":"index","follow":"follow","max-snippet":"max-snippet:-1","max-image-preview":"max-image-preview:large","max-video-preview":"max-video-preview:-1"},"canonical":"https:\/\/argumo.co\/fr\/boutique\/","og_locale":"fr_FR","og_type":"article","og_title":"Catalogue de chaussures","og_description":"D\u00e9couvrez notre catalogue ARGUMO de chaussures industrielles innovantes. Qualit\u00e9 garantie pour r\u00e9pondre \u00e0 vos besoins vari\u00e9s","og_url":"https:\/\/argumo.co\/fr\/boutique\/","og_site_name":"ARGUMO","article_modified_time":"2023-08-17T09:50:00+00:00","twitter_card":"summary_large_image","schema":{"@context":"https:\/\/schema.org","@graph":[{"@type":"WebPage","@id":"https:\/\/argumo.co\/boutique\/","url":"https:\/\/argumo.co\/boutique\/","name":"Catalogue de chaussures - ARGUMO","isPartOf":{"@id":"https:\/\/argumo.co\/fr\/#website"},"datePublished":"2022-05-04T16:32:17+00:00","dateModified":"2023-08-17T09:50:00+00:00","description":"D\u00e9couvrez notre catalogue ARGUMO de chaussures industrielles innovantes. Qualit\u00e9 garantie pour r\u00e9pondre \u00e0 vos besoins vari\u00e9s","breadcrumb":{"@id":"https:\/\/argumo.co\/boutique\/#breadcrumb"},"inLanguage":"fr-FR","potentialAction":[{"@type":"ReadAction","target":["https:\/\/argumo.co\/boutique\/"]}]},{"@type":"BreadcrumbList","@id":"https:\/\/argumo.co\/boutique\/#breadcrumb","itemListElement":[{"@type":"ListItem","position":1,"name":"Home","item":"https:\/\/argumo.co\/fr\/"},{"@type":"ListItem","position":2,"name":"Catalogue de chaussures"}]},{"@type":"WebSite","@id":"https:\/\/argumo.co\/fr\/#website","url":"https:\/\/argumo.co\/fr\/","name":"ARGUMO","description":"Durabilit\u00e9, Confort Finition &amp; S\u00e9duction Intemporelle","potentialAction":[{"@type":"SearchAction","target":{"@type":"EntryPoint","urlTemplate":"https:\/\/argumo.co\/fr\/?s={search_term_string}"},"query-input":"required name=search_term_string"}],"inLanguage":"fr-FR"}]}},"_links":{"self":[{"href":"https:\/\/argumo.co\/fr\/wp-json\/wp\/v2\/pages\/8"}],"collection":[{"href":"https:\/\/argumo.co\/fr\/wp-json\/wp\/v2\/pages"}],"about":[{"href":"https:\/\/argumo.co\/fr\/wp-json\/wp\/v2\/types\/page"}],"author":[{"embeddable":true,"href":"https:\/\/argumo.co\/fr\/wp-json\/wp\/v2\/users\/1"}],"replies":[{"embeddable":true,"href":"https:\/\/argumo.co\/fr\/wp-json\/wp\/v2\/comments?post=8"}],"version-history":[{"count":5,"href":"https:\/\/argumo.co\/fr\/wp-json\/wp\/v2\/pages\/8\/revisions"}],"predecessor-version":[{"id":14341,"href":"https:\/\/argumo.co\/fr\/wp-json\/wp\/v2\/pages\/8\/revisions\/14341"}],"wp:attachment":[{"href":"https:\/\/argumo.co\/fr\/wp-json\/wp\/v2\/media?parent=8"}],"curies":[{"name":"wp","href":"https:\/\/api.w.org\/{rel}","templated":true}]}}