{"id":3682,"date":"2021-09-13T11:30:54","date_gmt":"2021-09-13T11:30:54","guid":{"rendered":"http:\/\/dummy.xtemos.com\/woodmart2\/elementor\/?page_id=3682"},"modified":"2023-08-08T13:26:55","modified_gmt":"2023-08-08T12:26:55","slug":"faqs","status":"publish","type":"page","link":"https:\/\/argumo.co\/fr\/faqs\/","title":{"rendered":"FAQs"},"content":{"rendered":"\t\t<div data-elementor-type=\"wp-page\" data-elementor-id=\"3682\" class=\"elementor elementor-3682\">\n\t\t\t\t\t\t<section class=\"wd-negative-gap elementor-section elementor-top-section elementor-element elementor-element-819b11c elementor-section-boxed elementor-section-height-default elementor-section-height-default\" data-id=\"819b11c\" data-element_type=\"section\">\n\t\t\t\t\t\t<div class=\"elementor-container elementor-column-gap-default\">\n\t\t\t\t\t<div class=\"elementor-column elementor-col-50 elementor-top-column elementor-element elementor-element-25f5f860\" data-id=\"25f5f860\" data-element_type=\"column\">\n\t\t\t<div class=\"elementor-widget-wrap elementor-element-populated\">\n\t\t\t\t\t\t<div class=\"elementor-element elementor-element-2c61980e wd-width-100 elementor-widget elementor-widget-wd_title\" data-id=\"2c61980e\" data-element_type=\"widget\" data-widget_type=\"wd_title.default\">\n\t\t\t\t<div class=\"elementor-widget-container\">\n\t\t\t\t\t<div class=\"title-wrapper set-mb-s reset-last-child wd-title-color-default wd-title-style-default wd-title-size-default text-left\">\n\n\t\t\t\n\t\t\t<div class=\"liner-continer\">\n\t\t\t\t<h4 class=\"woodmart-title-container title wd-fontsize-l\"><\/h4> \n\t\t\t\t\t\t\t<\/div>\n\n\t\t\t\t\t<\/div>\n\t\t\t\t<\/div>\n\t\t\t\t<\/div>\n\t\t\t\t<div class=\"elementor-element elementor-element-6d93c19 elementor-widget elementor-widget-wd_accordion\" data-id=\"6d93c19\" data-element_type=\"widget\" data-widget_type=\"wd_accordion.default\">\n\t\t\t\t<div class=\"elementor-widget-container\">\n\t\t\t\n\t\t<div class=\"wd-accordion wd-style-default\" data-state=\"first\">\n\t\t\t\t\t\t\t\n\t\t\t\t<div class=\"wd-accordion-item\">\n\t\t\t\t\t<div class=\"wd-accordion-title wd-active text-left wd-opener-pos-right\" data-accordion-index=\"0\">\n\t\t\t\t\t\t<div class=\"wd-accordion-title-text\">\n\t\t\t\t\t\t\t\t\t\t\t\t\t\t<span>\n\t\t\t\t\t\t\t\tEst-ce que vos produits sont exclusivement destin\u00e9s \u00e0 un usage militaire ?\t\t\t\t\t\t\t<\/span>\n\t\t\t\t\t\t<\/div>\n\t\t\t\t\t\t<span class=\"wd-accordion-opener wd-opener-style-arrow\"><\/span>\n\t\t\t\t\t<\/div>\n\n\t\t\t\t\t<div class=\"wd-accordion-content reset-last-child wd-active\" data-accordion-index=\"0\">\n\t\t\t\t\t\t\t\t\t\t\t\t\t\n\t\t\t\t\t\t\t<p>Non, nos produits ne sont pas exclusivement destin\u00e9s \u00e0 un usage militaire. Bien que nous proposions des \u00e9quipements de haute qualit\u00e9 pour les besoins militaires en mati\u00e8re de s\u00e9curit\u00e9, nous fournissons \u00e9galement des produits de protection individuelle pour une vari\u00e9t\u00e9 d'autres applications, y compris des secteurs industriels et des uniformes professionnels. Notre <strong><a href=\"https:\/\/argumo.co\/fr\/boutique\/\">gamme<\/a> <\/strong>polyvalente s'adapte \u00e0 diff\u00e9rents besoins en mati\u00e8re de s\u00e9curit\u00e9 et de protection.<\/p>\n\t\t\t\t\t\t\t\t\t\t\t\t\t\t\t\t\t\t<\/div>\n\t\t\t\t<\/div>\n\t\t\t\t\t\t\t\n\t\t\t\t<div class=\"wd-accordion-item\">\n\t\t\t\t\t<div class=\"wd-accordion-title text-left wd-opener-pos-right\" data-accordion-index=\"1\">\n\t\t\t\t\t\t<div class=\"wd-accordion-title-text\">\n\t\t\t\t\t\t\t\t\t\t\t\t\t\t<span>\n\t\t\t\t\t\t\t\tQuelles certifications ISO  poss\u00e9dez-vous pour vos produits ?\t\t\t\t\t\t\t<\/span>\n\t\t\t\t\t\t<\/div>\n\t\t\t\t\t\t<span class=\"wd-accordion-opener wd-opener-style-arrow\"><\/span>\n\t\t\t\t\t<\/div>\n\n\t\t\t\t\t<div class=\"wd-accordion-content reset-last-child\" data-accordion-index=\"1\">\n\t\t\t\t\t\t\t\t\t\t\t\t\t\n\t\t\t\t\t\t\t<p>Nous adh\u00e9rons aux normes internationales recommand\u00e9es pour \u00e9largir notre pr\u00e9sence sur de nouveaux march\u00e9s. \u00c0 cet effet, nous d\u00e9tenons les certifications suivantes :<\/p><ul><li>Conformit\u00e9 ISO 20347 : 2012 : Pour la mise en place d\u2019\u00e9quipement de Protection Individuelle (\u00c9PI) - Chaussures Tactiques.<\/li><li>Certification ISO 20347 : 2012 : Pour la mise en place d'\u00e9quipement de Protection Individuelle (\u00c9PI) - Chaussures de S\u00e9curit\u00e9 montantes de type Brodequin.<\/li><li>Certification ISO 9001 : 2015 : Pour la mise en place d'un syst\u00e8me de management de la qualit\u00e9.<\/li><\/ul><p>Pour des informations plus d\u00e9taill\u00e9es, veuillez consulter la page <strong><a href=\"https:\/\/argumo.co\/politique-qualite\/\">\"Politique Qualit\u00e9\".<\/a><\/strong><\/p>\n\t\t\t\t\t\t\t\t\t\t\t\t\t\t\t\t\t\t<\/div>\n\t\t\t\t<\/div>\n\t\t\t\t\t\t\t\n\t\t\t\t<div class=\"wd-accordion-item\">\n\t\t\t\t\t<div class=\"wd-accordion-title text-left wd-opener-pos-right\" data-accordion-index=\"2\">\n\t\t\t\t\t\t<div class=\"wd-accordion-title-text\">\n\t\t\t\t\t\t\t\t\t\t\t\t\t\t<span>\n\t\t\t\t\t\t\t\tPouvez-vous exp\u00e9dier vos produits en dehors du Maroc ?\t\t\t\t\t\t\t<\/span>\n\t\t\t\t\t\t<\/div>\n\t\t\t\t\t\t<span class=\"wd-accordion-opener wd-opener-style-arrow\"><\/span>\n\t\t\t\t\t<\/div>\n\n\t\t\t\t\t<div class=\"wd-accordion-content reset-last-child\" data-accordion-index=\"2\">\n\t\t\t\t\t\t\t\t\t\t\t\t\t\n\t\t\t\t\t\t\t<p>Oui, nous proposons des exp\u00e9ditions internationales pour nos produits. Que vous soyez bas\u00e9 au Maroc ou \u00e0 l'\u00e9tranger, nous sommes en mesure d'exp\u00e9dier nos \u00e9quipements vers diff\u00e9rentes destinations \u00e0 travers le monde. Les informations d\u00e9taill\u00e9es concernant les co\u00fbts d'exp\u00e9dition et les d\u00e9lais de livraison varieront en fonction de votre emplacement g\u00e9ographique. Cependant, nous tenons \u00e0 souligner notre engagement \u00e0 offrir un service de qualit\u00e9 constant \u00e0 nos clients internationaux.<\/p>\n\t\t\t\t\t\t\t\t\t\t\t\t\t\t\t\t\t\t<\/div>\n\t\t\t\t<\/div>\n\t\t\t\t\t\t\t\n\t\t\t\t<div class=\"wd-accordion-item\">\n\t\t\t\t\t<div class=\"wd-accordion-title text-left wd-opener-pos-right\" data-accordion-index=\"3\">\n\t\t\t\t\t\t<div class=\"wd-accordion-title-text\">\n\t\t\t\t\t\t\t\t\t\t\t\t\t\t<span>\n\t\t\t\t\t\t\t\tPouvez-vous fournir des recommandations sur les \u00e9quipements ou produits les mieux adapt\u00e9s \u00e0 mes besoins ?\t\t\t\t\t\t\t<\/span>\n\t\t\t\t\t\t<\/div>\n\t\t\t\t\t\t<span class=\"wd-accordion-opener wd-opener-style-arrow\"><\/span>\n\t\t\t\t\t<\/div>\n\n\t\t\t\t\t<div class=\"wd-accordion-content reset-last-child\" data-accordion-index=\"3\">\n\t\t\t\t\t\t\t\t\t\t\t\t\t\n\t\t\t\t\t\t\t<p>Absolument, nous serions ravis de vous aider \u00e0 trouver les \u00e9quipements et produits qui r\u00e9pondent le mieux \u00e0 vos besoins. Pour ce faire, nous vous encourageons \u00e0 nous fournir des d\u00e9tails sp\u00e9cifiques sur l'utilisation pr\u00e9vue, les exigences de s\u00e9curit\u00e9 et tout autre \u00e9l\u00e9ment pertinent. Notre \u00e9quipe exp\u00e9riment\u00e9e est l\u00e0 pour vous conseiller et vous guider dans le choix des produits les plus appropri\u00e9s pour vous assurer la protection et la performance dont vous avez besoin. N'h\u00e9sitez pas \u00e0 nous <strong><a href=\"https:\/\/argumo.co\/fr\/contact-us-4\/\">contacter<\/a> <\/strong>et \u00e0 partager vos exigences afin que nous puissions vous proposer des recommandations personnalis\u00e9es.<\/p>\n\t\t\t\t\t\t\t\t\t\t\t\t\t\t\t\t\t\t<\/div>\n\t\t\t\t<\/div>\n\t\t\t\t\t<\/div>\n\t\t\t\t<\/div>\n\t\t\t\t<\/div>\n\t\t\t\t\t<\/div>\n\t\t<\/div>\n\t\t\t\t<div class=\"elementor-column elementor-col-50 elementor-top-column elementor-element elementor-element-44e2c78c\" data-id=\"44e2c78c\" data-element_type=\"column\">\n\t\t\t<div class=\"elementor-widget-wrap elementor-element-populated\">\n\t\t\t\t\t\t<div class=\"elementor-element elementor-element-1981dfbb wd-width-100 elementor-widget elementor-widget-wd_title\" data-id=\"1981dfbb\" data-element_type=\"widget\" data-widget_type=\"wd_title.default\">\n\t\t\t\t<div class=\"elementor-widget-container\">\n\t\t\t\t\t<div class=\"title-wrapper set-mb-s reset-last-child wd-title-color-default wd-title-style-default wd-title-size-default text-left\">\n\n\t\t\t\n\t\t\t<div class=\"liner-continer\">\n\t\t\t\t<h4 class=\"woodmart-title-container title wd-fontsize-l\"><\/h4> \n\t\t\t\t\t\t\t<\/div>\n\n\t\t\t\t\t<\/div>\n\t\t\t\t<\/div>\n\t\t\t\t<\/div>\n\t\t\t\t<div class=\"elementor-element elementor-element-4c6fded elementor-widget elementor-widget-wd_accordion\" data-id=\"4c6fded\" data-element_type=\"widget\" data-widget_type=\"wd_accordion.default\">\n\t\t\t\t<div class=\"elementor-widget-container\">\n\t\t\t\n\t\t<div class=\"wd-accordion wd-style-default\" data-state=\"first\">\n\t\t\t\t\t\t\t\n\t\t\t\t<div class=\"wd-accordion-item\">\n\t\t\t\t\t<div class=\"wd-accordion-title wd-active text-left wd-opener-pos-right\" data-accordion-index=\"0\">\n\t\t\t\t\t\t<div class=\"wd-accordion-title-text\">\n\t\t\t\t\t\t\t\t\t\t\t\t\t\t<span>\n\t\t\t\t\t\t\t\tOffrez-vous des r\u00e9ductions pour les achats en grande quantit\u00e9 ou les contrats \u00e0 long terme ?\t\t\t\t\t\t\t<\/span>\n\t\t\t\t\t\t<\/div>\n\t\t\t\t\t\t<span class=\"wd-accordion-opener wd-opener-style-arrow\"><\/span>\n\t\t\t\t\t<\/div>\n\n\t\t\t\t\t<div class=\"wd-accordion-content reset-last-child wd-active\" data-accordion-index=\"0\">\n\t\t\t\t\t\t\t\t\t\t\t\t\t\n\t\t\t\t\t\t\t<p>Absolument, nous offrons des remises avantageuses pour les achats en gros ainsi que pour les contrats \u00e0 long terme. Nous comprenons l'importance de la collaboration \u00e0 long terme et de l'achat en volume, c'est pourquoi nous avons mis en place des offres sp\u00e9ciales pour nos clients qui souhaitent effectuer des achats en grande quantit\u00e9 ou \u00e9tablir des partenariats durables. Si vous envisagez de faire des achats substantiels ou de conclure des contrats \u00e0 long terme, veuillez nous contacter pour discuter des options de remise et des avantages que nous pouvons vous offrir. Notre objectif est de vous offrir un excellent rapport qualit\u00e9-prix tout en r\u00e9pondant \u00e0 vos besoins sp\u00e9cifiques.<\/p>\n\t\t\t\t\t\t\t\t\t\t\t\t\t\t\t\t\t\t<\/div>\n\t\t\t\t<\/div>\n\t\t\t\t\t\t\t\n\t\t\t\t<div class=\"wd-accordion-item\">\n\t\t\t\t\t<div class=\"wd-accordion-title text-left wd-opener-pos-right\" data-accordion-index=\"1\">\n\t\t\t\t\t\t<div class=\"wd-accordion-title-text\">\n\t\t\t\t\t\t\t\t\t\t\t\t\t\t<span>\n\t\t\t\t\t\t\t\tComment puis-je passer une commande sur votre site ?\t\t\t\t\t\t\t<\/span>\n\t\t\t\t\t\t<\/div>\n\t\t\t\t\t\t<span class=\"wd-accordion-opener wd-opener-style-arrow\"><\/span>\n\t\t\t\t\t<\/div>\n\n\t\t\t\t\t<div class=\"wd-accordion-content reset-last-child\" data-accordion-index=\"1\">\n\t\t\t\t\t\t\t\t\t\t\t\t\t\n\t\t\t\t\t\t\t<p>Passer une commande sur notre site est simple. Tout d'abord, cr\u00e9ez un compte sur notre plateforme. Ensuite, parcourez notre catalogue pour choisir les produits qui r\u00e9pondent \u00e0 vos besoins. Ensuite, s\u00e9lectionnez les produits et les quantit\u00e9s n\u00e9cessaires et ajoutez-les \u00e0 votre demande de devis. Une fois cela fait, nous vous contacterons pour vous pr\u00e9senter notre proposition commerciale. Si vous avez des questions ou des besoins sp\u00e9cifiques, n'h\u00e9sitez pas \u00e0 nous contacter, et notre \u00e9quipe se fera un plaisir de vous guider tout au long du processus de commande.<\/p>\n\t\t\t\t\t\t\t\t\t\t\t\t\t\t\t\t\t\t<\/div>\n\t\t\t\t<\/div>\n\t\t\t\t\t\t\t\n\t\t\t\t<div class=\"wd-accordion-item\">\n\t\t\t\t\t<div class=\"wd-accordion-title text-left wd-opener-pos-right\" data-accordion-index=\"2\">\n\t\t\t\t\t\t<div class=\"wd-accordion-title-text\">\n\t\t\t\t\t\t\t\t\t\t\t\t\t\t<span>\n\t\t\t\t\t\t\t\tComment puis-je vous contacter en cas de questions ou de pr\u00e9occupations ?\t\t\t\t\t\t\t<\/span>\n\t\t\t\t\t\t<\/div>\n\t\t\t\t\t\t<span class=\"wd-accordion-opener wd-opener-style-arrow\"><\/span>\n\t\t\t\t\t<\/div>\n\n\t\t\t\t\t<div class=\"wd-accordion-content reset-last-child\" data-accordion-index=\"2\">\n\t\t\t\t\t\t\t\t\t\t\t\t\t\n\t\t\t\t\t\t\t<p>Nous sommes l\u00e0 pour r\u00e9pondre \u00e0 toutes vos questions et pr\u00e9occupations. Vous pouvez nous contacter de plusieurs fa\u00e7ons :<\/p><ul><li><strong>Adresse e-mail<\/strong> : Envoyez-nous un e-mail \u00e0 <strong>contact@argumo.co<\/strong> et notre \u00e9quipe vous r\u00e9pondra dans les plus brefs d\u00e9lais.<\/li><li><strong>Num\u00e9ro de t\u00e9l\u00e9phone<\/strong> : Appelez notre num\u00e9ro de service client au <strong>+212 539 392 699<\/strong> pour parler directement \u00e0 un de nos repr\u00e9sentants.<\/li><li><strong>Formulaire de contact<\/strong> : Remplissez le formulaire de <strong><a href=\"https:\/\/argumo.co\/fr\/contact-us-4\/\">contact<\/a><\/strong> disponible sur notre site et nous vous r\u00e9pondrons par e-mail.<\/li><\/ul><p>Quelle que soit la m\u00e9thode que vous choisissez, notre \u00e9quipe d\u00e9vou\u00e9e est l\u00e0 pour vous aider avec toutes vos questions, pr\u00e9occupations ou demandes d'assistance. N'h\u00e9sitez pas \u00e0 nous contacter \u00e0 tout moment.<\/p>\n\t\t\t\t\t\t\t\t\t\t\t\t\t\t\t\t\t\t<\/div>\n\t\t\t\t<\/div>\n\t\t\t\t\t<\/div>\n\t\t\t\t<\/div>\n\t\t\t\t<\/div>\n\t\t\t\t\t<\/div>\n\t\t<\/div>\n\t\t\t\t\t<\/div>\n\t\t<\/section>\n\t\t\t\t<\/div>\n\t\t","protected":false},"excerpt":{"rendered":"<p>Est-ce que vos produits sont exclusivement destin\u00e9s \u00e0 un usage militaire ? Non, nos produits ne sont pas exclusivement destin\u00e9s<\/p>\n","protected":false},"author":1,"featured_media":0,"parent":0,"menu_order":0,"comment_status":"closed","ping_status":"closed","template":"","meta":{"footnotes":""},"class_list":["post-3682","page","type-page","status-publish","hentry"],"yoast_head":"<!-- This site is optimized with the Yoast SEO Premium plugin v20.12 (Yoast SEO v20.12) - https:\/\/yoast.com\/wordpress\/plugins\/seo\/ -->\n<title>FAQs - ARGUMO<\/title>\n<meta name=\"description\" content=\"Explorez la foire aux questions FAQs d&#039;Argumo : r\u00e9ponses claires sur nos services et solutions pour simplifier votre exp\u00e9rience.\" \/>\n<meta name=\"robots\" content=\"index, follow, max-snippet:-1, max-image-preview:large, max-video-preview:-1\" \/>\n<link rel=\"canonical\" href=\"https:\/\/argumo.co\/fr\/faqs\/\" \/>\n<meta property=\"og:locale\" content=\"fr_FR\" \/>\n<meta property=\"og:type\" content=\"article\" \/>\n<meta property=\"og:title\" content=\"FAQs\" \/>\n<meta property=\"og:description\" content=\"Explorez la foire aux questions FAQs d&#039;Argumo : r\u00e9ponses claires sur nos services et solutions pour simplifier votre exp\u00e9rience.\" \/>\n<meta property=\"og:url\" content=\"https:\/\/argumo.co\/fr\/faqs\/\" \/>\n<meta property=\"og:site_name\" content=\"ARGUMO\" \/>\n<meta property=\"article:modified_time\" content=\"2023-08-08T12:26:55+00:00\" \/>\n<meta name=\"twitter:card\" content=\"summary_large_image\" \/>\n<meta name=\"twitter:label1\" content=\"Dur\u00e9e de lecture estim\u00e9e\" \/>\n\t<meta name=\"twitter:data1\" content=\"4 minutes\" \/>\n<script type=\"application\/ld+json\" class=\"yoast-schema-graph\">{\"@context\":\"https:\/\/schema.org\",\"@graph\":[{\"@type\":\"WebPage\",\"@id\":\"https:\/\/argumo.co\/fr\/faqs\/\",\"url\":\"https:\/\/argumo.co\/fr\/faqs\/\",\"name\":\"FAQs - ARGUMO\",\"isPartOf\":{\"@id\":\"https:\/\/argumo.co\/fr\/#website\"},\"datePublished\":\"2021-09-13T11:30:54+00:00\",\"dateModified\":\"2023-08-08T12:26:55+00:00\",\"description\":\"Explorez la foire aux questions FAQs d'Argumo : r\u00e9ponses claires sur nos services et solutions pour simplifier votre exp\u00e9rience.\",\"breadcrumb\":{\"@id\":\"https:\/\/argumo.co\/fr\/faqs\/#breadcrumb\"},\"inLanguage\":\"fr-FR\",\"potentialAction\":[{\"@type\":\"ReadAction\",\"target\":[\"https:\/\/argumo.co\/fr\/faqs\/\"]}]},{\"@type\":\"BreadcrumbList\",\"@id\":\"https:\/\/argumo.co\/fr\/faqs\/#breadcrumb\",\"itemListElement\":[{\"@type\":\"ListItem\",\"position\":1,\"name\":\"Home\",\"item\":\"https:\/\/argumo.co\/fr\/\"},{\"@type\":\"ListItem\",\"position\":2,\"name\":\"FAQs\"}]},{\"@type\":\"WebSite\",\"@id\":\"https:\/\/argumo.co\/fr\/#website\",\"url\":\"https:\/\/argumo.co\/fr\/\",\"name\":\"ARGUMO\",\"description\":\"Durabilit\u00e9, Confort Finition &amp; S\u00e9duction Intemporelle\",\"potentialAction\":[{\"@type\":\"SearchAction\",\"target\":{\"@type\":\"EntryPoint\",\"urlTemplate\":\"https:\/\/argumo.co\/fr\/?s={search_term_string}\"},\"query-input\":\"required name=search_term_string\"}],\"inLanguage\":\"fr-FR\"}]}<\/script>\n<!-- \/ Yoast SEO Premium plugin. -->","yoast_head_json":{"title":"FAQs - ARGUMO","description":"Explorez la foire aux questions FAQs d'Argumo : r\u00e9ponses claires sur nos services et solutions pour simplifier votre exp\u00e9rience.","robots":{"index":"index","follow":"follow","max-snippet":"max-snippet:-1","max-image-preview":"max-image-preview:large","max-video-preview":"max-video-preview:-1"},"canonical":"https:\/\/argumo.co\/fr\/faqs\/","og_locale":"fr_FR","og_type":"article","og_title":"FAQs","og_description":"Explorez la foire aux questions FAQs d'Argumo : r\u00e9ponses claires sur nos services et solutions pour simplifier votre exp\u00e9rience.","og_url":"https:\/\/argumo.co\/fr\/faqs\/","og_site_name":"ARGUMO","article_modified_time":"2023-08-08T12:26:55+00:00","twitter_card":"summary_large_image","twitter_misc":{"Dur\u00e9e de lecture estim\u00e9e":"4 minutes"},"schema":{"@context":"https:\/\/schema.org","@graph":[{"@type":"WebPage","@id":"https:\/\/argumo.co\/fr\/faqs\/","url":"https:\/\/argumo.co\/fr\/faqs\/","name":"FAQs - ARGUMO","isPartOf":{"@id":"https:\/\/argumo.co\/fr\/#website"},"datePublished":"2021-09-13T11:30:54+00:00","dateModified":"2023-08-08T12:26:55+00:00","description":"Explorez la foire aux questions FAQs d'Argumo : r\u00e9ponses claires sur nos services et solutions pour simplifier votre exp\u00e9rience.","breadcrumb":{"@id":"https:\/\/argumo.co\/fr\/faqs\/#breadcrumb"},"inLanguage":"fr-FR","potentialAction":[{"@type":"ReadAction","target":["https:\/\/argumo.co\/fr\/faqs\/"]}]},{"@type":"BreadcrumbList","@id":"https:\/\/argumo.co\/fr\/faqs\/#breadcrumb","itemListElement":[{"@type":"ListItem","position":1,"name":"Home","item":"https:\/\/argumo.co\/fr\/"},{"@type":"ListItem","position":2,"name":"FAQs"}]},{"@type":"WebSite","@id":"https:\/\/argumo.co\/fr\/#website","url":"https:\/\/argumo.co\/fr\/","name":"ARGUMO","description":"Durabilit\u00e9, Confort Finition &amp; S\u00e9duction Intemporelle","potentialAction":[{"@type":"SearchAction","target":{"@type":"EntryPoint","urlTemplate":"https:\/\/argumo.co\/fr\/?s={search_term_string}"},"query-input":"required name=search_term_string"}],"inLanguage":"fr-FR"}]}},"_links":{"self":[{"href":"https:\/\/argumo.co\/fr\/wp-json\/wp\/v2\/pages\/3682"}],"collection":[{"href":"https:\/\/argumo.co\/fr\/wp-json\/wp\/v2\/pages"}],"about":[{"href":"https:\/\/argumo.co\/fr\/wp-json\/wp\/v2\/types\/page"}],"author":[{"embeddable":true,"href":"https:\/\/argumo.co\/fr\/wp-json\/wp\/v2\/users\/1"}],"replies":[{"embeddable":true,"href":"https:\/\/argumo.co\/fr\/wp-json\/wp\/v2\/comments?post=3682"}],"version-history":[{"count":36,"href":"https:\/\/argumo.co\/fr\/wp-json\/wp\/v2\/pages\/3682\/revisions"}],"predecessor-version":[{"id":14136,"href":"https:\/\/argumo.co\/fr\/wp-json\/wp\/v2\/pages\/3682\/revisions\/14136"}],"wp:attachment":[{"href":"https:\/\/argumo.co\/fr\/wp-json\/wp\/v2\/media?parent=3682"}],"curies":[{"name":"wp","href":"https:\/\/api.w.org\/{rel}","templated":true}]}}