{"id":3,"date":"2022-05-04T14:29:40","date_gmt":"2022-05-04T14:29:40","guid":{"rendered":"https:\/\/argumo.co\/?page_id=3"},"modified":"2023-05-30T13:39:49","modified_gmt":"2023-05-30T12:39:49","slug":"politique-de-confidentialite","status":"publish","type":"page","link":"https:\/\/argumo.co\/fr\/politique-de-confidentialite\/","title":{"rendered":"Politique de confidentialit\u00e9"},"content":{"rendered":"\t\t<div data-elementor-type=\"wp-page\" data-elementor-id=\"3\" class=\"elementor elementor-3\">\n\t\t\t\t\t\t<section class=\"wd-negative-gap elementor-section elementor-top-section elementor-element elementor-element-24fd0ff elementor-section-boxed elementor-section-height-default elementor-section-height-default\" data-id=\"24fd0ff\" data-element_type=\"section\">\n\t\t\t\t\t\t<div class=\"elementor-container elementor-column-gap-default\">\n\t\t\t\t\t<div class=\"elementor-column elementor-col-100 elementor-top-column elementor-element elementor-element-94f96fb\" data-id=\"94f96fb\" data-element_type=\"column\">\n\t\t\t<div class=\"elementor-widget-wrap elementor-element-populated\">\n\t\t\t\t\t\t<div class=\"elementor-element elementor-element-6739faf elementor-widget elementor-widget-heading\" data-id=\"6739faf\" data-element_type=\"widget\" data-widget_type=\"heading.default\">\n\t\t\t\t<div class=\"elementor-widget-container\">\n\t\t\t<h1 class=\"elementor-heading-title elementor-size-default\">Derni\u00e8re mise \u00e0 jour : 22 D\u00e9cembre 2022<\/h1>\t\t<\/div>\n\t\t\t\t<\/div>\n\t\t\t\t\t<\/div>\n\t\t<\/div>\n\t\t\t\t\t<\/div>\n\t\t<\/section>\n\t\t\t\t<section class=\"wd-negative-gap elementor-section elementor-top-section elementor-element elementor-element-51a5399 elementor-section-boxed elementor-section-height-default elementor-section-height-default\" data-id=\"51a5399\" data-element_type=\"section\">\n\t\t\t\t\t\t<div class=\"elementor-container elementor-column-gap-default\">\n\t\t\t\t\t<div class=\"elementor-column elementor-col-100 elementor-top-column elementor-element elementor-element-7218288\" data-id=\"7218288\" data-element_type=\"column\">\n\t\t\t<div class=\"elementor-widget-wrap elementor-element-populated\">\n\t\t\t\t\t\t<div class=\"elementor-element elementor-element-aed4f77 elementor-widget elementor-widget-wd_text_block\" data-id=\"aed4f77\" data-element_type=\"widget\" data-widget_type=\"wd_text_block.default\">\n\t\t\t\t<div class=\"elementor-widget-container\">\n\t\t\t\t\t<div class=\"wd-text-block reset-last-child text-left\">\n\t\t\t\n\t\t\t<p>La \u201cpolitique de confidentialit\u00e9\u201d explique ce que nous faisons des donn\u00e9es personnelles que nous recevons sur\u00a0<strong>le site Argumo\u00a0<\/strong>de la part des membres de site.<\/p>\n\t\t\t\t\t<\/div>\n\t\t\t\t<\/div>\n\t\t\t\t<\/div>\n\t\t\t\t\t<\/div>\n\t\t<\/div>\n\t\t\t\t\t<\/div>\n\t\t<\/section>\n\t\t\t\t<section class=\"wd-negative-gap elementor-section elementor-top-section elementor-element elementor-element-e0bc39b elementor-section-boxed elementor-section-height-default elementor-section-height-default\" data-id=\"e0bc39b\" data-element_type=\"section\">\n\t\t\t\t\t\t<div class=\"elementor-container elementor-column-gap-default\">\n\t\t\t\t\t<div class=\"elementor-column elementor-col-100 elementor-top-column elementor-element elementor-element-f3a63d7\" data-id=\"f3a63d7\" data-element_type=\"column\">\n\t\t\t<div class=\"elementor-widget-wrap elementor-element-populated\">\n\t\t\t\t\t\t<div class=\"elementor-element elementor-element-b773162 elementor-widget elementor-widget-heading\" data-id=\"b773162\" data-element_type=\"widget\" data-widget_type=\"heading.default\">\n\t\t\t\t<div class=\"elementor-widget-container\">\n\t\t\t<h2 class=\"elementor-heading-title elementor-size-default\">Qui nous sommes et comment nous contacter\u00a0?<\/h2>\t\t<\/div>\n\t\t\t\t<\/div>\n\t\t\t\t<div class=\"elementor-element elementor-element-70c2778 elementor-widget elementor-widget-wd_text_block\" data-id=\"70c2778\" data-element_type=\"widget\" data-widget_type=\"wd_text_block.default\">\n\t\t\t\t<div class=\"elementor-widget-container\">\n\t\t\t\t\t<div class=\"wd-text-block reset-last-child text-left\">\n\t\t\t\n\t\t\t<p>Argumo est une soci\u00e9t\u00e9 marocaine sp\u00e9cialis\u00e9e en \u00e9quipements militaires et de s\u00e9curit\u00e9. Son patrimoine technique comprenant savoir-faire, technologies, et comp\u00e9tences lui a permis de diversifier ses modes de fabrication, afin de toucher tous les styles de chaussures.<span style=\"font-size: 19px; background-color: var(--wd-main-bgcolor); color: var(--wd-text-color);\"><\/span><\/p>\n\t\t\t\t\t<\/div>\n\t\t\t\t<\/div>\n\t\t\t\t<\/div>\n\t\t\t\t<div class=\"elementor-element elementor-element-f38396c elementor-widget elementor-widget-wd_text_block\" data-id=\"f38396c\" data-element_type=\"widget\" data-widget_type=\"wd_text_block.default\">\n\t\t\t\t<div class=\"elementor-widget-container\">\n\t\t\t\t\t<div class=\"wd-text-block reset-last-child text-left\">\n\t\t\t\n\t\t\t<p>En raison de sa fonctionnalit\u00e9, <strong>le site Argumo.co <\/strong>contr\u00f4le vos donn\u00e9es, ce qui signifie que nous sommes responsables de d\u00e9terminer comment vos informations personnelles sont collect\u00e9es, stock\u00e9es et utilis\u00e9es. Nous pouvons occasionnellement faire appel \u00e0 des tiers pour traiter vos informations, ainsi qu\u2019\u00e0 nous-m\u00eames (comme indiqu\u00e9 plus en d\u00e9tail ci-dessous).<\/p>\n\t\t\t\t\t<\/div>\n\t\t\t\t<\/div>\n\t\t\t\t<\/div>\n\t\t\t\t\t<\/div>\n\t\t<\/div>\n\t\t\t\t\t<\/div>\n\t\t<\/section>\n\t\t\t\t<section class=\"wd-negative-gap elementor-section elementor-top-section elementor-element elementor-element-9ea015c elementor-section-boxed elementor-section-height-default elementor-section-height-default\" data-id=\"9ea015c\" data-element_type=\"section\">\n\t\t\t\t\t\t<div class=\"elementor-container elementor-column-gap-default\">\n\t\t\t\t\t<div class=\"elementor-column elementor-col-100 elementor-top-column elementor-element elementor-element-e87a5d0\" data-id=\"e87a5d0\" data-element_type=\"column\">\n\t\t\t<div class=\"elementor-widget-wrap elementor-element-populated\">\n\t\t\t\t\t\t<div class=\"elementor-element elementor-element-c7ffcad elementor-widget elementor-widget-heading\" data-id=\"c7ffcad\" data-element_type=\"widget\" data-widget_type=\"heading.default\">\n\t\t\t\t<div class=\"elementor-widget-container\">\n\t\t\t<h2 class=\"elementor-heading-title elementor-size-default\">Comment et pourquoi nous collectons des donn\u00e9es vous concernant\u00a0?<\/h2>\t\t<\/div>\n\t\t\t\t<\/div>\n\t\t\t\t<div class=\"elementor-element elementor-element-41c6315 elementor-widget elementor-widget-wd_text_block\" data-id=\"41c6315\" data-element_type=\"widget\" data-widget_type=\"wd_text_block.default\">\n\t\t\t\t<div class=\"elementor-widget-container\">\n\t\t\t\t\t<div class=\"wd-text-block reset-last-child text-left\">\n\t\t\t\n\t\t\t<p>Suite \u00e0 votre inscription au <strong>site Argumo.co<\/strong> et \u00e0 l\u2019utilisation de nos Services, nous collecterons les informations suivantes vous concernant (\u201cDonn\u00e9es personnelles\u201d) :<\/p>\n<ul>\n<li style=\"list-style-type: none;\">\n<ul>\n<li>Votre nom et pr\u00e9nom\u00a0;<\/li>\n<\/ul>\n<\/li>\n<\/ul>\n<ul>\n<li style=\"list-style-type: none;\">\n<ul>\n<li>Votre e-mail\u00a0;<\/li>\n<\/ul>\n<\/li>\n<\/ul>\n<ul>\n<li style=\"list-style-type: none;\">\n<ul>\n<li>Votre num\u00e9ro de t\u00e9l\u00e9phone\u00a0;<\/li>\n<\/ul>\n<\/li>\n<\/ul>\n<ul>\n<li style=\"list-style-type: none;\">\n<ul>\n<li>Votre Adresse\u00a0;<\/li>\n<\/ul>\n<\/li>\n<\/ul>\n<ul>\n<li style=\"list-style-type: none;\">\n<ul>\n<li>Le nom de votre soci\u00e9t\u00e9\u00a0;<\/li>\n<\/ul>\n<\/li>\n<\/ul>\n<ul>\n<li style=\"list-style-type: none;\">\n<ul>\n<li>Enregistrements de vos visites sur <strong>le<\/strong> <strong>site Argumo.co\u00a0;<\/strong><\/li>\n<\/ul>\n<\/li>\n<\/ul>\n\t\t\t\t\t<\/div>\n\t\t\t\t<\/div>\n\t\t\t\t<\/div>\n\t\t\t\t\t<\/div>\n\t\t<\/div>\n\t\t\t\t\t<\/div>\n\t\t<\/section>\n\t\t\t\t<section class=\"wd-negative-gap elementor-section elementor-top-section elementor-element elementor-element-fdf0b88 elementor-section-boxed elementor-section-height-default elementor-section-height-default\" data-id=\"fdf0b88\" data-element_type=\"section\">\n\t\t\t\t\t\t<div class=\"elementor-container elementor-column-gap-default\">\n\t\t\t\t\t<div class=\"elementor-column elementor-col-100 elementor-top-column elementor-element elementor-element-94d5ab9\" data-id=\"94d5ab9\" data-element_type=\"column\">\n\t\t\t<div class=\"elementor-widget-wrap elementor-element-populated\">\n\t\t\t\t\t\t<div class=\"elementor-element elementor-element-ecae354 elementor-widget elementor-widget-heading\" data-id=\"ecae354\" data-element_type=\"widget\" data-widget_type=\"heading.default\">\n\t\t\t\t<div class=\"elementor-widget-container\">\n\t\t\t<h2 class=\"elementor-heading-title elementor-size-default\">La base juridique du traitement de vos donn\u00e9es personnelles<\/h2>\t\t<\/div>\n\t\t\t\t<\/div>\n\t\t\t\t<div class=\"elementor-element elementor-element-2d9c028 elementor-widget elementor-widget-wd_text_block\" data-id=\"2d9c028\" data-element_type=\"widget\" data-widget_type=\"wd_text_block.default\">\n\t\t\t\t<div class=\"elementor-widget-container\">\n\t\t\t\t\t<div class=\"wd-text-block reset-last-child text-left\">\n\t\t\t\n\t\t\t<p>_ A des fins de recherche interne concernant l\u2019utilisation de site Argumo.co, pour vous envoyer des nouveaut\u00e9s sur nos produits ;<\/p><p>_ Am\u00e9liorer l\u2019exp\u00e9rience utilisateur du<strong>\u00a0site Argumo\u00a0<\/strong>;<\/p><p>_ Nous ne collecterons jamais de donn\u00e9es personnelles inutiles aupr\u00e8s de vous et ne traiterons pas vos informations de quelque mani\u00e8re que ce soit, en dehors de ce qui est sp\u00e9cifi\u00e9 dans la pr\u00e9sente politique.<\/p><p>Nous mettons tout en \u0153uvre pour nous assurer que les donn\u00e9es personnelles que nous d\u00e9tenons \u00e0 votre sujet sont exactes, compl\u00e8tes et \u00e0 jour. En outre, vous pouvez nous aider en nous informant imm\u00e9diatement de toute modification de vos donn\u00e9es personnelles.<\/p><p>Nous ne serons pas tenus responsables des pertes subies en raison d\u2019informations personnelles inexactes, incorrectes ou incompl\u00e8tes qui nous sont fournies.<\/p>\n\t\t\t\t\t<\/div>\n\t\t\t\t<\/div>\n\t\t\t\t<\/div>\n\t\t\t\t\t<\/div>\n\t\t<\/div>\n\t\t\t\t\t<\/div>\n\t\t<\/section>\n\t\t\t\t<section class=\"wd-negative-gap elementor-section elementor-top-section elementor-element elementor-element-d816eff elementor-section-boxed elementor-section-height-default elementor-section-height-default\" data-id=\"d816eff\" data-element_type=\"section\">\n\t\t\t\t\t\t<div class=\"elementor-container elementor-column-gap-default\">\n\t\t\t\t\t<div class=\"elementor-column elementor-col-100 elementor-top-column elementor-element elementor-element-2fab77b\" data-id=\"2fab77b\" data-element_type=\"column\">\n\t\t\t<div class=\"elementor-widget-wrap elementor-element-populated\">\n\t\t\t\t\t\t<div class=\"elementor-element elementor-element-f2039cf elementor-widget elementor-widget-heading\" data-id=\"f2039cf\" data-element_type=\"widget\" data-widget_type=\"heading.default\">\n\t\t\t\t<div class=\"elementor-widget-container\">\n\t\t\t<h2 class=\"elementor-heading-title elementor-size-default\">Avec qui nous partagerons vos donn\u00e9es personnelles<\/h2>\t\t<\/div>\n\t\t\t\t<\/div>\n\t\t\t\t<div class=\"elementor-element elementor-element-72963ef elementor-widget elementor-widget-wd_text_block\" data-id=\"72963ef\" data-element_type=\"widget\" data-widget_type=\"wd_text_block.default\">\n\t\t\t\t<div class=\"elementor-widget-container\">\n\t\t\t\t\t<div class=\"wd-text-block reset-last-child text-left\">\n\t\t\t\n\t\t\t<p>De temps en temps, nous pouvons partager vos donn\u00e9es personnelles avec les parties suivantes dans le but d\u2019am\u00e9liorer le contenu du site :<\/p>\n<ul>\n<li style=\"list-style-type: none;\">\n<ul>\n<li>\u00c9quipe de gestion interne\u00a0;<\/li>\n<\/ul>\n<\/li>\n<\/ul>\n<ul>\n<li style=\"list-style-type: none;\">\n<ul>\n<li>\u00c9quipe de direction interne\u00a0;<\/li>\n<li>Les tiers recevant des donn\u00e9es personnelles de <strong>Argumo <\/strong>signent une convention de traitement des donn\u00e9es avec <strong>le<\/strong> <strong>site Argumo, <\/strong>qui pr\u00e9voit l\u2019utilisation de vos donn\u00e9es personnelles uniquement aux fins contract\u00e9es par <strong>le<\/strong> <strong>site Argumo<\/strong>, conform\u00e9ment \u00e0 la loi n\u00b0 09.08 relative \u00e0 la protection des personnes physiques \u00e0 l'\u00e9gard du traitement des donn\u00e9es \u00e0 caract\u00e8re personnel.<\/li>\n<\/ul>\n<\/li>\n<\/ul>\n\t\t\t\t\t<\/div>\n\t\t\t\t<\/div>\n\t\t\t\t<\/div>\n\t\t\t\t\t<\/div>\n\t\t<\/div>\n\t\t\t\t\t<\/div>\n\t\t<\/section>\n\t\t\t\t<section class=\"wd-negative-gap elementor-section elementor-top-section elementor-element elementor-element-961dc22 elementor-section-boxed elementor-section-height-default elementor-section-height-default\" data-id=\"961dc22\" data-element_type=\"section\">\n\t\t\t\t\t\t<div class=\"elementor-container elementor-column-gap-default\">\n\t\t\t\t\t<div class=\"elementor-column elementor-col-100 elementor-top-column elementor-element elementor-element-318292a\" data-id=\"318292a\" data-element_type=\"column\">\n\t\t\t<div class=\"elementor-widget-wrap elementor-element-populated\">\n\t\t\t\t\t\t<div class=\"elementor-element elementor-element-855763a elementor-widget elementor-widget-heading\" data-id=\"855763a\" data-element_type=\"widget\" data-widget_type=\"heading.default\">\n\t\t\t\t<div class=\"elementor-widget-container\">\n\t\t\t<h2 class=\"elementor-heading-title elementor-size-default\">Modifications de la pr\u00e9sente politique<\/h2>\t\t<\/div>\n\t\t\t\t<\/div>\n\t\t\t\t<div class=\"elementor-element elementor-element-da888be elementor-widget elementor-widget-wd_text_block\" data-id=\"da888be\" data-element_type=\"widget\" data-widget_type=\"wd_text_block.default\">\n\t\t\t\t<div class=\"elementor-widget-container\">\n\t\t\t\t\t<div class=\"wd-text-block reset-last-child text-left\">\n\t\t\t\n\t\t\t<p>\u00c0 moins que la loi applicable ne l\u2019exige, nous nous r\u00e9servons le droit de mettre \u00e0 jour la pr\u00e9sente Politique afin de refl\u00e9ter les modifications apport\u00e9es \u00e0 nos pratiques en mati\u00e8re d\u2019information en affichant clairement un avis de mise \u00e0 jour sur nos Services et en obtenant votre consentement, le cas \u00e9ch\u00e9ant. Toute mise \u00e0 jour entrera en vigueur d\u00e8s la publication des mises \u00e0 jour de la pr\u00e9sente politique et s\u2019appliquera \u00e0 toutes les informations recueillies \u00e0 votre sujet ou, le cas \u00e9ch\u00e9ant, sur la base de votre consentement. Vous acceptez de revoir cette politique p\u00e9riodiquement. Si nous apportons des modifications \u00e0 cette politique, nous modifierons la date de \u201d derni\u00e8re mise \u00e0 jour \u201d ci-dessus.<\/p>\n\t\t\t\t\t<\/div>\n\t\t\t\t<\/div>\n\t\t\t\t<\/div>\n\t\t\t\t\t<\/div>\n\t\t<\/div>\n\t\t\t\t\t<\/div>\n\t\t<\/section>\n\t\t\t\t<\/div>\n\t\t","protected":false},"excerpt":{"rendered":"<p>Derni\u00e8re mise \u00e0 jour : 22 D\u00e9cembre 2022 La \u201cpolitique de confidentialit\u00e9\u201d explique ce que nous faisons des donn\u00e9es personnelles<\/p>\n","protected":false},"author":1,"featured_media":0,"parent":0,"menu_order":0,"comment_status":"closed","ping_status":"closed","template":"","meta":{"footnotes":""},"class_list":["post-3","page","type-page","status-publish","hentry"],"yoast_head":"<!-- This site is optimized with the Yoast SEO Premium plugin v20.12 (Yoast SEO v20.12) - https:\/\/yoast.com\/wordpress\/plugins\/seo\/ -->\n<title>Politique de confidentialit\u00e9 - ARGUMO<\/title>\n<meta name=\"robots\" content=\"index, follow, max-snippet:-1, max-image-preview:large, max-video-preview:-1\" \/>\n<link rel=\"canonical\" href=\"https:\/\/argumo.co\/fr\/politique-de-confidentialite\/\" \/>\n<meta property=\"og:locale\" content=\"fr_FR\" \/>\n<meta property=\"og:type\" content=\"article\" \/>\n<meta property=\"og:title\" content=\"Politique de confidentialit\u00e9\" \/>\n<meta property=\"og:description\" content=\"Derni\u00e8re mise \u00e0 jour : 22 D\u00e9cembre 2022 La \u201cpolitique de confidentialit\u00e9\u201d explique ce que nous faisons des donn\u00e9es personnelles\" \/>\n<meta property=\"og:url\" content=\"https:\/\/argumo.co\/fr\/politique-de-confidentialite\/\" \/>\n<meta property=\"og:site_name\" content=\"ARGUMO\" \/>\n<meta property=\"article:modified_time\" content=\"2023-05-30T12:39:49+00:00\" \/>\n<meta name=\"twitter:card\" content=\"summary_large_image\" \/>\n<meta name=\"twitter:label1\" content=\"Dur\u00e9e de lecture estim\u00e9e\" \/>\n\t<meta name=\"twitter:data1\" content=\"3 minutes\" \/>\n<script type=\"application\/ld+json\" class=\"yoast-schema-graph\">{\"@context\":\"https:\/\/schema.org\",\"@graph\":[{\"@type\":\"WebPage\",\"@id\":\"https:\/\/argumo.co\/politique-de-confidentialite\/\",\"url\":\"https:\/\/argumo.co\/politique-de-confidentialite\/\",\"name\":\"Politique de confidentialit\u00e9 - ARGUMO\",\"isPartOf\":{\"@id\":\"https:\/\/argumo.co\/fr\/#website\"},\"datePublished\":\"2022-05-04T14:29:40+00:00\",\"dateModified\":\"2023-05-30T12:39:49+00:00\",\"breadcrumb\":{\"@id\":\"https:\/\/argumo.co\/politique-de-confidentialite\/#breadcrumb\"},\"inLanguage\":\"fr-FR\",\"potentialAction\":[{\"@type\":\"ReadAction\",\"target\":[\"https:\/\/argumo.co\/politique-de-confidentialite\/\"]}]},{\"@type\":\"BreadcrumbList\",\"@id\":\"https:\/\/argumo.co\/politique-de-confidentialite\/#breadcrumb\",\"itemListElement\":[{\"@type\":\"ListItem\",\"position\":1,\"name\":\"Home\",\"item\":\"https:\/\/argumo.co\/fr\/\"},{\"@type\":\"ListItem\",\"position\":2,\"name\":\"Politique de confidentialit\u00e9\"}]},{\"@type\":\"WebSite\",\"@id\":\"https:\/\/argumo.co\/fr\/#website\",\"url\":\"https:\/\/argumo.co\/fr\/\",\"name\":\"ARGUMO\",\"description\":\"Durabilit\u00e9, Confort Finition &amp; S\u00e9duction Intemporelle\",\"potentialAction\":[{\"@type\":\"SearchAction\",\"target\":{\"@type\":\"EntryPoint\",\"urlTemplate\":\"https:\/\/argumo.co\/fr\/?s={search_term_string}\"},\"query-input\":\"required name=search_term_string\"}],\"inLanguage\":\"fr-FR\"}]}<\/script>\n<!-- \/ Yoast SEO Premium plugin. -->","yoast_head_json":{"title":"Politique de confidentialit\u00e9 - ARGUMO","robots":{"index":"index","follow":"follow","max-snippet":"max-snippet:-1","max-image-preview":"max-image-preview:large","max-video-preview":"max-video-preview:-1"},"canonical":"https:\/\/argumo.co\/fr\/politique-de-confidentialite\/","og_locale":"fr_FR","og_type":"article","og_title":"Politique de confidentialit\u00e9","og_description":"Derni\u00e8re mise \u00e0 jour : 22 D\u00e9cembre 2022 La \u201cpolitique de confidentialit\u00e9\u201d explique ce que nous faisons des donn\u00e9es personnelles","og_url":"https:\/\/argumo.co\/fr\/politique-de-confidentialite\/","og_site_name":"ARGUMO","article_modified_time":"2023-05-30T12:39:49+00:00","twitter_card":"summary_large_image","twitter_misc":{"Dur\u00e9e de lecture estim\u00e9e":"3 minutes"},"schema":{"@context":"https:\/\/schema.org","@graph":[{"@type":"WebPage","@id":"https:\/\/argumo.co\/politique-de-confidentialite\/","url":"https:\/\/argumo.co\/politique-de-confidentialite\/","name":"Politique de confidentialit\u00e9 - ARGUMO","isPartOf":{"@id":"https:\/\/argumo.co\/fr\/#website"},"datePublished":"2022-05-04T14:29:40+00:00","dateModified":"2023-05-30T12:39:49+00:00","breadcrumb":{"@id":"https:\/\/argumo.co\/politique-de-confidentialite\/#breadcrumb"},"inLanguage":"fr-FR","potentialAction":[{"@type":"ReadAction","target":["https:\/\/argumo.co\/politique-de-confidentialite\/"]}]},{"@type":"BreadcrumbList","@id":"https:\/\/argumo.co\/politique-de-confidentialite\/#breadcrumb","itemListElement":[{"@type":"ListItem","position":1,"name":"Home","item":"https:\/\/argumo.co\/fr\/"},{"@type":"ListItem","position":2,"name":"Politique de confidentialit\u00e9"}]},{"@type":"WebSite","@id":"https:\/\/argumo.co\/fr\/#website","url":"https:\/\/argumo.co\/fr\/","name":"ARGUMO","description":"Durabilit\u00e9, Confort Finition &amp; S\u00e9duction Intemporelle","potentialAction":[{"@type":"SearchAction","target":{"@type":"EntryPoint","urlTemplate":"https:\/\/argumo.co\/fr\/?s={search_term_string}"},"query-input":"required name=search_term_string"}],"inLanguage":"fr-FR"}]}},"_links":{"self":[{"href":"https:\/\/argumo.co\/fr\/wp-json\/wp\/v2\/pages\/3"}],"collection":[{"href":"https:\/\/argumo.co\/fr\/wp-json\/wp\/v2\/pages"}],"about":[{"href":"https:\/\/argumo.co\/fr\/wp-json\/wp\/v2\/types\/page"}],"author":[{"embeddable":true,"href":"https:\/\/argumo.co\/fr\/wp-json\/wp\/v2\/users\/1"}],"replies":[{"embeddable":true,"href":"https:\/\/argumo.co\/fr\/wp-json\/wp\/v2\/comments?post=3"}],"version-history":[{"count":33,"href":"https:\/\/argumo.co\/fr\/wp-json\/wp\/v2\/pages\/3\/revisions"}],"predecessor-version":[{"id":13961,"href":"https:\/\/argumo.co\/fr\/wp-json\/wp\/v2\/pages\/3\/revisions\/13961"}],"wp:attachment":[{"href":"https:\/\/argumo.co\/fr\/wp-json\/wp\/v2\/media?parent=3"}],"curies":[{"name":"wp","href":"https:\/\/api.w.org\/{rel}","templated":true}]}}