{"id":13709,"date":"2022-12-28T11:34:51","date_gmt":"2022-12-28T10:34:51","guid":{"rendered":"https:\/\/argumo.co\/?page_id=13709"},"modified":"2023-01-06T11:56:55","modified_gmt":"2023-01-06T10:56:55","slug":"condition-dutilisation","status":"publish","type":"page","link":"https:\/\/argumo.co\/fr\/condition-dutilisation\/","title":{"rendered":"Condition d&#8217;utilisation"},"content":{"rendered":"<h2 class=\"has-medium-font-size wp-block-heading\"><strong>Derni\u00e8re mise \u00e0 jour : 22 d\u00e9cembre 2022<\/strong><\/h2><h2 class=\"has-medium-font-size wp-block-heading\"><strong>Bienvenue sur le site Argumo.co<\/strong><\/h2><p class=\"has-black-color has-text-color\">Veuillez lire les pr\u00e9sentes conditions d&#8217;utilisation et la politique de confidentialit\u00e9 avant de vous inscrire sur le site argumo.co ou d&#8217;utiliser toute partie du contenu du site Web (nous entendons par &#8220;site Web&#8221;, tout le contenu et les pages qui entrent dans le cadre du site argumo.co), y compris l&#8217;acc\u00e8s \u00e0 tous les services fournis par le site. Les pr\u00e9sentes conditions et la politique de confidentialit\u00e9 constituent des accords (qui peuvent \u00eatre d\u00e9sign\u00e9s, collectivement, comme &#8220;accords&#8221;) entre vous et <strong>le site argumo.co<\/strong>. En utilisant le site Web, vous acceptez \u00e9galement d&#8217;\u00eatre l\u00e9galement li\u00e9 par les Accords.<\/p><p class=\"has-black-color has-text-color\"><strong>Le site argumo.co <\/strong>se r\u00e9serve le droit de modifier ces conditions \u00e0 tout moment sans pr\u00e9avis. Les modifications de ces conditions seront effectives d\u00e8s leur publication sur cette page ou dans toute autre section du site. Lorsque vous acc\u00e9dez au site web apr\u00e8s toute modification, vous acceptez les conditions mises \u00e0 jour et toutes les modifications qui y sont apport\u00e9es.<\/p><p class=\"has-black-color has-text-color\">Il est important de consulter r\u00e9guli\u00e8rement cette page pour se tenir inform\u00e9 des conditions les plus r\u00e9centes.<\/p><h2 class=\"has-medium-font-size wp-block-heading\"><strong>Une vue d&#8217;ensemble du site Argumo.co<\/strong><\/h2><p class=\"has-black-color has-text-color\"><strong>Le site Argumo.co <\/strong>est une plateforme web de vente en ligne.<\/p><h2 class=\"has-medium-font-size wp-block-heading\"><strong>Codes de conduite en ligne<\/strong><\/h2><p class=\"has-black-color has-text-color\">Vous convenez que vous \u00eates enti\u00e8rement responsable de votre utilisation du site Web, et vous acceptez que votre utilisation du site Web soit conforme aux Accords et \u00e0 toutes les lois, r\u00e8gles et r\u00e9glementations applicables, y compris les lois sur les droits d&#8217;auteur.<\/p><p class=\"has-black-color has-text-color\">Vous garantissez par la pr\u00e9sente que, comme condition de votre utilisation des services offerts par <strong>le site Argumo.co<\/strong>, vous n&#8217;utiliserez pas le site Web d&#8217;une mani\u00e8re visant \u00e0 abuser, d\u00e9sactiver ou surcharger le serveur du<strong> site Argumo.co<\/strong> ou le(s) r\u00e9seau(x) du<strong> site Argumo.co<\/strong> les capacit\u00e9s de l&#8217;un de ses serveurs ou d&#8217;interf\u00e9rer avec tout tiers et profiter du site Web. Vous ne pouvez pas non plus tenter d&#8217;acc\u00e9der sans autorisation au site Web, \u00e0 d&#8217;autres comptes, \u00e0 des syst\u00e8mes informatiques ou \u00e0 des r\u00e9seaux connect\u00e9s \u00e0 l&#8217;un des serveurs du<strong> site Argumo.co<\/strong> par piratage, extraction de mot de passe ou d&#8217;autres moyens. Vous ne pouvez pas obtenir ou tenter d&#8217;obtenir tout mat\u00e9riel ou information stock\u00e9e sur le site Web, l&#8217;un de ses serveurs ou ordinateurs associ\u00e9s par des moyens qui n&#8217;ont pas \u00e9t\u00e9 intentionnellement mis \u00e0 disposition par le site Web.<\/p><h2 class=\"has-medium-font-size wp-block-heading\"><strong>Comptes d&#8217;utilisateurs et autorit\u00e9<\/strong><\/h2><p class=\"has-black-color has-text-color\">Afin de participer pleinement aux services offerts par<strong> le site Argumo<\/strong>, vous devez nous fournir votre nom, votre adresse \u00e9lectronique et votre mot de passe d&#8217;utilisateur afin de cr\u00e9er un nouveau compte d&#8217;utilisateur (le &#8220;compte d&#8217;utilisateur&#8221;). En tant qu&#8217;utilisateur du site web, vous vous engagez \u00e0 ne pas divulguer ou partager vos informations d&#8217;acc\u00e8s avec un tiers pour quelque raison que ce soit. Lors de la cr\u00e9ation de votre compte d&#8217;utilisateur, il peut vous \u00eatre demand\u00e9 de saisir des informations suppl\u00e9mentaires et facultatives. Vous d\u00e9clarez que les informations que vous avez fournies sont exactes et \u00e0 jour. Vous acceptez \u00e9galement de maintenir et de mettre \u00e0 jour vos informations afin qu&#8217;elles restent exactes et \u00e0 jour.<\/p><p class=\"has-black-color has-text-color\">Nous accordons une grande importance \u00e0 la confidentialit\u00e9 et \u00e0 la s\u00e9curit\u00e9 de vos donn\u00e9es personnelles. Veuillez consulter notre politique de confidentialit\u00e9 pour plus d&#8217;informations sur les informations que <strong>le site Argumo <\/strong>peut collecter \u00e0 votre sujet et sur la mani\u00e8re dont <strong>le site Argumo <\/strong>utilise ces informations. En acc\u00e9dant au site, vous acceptez la collecte et l&#8217;utilisation de vos informations par <strong>le site Argumo.co<\/strong>.<\/p><h2 class=\"has-medium-font-size wp-block-heading\"><strong>Renonciation \u00e0 la garantie\/limitation des responsabilit\u00e9s<\/strong><\/h2><p class=\"has-black-color has-text-color\">Le site web et toute information, tout contenu ou tout service disponible sur ou via le site web sont fournis &#8221; en l&#8217;\u00e9tat &#8221; et &#8221; selon la disponibilit\u00e9 &#8221; sans garantie d&#8217;aucune sorte, expresse, implicite ou autre.<\/p><p class=\"has-black-color has-text-color\"><strong>Le site Argumo.co <\/strong>et ses participants (tels que d\u00e9finis ci-dessous) ne garantissent pas que le site web fonctionnera sans interruption ou sans erreur, ou que les services r\u00e9pondront \u00e0 vos besoins ou \u00e0 vos attentes. En outre, ni <strong>le site Argumo <\/strong>ni aucun de ses participants ne garantissent l&#8217;exactitude, l&#8217;exhaustivit\u00e9, l&#8217;actualit\u00e9 ou la qualit\u00e9 du site Web.<\/p><p class=\"has-black-color has-text-color\">Il est de votre responsabilit\u00e9 d&#8217;utiliser ce site web et d&#8217;obtenir des services \u00e0 partir ou \u00e0 travers le site web. En outre, c&#8217;est \u00e0 vos propres risques que vous entrez ou t\u00e9l\u00e9chargez toute information, toute donn\u00e9e disponible sur le site Web ou sur l&#8217;un des sites Web de r\u00e9f\u00e9rence et vous seul \u00eates responsable de tout dommage \u00e0 votre propri\u00e9t\u00e9 (y compris votre syst\u00e8me informatique) ; toute perte de donn\u00e9es r\u00e9sultant du t\u00e9l\u00e9chargement ou de l&#8217;utilisation de ces donn\u00e9es, sauf indication contraire dans la politique de confidentialit\u00e9 du <strong>site Argumo.co.<\/strong><\/p><h2 class=\"has-medium-font-size wp-block-heading\"><strong>Prestataires de services externes<\/strong><\/h2><p class=\"has-black-color has-text-color\"><strong>Le site Argumo.co <\/strong>utilise certains services fournis par des tiers. En acceptant les conditions de service, vous acceptez \u00e9galement les politiques et conditions suivantes des fournisseurs de services suivants :<\/p><ul class=\"wp-block-list\"><li><a rel=\"noreferrer noopener\" href=\"https:\/\/www.youtube.com\/t\/terms\" target=\"_blank\">\u00a0Conditions d&#8217;utilisation <\/a>YouTube<\/li>\n\n<li><a rel=\"noreferrer noopener\" href=\"https:\/\/policies.google.com\/privacy\" target=\"_blank\">\u00a0 Politique de confidentialit\u00e9 <\/a>Google<\/li><\/ul><h2 class=\"has-medium-font-size wp-block-heading\"><strong>Fragments<\/strong><\/h2><p class=\"has-black-color has-text-color\">Droits de r\u00e9siliation\u00a0: Vous acceptez de permettre au <strong>site Argumo.co<\/strong> de mettre fin \u00e0 votre utilisation ou \u00e0 votre participation au site Web \u00e0 sa seule discr\u00e9tion et pour toute raison, ou sans raison, sur pr\u00e9avis. Chaque fois que cela sera jug\u00e9 appropri\u00e9,<strong> le site Argumo.co <\/strong>retirera du site web les utilisateurs qui violent fr\u00e9quemment les droits d&#8217;auteur.<\/p><p class=\"has-black-color has-text-color\">Vous pouvez r\u00e9silier votre abonnement au site web \u00e0 tout moment si vous ne souhaitez pas continuer. Les droits qui vous sont accord\u00e9s en vertu de la pr\u00e9sente convention expirent apr\u00e8s la r\u00e9siliation de votre droit d&#8217;utiliser le site web, mais les autres dispositions des pr\u00e9sentes conditions de service restent en vigueur.<\/p><h2 class=\"has-medium-font-size wp-block-heading\"><strong>Le choix de la loi<\/strong><\/h2><p class=\"has-black-color has-text-color\">Vous devez accepter que les pr\u00e9sentes conditions et toute r\u00e9clamation ou tout litige en d\u00e9coulant ou s&#8217;y rapportant ou tout contenu ou service pouvant \u00eatre obtenu \u00e0 partir ou par l&#8217;interm\u00e9diaire du site web seront soumis aux lois du Royaume du Maroc. En outre, vous devez reconna\u00eetre la comp\u00e9tence desdits tribunaux personnels qui vous sont applicables \u00e0 cette fin et vous renoncez et acceptez de ne pas r\u00e9clamer ou contester ces proc\u00e9dures devant ces tribunaux (y compris toute d\u00e9fense ou objection relative \u00e0 l&#8217;insuffisance des pouvoirs, \u00e0 la localisation ou \u00e0 l&#8217;inconv\u00e9nient).<\/p><p class=\"has-black-color has-text-color\">La pr\u00e9sente Charte est consid\u00e9r\u00e9e comme effective \u00e0 partir de la date du : 22 D\u00e9cembre 2022<\/p>","protected":false},"excerpt":{"rendered":"<p>Derni\u00e8re mise \u00e0 jour : 22 d\u00e9cembre 2022 Bienvenue sur le site Argumo.co Veuillez lire les pr\u00e9sentes conditions d&#8217;utilisation et<\/p>\n","protected":false},"author":1,"featured_media":0,"parent":0,"menu_order":0,"comment_status":"closed","ping_status":"closed","template":"","meta":{"footnotes":""},"class_list":["post-13709","page","type-page","status-publish","hentry"],"yoast_head":"<!-- This site is optimized with the Yoast SEO Premium plugin v20.12 (Yoast SEO v20.12) - https:\/\/yoast.com\/wordpress\/plugins\/seo\/ -->\n<title>Condition d&#039;utilisation - ARGUMO<\/title>\n<meta name=\"robots\" content=\"index, follow, max-snippet:-1, max-image-preview:large, max-video-preview:-1\" \/>\n<link rel=\"canonical\" href=\"https:\/\/argumo.co\/fr\/condition-dutilisation\/\" \/>\n<meta property=\"og:locale\" content=\"fr_FR\" \/>\n<meta property=\"og:type\" content=\"article\" \/>\n<meta property=\"og:title\" content=\"Condition d&#039;utilisation\" \/>\n<meta property=\"og:description\" content=\"Derni\u00e8re mise \u00e0 jour : 22 d\u00e9cembre 2022 Bienvenue sur le site Argumo.co Veuillez lire les pr\u00e9sentes conditions d&#8217;utilisation et\" \/>\n<meta property=\"og:url\" content=\"https:\/\/argumo.co\/fr\/condition-dutilisation\/\" \/>\n<meta property=\"og:site_name\" content=\"ARGUMO\" \/>\n<meta property=\"article:modified_time\" content=\"2023-01-06T10:56:55+00:00\" \/>\n<meta name=\"twitter:card\" content=\"summary_large_image\" \/>\n<meta name=\"twitter:label1\" content=\"Dur\u00e9e de lecture estim\u00e9e\" \/>\n\t<meta name=\"twitter:data1\" content=\"5 minutes\" \/>\n<script type=\"application\/ld+json\" class=\"yoast-schema-graph\">{\"@context\":\"https:\/\/schema.org\",\"@graph\":[{\"@type\":\"WebPage\",\"@id\":\"https:\/\/argumo.co\/condition-dutilisation\/\",\"url\":\"https:\/\/argumo.co\/condition-dutilisation\/\",\"name\":\"Condition d'utilisation - ARGUMO\",\"isPartOf\":{\"@id\":\"https:\/\/argumo.co\/fr\/#website\"},\"datePublished\":\"2022-12-28T10:34:51+00:00\",\"dateModified\":\"2023-01-06T10:56:55+00:00\",\"breadcrumb\":{\"@id\":\"https:\/\/argumo.co\/condition-dutilisation\/#breadcrumb\"},\"inLanguage\":\"fr-FR\",\"potentialAction\":[{\"@type\":\"ReadAction\",\"target\":[\"https:\/\/argumo.co\/condition-dutilisation\/\"]}]},{\"@type\":\"BreadcrumbList\",\"@id\":\"https:\/\/argumo.co\/condition-dutilisation\/#breadcrumb\",\"itemListElement\":[{\"@type\":\"ListItem\",\"position\":1,\"name\":\"Home\",\"item\":\"https:\/\/argumo.co\/fr\/\"},{\"@type\":\"ListItem\",\"position\":2,\"name\":\"Condition d&#8217;utilisation\"}]},{\"@type\":\"WebSite\",\"@id\":\"https:\/\/argumo.co\/fr\/#website\",\"url\":\"https:\/\/argumo.co\/fr\/\",\"name\":\"ARGUMO\",\"description\":\"Durabilit\u00e9, Confort Finition &amp; S\u00e9duction Intemporelle\",\"potentialAction\":[{\"@type\":\"SearchAction\",\"target\":{\"@type\":\"EntryPoint\",\"urlTemplate\":\"https:\/\/argumo.co\/fr\/?s={search_term_string}\"},\"query-input\":\"required name=search_term_string\"}],\"inLanguage\":\"fr-FR\"}]}<\/script>\n<!-- \/ Yoast SEO Premium plugin. -->","yoast_head_json":{"title":"Condition d'utilisation - ARGUMO","robots":{"index":"index","follow":"follow","max-snippet":"max-snippet:-1","max-image-preview":"max-image-preview:large","max-video-preview":"max-video-preview:-1"},"canonical":"https:\/\/argumo.co\/fr\/condition-dutilisation\/","og_locale":"fr_FR","og_type":"article","og_title":"Condition d'utilisation","og_description":"Derni\u00e8re mise \u00e0 jour : 22 d\u00e9cembre 2022 Bienvenue sur le site Argumo.co Veuillez lire les pr\u00e9sentes conditions d&#8217;utilisation et","og_url":"https:\/\/argumo.co\/fr\/condition-dutilisation\/","og_site_name":"ARGUMO","article_modified_time":"2023-01-06T10:56:55+00:00","twitter_card":"summary_large_image","twitter_misc":{"Dur\u00e9e de lecture estim\u00e9e":"5 minutes"},"schema":{"@context":"https:\/\/schema.org","@graph":[{"@type":"WebPage","@id":"https:\/\/argumo.co\/condition-dutilisation\/","url":"https:\/\/argumo.co\/condition-dutilisation\/","name":"Condition d'utilisation - ARGUMO","isPartOf":{"@id":"https:\/\/argumo.co\/fr\/#website"},"datePublished":"2022-12-28T10:34:51+00:00","dateModified":"2023-01-06T10:56:55+00:00","breadcrumb":{"@id":"https:\/\/argumo.co\/condition-dutilisation\/#breadcrumb"},"inLanguage":"fr-FR","potentialAction":[{"@type":"ReadAction","target":["https:\/\/argumo.co\/condition-dutilisation\/"]}]},{"@type":"BreadcrumbList","@id":"https:\/\/argumo.co\/condition-dutilisation\/#breadcrumb","itemListElement":[{"@type":"ListItem","position":1,"name":"Home","item":"https:\/\/argumo.co\/fr\/"},{"@type":"ListItem","position":2,"name":"Condition d&#8217;utilisation"}]},{"@type":"WebSite","@id":"https:\/\/argumo.co\/fr\/#website","url":"https:\/\/argumo.co\/fr\/","name":"ARGUMO","description":"Durabilit\u00e9, Confort Finition &amp; S\u00e9duction Intemporelle","potentialAction":[{"@type":"SearchAction","target":{"@type":"EntryPoint","urlTemplate":"https:\/\/argumo.co\/fr\/?s={search_term_string}"},"query-input":"required name=search_term_string"}],"inLanguage":"fr-FR"}]}},"_links":{"self":[{"href":"https:\/\/argumo.co\/fr\/wp-json\/wp\/v2\/pages\/13709"}],"collection":[{"href":"https:\/\/argumo.co\/fr\/wp-json\/wp\/v2\/pages"}],"about":[{"href":"https:\/\/argumo.co\/fr\/wp-json\/wp\/v2\/types\/page"}],"author":[{"embeddable":true,"href":"https:\/\/argumo.co\/fr\/wp-json\/wp\/v2\/users\/1"}],"replies":[{"embeddable":true,"href":"https:\/\/argumo.co\/fr\/wp-json\/wp\/v2\/comments?post=13709"}],"version-history":[{"count":4,"href":"https:\/\/argumo.co\/fr\/wp-json\/wp\/v2\/pages\/13709\/revisions"}],"predecessor-version":[{"id":13771,"href":"https:\/\/argumo.co\/fr\/wp-json\/wp\/v2\/pages\/13709\/revisions\/13771"}],"wp:attachment":[{"href":"https:\/\/argumo.co\/fr\/wp-json\/wp\/v2\/media?parent=13709"}],"curies":[{"name":"wp","href":"https:\/\/api.w.org\/{rel}","templated":true}]}}