{"id":14475,"date":"2023-08-18T11:05:36","date_gmt":"2023-08-18T10:05:36","guid":{"rendered":"https:\/\/argumo.co\/?post_type=product&#038;p=14475"},"modified":"2023-08-22T10:31:44","modified_gmt":"2023-08-22T09:31:44","slug":"bottes-noires-en-cuir","status":"publish","type":"product","link":"https:\/\/argumo.co\/es\/producto\/bottes-noires-en-cuir\/","title":{"rendered":"Botas de cuero negro - BOTN-0063"},"content":{"rendered":"<p>Estas botas de cuero negro son un calzado elegante y funcional dise\u00f1ado para ofrecer comodidad y seguridad. Disponibles en varias tallas (39-47), cuentan con un agarre antideslizante para evitar ca\u00eddas, piel hidr\u00f3fuga para resistir la humedad y un ajuste Goodyear\u00ae para una mayor durabilidad. Fabricadas con piel de plena flor 20-22, tienen una suela de goma dentada para una tracci\u00f3n \u00f3ptima. Estas botas combinan estilo y practicidad para una gran variedad de situaciones.<\/p>","protected":false},"excerpt":{"rendered":"<p>Estas botas de cuero negro son un calzado elegante y funcional dise\u00f1ado para ofrecer comodidad y seguridad. Disponibles en varias tallas (39-47), cuentan con un agarre antideslizante para evitar ca\u00eddas, piel hidr\u00f3fuga para resistir la humedad y un ajuste Goodyear\u00ae para una mayor durabilidad. Fabricadas con piel de plena flor 20-22, tienen una suela de goma dentada para una tracci\u00f3n \u00f3ptima. Estas botas combinan estilo y practicidad para una gran variedad de situaciones.<\/p>","protected":false},"featured_media":14478,"comment_status":"open","ping_status":"closed","template":"","meta":[],"product_cat":[167,20,166],"product_tag":[],"class_list":{"0":"post-14475","1":"product","2":"type-product","3":"status-publish","4":"has-post-thumbnail","6":"product_cat-industrie","7":"product_cat-tactiques","8":"product_cat-uniforme","10":"first","11":"instock","12":"taxable","13":"shipping-taxable","14":"purchasable","15":"product-type-simple"},"yoast_head":"<!-- This site is optimized with the Yoast SEO Premium plugin v20.12 (Yoast SEO v20.12) - https:\/\/yoast.com\/wordpress\/plugins\/seo\/ -->\n<title>Bottes noires en cuir - BOTN-0063 - ARGUMO<\/title>\n<meta name=\"robots\" content=\"index, follow, max-snippet:-1, max-image-preview:large, max-video-preview:-1\" \/>\n<link rel=\"canonical\" href=\"https:\/\/argumo.co\/es\/producto\/bottes-noires-en-cuir\/\" \/>\n<meta property=\"og:locale\" content=\"es_ES\" \/>\n<meta property=\"og:type\" content=\"article\" \/>\n<meta property=\"og:title\" content=\"Bottes noires en cuir - BOTN-0063\" \/>\n<meta property=\"og:description\" content=\"Ces bottes noires en cuir sont des chaussures \u00e9l\u00e9gantes et fonctionnelles con\u00e7ues pour offrir confort et s\u00e9curit\u00e9. Disponibles dans un \u00e9ventail de pointures (39-47), elles sont dot\u00e9es d&#039;une adh\u00e9rence antid\u00e9rapante pour pr\u00e9venir les chutes, d&#039;un cuir hydrofuge pour r\u00e9sister \u00e0 l&#039;humidit\u00e9 et d&#039;un montage Goodyear\u00ae pour une durabilit\u00e9 accrue. Fabriqu\u00e9es en cuir pleine fleur 20-22, elles poss\u00e8dent une semelle en caoutchouc crant\u00e9 pour une traction optimale. Ces bottes allient style et praticit\u00e9 pour diverses situations.\" \/>\n<meta property=\"og:url\" content=\"https:\/\/argumo.co\/es\/producto\/bottes-noires-en-cuir\/\" \/>\n<meta property=\"og:site_name\" content=\"ARGUMO\" \/>\n<meta property=\"article:modified_time\" content=\"2023-08-22T09:31:44+00:00\" \/>\n<meta property=\"og:image\" content=\"https:\/\/argumo.co\/wp-content\/uploads\/2023\/08\/Groupe-95.webp\" \/>\n\t<meta property=\"og:image:width\" content=\"1800\" \/>\n\t<meta property=\"og:image:height\" content=\"2160\" \/>\n\t<meta property=\"og:image:type\" content=\"image\/webp\" \/>\n<meta name=\"twitter:card\" content=\"summary_large_image\" \/>\n<meta name=\"twitter:label1\" content=\"Precio\" \/>\n\t<meta name=\"twitter:data1\" content=\"1.00&nbsp;&euro;\" \/>\n\t<meta name=\"twitter:label2\" content=\"Availability\" \/>\n\t<meta name=\"twitter:data2\" content=\"In stock\" \/>\n<script type=\"application\/ld+json\" class=\"yoast-schema-graph\">{\"@context\":\"https:\/\/schema.org\",\"@graph\":[{\"@type\":\"WebPage\",\"@id\":\"https:\/\/argumo.co\/produit\/bottes-noires-en-cuir\/\",\"url\":\"https:\/\/argumo.co\/produit\/bottes-noires-en-cuir\/\",\"name\":\"Bottes noires en cuir - BOTN-0063 - ARGUMO\",\"isPartOf\":{\"@id\":\"https:\/\/argumo.co\/fr\/#website\"},\"datePublished\":\"2023-08-18T10:05:36+00:00\",\"dateModified\":\"2023-08-22T09:31:44+00:00\",\"breadcrumb\":{\"@id\":\"https:\/\/argumo.co\/produit\/bottes-noires-en-cuir\/#breadcrumb\"},\"inLanguage\":\"es\",\"potentialAction\":[{\"@type\":\"ReadAction\",\"target\":[\"https:\/\/argumo.co\/produit\/bottes-noires-en-cuir\/\"]}]},{\"@type\":\"BreadcrumbList\",\"@id\":\"https:\/\/argumo.co\/produit\/bottes-noires-en-cuir\/#breadcrumb\",\"itemListElement\":[{\"@type\":\"ListItem\",\"position\":1,\"name\":\"Home\",\"item\":\"https:\/\/argumo.co\/fr\/\"},{\"@type\":\"ListItem\",\"position\":2,\"name\":\"Catalogue de chaussures\",\"item\":\"https:\/\/argumo.co\/boutique\/\"},{\"@type\":\"ListItem\",\"position\":3,\"name\":\"Bottes noires en cuir &#8211; BOTN-0063\"}]},{\"@type\":\"WebSite\",\"@id\":\"https:\/\/argumo.co\/fr\/#website\",\"url\":\"https:\/\/argumo.co\/fr\/\",\"name\":\"ARGUMO\",\"description\":\"Durabilit\u00e9, Confort Finition &amp; S\u00e9duction Intemporelle\",\"potentialAction\":[{\"@type\":\"SearchAction\",\"target\":{\"@type\":\"EntryPoint\",\"urlTemplate\":\"https:\/\/argumo.co\/fr\/?s={search_term_string}\"},\"query-input\":\"required name=search_term_string\"}],\"inLanguage\":\"es\"}]}<\/script>\n<meta property=\"product:price:amount\" content=\"1.00\" \/>\n<meta property=\"product:price:currency\" content=\"EUR\" \/>\n<meta property=\"og:availability\" content=\"instock\" \/>\n<meta property=\"product:availability\" content=\"instock\" \/>\n<meta property=\"product:condition\" content=\"new\" \/>\n<!-- \/ Yoast SEO Premium plugin. -->","yoast_head_json":{"title":"Bottes noires en cuir - BOTN-0063 - ARGUMO","robots":{"index":"index","follow":"follow","max-snippet":"max-snippet:-1","max-image-preview":"max-image-preview:large","max-video-preview":"max-video-preview:-1"},"canonical":"https:\/\/argumo.co\/es\/producto\/bottes-noires-en-cuir\/","og_locale":"es_ES","og_type":"article","og_title":"Bottes noires en cuir - BOTN-0063","og_description":"Ces bottes noires en cuir sont des chaussures \u00e9l\u00e9gantes et fonctionnelles con\u00e7ues pour offrir confort et s\u00e9curit\u00e9. Disponibles dans un \u00e9ventail de pointures (39-47), elles sont dot\u00e9es d'une adh\u00e9rence antid\u00e9rapante pour pr\u00e9venir les chutes, d'un cuir hydrofuge pour r\u00e9sister \u00e0 l'humidit\u00e9 et d'un montage Goodyear\u00ae pour une durabilit\u00e9 accrue. Fabriqu\u00e9es en cuir pleine fleur 20-22, elles poss\u00e8dent une semelle en caoutchouc crant\u00e9 pour une traction optimale. Ces bottes allient style et praticit\u00e9 pour diverses situations.","og_url":"https:\/\/argumo.co\/es\/producto\/bottes-noires-en-cuir\/","og_site_name":"ARGUMO","article_modified_time":"2023-08-22T09:31:44+00:00","og_image":[{"width":1800,"height":2160,"url":"https:\/\/argumo.co\/wp-content\/uploads\/2023\/08\/Groupe-95.webp","type":"image\/webp"}],"twitter_card":"summary_large_image","twitter_misc":{"Precio":"1.00&nbsp;&euro;","Availability":"In stock"},"schema":{"@context":"https:\/\/schema.org","@graph":[{"@type":"WebPage","@id":"https:\/\/argumo.co\/produit\/bottes-noires-en-cuir\/","url":"https:\/\/argumo.co\/produit\/bottes-noires-en-cuir\/","name":"Bottes noires en cuir - BOTN-0063 - ARGUMO","isPartOf":{"@id":"https:\/\/argumo.co\/fr\/#website"},"datePublished":"2023-08-18T10:05:36+00:00","dateModified":"2023-08-22T09:31:44+00:00","breadcrumb":{"@id":"https:\/\/argumo.co\/produit\/bottes-noires-en-cuir\/#breadcrumb"},"inLanguage":"es","potentialAction":[{"@type":"ReadAction","target":["https:\/\/argumo.co\/produit\/bottes-noires-en-cuir\/"]}]},{"@type":"BreadcrumbList","@id":"https:\/\/argumo.co\/produit\/bottes-noires-en-cuir\/#breadcrumb","itemListElement":[{"@type":"ListItem","position":1,"name":"Home","item":"https:\/\/argumo.co\/fr\/"},{"@type":"ListItem","position":2,"name":"Catalogue de chaussures","item":"https:\/\/argumo.co\/boutique\/"},{"@type":"ListItem","position":3,"name":"Bottes noires en cuir &#8211; BOTN-0063"}]},{"@type":"WebSite","@id":"https:\/\/argumo.co\/fr\/#website","url":"https:\/\/argumo.co\/fr\/","name":"ARGUMO","description":"Durabilit\u00e9, Confort Finition &amp; S\u00e9duction Intemporelle","potentialAction":[{"@type":"SearchAction","target":{"@type":"EntryPoint","urlTemplate":"https:\/\/argumo.co\/fr\/?s={search_term_string}"},"query-input":"required name=search_term_string"}],"inLanguage":"es"}]},"product_price_amount":"1.00","product_price_currency":"EUR","og_availability":"instock","product_availability":"instock","product_condition":"new"},"_links":{"self":[{"href":"https:\/\/argumo.co\/es\/wp-json\/wp\/v2\/product\/14475"}],"collection":[{"href":"https:\/\/argumo.co\/es\/wp-json\/wp\/v2\/product"}],"about":[{"href":"https:\/\/argumo.co\/es\/wp-json\/wp\/v2\/types\/product"}],"replies":[{"embeddable":true,"href":"https:\/\/argumo.co\/es\/wp-json\/wp\/v2\/comments?post=14475"}],"version-history":[{"count":4,"href":"https:\/\/argumo.co\/es\/wp-json\/wp\/v2\/product\/14475\/revisions"}],"predecessor-version":[{"id":14496,"href":"https:\/\/argumo.co\/es\/wp-json\/wp\/v2\/product\/14475\/revisions\/14496"}],"wp:featuredmedia":[{"embeddable":true,"href":"https:\/\/argumo.co\/es\/wp-json\/wp\/v2\/media\/14478"}],"wp:attachment":[{"href":"https:\/\/argumo.co\/es\/wp-json\/wp\/v2\/media?parent=14475"}],"wp:term":[{"taxonomy":"product_cat","embeddable":true,"href":"https:\/\/argumo.co\/es\/wp-json\/wp\/v2\/product_cat?post=14475"},{"taxonomy":"product_tag","embeddable":true,"href":"https:\/\/argumo.co\/es\/wp-json\/wp\/v2\/product_tag?post=14475"}],"curies":[{"name":"wp","href":"https:\/\/api.w.org\/{rel}","templated":true}]}}