{"id":13092,"date":"2022-11-30T15:46:19","date_gmt":"2022-11-30T14:46:19","guid":{"rendered":"https:\/\/argumo.co\/?post_type=product&#038;p=13092"},"modified":"2023-08-22T10:35:57","modified_gmt":"2023-08-22T09:35:57","slug":"botte-cr-rangers-fa","status":"publish","type":"product","link":"https:\/\/argumo.co\/es\/producto\/botte-cr-rangers-fa\/","title":{"rendered":"Botas RANGERS Negras - BOTT-0060"},"content":{"rendered":"<p>Descubra las botas negras RANGERS - BOTT-0060, una elegante combinaci\u00f3n de estilo y funcionalidad. Disponible en varias tallas, este brodequin de piel de plena flor repelente al agua (20-22) ofrece durabilidad y protecci\u00f3n frente a los elementos. El montaje Good-Year\u00ae garantiza la robustez, mientras que el tejido Cordura\u00ae a\u00f1ade protecci\u00f3n adicional. Con una suela de goma dentada, este brodequin ofrece agarre y seguridad.<\/p>","protected":false},"excerpt":{"rendered":"<p>Descubra las botas negras RANGERS - BOTT-0060, una elegante combinaci\u00f3n de estilo y funcionalidad. Disponible en varias tallas, este brodequin de piel de plena flor repelente al agua (20-22) ofrece durabilidad y protecci\u00f3n frente a los elementos. El montaje Good-Year\u00ae garantiza la robustez, mientras que el tejido Cordura\u00ae a\u00f1ade protecci\u00f3n adicional. Con una suela de goma dentada, este brodequin ofrece agarre y seguridad.<\/p>","protected":false},"featured_media":14415,"comment_status":"open","ping_status":"closed","template":"","meta":[],"product_cat":[20,166],"product_tag":[],"class_list":{"0":"post-13092","1":"product","2":"type-product","3":"status-publish","4":"has-post-thumbnail","6":"product_cat-tactiques","7":"product_cat-uniforme","9":"first","10":"instock","11":"taxable","12":"shipping-taxable","13":"purchasable","14":"product-type-simple"},"yoast_head":"<!-- This site is optimized with the Yoast SEO Premium plugin v20.12 (Yoast SEO v20.12) - https:\/\/yoast.com\/wordpress\/plugins\/seo\/ -->\n<title>Bottes Noires RANGERS - BOTT-0060 - ARGUMO<\/title>\n<meta name=\"robots\" content=\"index, follow, max-snippet:-1, max-image-preview:large, max-video-preview:-1\" \/>\n<link rel=\"canonical\" href=\"https:\/\/argumo.co\/es\/producto\/botte-cr-rangers-fa\/\" \/>\n<meta property=\"og:locale\" content=\"es_ES\" \/>\n<meta property=\"og:type\" content=\"article\" \/>\n<meta property=\"og:title\" content=\"Bottes Noires RANGERS - BOTT-0060\" \/>\n<meta property=\"og:description\" content=\"D\u00e9couvrez les Bottes Noir RANGERS - BOTT-0060, une combinaison \u00e9l\u00e9gante de style et de fonctionnalit\u00e9. Disponible dans une gamme de pointures, ce brodequin en cuir pleine fleur hydrofuge (20-22) offre durabilit\u00e9 et protection contre les intemp\u00e9ries. Le montage Good-Year\u00ae assure solidit\u00e9, tandis que le tissu Cordura\u00ae ajoute une protection suppl\u00e9mentaire. Avec une semelle en caoutchouc crant\u00e9, ce brodequin offre adh\u00e9rence et s\u00e9curit\u00e9.\" \/>\n<meta property=\"og:url\" content=\"https:\/\/argumo.co\/es\/producto\/botte-cr-rangers-fa\/\" \/>\n<meta property=\"og:site_name\" content=\"ARGUMO\" \/>\n<meta property=\"article:modified_time\" content=\"2023-08-22T09:35:57+00:00\" \/>\n<meta property=\"og:image\" content=\"https:\/\/argumo.co\/wp-content\/uploads\/2022\/11\/Groupe-93.webp\" \/>\n\t<meta property=\"og:image:width\" content=\"1800\" \/>\n\t<meta property=\"og:image:height\" content=\"2160\" \/>\n\t<meta property=\"og:image:type\" content=\"image\/webp\" \/>\n<meta name=\"twitter:card\" content=\"summary_large_image\" \/>\n<meta name=\"twitter:label1\" content=\"Precio\" \/>\n\t<meta name=\"twitter:data1\" content=\"1.00&nbsp;&euro;\" \/>\n\t<meta name=\"twitter:label2\" content=\"Availability\" \/>\n\t<meta name=\"twitter:data2\" content=\"In stock\" \/>\n<script type=\"application\/ld+json\" class=\"yoast-schema-graph\">{\"@context\":\"https:\/\/schema.org\",\"@graph\":[{\"@type\":\"WebPage\",\"@id\":\"https:\/\/argumo.co\/produit\/botte-cr-rangers-fa\/\",\"url\":\"https:\/\/argumo.co\/produit\/botte-cr-rangers-fa\/\",\"name\":\"Bottes Noires RANGERS - BOTT-0060 - ARGUMO\",\"isPartOf\":{\"@id\":\"https:\/\/argumo.co\/fr\/#website\"},\"datePublished\":\"2022-11-30T14:46:19+00:00\",\"dateModified\":\"2023-08-22T09:35:57+00:00\",\"breadcrumb\":{\"@id\":\"https:\/\/argumo.co\/produit\/botte-cr-rangers-fa\/#breadcrumb\"},\"inLanguage\":\"es\",\"potentialAction\":[{\"@type\":\"ReadAction\",\"target\":[\"https:\/\/argumo.co\/produit\/botte-cr-rangers-fa\/\"]}]},{\"@type\":\"BreadcrumbList\",\"@id\":\"https:\/\/argumo.co\/produit\/botte-cr-rangers-fa\/#breadcrumb\",\"itemListElement\":[{\"@type\":\"ListItem\",\"position\":1,\"name\":\"Home\",\"item\":\"https:\/\/argumo.co\/fr\/\"},{\"@type\":\"ListItem\",\"position\":2,\"name\":\"Catalogue de chaussures\",\"item\":\"https:\/\/argumo.co\/boutique\/\"},{\"@type\":\"ListItem\",\"position\":3,\"name\":\"Bottes Noires RANGERS &#8211; BOTT-0060\"}]},{\"@type\":\"WebSite\",\"@id\":\"https:\/\/argumo.co\/fr\/#website\",\"url\":\"https:\/\/argumo.co\/fr\/\",\"name\":\"ARGUMO\",\"description\":\"Durabilit\u00e9, Confort Finition &amp; S\u00e9duction Intemporelle\",\"potentialAction\":[{\"@type\":\"SearchAction\",\"target\":{\"@type\":\"EntryPoint\",\"urlTemplate\":\"https:\/\/argumo.co\/fr\/?s={search_term_string}\"},\"query-input\":\"required name=search_term_string\"}],\"inLanguage\":\"es\"}]}<\/script>\n<meta property=\"product:price:amount\" content=\"1.00\" \/>\n<meta property=\"product:price:currency\" content=\"EUR\" \/>\n<meta property=\"og:availability\" content=\"instock\" \/>\n<meta property=\"product:availability\" content=\"instock\" \/>\n<meta property=\"product:condition\" content=\"new\" \/>\n<!-- \/ Yoast SEO Premium plugin. -->","yoast_head_json":{"title":"Bottes Noires RANGERS - BOTT-0060 - ARGUMO","robots":{"index":"index","follow":"follow","max-snippet":"max-snippet:-1","max-image-preview":"max-image-preview:large","max-video-preview":"max-video-preview:-1"},"canonical":"https:\/\/argumo.co\/es\/producto\/botte-cr-rangers-fa\/","og_locale":"es_ES","og_type":"article","og_title":"Bottes Noires RANGERS - BOTT-0060","og_description":"D\u00e9couvrez les Bottes Noir RANGERS - BOTT-0060, une combinaison \u00e9l\u00e9gante de style et de fonctionnalit\u00e9. Disponible dans une gamme de pointures, ce brodequin en cuir pleine fleur hydrofuge (20-22) offre durabilit\u00e9 et protection contre les intemp\u00e9ries. Le montage Good-Year\u00ae assure solidit\u00e9, tandis que le tissu Cordura\u00ae ajoute une protection suppl\u00e9mentaire. Avec une semelle en caoutchouc crant\u00e9, ce brodequin offre adh\u00e9rence et s\u00e9curit\u00e9.","og_url":"https:\/\/argumo.co\/es\/producto\/botte-cr-rangers-fa\/","og_site_name":"ARGUMO","article_modified_time":"2023-08-22T09:35:57+00:00","og_image":[{"width":1800,"height":2160,"url":"https:\/\/argumo.co\/wp-content\/uploads\/2022\/11\/Groupe-93.webp","type":"image\/webp"}],"twitter_card":"summary_large_image","twitter_misc":{"Precio":"1.00&nbsp;&euro;","Availability":"In stock"},"schema":{"@context":"https:\/\/schema.org","@graph":[{"@type":"WebPage","@id":"https:\/\/argumo.co\/produit\/botte-cr-rangers-fa\/","url":"https:\/\/argumo.co\/produit\/botte-cr-rangers-fa\/","name":"Bottes Noires RANGERS - BOTT-0060 - ARGUMO","isPartOf":{"@id":"https:\/\/argumo.co\/fr\/#website"},"datePublished":"2022-11-30T14:46:19+00:00","dateModified":"2023-08-22T09:35:57+00:00","breadcrumb":{"@id":"https:\/\/argumo.co\/produit\/botte-cr-rangers-fa\/#breadcrumb"},"inLanguage":"es","potentialAction":[{"@type":"ReadAction","target":["https:\/\/argumo.co\/produit\/botte-cr-rangers-fa\/"]}]},{"@type":"BreadcrumbList","@id":"https:\/\/argumo.co\/produit\/botte-cr-rangers-fa\/#breadcrumb","itemListElement":[{"@type":"ListItem","position":1,"name":"Home","item":"https:\/\/argumo.co\/fr\/"},{"@type":"ListItem","position":2,"name":"Catalogue de chaussures","item":"https:\/\/argumo.co\/boutique\/"},{"@type":"ListItem","position":3,"name":"Bottes Noires RANGERS &#8211; BOTT-0060"}]},{"@type":"WebSite","@id":"https:\/\/argumo.co\/fr\/#website","url":"https:\/\/argumo.co\/fr\/","name":"ARGUMO","description":"Durabilit\u00e9, Confort Finition &amp; S\u00e9duction Intemporelle","potentialAction":[{"@type":"SearchAction","target":{"@type":"EntryPoint","urlTemplate":"https:\/\/argumo.co\/fr\/?s={search_term_string}"},"query-input":"required name=search_term_string"}],"inLanguage":"es"}]},"product_price_amount":"1.00","product_price_currency":"EUR","og_availability":"instock","product_availability":"instock","product_condition":"new"},"_links":{"self":[{"href":"https:\/\/argumo.co\/es\/wp-json\/wp\/v2\/product\/13092"}],"collection":[{"href":"https:\/\/argumo.co\/es\/wp-json\/wp\/v2\/product"}],"about":[{"href":"https:\/\/argumo.co\/es\/wp-json\/wp\/v2\/types\/product"}],"replies":[{"embeddable":true,"href":"https:\/\/argumo.co\/es\/wp-json\/wp\/v2\/comments?post=13092"}],"version-history":[{"count":5,"href":"https:\/\/argumo.co\/es\/wp-json\/wp\/v2\/product\/13092\/revisions"}],"predecessor-version":[{"id":14497,"href":"https:\/\/argumo.co\/es\/wp-json\/wp\/v2\/product\/13092\/revisions\/14497"}],"wp:featuredmedia":[{"embeddable":true,"href":"https:\/\/argumo.co\/es\/wp-json\/wp\/v2\/media\/14415"}],"wp:attachment":[{"href":"https:\/\/argumo.co\/es\/wp-json\/wp\/v2\/media?parent=13092"}],"wp:term":[{"taxonomy":"product_cat","embeddable":true,"href":"https:\/\/argumo.co\/es\/wp-json\/wp\/v2\/product_cat?post=13092"},{"taxonomy":"product_tag","embeddable":true,"href":"https:\/\/argumo.co\/es\/wp-json\/wp\/v2\/product_tag?post=13092"}],"curies":[{"name":"wp","href":"https:\/\/api.w.org\/{rel}","templated":true}]}}