{"id":13090,"date":"2022-11-30T15:44:17","date_gmt":"2022-11-30T14:44:17","guid":{"rendered":"https:\/\/argumo.co\/?post_type=product&#038;p=13090"},"modified":"2023-11-07T17:33:16","modified_gmt":"2023-11-07T16:33:16","slug":"rangers-magnum-a%e2%80%90f","status":"publish","type":"product","link":"https:\/\/argumo.co\/es\/producto\/rangers-magnum-a%e2%80%90f\/","title":{"rendered":"BOTAS MAGNUM RANGER (A-F) - BOTT-0033"},"content":{"rendered":"<div class=\"woocommerce-product-details__short-description\">\n<p>Descubre las Magnum A-F - BOTT-0033 Rangers, unas botas vers\u00e1tiles que combinan estilo y rendimiento. Disponibles en color beige, estas rangers ofrecen un agarre antideslizante para una seguridad \u00f3ptima y cuentan con piel de serraje beige repelente al agua para mantener los pies secos. Con una robusta construcci\u00f3n soldada, una suela de goma dentada para una tracci\u00f3n fiable y tejido Cordura\u00ae impermeable para una mayor protecci\u00f3n, estas rangers son ideales para aventuras al aire libre y misiones t\u00e1cticas, al tiempo que te mantienen c\u00f3modo y con estilo.<\/p>\n<\/div>\n<table class=\"woocommerce-product-attributes shop_attributes\">\n<tbody>\n<tr class=\"woocommerce-product-attributes-item woocommerce-product-attributes-item--attribute_pa_color\">\n<th class=\"woocommerce-product-attributes-item__label\">Color<\/th>\n<td class=\"woocommerce-product-attributes-item__value\">Beige<\/td>\n<\/tr>\n<tr class=\"woocommerce-product-attributes-item woocommerce-product-attributes-item--attribute_pa_pointure\">\n<th class=\"woocommerce-product-attributes-item__label\">Talla<\/th>\n<td class=\"woocommerce-product-attributes-item__value\">39, 40, 41, 42, 43, 44, 45, 46, 47<\/td>\n<\/tr>\n<tr class=\"woocommerce-product-attributes-item woocommerce-product-attributes-item--attribute_pa_caracteristiques\">\n<th class=\"woocommerce-product-attributes-item__label\">Caracter\u00edstica<\/th>\n<td class=\"woocommerce-product-attributes-item__value\">ANTIDESLIZANTE CONTRA EL DESLIZAMIENTO, CUERO HIDR\u00d3FUGO, ENSAMBLAJE SOLDADO<\/td>\n<\/tr>\n<tr class=\"woocommerce-product-attributes-item woocommerce-product-attributes-item--attribute_pa_cuir\">\n<th class=\"woocommerce-product-attributes-item__label\">Piel<\/th>\n<td class=\"woocommerce-product-attributes-item__value\">Croute Veloure Beige 18-20<\/td>\n<\/tr>\n<tr class=\"woocommerce-product-attributes-item woocommerce-product-attributes-item--attribute_pa_semelle\">\n<th class=\"woocommerce-product-attributes-item__label\">\u00danico<\/th>\n<td class=\"woocommerce-product-attributes-item__value\">De caucho dentado<\/td>\n<\/tr>\n<tr class=\"woocommerce-product-attributes-item woocommerce-product-attributes-item--attribute_pa_tissu\">\n<th class=\"woocommerce-product-attributes-item__label\">Tejido<\/th>\n<td class=\"woocommerce-product-attributes-item__value\">Cordura\u00ae Impermeable<\/td>\n<\/tr>\n<\/tbody>\n<\/table>","protected":false},"excerpt":{"rendered":"<p>Descubre las Magnum A-F - BOTT-0033 Rangers, unas botas vers\u00e1tiles que combinan estilo y rendimiento. Disponibles en color beige, estas rangers ofrecen un agarre antideslizante para una seguridad \u00f3ptima y cuentan con piel de serraje beige repelente al agua para mantener los pies secos. Con una robusta construcci\u00f3n soldada, una suela de goma dentada para una tracci\u00f3n fiable y tejido Cordura\u00ae impermeable para una mayor protecci\u00f3n, estas rangers son ideales para aventuras al aire libre y misiones t\u00e1cticas, al tiempo que te mantienen c\u00f3modo y con estilo.<\/p>","protected":false},"featured_media":14266,"comment_status":"open","ping_status":"closed","template":"","meta":[],"product_cat":[20,166],"product_tag":[],"class_list":{"0":"post-13090","1":"product","2":"type-product","3":"status-publish","4":"has-post-thumbnail","6":"product_cat-tactiques","7":"product_cat-uniforme","9":"first","10":"instock","11":"taxable","12":"shipping-taxable","13":"purchasable","14":"product-type-simple"},"yoast_head":"<!-- This site is optimized with the Yoast SEO Premium plugin v20.12 (Yoast SEO v20.12) - https:\/\/yoast.com\/wordpress\/plugins\/seo\/ -->\n<title>Bottes Rangers MAGNUM (A\u2010F) - BOTT-0033 - ARGUMO<\/title>\n<meta name=\"description\" content=\"D\u00e9couvrez les Rangers Magnum A-F \u2013 BOTT-0033, des bottes polyvalentes alliant style et performance. Disponibles en beige , ces rangers offrent une adh\u00e9rence antid\u00e9rapante pour une s\u00e9curit\u00e9 optimale et sont dot\u00e9es d\u2019un cuir cro\u00fbte velours beige hydrofuge pour garder vos pieds au sec.\" \/>\n<meta name=\"robots\" content=\"index, follow, max-snippet:-1, max-image-preview:large, max-video-preview:-1\" \/>\n<link rel=\"canonical\" href=\"https:\/\/argumo.co\/es\/producto\/rangers-magnum-a\u2010f\/\" \/>\n<meta property=\"og:locale\" content=\"es_ES\" \/>\n<meta property=\"og:type\" content=\"article\" \/>\n<meta property=\"og:title\" content=\"Bottes Rangers MAGNUM (A\u2010F) - BOTT-0033\" \/>\n<meta property=\"og:description\" content=\"D\u00e9couvrez les Rangers Magnum A-F \u2013 BOTT-0033, des bottes polyvalentes alliant style et performance. Disponibles en beige , ces rangers offrent une adh\u00e9rence antid\u00e9rapante pour une s\u00e9curit\u00e9 optimale et sont dot\u00e9es d\u2019un cuir cro\u00fbte velours beige hydrofuge pour garder vos pieds au sec.\" \/>\n<meta property=\"og:url\" content=\"https:\/\/argumo.co\/es\/producto\/rangers-magnum-a\u2010f\/\" \/>\n<meta property=\"og:site_name\" content=\"ARGUMO\" \/>\n<meta property=\"article:modified_time\" content=\"2023-11-07T16:33:16+00:00\" \/>\n<meta property=\"og:image\" content=\"https:\/\/argumo.co\/wp-content\/uploads\/2022\/11\/Groupe-109-min.webp\" \/>\n\t<meta property=\"og:image:width\" content=\"1800\" \/>\n\t<meta property=\"og:image:height\" content=\"2160\" \/>\n\t<meta property=\"og:image:type\" content=\"image\/webp\" \/>\n<meta name=\"twitter:card\" content=\"summary_large_image\" \/>\n<meta name=\"twitter:label1\" content=\"Precio\" \/>\n\t<meta name=\"twitter:data1\" content=\"1.00&nbsp;&euro;\" \/>\n\t<meta name=\"twitter:label2\" content=\"Availability\" \/>\n\t<meta name=\"twitter:data2\" content=\"In stock\" \/>\n<script type=\"application\/ld+json\" class=\"yoast-schema-graph\">{\"@context\":\"https:\/\/schema.org\",\"@graph\":[{\"@type\":\"WebPage\",\"@id\":\"https:\/\/argumo.co\/produit\/rangers-magnum-a%e2%80%90f\/\",\"url\":\"https:\/\/argumo.co\/produit\/rangers-magnum-a%e2%80%90f\/\",\"name\":\"Bottes Rangers MAGNUM (A\u2010F) - BOTT-0033 - ARGUMO\",\"isPartOf\":{\"@id\":\"https:\/\/argumo.co\/fr\/#website\"},\"datePublished\":\"2022-11-30T14:44:17+00:00\",\"dateModified\":\"2023-11-07T16:33:16+00:00\",\"description\":\"D\u00e9couvrez les Rangers Magnum A-F \u2013 BOTT-0033, des bottes polyvalentes alliant style et performance. Disponibles en beige , ces rangers offrent une adh\u00e9rence antid\u00e9rapante pour une s\u00e9curit\u00e9 optimale et sont dot\u00e9es d\u2019un cuir cro\u00fbte velours beige hydrofuge pour garder vos pieds au sec.\",\"breadcrumb\":{\"@id\":\"https:\/\/argumo.co\/produit\/rangers-magnum-a%e2%80%90f\/#breadcrumb\"},\"inLanguage\":\"es\",\"potentialAction\":[{\"@type\":\"ReadAction\",\"target\":[\"https:\/\/argumo.co\/produit\/rangers-magnum-a%e2%80%90f\/\"]}]},{\"@type\":\"BreadcrumbList\",\"@id\":\"https:\/\/argumo.co\/produit\/rangers-magnum-a%e2%80%90f\/#breadcrumb\",\"itemListElement\":[{\"@type\":\"ListItem\",\"position\":1,\"name\":\"Home\",\"item\":\"https:\/\/argumo.co\/fr\/\"},{\"@type\":\"ListItem\",\"position\":2,\"name\":\"Catalogue de chaussures\",\"item\":\"https:\/\/argumo.co\/boutique\/\"},{\"@type\":\"ListItem\",\"position\":3,\"name\":\"Bottes Rangers MAGNUM (A\u2010F) &#8211; BOTT-0033\"}]},{\"@type\":\"WebSite\",\"@id\":\"https:\/\/argumo.co\/fr\/#website\",\"url\":\"https:\/\/argumo.co\/fr\/\",\"name\":\"ARGUMO\",\"description\":\"Durabilit\u00e9, Confort Finition &amp; S\u00e9duction Intemporelle\",\"potentialAction\":[{\"@type\":\"SearchAction\",\"target\":{\"@type\":\"EntryPoint\",\"urlTemplate\":\"https:\/\/argumo.co\/fr\/?s={search_term_string}\"},\"query-input\":\"required name=search_term_string\"}],\"inLanguage\":\"es\"}]}<\/script>\n<meta property=\"product:price:amount\" content=\"1.00\" \/>\n<meta property=\"product:price:currency\" content=\"EUR\" \/>\n<meta property=\"og:availability\" content=\"instock\" \/>\n<meta property=\"product:availability\" content=\"instock\" \/>\n<meta property=\"product:condition\" content=\"new\" \/>\n<!-- \/ Yoast SEO Premium plugin. -->","yoast_head_json":{"title":"Bottes Rangers MAGNUM (A\u2010F) - BOTT-0033 - ARGUMO","description":"D\u00e9couvrez les Rangers Magnum A-F \u2013 BOTT-0033, des bottes polyvalentes alliant style et performance. Disponibles en beige , ces rangers offrent une adh\u00e9rence antid\u00e9rapante pour une s\u00e9curit\u00e9 optimale et sont dot\u00e9es d\u2019un cuir cro\u00fbte velours beige hydrofuge pour garder vos pieds au sec.","robots":{"index":"index","follow":"follow","max-snippet":"max-snippet:-1","max-image-preview":"max-image-preview:large","max-video-preview":"max-video-preview:-1"},"canonical":"https:\/\/argumo.co\/es\/producto\/rangers-magnum-a\u2010f\/","og_locale":"es_ES","og_type":"article","og_title":"Bottes Rangers MAGNUM (A\u2010F) - BOTT-0033","og_description":"D\u00e9couvrez les Rangers Magnum A-F \u2013 BOTT-0033, des bottes polyvalentes alliant style et performance. Disponibles en beige , ces rangers offrent une adh\u00e9rence antid\u00e9rapante pour une s\u00e9curit\u00e9 optimale et sont dot\u00e9es d\u2019un cuir cro\u00fbte velours beige hydrofuge pour garder vos pieds au sec.","og_url":"https:\/\/argumo.co\/es\/producto\/rangers-magnum-a\u2010f\/","og_site_name":"ARGUMO","article_modified_time":"2023-11-07T16:33:16+00:00","og_image":[{"width":1800,"height":2160,"url":"https:\/\/argumo.co\/wp-content\/uploads\/2022\/11\/Groupe-109-min.webp","type":"image\/webp"}],"twitter_card":"summary_large_image","twitter_misc":{"Precio":"1.00&nbsp;&euro;","Availability":"In stock"},"schema":{"@context":"https:\/\/schema.org","@graph":[{"@type":"WebPage","@id":"https:\/\/argumo.co\/produit\/rangers-magnum-a%e2%80%90f\/","url":"https:\/\/argumo.co\/produit\/rangers-magnum-a%e2%80%90f\/","name":"Bottes Rangers MAGNUM (A\u2010F) - BOTT-0033 - ARGUMO","isPartOf":{"@id":"https:\/\/argumo.co\/fr\/#website"},"datePublished":"2022-11-30T14:44:17+00:00","dateModified":"2023-11-07T16:33:16+00:00","description":"D\u00e9couvrez les Rangers Magnum A-F \u2013 BOTT-0033, des bottes polyvalentes alliant style et performance. Disponibles en beige , ces rangers offrent une adh\u00e9rence antid\u00e9rapante pour une s\u00e9curit\u00e9 optimale et sont dot\u00e9es d\u2019un cuir cro\u00fbte velours beige hydrofuge pour garder vos pieds au sec.","breadcrumb":{"@id":"https:\/\/argumo.co\/produit\/rangers-magnum-a%e2%80%90f\/#breadcrumb"},"inLanguage":"es","potentialAction":[{"@type":"ReadAction","target":["https:\/\/argumo.co\/produit\/rangers-magnum-a%e2%80%90f\/"]}]},{"@type":"BreadcrumbList","@id":"https:\/\/argumo.co\/produit\/rangers-magnum-a%e2%80%90f\/#breadcrumb","itemListElement":[{"@type":"ListItem","position":1,"name":"Home","item":"https:\/\/argumo.co\/fr\/"},{"@type":"ListItem","position":2,"name":"Catalogue de chaussures","item":"https:\/\/argumo.co\/boutique\/"},{"@type":"ListItem","position":3,"name":"Bottes Rangers MAGNUM (A\u2010F) &#8211; BOTT-0033"}]},{"@type":"WebSite","@id":"https:\/\/argumo.co\/fr\/#website","url":"https:\/\/argumo.co\/fr\/","name":"ARGUMO","description":"Durabilit\u00e9, Confort Finition &amp; S\u00e9duction Intemporelle","potentialAction":[{"@type":"SearchAction","target":{"@type":"EntryPoint","urlTemplate":"https:\/\/argumo.co\/fr\/?s={search_term_string}"},"query-input":"required name=search_term_string"}],"inLanguage":"es"}]},"product_price_amount":"1.00","product_price_currency":"EUR","og_availability":"instock","product_availability":"instock","product_condition":"new"},"_links":{"self":[{"href":"https:\/\/argumo.co\/es\/wp-json\/wp\/v2\/product\/13090"}],"collection":[{"href":"https:\/\/argumo.co\/es\/wp-json\/wp\/v2\/product"}],"about":[{"href":"https:\/\/argumo.co\/es\/wp-json\/wp\/v2\/types\/product"}],"replies":[{"embeddable":true,"href":"https:\/\/argumo.co\/es\/wp-json\/wp\/v2\/comments?post=13090"}],"version-history":[{"count":8,"href":"https:\/\/argumo.co\/es\/wp-json\/wp\/v2\/product\/13090\/revisions"}],"predecessor-version":[{"id":14359,"href":"https:\/\/argumo.co\/es\/wp-json\/wp\/v2\/product\/13090\/revisions\/14359"}],"wp:featuredmedia":[{"embeddable":true,"href":"https:\/\/argumo.co\/es\/wp-json\/wp\/v2\/media\/14266"}],"wp:attachment":[{"href":"https:\/\/argumo.co\/es\/wp-json\/wp\/v2\/media?parent=13090"}],"wp:term":[{"taxonomy":"product_cat","embeddable":true,"href":"https:\/\/argumo.co\/es\/wp-json\/wp\/v2\/product_cat?post=13090"},{"taxonomy":"product_tag","embeddable":true,"href":"https:\/\/argumo.co\/es\/wp-json\/wp\/v2\/product_tag?post=13090"}],"curies":[{"name":"wp","href":"https:\/\/api.w.org\/{rel}","templated":true}]}}