{"id":13068,"date":"2022-11-30T15:09:21","date_gmt":"2022-11-30T14:09:21","guid":{"rendered":"https:\/\/argumo.co\/?post_type=product&#038;p=13068"},"modified":"2023-08-22T17:21:22","modified_gmt":"2023-08-22T16:21:22","slug":"brodquin-far-sof","status":"publish","type":"product","link":"https:\/\/argumo.co\/es\/producto\/brodquin-far-sof\/","title":{"rendered":"Botines de piel negra - BROD-0003"},"content":{"rendered":"<p>Los brodequines BROD-0003 de cuero negro combinan elegancia y seguridad. Su color atemporal se complementa con caracter\u00edsticas esenciales como una suela antideslizante para caminar con estabilidad y piel hidr\u00f3fuga para mantener los pies secos. Fabricados con cuero de plena flor de calidad (20-22) y montaje Good-Year\u00ae, estos brodequines combinan durabilidad y estilo.<\/p>","protected":false},"excerpt":{"rendered":"<p>Los brodequines BROD-0003 de cuero negro combinan elegancia y seguridad. Su color atemporal se complementa con caracter\u00edsticas esenciales como una suela antideslizante para caminar con estabilidad y piel hidr\u00f3fuga para mantener los pies secos. Fabricados con cuero de plena flor de calidad (20-22) y montaje Good-Year\u00ae, estos brodequines combinan durabilidad y estilo.<\/p>","protected":false},"featured_media":14557,"comment_status":"open","ping_status":"closed","template":"","meta":[],"product_cat":[20,166],"product_tag":[],"class_list":{"0":"post-13068","1":"product","2":"type-product","3":"status-publish","4":"has-post-thumbnail","6":"product_cat-tactiques","7":"product_cat-uniforme","9":"first","10":"instock","11":"taxable","12":"shipping-taxable","13":"purchasable","14":"product-type-simple"},"yoast_head":"<!-- This site is optimized with the Yoast SEO Premium plugin v20.12 (Yoast SEO v20.12) - https:\/\/yoast.com\/wordpress\/plugins\/seo\/ -->\n<title>Brodequins noires en cuir - BROD-0003 - ARGUMO<\/title>\n<meta name=\"robots\" content=\"index, follow, max-snippet:-1, max-image-preview:large, max-video-preview:-1\" \/>\n<link rel=\"canonical\" href=\"https:\/\/argumo.co\/es\/producto\/brodquin-far-sof\/\" \/>\n<meta property=\"og:locale\" content=\"es_ES\" \/>\n<meta property=\"og:type\" content=\"article\" \/>\n<meta property=\"og:title\" content=\"Brodequins noires en cuir - BROD-0003\" \/>\n<meta property=\"og:description\" content=\"Les brodequins noires en cuir, mod\u00e8le BROD-0003, associent \u00e9l\u00e9gance et s\u00e9curit\u00e9. Leur couleur intemporelle est compl\u00e9t\u00e9e par des caract\u00e9ristiques essentielles telles qu&#039;une semelle antid\u00e9rapante pour une marche stable et un cuir hydrofuge pour garder vos pieds au sec. Fabriqu\u00e9s avec du cuir pleine fleur de qualit\u00e9 (20-22) et un montage Good-Year\u00ae, ces brodequins allient durabilit\u00e9 et style.\" \/>\n<meta property=\"og:url\" content=\"https:\/\/argumo.co\/es\/producto\/brodquin-far-sof\/\" \/>\n<meta property=\"og:site_name\" content=\"ARGUMO\" \/>\n<meta property=\"article:modified_time\" content=\"2023-08-22T16:21:22+00:00\" \/>\n<meta property=\"og:image\" content=\"https:\/\/argumo.co\/wp-content\/uploads\/2022\/11\/G5.webp\" \/>\n\t<meta property=\"og:image:width\" content=\"1800\" \/>\n\t<meta property=\"og:image:height\" content=\"2160\" \/>\n\t<meta property=\"og:image:type\" content=\"image\/webp\" \/>\n<meta name=\"twitter:card\" content=\"summary_large_image\" \/>\n<meta name=\"twitter:label1\" content=\"Precio\" \/>\n\t<meta name=\"twitter:data1\" content=\"1.00&nbsp;&euro;\" \/>\n\t<meta name=\"twitter:label2\" content=\"Availability\" \/>\n\t<meta name=\"twitter:data2\" content=\"In stock\" \/>\n<script type=\"application\/ld+json\" class=\"yoast-schema-graph\">{\"@context\":\"https:\/\/schema.org\",\"@graph\":[{\"@type\":\"WebPage\",\"@id\":\"https:\/\/argumo.co\/produit\/brodquin-far-sof\/\",\"url\":\"https:\/\/argumo.co\/produit\/brodquin-far-sof\/\",\"name\":\"Brodequins noires en cuir - BROD-0003 - ARGUMO\",\"isPartOf\":{\"@id\":\"https:\/\/argumo.co\/fr\/#website\"},\"datePublished\":\"2022-11-30T14:09:21+00:00\",\"dateModified\":\"2023-08-22T16:21:22+00:00\",\"breadcrumb\":{\"@id\":\"https:\/\/argumo.co\/produit\/brodquin-far-sof\/#breadcrumb\"},\"inLanguage\":\"es\",\"potentialAction\":[{\"@type\":\"ReadAction\",\"target\":[\"https:\/\/argumo.co\/produit\/brodquin-far-sof\/\"]}]},{\"@type\":\"BreadcrumbList\",\"@id\":\"https:\/\/argumo.co\/produit\/brodquin-far-sof\/#breadcrumb\",\"itemListElement\":[{\"@type\":\"ListItem\",\"position\":1,\"name\":\"Home\",\"item\":\"https:\/\/argumo.co\/fr\/\"},{\"@type\":\"ListItem\",\"position\":2,\"name\":\"Catalogue de chaussures\",\"item\":\"https:\/\/argumo.co\/boutique\/\"},{\"@type\":\"ListItem\",\"position\":3,\"name\":\"Brodequins noires en cuir &#8211; BROD-0003\"}]},{\"@type\":\"WebSite\",\"@id\":\"https:\/\/argumo.co\/fr\/#website\",\"url\":\"https:\/\/argumo.co\/fr\/\",\"name\":\"ARGUMO\",\"description\":\"Durabilit\u00e9, Confort Finition &amp; S\u00e9duction Intemporelle\",\"potentialAction\":[{\"@type\":\"SearchAction\",\"target\":{\"@type\":\"EntryPoint\",\"urlTemplate\":\"https:\/\/argumo.co\/fr\/?s={search_term_string}\"},\"query-input\":\"required name=search_term_string\"}],\"inLanguage\":\"es\"}]}<\/script>\n<meta property=\"product:price:amount\" content=\"1.00\" \/>\n<meta property=\"product:price:currency\" content=\"EUR\" \/>\n<meta property=\"og:availability\" content=\"instock\" \/>\n<meta property=\"product:availability\" content=\"instock\" \/>\n<meta property=\"product:condition\" content=\"new\" \/>\n<!-- \/ Yoast SEO Premium plugin. -->","yoast_head_json":{"title":"Brodequins noires en cuir - BROD-0003 - ARGUMO","robots":{"index":"index","follow":"follow","max-snippet":"max-snippet:-1","max-image-preview":"max-image-preview:large","max-video-preview":"max-video-preview:-1"},"canonical":"https:\/\/argumo.co\/es\/producto\/brodquin-far-sof\/","og_locale":"es_ES","og_type":"article","og_title":"Brodequins noires en cuir - BROD-0003","og_description":"Les brodequins noires en cuir, mod\u00e8le BROD-0003, associent \u00e9l\u00e9gance et s\u00e9curit\u00e9. Leur couleur intemporelle est compl\u00e9t\u00e9e par des caract\u00e9ristiques essentielles telles qu'une semelle antid\u00e9rapante pour une marche stable et un cuir hydrofuge pour garder vos pieds au sec. Fabriqu\u00e9s avec du cuir pleine fleur de qualit\u00e9 (20-22) et un montage Good-Year\u00ae, ces brodequins allient durabilit\u00e9 et style.","og_url":"https:\/\/argumo.co\/es\/producto\/brodquin-far-sof\/","og_site_name":"ARGUMO","article_modified_time":"2023-08-22T16:21:22+00:00","og_image":[{"width":1800,"height":2160,"url":"https:\/\/argumo.co\/wp-content\/uploads\/2022\/11\/G5.webp","type":"image\/webp"}],"twitter_card":"summary_large_image","twitter_misc":{"Precio":"1.00&nbsp;&euro;","Availability":"In stock"},"schema":{"@context":"https:\/\/schema.org","@graph":[{"@type":"WebPage","@id":"https:\/\/argumo.co\/produit\/brodquin-far-sof\/","url":"https:\/\/argumo.co\/produit\/brodquin-far-sof\/","name":"Brodequins noires en cuir - BROD-0003 - ARGUMO","isPartOf":{"@id":"https:\/\/argumo.co\/fr\/#website"},"datePublished":"2022-11-30T14:09:21+00:00","dateModified":"2023-08-22T16:21:22+00:00","breadcrumb":{"@id":"https:\/\/argumo.co\/produit\/brodquin-far-sof\/#breadcrumb"},"inLanguage":"es","potentialAction":[{"@type":"ReadAction","target":["https:\/\/argumo.co\/produit\/brodquin-far-sof\/"]}]},{"@type":"BreadcrumbList","@id":"https:\/\/argumo.co\/produit\/brodquin-far-sof\/#breadcrumb","itemListElement":[{"@type":"ListItem","position":1,"name":"Home","item":"https:\/\/argumo.co\/fr\/"},{"@type":"ListItem","position":2,"name":"Catalogue de chaussures","item":"https:\/\/argumo.co\/boutique\/"},{"@type":"ListItem","position":3,"name":"Brodequins noires en cuir &#8211; BROD-0003"}]},{"@type":"WebSite","@id":"https:\/\/argumo.co\/fr\/#website","url":"https:\/\/argumo.co\/fr\/","name":"ARGUMO","description":"Durabilit\u00e9, Confort Finition &amp; S\u00e9duction Intemporelle","potentialAction":[{"@type":"SearchAction","target":{"@type":"EntryPoint","urlTemplate":"https:\/\/argumo.co\/fr\/?s={search_term_string}"},"query-input":"required name=search_term_string"}],"inLanguage":"es"}]},"product_price_amount":"1.00","product_price_currency":"EUR","og_availability":"instock","product_availability":"instock","product_condition":"new"},"_links":{"self":[{"href":"https:\/\/argumo.co\/es\/wp-json\/wp\/v2\/product\/13068"}],"collection":[{"href":"https:\/\/argumo.co\/es\/wp-json\/wp\/v2\/product"}],"about":[{"href":"https:\/\/argumo.co\/es\/wp-json\/wp\/v2\/types\/product"}],"replies":[{"embeddable":true,"href":"https:\/\/argumo.co\/es\/wp-json\/wp\/v2\/comments?post=13068"}],"version-history":[{"count":4,"href":"https:\/\/argumo.co\/es\/wp-json\/wp\/v2\/product\/13068\/revisions"}],"predecessor-version":[{"id":14563,"href":"https:\/\/argumo.co\/es\/wp-json\/wp\/v2\/product\/13068\/revisions\/14563"}],"wp:featuredmedia":[{"embeddable":true,"href":"https:\/\/argumo.co\/es\/wp-json\/wp\/v2\/media\/14557"}],"wp:attachment":[{"href":"https:\/\/argumo.co\/es\/wp-json\/wp\/v2\/media?parent=13068"}],"wp:term":[{"taxonomy":"product_cat","embeddable":true,"href":"https:\/\/argumo.co\/es\/wp-json\/wp\/v2\/product_cat?post=13068"},{"taxonomy":"product_tag","embeddable":true,"href":"https:\/\/argumo.co\/es\/wp-json\/wp\/v2\/product_tag?post=13068"}],"curies":[{"name":"wp","href":"https:\/\/api.w.org\/{rel}","templated":true}]}}