{"id":13024,"date":"2022-11-29T17:20:11","date_gmt":"2022-11-29T16:20:11","guid":{"rendered":"https:\/\/argumo.co\/?post_type=product&#038;p=13024"},"modified":"2023-08-17T11:47:35","modified_gmt":"2023-08-17T10:47:35","slug":"botte-cavalier-elas","status":"publish","type":"product","link":"https:\/\/argumo.co\/es\/producto\/botte-cavalier-elas\/","title":{"rendered":"Botas ELAS Cavalier - BOTT-0011"},"content":{"rendered":"<p>Descubre la CAVALIERE BOOT de ELAS, una bota t\u00e1ctica marr\u00f3n dise\u00f1ada para la aventura. Con un dise\u00f1o antideslizante para evitar ca\u00eddas, est\u00e1 fabricada en piel hidr\u00f3fuga y soldada para una m\u00e1xima durabilidad. Su suela dentada de PU ofrece un agarre excepcional en una gran variedad de terrenos, lo que la convierte en una opci\u00f3n ideal para montar a caballo, explorar y realizar misiones t\u00e1cticas.<\/p>","protected":false},"excerpt":{"rendered":"<p>Descubre la CAVALIERE BOOT de ELAS, una bota t\u00e1ctica marr\u00f3n dise\u00f1ada para la aventura. Con un dise\u00f1o antideslizante para evitar ca\u00eddas, est\u00e1 fabricada en piel hidr\u00f3fuga y soldada para una m\u00e1xima durabilidad. Su suela dentada de PU ofrece un agarre excepcional en una gran variedad de terrenos, lo que la convierte en una opci\u00f3n ideal para montar a caballo, explorar y realizar misiones t\u00e1cticas.<\/p>","protected":false},"featured_media":14255,"comment_status":"open","ping_status":"closed","template":"","meta":[],"product_cat":[20,166],"product_tag":[],"class_list":{"0":"post-13024","1":"product","2":"type-product","3":"status-publish","4":"has-post-thumbnail","6":"product_cat-tactiques","7":"product_cat-uniforme","9":"first","10":"instock","11":"taxable","12":"shipping-taxable","13":"purchasable","14":"product-type-simple"},"yoast_head":"<!-- This site is optimized with the Yoast SEO Premium plugin v20.12 (Yoast SEO v20.12) - https:\/\/yoast.com\/wordpress\/plugins\/seo\/ -->\n<title>Bottes Cavali\u00e8res ELAS - BOTT-0011 - ARGUMO<\/title>\n<meta name=\"robots\" content=\"index, follow, max-snippet:-1, max-image-preview:large, max-video-preview:-1\" \/>\n<link rel=\"canonical\" href=\"https:\/\/argumo.co\/es\/producto\/botte-cavalier-elas\/\" \/>\n<meta property=\"og:locale\" content=\"es_ES\" \/>\n<meta property=\"og:type\" content=\"article\" \/>\n<meta property=\"og:title\" content=\"Bottes Cavali\u00e8res ELAS - BOTT-0011\" \/>\n<meta property=\"og:description\" content=\"D\u00e9couvrez la BOTTE CAVALIERE ELAS, une botte tactique marron con\u00e7ue pour l&#039;aventure. Dot\u00e9e d&#039;une conception antid\u00e9rapante pour \u00e9viter les chutes, elle est fabriqu\u00e9e en cuir hydrofuge et mont\u00e9e de mani\u00e8re soud\u00e9e pour une durabilit\u00e9 maximale. Sa semelle crant\u00e9e en PU offre une adh\u00e9rence exceptionnelle sur divers terrains, en faisant un choix id\u00e9al pour l&#039;\u00e9quitation, l&#039;exploration et les missions tactiques.\" \/>\n<meta property=\"og:url\" content=\"https:\/\/argumo.co\/es\/producto\/botte-cavalier-elas\/\" \/>\n<meta property=\"og:site_name\" content=\"ARGUMO\" \/>\n<meta property=\"article:modified_time\" content=\"2023-08-17T10:47:35+00:00\" \/>\n<meta property=\"og:image\" content=\"https:\/\/argumo.co\/wp-content\/uploads\/2022\/11\/BOTTE-CAVALIER-ELAS-chaussures-cuir-argumo-uniforme-tacrtique-1.webp\" \/>\n\t<meta property=\"og:image:width\" content=\"1800\" \/>\n\t<meta property=\"og:image:height\" content=\"2160\" \/>\n\t<meta property=\"og:image:type\" content=\"image\/webp\" \/>\n<meta name=\"twitter:card\" content=\"summary_large_image\" \/>\n<meta name=\"twitter:label1\" content=\"Precio\" \/>\n\t<meta name=\"twitter:data1\" content=\"1.00&nbsp;&euro;\" \/>\n\t<meta name=\"twitter:label2\" content=\"Availability\" \/>\n\t<meta name=\"twitter:data2\" content=\"In stock\" \/>\n<script type=\"application\/ld+json\" class=\"yoast-schema-graph\">{\"@context\":\"https:\/\/schema.org\",\"@graph\":[{\"@type\":\"WebPage\",\"@id\":\"https:\/\/argumo.co\/produit\/botte-cavalier-elas\/\",\"url\":\"https:\/\/argumo.co\/produit\/botte-cavalier-elas\/\",\"name\":\"Bottes Cavali\u00e8res ELAS - BOTT-0011 - ARGUMO\",\"isPartOf\":{\"@id\":\"https:\/\/argumo.co\/fr\/#website\"},\"datePublished\":\"2022-11-29T16:20:11+00:00\",\"dateModified\":\"2023-08-17T10:47:35+00:00\",\"breadcrumb\":{\"@id\":\"https:\/\/argumo.co\/produit\/botte-cavalier-elas\/#breadcrumb\"},\"inLanguage\":\"es\",\"potentialAction\":[{\"@type\":\"ReadAction\",\"target\":[\"https:\/\/argumo.co\/produit\/botte-cavalier-elas\/\"]}]},{\"@type\":\"BreadcrumbList\",\"@id\":\"https:\/\/argumo.co\/produit\/botte-cavalier-elas\/#breadcrumb\",\"itemListElement\":[{\"@type\":\"ListItem\",\"position\":1,\"name\":\"Home\",\"item\":\"https:\/\/argumo.co\/fr\/\"},{\"@type\":\"ListItem\",\"position\":2,\"name\":\"Catalogue de chaussures\",\"item\":\"https:\/\/argumo.co\/boutique\/\"},{\"@type\":\"ListItem\",\"position\":3,\"name\":\"Bottes Cavali\u00e8res ELAS &#8211; BOTT-0011\"}]},{\"@type\":\"WebSite\",\"@id\":\"https:\/\/argumo.co\/fr\/#website\",\"url\":\"https:\/\/argumo.co\/fr\/\",\"name\":\"ARGUMO\",\"description\":\"Durabilit\u00e9, Confort Finition &amp; S\u00e9duction Intemporelle\",\"potentialAction\":[{\"@type\":\"SearchAction\",\"target\":{\"@type\":\"EntryPoint\",\"urlTemplate\":\"https:\/\/argumo.co\/fr\/?s={search_term_string}\"},\"query-input\":\"required name=search_term_string\"}],\"inLanguage\":\"es\"}]}<\/script>\n<meta property=\"product:price:amount\" content=\"1.00\" \/>\n<meta property=\"product:price:currency\" content=\"EUR\" \/>\n<meta property=\"og:availability\" content=\"instock\" \/>\n<meta property=\"product:availability\" content=\"instock\" \/>\n<meta property=\"product:condition\" content=\"new\" \/>\n<!-- \/ Yoast SEO Premium plugin. -->","yoast_head_json":{"title":"Bottes Cavali\u00e8res ELAS - BOTT-0011 - ARGUMO","robots":{"index":"index","follow":"follow","max-snippet":"max-snippet:-1","max-image-preview":"max-image-preview:large","max-video-preview":"max-video-preview:-1"},"canonical":"https:\/\/argumo.co\/es\/producto\/botte-cavalier-elas\/","og_locale":"es_ES","og_type":"article","og_title":"Bottes Cavali\u00e8res ELAS - BOTT-0011","og_description":"D\u00e9couvrez la BOTTE CAVALIERE ELAS, une botte tactique marron con\u00e7ue pour l'aventure. Dot\u00e9e d'une conception antid\u00e9rapante pour \u00e9viter les chutes, elle est fabriqu\u00e9e en cuir hydrofuge et mont\u00e9e de mani\u00e8re soud\u00e9e pour une durabilit\u00e9 maximale. Sa semelle crant\u00e9e en PU offre une adh\u00e9rence exceptionnelle sur divers terrains, en faisant un choix id\u00e9al pour l'\u00e9quitation, l'exploration et les missions tactiques.","og_url":"https:\/\/argumo.co\/es\/producto\/botte-cavalier-elas\/","og_site_name":"ARGUMO","article_modified_time":"2023-08-17T10:47:35+00:00","og_image":[{"width":1800,"height":2160,"url":"https:\/\/argumo.co\/wp-content\/uploads\/2022\/11\/BOTTE-CAVALIER-ELAS-chaussures-cuir-argumo-uniforme-tacrtique-1.webp","type":"image\/webp"}],"twitter_card":"summary_large_image","twitter_misc":{"Precio":"1.00&nbsp;&euro;","Availability":"In stock"},"schema":{"@context":"https:\/\/schema.org","@graph":[{"@type":"WebPage","@id":"https:\/\/argumo.co\/produit\/botte-cavalier-elas\/","url":"https:\/\/argumo.co\/produit\/botte-cavalier-elas\/","name":"Bottes Cavali\u00e8res ELAS - BOTT-0011 - ARGUMO","isPartOf":{"@id":"https:\/\/argumo.co\/fr\/#website"},"datePublished":"2022-11-29T16:20:11+00:00","dateModified":"2023-08-17T10:47:35+00:00","breadcrumb":{"@id":"https:\/\/argumo.co\/produit\/botte-cavalier-elas\/#breadcrumb"},"inLanguage":"es","potentialAction":[{"@type":"ReadAction","target":["https:\/\/argumo.co\/produit\/botte-cavalier-elas\/"]}]},{"@type":"BreadcrumbList","@id":"https:\/\/argumo.co\/produit\/botte-cavalier-elas\/#breadcrumb","itemListElement":[{"@type":"ListItem","position":1,"name":"Home","item":"https:\/\/argumo.co\/fr\/"},{"@type":"ListItem","position":2,"name":"Catalogue de chaussures","item":"https:\/\/argumo.co\/boutique\/"},{"@type":"ListItem","position":3,"name":"Bottes Cavali\u00e8res ELAS &#8211; BOTT-0011"}]},{"@type":"WebSite","@id":"https:\/\/argumo.co\/fr\/#website","url":"https:\/\/argumo.co\/fr\/","name":"ARGUMO","description":"Durabilit\u00e9, Confort Finition &amp; S\u00e9duction Intemporelle","potentialAction":[{"@type":"SearchAction","target":{"@type":"EntryPoint","urlTemplate":"https:\/\/argumo.co\/fr\/?s={search_term_string}"},"query-input":"required name=search_term_string"}],"inLanguage":"es"}]},"product_price_amount":"1.00","product_price_currency":"EUR","og_availability":"instock","product_availability":"instock","product_condition":"new"},"_links":{"self":[{"href":"https:\/\/argumo.co\/es\/wp-json\/wp\/v2\/product\/13024"}],"collection":[{"href":"https:\/\/argumo.co\/es\/wp-json\/wp\/v2\/product"}],"about":[{"href":"https:\/\/argumo.co\/es\/wp-json\/wp\/v2\/types\/product"}],"replies":[{"embeddable":true,"href":"https:\/\/argumo.co\/es\/wp-json\/wp\/v2\/comments?post=13024"}],"version-history":[{"count":6,"href":"https:\/\/argumo.co\/es\/wp-json\/wp\/v2\/product\/13024\/revisions"}],"predecessor-version":[{"id":14361,"href":"https:\/\/argumo.co\/es\/wp-json\/wp\/v2\/product\/13024\/revisions\/14361"}],"wp:featuredmedia":[{"embeddable":true,"href":"https:\/\/argumo.co\/es\/wp-json\/wp\/v2\/media\/14255"}],"wp:attachment":[{"href":"https:\/\/argumo.co\/es\/wp-json\/wp\/v2\/media?parent=13024"}],"wp:term":[{"taxonomy":"product_cat","embeddable":true,"href":"https:\/\/argumo.co\/es\/wp-json\/wp\/v2\/product_cat?post=13024"},{"taxonomy":"product_tag","embeddable":true,"href":"https:\/\/argumo.co\/es\/wp-json\/wp\/v2\/product_tag?post=13024"}],"curies":[{"name":"wp","href":"https:\/\/api.w.org\/{rel}","templated":true}]}}