{"id":12936,"date":"2022-11-28T13:32:09","date_gmt":"2022-11-28T12:32:09","guid":{"rendered":"https:\/\/argumo.co\/?post_type=product&#038;p=12936"},"modified":"2023-08-18T12:44:06","modified_gmt":"2023-08-18T11:44:06","slug":"botte-int-pompier","status":"publish","type":"product","link":"https:\/\/argumo.co\/es\/producto\/botte-int-pompier\/","title":{"rendered":"Botas ign\u00edfugas INT - BOTT-0010"},"content":{"rendered":"<div class=\"flex-1 overflow-hidden\">\n<div class=\"react-scroll-to-bottom--css-zrjth-79elbk h-full dark:bg-gray-800\">\n<div class=\"react-scroll-to-bottom--css-zrjth-1n7m0yu\">\n<div class=\"flex flex-col text-sm dark:bg-gray-800\">\n<div class=\"group w-full text-token-text-primary border-b border-black\/10 dark:border-gray-900\/50 bg-gray-50 dark:bg-[#444654]\">\n<div class=\"flex p-4 gap-4 text-base md:gap-6 md:max-w-2xl lg:max-w-[38rem] xl:max-w-3xl md:py-6 lg:px-0 m-auto\">\n<div class=\"relative flex w-[calc(100%-50px)] flex-col gap-1 md:gap-3 lg:w-[calc(100%-115px)]\">\n<div class=\"flex flex-grow flex-col gap-3\">\n<div class=\"min-h-[20px] flex flex-col items-start gap-3 overflow-x-auto whitespace-pre-wrap break-words\">\n<div class=\"markdown prose w-full break-words dark:prose-invert light\">Botas de intervenci\u00f3n con cordones para operaciones de rescate, extinci\u00f3n de incendios (edificios, construcciones tabicadas, veh\u00edculos, barcos) y situaciones de emergencia.<\/div>\n<\/div>\n<\/div>\n<\/div>\n<\/div>\n<\/div>\n<\/div>\n<\/div>\n<\/div>\n<\/div>\n<div class=\"absolute bottom-0 left-0 w-full border-t md:border-t-0 dark:border-white\/20 md:border-transparent md:dark:border-transparent md:bg-vert-light-gradient bg-white dark:bg-gray-800 md:!bg-transparent dark:md:bg-vert-dark-gradient pt-2 md:pl-2 md:w-[calc(100%-.5rem)]\">\n<form class=\"stretch mx-2 flex flex-row gap-3 last:mb-2 md:mx-4 md:last:mb-6 lg:mx-auto lg:max-w-2xl xl:max-w-3xl\">\n<div class=\"relative flex h-full flex-1 items-stretch md:flex-col\">\n<div>\n<div class=\"h-full flex ml-1 md:w-full md:m-auto md:mb-4 gap-0 md:gap-2 justify-center\"><\/div>\n<\/div>\n<\/div>\n<input type=\"hidden\" name=\"trp-form-language\" value=\"es\"\/><\/form>\n<\/div>","protected":false},"excerpt":{"rendered":"<p>Botas de intervenci\u00f3n con cordones para operaciones de rescate, extinci\u00f3n de incendios (edificios, construcciones tabicadas, veh\u00edculos, barcos) y situaciones de emergencia.<\/p>","protected":false},"featured_media":14282,"comment_status":"open","ping_status":"closed","template":"","meta":[],"product_cat":[20,166],"product_tag":[],"class_list":{"0":"post-12936","1":"product","2":"type-product","3":"status-publish","4":"has-post-thumbnail","6":"product_cat-tactiques","7":"product_cat-uniforme","9":"first","10":"instock","11":"taxable","12":"shipping-taxable","13":"purchasable","14":"product-type-simple"},"yoast_head":"<!-- This site is optimized with the Yoast SEO Premium plugin v20.12 (Yoast SEO v20.12) - https:\/\/yoast.com\/wordpress\/plugins\/seo\/ -->\n<title>Bottes de pompiers INT - BOTT-0010 - ARGUMO<\/title>\n<meta name=\"robots\" content=\"index, follow, max-snippet:-1, max-image-preview:large, max-video-preview:-1\" \/>\n<link rel=\"canonical\" href=\"https:\/\/argumo.co\/es\/producto\/botte-int-pompier\/\" \/>\n<meta property=\"og:locale\" content=\"es_ES\" \/>\n<meta property=\"og:type\" content=\"article\" \/>\n<meta property=\"og:title\" content=\"Bottes de pompiers INT - BOTT-0010\" \/>\n<meta property=\"og:description\" content=\"Botte \u00e0 lacets d&#039;intervention pour les op\u00e9rations de sauvetage, extinction de feu (b\u00e2timents, constructions en cloisonn\u00e9es, v\u00e9hicules, vaisseaux) et situation d&#039;urgence.\" \/>\n<meta property=\"og:url\" content=\"https:\/\/argumo.co\/es\/producto\/botte-int-pompier\/\" \/>\n<meta property=\"og:site_name\" content=\"ARGUMO\" \/>\n<meta property=\"article:modified_time\" content=\"2023-08-18T11:44:06+00:00\" \/>\n<meta property=\"og:image\" content=\"https:\/\/argumo.co\/wp-content\/uploads\/2022\/11\/Groupe-129.webp\" \/>\n\t<meta property=\"og:image:width\" content=\"1800\" \/>\n\t<meta property=\"og:image:height\" content=\"2160\" \/>\n\t<meta property=\"og:image:type\" content=\"image\/webp\" \/>\n<meta name=\"twitter:card\" content=\"summary_large_image\" \/>\n<meta name=\"twitter:label1\" content=\"Precio\" \/>\n\t<meta name=\"twitter:data1\" content=\"1.00&nbsp;&euro;\" \/>\n\t<meta name=\"twitter:label2\" content=\"Availability\" \/>\n\t<meta name=\"twitter:data2\" content=\"In stock\" \/>\n<script type=\"application\/ld+json\" class=\"yoast-schema-graph\">{\"@context\":\"https:\/\/schema.org\",\"@graph\":[{\"@type\":\"WebPage\",\"@id\":\"https:\/\/argumo.co\/produit\/botte-int-pompier\/\",\"url\":\"https:\/\/argumo.co\/produit\/botte-int-pompier\/\",\"name\":\"Bottes de pompiers INT - BOTT-0010 - ARGUMO\",\"isPartOf\":{\"@id\":\"https:\/\/argumo.co\/fr\/#website\"},\"datePublished\":\"2022-11-28T12:32:09+00:00\",\"dateModified\":\"2023-08-18T11:44:06+00:00\",\"breadcrumb\":{\"@id\":\"https:\/\/argumo.co\/produit\/botte-int-pompier\/#breadcrumb\"},\"inLanguage\":\"es\",\"potentialAction\":[{\"@type\":\"ReadAction\",\"target\":[\"https:\/\/argumo.co\/produit\/botte-int-pompier\/\"]}]},{\"@type\":\"BreadcrumbList\",\"@id\":\"https:\/\/argumo.co\/produit\/botte-int-pompier\/#breadcrumb\",\"itemListElement\":[{\"@type\":\"ListItem\",\"position\":1,\"name\":\"Home\",\"item\":\"https:\/\/argumo.co\/fr\/\"},{\"@type\":\"ListItem\",\"position\":2,\"name\":\"Catalogue de chaussures\",\"item\":\"https:\/\/argumo.co\/boutique\/\"},{\"@type\":\"ListItem\",\"position\":3,\"name\":\"Bottes de pompiers INT &#8211; BOTT-0010\"}]},{\"@type\":\"WebSite\",\"@id\":\"https:\/\/argumo.co\/fr\/#website\",\"url\":\"https:\/\/argumo.co\/fr\/\",\"name\":\"ARGUMO\",\"description\":\"Durabilit\u00e9, Confort Finition &amp; S\u00e9duction Intemporelle\",\"potentialAction\":[{\"@type\":\"SearchAction\",\"target\":{\"@type\":\"EntryPoint\",\"urlTemplate\":\"https:\/\/argumo.co\/fr\/?s={search_term_string}\"},\"query-input\":\"required name=search_term_string\"}],\"inLanguage\":\"es\"}]}<\/script>\n<meta property=\"product:price:amount\" content=\"1.00\" \/>\n<meta property=\"product:price:currency\" content=\"EUR\" \/>\n<meta property=\"og:availability\" content=\"instock\" \/>\n<meta property=\"product:availability\" content=\"instock\" \/>\n<meta property=\"product:condition\" content=\"new\" \/>\n<!-- \/ Yoast SEO Premium plugin. -->","yoast_head_json":{"title":"Bottes de pompiers INT - BOTT-0010 - ARGUMO","robots":{"index":"index","follow":"follow","max-snippet":"max-snippet:-1","max-image-preview":"max-image-preview:large","max-video-preview":"max-video-preview:-1"},"canonical":"https:\/\/argumo.co\/es\/producto\/botte-int-pompier\/","og_locale":"es_ES","og_type":"article","og_title":"Bottes de pompiers INT - BOTT-0010","og_description":"Botte \u00e0 lacets d'intervention pour les op\u00e9rations de sauvetage, extinction de feu (b\u00e2timents, constructions en cloisonn\u00e9es, v\u00e9hicules, vaisseaux) et situation d'urgence.","og_url":"https:\/\/argumo.co\/es\/producto\/botte-int-pompier\/","og_site_name":"ARGUMO","article_modified_time":"2023-08-18T11:44:06+00:00","og_image":[{"width":1800,"height":2160,"url":"https:\/\/argumo.co\/wp-content\/uploads\/2022\/11\/Groupe-129.webp","type":"image\/webp"}],"twitter_card":"summary_large_image","twitter_misc":{"Precio":"1.00&nbsp;&euro;","Availability":"In stock"},"schema":{"@context":"https:\/\/schema.org","@graph":[{"@type":"WebPage","@id":"https:\/\/argumo.co\/produit\/botte-int-pompier\/","url":"https:\/\/argumo.co\/produit\/botte-int-pompier\/","name":"Bottes de pompiers INT - BOTT-0010 - ARGUMO","isPartOf":{"@id":"https:\/\/argumo.co\/fr\/#website"},"datePublished":"2022-11-28T12:32:09+00:00","dateModified":"2023-08-18T11:44:06+00:00","breadcrumb":{"@id":"https:\/\/argumo.co\/produit\/botte-int-pompier\/#breadcrumb"},"inLanguage":"es","potentialAction":[{"@type":"ReadAction","target":["https:\/\/argumo.co\/produit\/botte-int-pompier\/"]}]},{"@type":"BreadcrumbList","@id":"https:\/\/argumo.co\/produit\/botte-int-pompier\/#breadcrumb","itemListElement":[{"@type":"ListItem","position":1,"name":"Home","item":"https:\/\/argumo.co\/fr\/"},{"@type":"ListItem","position":2,"name":"Catalogue de chaussures","item":"https:\/\/argumo.co\/boutique\/"},{"@type":"ListItem","position":3,"name":"Bottes de pompiers INT &#8211; BOTT-0010"}]},{"@type":"WebSite","@id":"https:\/\/argumo.co\/fr\/#website","url":"https:\/\/argumo.co\/fr\/","name":"ARGUMO","description":"Durabilit\u00e9, Confort Finition &amp; S\u00e9duction Intemporelle","potentialAction":[{"@type":"SearchAction","target":{"@type":"EntryPoint","urlTemplate":"https:\/\/argumo.co\/fr\/?s={search_term_string}"},"query-input":"required name=search_term_string"}],"inLanguage":"es"}]},"product_price_amount":"1.00","product_price_currency":"EUR","og_availability":"instock","product_availability":"instock","product_condition":"new"},"_links":{"self":[{"href":"https:\/\/argumo.co\/es\/wp-json\/wp\/v2\/product\/12936"}],"collection":[{"href":"https:\/\/argumo.co\/es\/wp-json\/wp\/v2\/product"}],"about":[{"href":"https:\/\/argumo.co\/es\/wp-json\/wp\/v2\/types\/product"}],"replies":[{"embeddable":true,"href":"https:\/\/argumo.co\/es\/wp-json\/wp\/v2\/comments?post=12936"}],"version-history":[{"count":9,"href":"https:\/\/argumo.co\/es\/wp-json\/wp\/v2\/product\/12936\/revisions"}],"predecessor-version":[{"id":14364,"href":"https:\/\/argumo.co\/es\/wp-json\/wp\/v2\/product\/12936\/revisions\/14364"}],"wp:featuredmedia":[{"embeddable":true,"href":"https:\/\/argumo.co\/es\/wp-json\/wp\/v2\/media\/14282"}],"wp:attachment":[{"href":"https:\/\/argumo.co\/es\/wp-json\/wp\/v2\/media?parent=12936"}],"wp:term":[{"taxonomy":"product_cat","embeddable":true,"href":"https:\/\/argumo.co\/es\/wp-json\/wp\/v2\/product_cat?post=12936"},{"taxonomy":"product_tag","embeddable":true,"href":"https:\/\/argumo.co\/es\/wp-json\/wp\/v2\/product_tag?post=12936"}],"curies":[{"name":"wp","href":"https:\/\/api.w.org\/{rel}","templated":true}]}}