{"id":3682,"date":"2021-09-13T11:30:54","date_gmt":"2021-09-13T11:30:54","guid":{"rendered":"http:\/\/dummy.xtemos.com\/woodmart2\/elementor\/?page_id=3682"},"modified":"2023-08-08T13:26:55","modified_gmt":"2023-08-08T12:26:55","slug":"faqs","status":"publish","type":"page","link":"https:\/\/argumo.co\/es\/faqs\/","title":{"rendered":"Preguntas frecuentes"},"content":{"rendered":"<div data-elementor-type=\"wp-page\" data-elementor-id=\"3682\" class=\"elementor elementor-3682\">\n\t\t\t\t\t\t<section class=\"wd-negative-gap elementor-section elementor-top-section elementor-element elementor-element-819b11c elementor-section-boxed elementor-section-height-default elementor-section-height-default\" data-id=\"819b11c\" data-element_type=\"section\">\n\t\t\t\t\t\t<div class=\"elementor-container elementor-column-gap-default\">\n\t\t\t\t\t<div class=\"elementor-column elementor-col-50 elementor-top-column elementor-element elementor-element-25f5f860\" data-id=\"25f5f860\" data-element_type=\"column\">\n\t\t\t<div class=\"elementor-widget-wrap elementor-element-populated\">\n\t\t\t\t\t\t<div class=\"elementor-element elementor-element-2c61980e wd-width-100 elementor-widget elementor-widget-wd_title\" data-id=\"2c61980e\" data-element_type=\"widget\" data-widget_type=\"wd_title.default\">\n\t\t\t\t<div class=\"elementor-widget-container\">\n\t\t\t\t\t<div class=\"title-wrapper set-mb-s reset-last-child wd-title-color-default wd-title-style-default wd-title-size-default text-left\">\n\n\t\t\t\n\t\t\t<div class=\"liner-continer\">\n\t\t\t\t<h4 class=\"woodmart-title-container title wd-fontsize-l\"><\/h4> \n\t\t\t\t\t\t\t<\/div>\n\n\t\t\t\t\t<\/div>\n\t\t\t\t<\/div>\n\t\t\t\t<\/div>\n\t\t\t\t<div class=\"elementor-element elementor-element-6d93c19 elementor-widget elementor-widget-wd_accordion\" data-id=\"6d93c19\" data-element_type=\"widget\" data-widget_type=\"wd_accordion.default\">\n\t\t\t\t<div class=\"elementor-widget-container\">\n\t\t\t\n\t\t<div class=\"wd-accordion wd-style-default\" data-state=\"first\">\n\t\t\t\t\t\t\t\n\t\t\t\t<div class=\"wd-accordion-item\">\n\t\t\t\t\t<div class=\"wd-accordion-title wd-active text-left wd-opener-pos-right\" data-accordion-index=\"0\">\n\t\t\t\t\t\t<div class=\"wd-accordion-title-text\">\n\t\t\t\t\t\t\t\t\t\t\t\t\t\t<span>\n\t\t\t\t\t\t\t\t\u00bfSon sus productos de uso exclusivamente militar?\t\t\t\t\t\t\t<\/span>\n\t\t\t\t\t\t<\/div>\n\t\t\t\t\t\t<span class=\"wd-accordion-opener wd-opener-style-arrow\"><\/span>\n\t\t\t\t\t<\/div>\n\n\t\t\t\t\t<div class=\"wd-accordion-content reset-last-child wd-active\" data-accordion-index=\"0\">\n\t\t\t\t\t\t\t\t\t\t\t\t\t\n\t\t\t\t\t\t\t<p>No, nuestros productos no son exclusivamente para uso militar. Aunque ofrecemos equipos de alta calidad para las necesidades de seguridad militar, tambi\u00e9n suministramos productos de protecci\u00f3n personal para otras muchas aplicaciones, como sectores industriales y uniformes profesionales. Nuestra <strong><a href=\"https:\/\/argumo.co\/es\/boutique\/\">gama<\/a> <\/strong>Este vers\u00e1til sistema puede adaptarse a diferentes necesidades de seguridad y protecci\u00f3n.<\/p>\n\t\t\t\t\t\t\t\t\t\t\t\t\t\t\t\t\t\t<\/div>\n\t\t\t\t<\/div>\n\t\t\t\t\t\t\t\n\t\t\t\t<div class=\"wd-accordion-item\">\n\t\t\t\t\t<div class=\"wd-accordion-title text-left wd-opener-pos-right\" data-accordion-index=\"1\">\n\t\t\t\t\t\t<div class=\"wd-accordion-title-text\">\n\t\t\t\t\t\t\t\t\t\t\t\t\t\t<span>\n\t\t\t\t\t\t\t\t\u00bfQu\u00e9 certificaciones ISO tienen sus productos?\t\t\t\t\t\t\t<\/span>\n\t\t\t\t\t\t<\/div>\n\t\t\t\t\t\t<span class=\"wd-accordion-opener wd-opener-style-arrow\"><\/span>\n\t\t\t\t\t<\/div>\n\n\t\t\t\t\t<div class=\"wd-accordion-content reset-last-child\" data-accordion-index=\"1\">\n\t\t\t\t\t\t\t\t\t\t\t\t\t\n\t\t\t\t\t\t\t<p>Nos adherimos a las normas internacionales recomendadas para ampliar nuestra presencia en nuevos mercados. Para ello, contamos con las siguientes certificaciones:<\/p><ul><li>Conformidad ISO 20347 : 2012 : Para la implementaci\u00f3n de Equipos de Protecci\u00f3n Individual (EPI) - Calzado t\u00e1ctico.<\/li><li>Certificaci\u00f3n ISO 20347:2012: Para la colocaci\u00f3n de Equipos de Protecci\u00f3n Individual (EPI) - Calzado de seguridad tipo Brodequin.<\/li><li>Certificaci\u00f3n ISO 9001:2015: Para la implantaci\u00f3n de un sistema de gesti\u00f3n de la calidad.<\/li><\/ul><p>Para obtener informaci\u00f3n m\u00e1s detallada, visite la p\u00e1gina <strong><a href=\"https:\/\/argumo.co\/es\/politique-qualite\/\">\"Pol\u00edtica de calidad.<\/a><\/strong><\/p>\n\t\t\t\t\t\t\t\t\t\t\t\t\t\t\t\t\t\t<\/div>\n\t\t\t\t<\/div>\n\t\t\t\t\t\t\t\n\t\t\t\t<div class=\"wd-accordion-item\">\n\t\t\t\t\t<div class=\"wd-accordion-title text-left wd-opener-pos-right\" data-accordion-index=\"2\">\n\t\t\t\t\t\t<div class=\"wd-accordion-title-text\">\n\t\t\t\t\t\t\t\t\t\t\t\t\t\t<span>\n\t\t\t\t\t\t\t\t\u00bfPueden enviar sus productos fuera de Marruecos?\t\t\t\t\t\t\t<\/span>\n\t\t\t\t\t\t<\/div>\n\t\t\t\t\t\t<span class=\"wd-accordion-opener wd-opener-style-arrow\"><\/span>\n\t\t\t\t\t<\/div>\n\n\t\t\t\t\t<div class=\"wd-accordion-content reset-last-child\" data-accordion-index=\"2\">\n\t\t\t\t\t\t\t\t\t\t\t\t\t\n\t\t\t\t\t\t\t<p>S\u00ed, ofrecemos env\u00edos internacionales para nuestros productos. Tanto si reside en Marruecos como en el extranjero, podemos enviar nuestros equipos a varios destinos en todo el mundo. Los detalles de los gastos de env\u00edo y los plazos de entrega variar\u00e1n en funci\u00f3n de su ubicaci\u00f3n. No obstante, nos gustar\u00eda hacer hincapi\u00e9 en nuestro compromiso de ofrecer un servicio de calidad constante a nuestros clientes internacionales.<\/p>\n\t\t\t\t\t\t\t\t\t\t\t\t\t\t\t\t\t\t<\/div>\n\t\t\t\t<\/div>\n\t\t\t\t\t\t\t\n\t\t\t\t<div class=\"wd-accordion-item\">\n\t\t\t\t\t<div class=\"wd-accordion-title text-left wd-opener-pos-right\" data-accordion-index=\"3\">\n\t\t\t\t\t\t<div class=\"wd-accordion-title-text\">\n\t\t\t\t\t\t\t\t\t\t\t\t\t\t<span>\n\t\t\t\t\t\t\t\t\u00bfPueden recomendarme los equipos o productos que mejor se adaptan a mis necesidades?\t\t\t\t\t\t\t<\/span>\n\t\t\t\t\t\t<\/div>\n\t\t\t\t\t\t<span class=\"wd-accordion-opener wd-opener-style-arrow\"><\/span>\n\t\t\t\t\t<\/div>\n\n\t\t\t\t\t<div class=\"wd-accordion-content reset-last-child\" data-accordion-index=\"3\">\n\t\t\t\t\t\t\t\t\t\t\t\t\t\n\t\t\t\t\t\t\t<p>Por supuesto, estaremos encantados de ayudarle a encontrar los equipos y productos que mejor se adapten a sus necesidades. Para ello, le animamos a que nos facilite detalles espec\u00edficos sobre el uso previsto, los requisitos de seguridad y cualquier otra informaci\u00f3n pertinente. Nuestro experimentado equipo est\u00e1 a su disposici\u00f3n para asesorarle y guiarle en la elecci\u00f3n de los productos m\u00e1s adecuados para ofrecerle la protecci\u00f3n y el rendimiento que necesita. Estaremos encantados de atenderle. <strong><a href=\"https:\/\/argumo.co\/es\/contact-us-4\/\">p\u00f3ngase en contacto con<\/a> <\/strong>y compartir sus necesidades para que podamos ofrecerle recomendaciones personalizadas.<\/p>\n\t\t\t\t\t\t\t\t\t\t\t\t\t\t\t\t\t\t<\/div>\n\t\t\t\t<\/div>\n\t\t\t\t\t<\/div>\n\t\t\t\t<\/div>\n\t\t\t\t<\/div>\n\t\t\t\t\t<\/div>\n\t\t<\/div>\n\t\t\t\t<div class=\"elementor-column elementor-col-50 elementor-top-column elementor-element elementor-element-44e2c78c\" data-id=\"44e2c78c\" data-element_type=\"column\">\n\t\t\t<div class=\"elementor-widget-wrap elementor-element-populated\">\n\t\t\t\t\t\t<div class=\"elementor-element elementor-element-1981dfbb wd-width-100 elementor-widget elementor-widget-wd_title\" data-id=\"1981dfbb\" data-element_type=\"widget\" data-widget_type=\"wd_title.default\">\n\t\t\t\t<div class=\"elementor-widget-container\">\n\t\t\t\t\t<div class=\"title-wrapper set-mb-s reset-last-child wd-title-color-default wd-title-style-default wd-title-size-default text-left\">\n\n\t\t\t\n\t\t\t<div class=\"liner-continer\">\n\t\t\t\t<h4 class=\"woodmart-title-container title wd-fontsize-l\"><\/h4> \n\t\t\t\t\t\t\t<\/div>\n\n\t\t\t\t\t<\/div>\n\t\t\t\t<\/div>\n\t\t\t\t<\/div>\n\t\t\t\t<div class=\"elementor-element elementor-element-4c6fded elementor-widget elementor-widget-wd_accordion\" data-id=\"4c6fded\" data-element_type=\"widget\" data-widget_type=\"wd_accordion.default\">\n\t\t\t\t<div class=\"elementor-widget-container\">\n\t\t\t\n\t\t<div class=\"wd-accordion wd-style-default\" data-state=\"first\">\n\t\t\t\t\t\t\t\n\t\t\t\t<div class=\"wd-accordion-item\">\n\t\t\t\t\t<div class=\"wd-accordion-title wd-active text-left wd-opener-pos-right\" data-accordion-index=\"0\">\n\t\t\t\t\t\t<div class=\"wd-accordion-title-text\">\n\t\t\t\t\t\t\t\t\t\t\t\t\t\t<span>\n\t\t\t\t\t\t\t\t\u00bfOfrecen descuentos por compras al por mayor o contratos a largo plazo?\t\t\t\t\t\t\t<\/span>\n\t\t\t\t\t\t<\/div>\n\t\t\t\t\t\t<span class=\"wd-accordion-opener wd-opener-style-arrow\"><\/span>\n\t\t\t\t\t<\/div>\n\n\t\t\t\t\t<div class=\"wd-accordion-content reset-last-child wd-active\" data-accordion-index=\"0\">\n\t\t\t\t\t\t\t\t\t\t\t\t\t\n\t\t\t\t\t\t\t<p>Por supuesto, ofrecemos atractivos descuentos por compras al por mayor, as\u00ed como contratos a largo plazo. Somos conscientes de la importancia de la colaboraci\u00f3n a largo plazo y de las compras por volumen, por lo que hemos puesto en marcha ofertas especiales para nuestros clientes que deseen realizar compras de gran volumen o establecer colaboraciones a largo plazo. Si est\u00e1 considerando realizar compras importantes o establecer contratos a largo plazo, p\u00f3ngase en contacto con nosotros para hablar de las opciones de descuento y las ventajas que podemos ofrecerle. Nuestro objetivo es ofrecerle una excelente relaci\u00f3n calidad-precio y satisfacer al mismo tiempo sus necesidades espec\u00edficas.<\/p>\n\t\t\t\t\t\t\t\t\t\t\t\t\t\t\t\t\t\t<\/div>\n\t\t\t\t<\/div>\n\t\t\t\t\t\t\t\n\t\t\t\t<div class=\"wd-accordion-item\">\n\t\t\t\t\t<div class=\"wd-accordion-title text-left wd-opener-pos-right\" data-accordion-index=\"1\">\n\t\t\t\t\t\t<div class=\"wd-accordion-title-text\">\n\t\t\t\t\t\t\t\t\t\t\t\t\t\t<span>\n\t\t\t\t\t\t\t\t\u00bfC\u00f3mo puedo hacer un pedido en su sitio web?\t\t\t\t\t\t\t<\/span>\n\t\t\t\t\t\t<\/div>\n\t\t\t\t\t\t<span class=\"wd-accordion-opener wd-opener-style-arrow\"><\/span>\n\t\t\t\t\t<\/div>\n\n\t\t\t\t\t<div class=\"wd-accordion-content reset-last-child\" data-accordion-index=\"1\">\n\t\t\t\t\t\t\t\t\t\t\t\t\t\n\t\t\t\t\t\t\t<p>Hacer un pedido en nuestro sitio es muy sencillo. En primer lugar, cree una cuenta en nuestra plataforma. A continuaci\u00f3n, navegue por nuestro cat\u00e1logo para elegir los productos que se ajustan a sus necesidades. A continuaci\u00f3n, seleccione los productos y las cantidades que necesite y a\u00f1\u00e1dalos a su solicitud de presupuesto. Una vez hecho esto, nos pondremos en contacto con usted con nuestra propuesta comercial. Si tiene alguna pregunta o requisito espec\u00edfico, no dude en ponerse en contacto con nosotros, y nuestro equipo estar\u00e1 encantado de guiarle a trav\u00e9s del proceso de pedido.<\/p>\n\t\t\t\t\t\t\t\t\t\t\t\t\t\t\t\t\t\t<\/div>\n\t\t\t\t<\/div>\n\t\t\t\t\t\t\t\n\t\t\t\t<div class=\"wd-accordion-item\">\n\t\t\t\t\t<div class=\"wd-accordion-title text-left wd-opener-pos-right\" data-accordion-index=\"2\">\n\t\t\t\t\t\t<div class=\"wd-accordion-title-text\">\n\t\t\t\t\t\t\t\t\t\t\t\t\t\t<span>\n\t\t\t\t\t\t\t\t\u00bfC\u00f3mo puedo ponerme en contacto con ustedes si tengo preguntas o dudas?\t\t\t\t\t\t\t<\/span>\n\t\t\t\t\t\t<\/div>\n\t\t\t\t\t\t<span class=\"wd-accordion-opener wd-opener-style-arrow\"><\/span>\n\t\t\t\t\t<\/div>\n\n\t\t\t\t\t<div class=\"wd-accordion-content reset-last-child\" data-accordion-index=\"2\">\n\t\t\t\t\t\t\t\t\t\t\t\t\t\n\t\t\t\t\t\t\t<p>Estamos aqu\u00ed para responder a todas sus preguntas e inquietudes. Hay varias formas de ponerse en contacto con nosotros:<\/p><ul><li><strong>Correo electr\u00f3nico<\/strong> Env\u00edenos un correo electr\u00f3nico a <strong>contact@argumo.co<\/strong> y nuestro equipo se pondr\u00e1 en contacto con usted lo antes posible.<\/li><li><strong>N\u00famero de tel\u00e9fono<\/strong> Llame a nuestro n\u00famero de atenci\u00f3n al cliente <strong>+212 539 392 699<\/strong> para hablar directamente con uno de nuestros representantes.<\/li><li><strong>Formulario de contacto<\/strong> Rellene el formulario de solicitud <strong><a href=\"https:\/\/argumo.co\/es\/contact-us-4\/\">p\u00f3ngase en contacto con<\/a><\/strong> disponible en nuestro sitio web y le responderemos por correo electr\u00f3nico.<\/li><\/ul><p>Sea cual sea el m\u00e9todo que elija, nuestro equipo est\u00e1 a su disposici\u00f3n para ayudarle con cualquier pregunta, duda o solicitud de asistencia. No dude en ponerse en contacto con nosotros en cualquier momento.<\/p>\n\t\t\t\t\t\t\t\t\t\t\t\t\t\t\t\t\t\t<\/div>\n\t\t\t\t<\/div>\n\t\t\t\t\t<\/div>\n\t\t\t\t<\/div>\n\t\t\t\t<\/div>\n\t\t\t\t\t<\/div>\n\t\t<\/div>\n\t\t\t\t\t<\/div>\n\t\t<\/section>\n\t\t\t\t<\/div>","protected":false},"excerpt":{"rendered":"<p>Est-ce que vos produits sont exclusivement destin\u00e9s \u00e0 un usage militaire ? Non, nos produits ne sont pas exclusivement destin\u00e9s<\/p>","protected":false},"author":1,"featured_media":0,"parent":0,"menu_order":0,"comment_status":"closed","ping_status":"closed","template":"","meta":{"footnotes":""},"class_list":["post-3682","page","type-page","status-publish","hentry"],"yoast_head":"<!-- This site is optimized with the Yoast SEO Premium plugin v20.12 (Yoast SEO v20.12) - https:\/\/yoast.com\/wordpress\/plugins\/seo\/ -->\n<title>FAQs - ARGUMO<\/title>\n<meta name=\"description\" content=\"Explorez la foire aux questions FAQs d&#039;Argumo : r\u00e9ponses claires sur nos services et solutions pour simplifier votre exp\u00e9rience.\" \/>\n<meta name=\"robots\" content=\"index, follow, max-snippet:-1, max-image-preview:large, max-video-preview:-1\" \/>\n<link rel=\"canonical\" href=\"https:\/\/argumo.co\/es\/faqs\/\" \/>\n<meta property=\"og:locale\" content=\"es_ES\" \/>\n<meta property=\"og:type\" content=\"article\" \/>\n<meta property=\"og:title\" content=\"FAQs\" \/>\n<meta property=\"og:description\" content=\"Explorez la foire aux questions FAQs d&#039;Argumo : r\u00e9ponses claires sur nos services et solutions pour simplifier votre exp\u00e9rience.\" \/>\n<meta property=\"og:url\" content=\"https:\/\/argumo.co\/es\/faqs\/\" \/>\n<meta property=\"og:site_name\" content=\"ARGUMO\" \/>\n<meta property=\"article:modified_time\" content=\"2023-08-08T12:26:55+00:00\" \/>\n<meta name=\"twitter:card\" content=\"summary_large_image\" \/>\n<meta name=\"twitter:label1\" content=\"Tiempo de lectura\" \/>\n\t<meta name=\"twitter:data1\" content=\"4 minutos\" \/>\n<script type=\"application\/ld+json\" class=\"yoast-schema-graph\">{\"@context\":\"https:\/\/schema.org\",\"@graph\":[{\"@type\":\"WebPage\",\"@id\":\"https:\/\/argumo.co\/fr\/faqs\/\",\"url\":\"https:\/\/argumo.co\/fr\/faqs\/\",\"name\":\"FAQs - ARGUMO\",\"isPartOf\":{\"@id\":\"https:\/\/argumo.co\/fr\/#website\"},\"datePublished\":\"2021-09-13T11:30:54+00:00\",\"dateModified\":\"2023-08-08T12:26:55+00:00\",\"description\":\"Explorez la foire aux questions FAQs d'Argumo : r\u00e9ponses claires sur nos services et solutions pour simplifier votre exp\u00e9rience.\",\"breadcrumb\":{\"@id\":\"https:\/\/argumo.co\/fr\/faqs\/#breadcrumb\"},\"inLanguage\":\"es\",\"potentialAction\":[{\"@type\":\"ReadAction\",\"target\":[\"https:\/\/argumo.co\/fr\/faqs\/\"]}]},{\"@type\":\"BreadcrumbList\",\"@id\":\"https:\/\/argumo.co\/fr\/faqs\/#breadcrumb\",\"itemListElement\":[{\"@type\":\"ListItem\",\"position\":1,\"name\":\"Home\",\"item\":\"https:\/\/argumo.co\/fr\/\"},{\"@type\":\"ListItem\",\"position\":2,\"name\":\"FAQs\"}]},{\"@type\":\"WebSite\",\"@id\":\"https:\/\/argumo.co\/fr\/#website\",\"url\":\"https:\/\/argumo.co\/fr\/\",\"name\":\"ARGUMO\",\"description\":\"Durabilit\u00e9, Confort Finition &amp; S\u00e9duction Intemporelle\",\"potentialAction\":[{\"@type\":\"SearchAction\",\"target\":{\"@type\":\"EntryPoint\",\"urlTemplate\":\"https:\/\/argumo.co\/fr\/?s={search_term_string}\"},\"query-input\":\"required name=search_term_string\"}],\"inLanguage\":\"es\"}]}<\/script>\n<!-- \/ Yoast SEO Premium plugin. -->","yoast_head_json":{"title":"FAQs - ARGUMO","description":"Explorez la foire aux questions FAQs d'Argumo : r\u00e9ponses claires sur nos services et solutions pour simplifier votre exp\u00e9rience.","robots":{"index":"index","follow":"follow","max-snippet":"max-snippet:-1","max-image-preview":"max-image-preview:large","max-video-preview":"max-video-preview:-1"},"canonical":"https:\/\/argumo.co\/es\/faqs\/","og_locale":"es_ES","og_type":"article","og_title":"FAQs","og_description":"Explorez la foire aux questions FAQs d'Argumo : r\u00e9ponses claires sur nos services et solutions pour simplifier votre exp\u00e9rience.","og_url":"https:\/\/argumo.co\/es\/faqs\/","og_site_name":"ARGUMO","article_modified_time":"2023-08-08T12:26:55+00:00","twitter_card":"summary_large_image","twitter_misc":{"Tiempo de lectura":"4 minutos"},"schema":{"@context":"https:\/\/schema.org","@graph":[{"@type":"WebPage","@id":"https:\/\/argumo.co\/fr\/faqs\/","url":"https:\/\/argumo.co\/fr\/faqs\/","name":"FAQs - ARGUMO","isPartOf":{"@id":"https:\/\/argumo.co\/fr\/#website"},"datePublished":"2021-09-13T11:30:54+00:00","dateModified":"2023-08-08T12:26:55+00:00","description":"Explorez la foire aux questions FAQs d'Argumo : r\u00e9ponses claires sur nos services et solutions pour simplifier votre exp\u00e9rience.","breadcrumb":{"@id":"https:\/\/argumo.co\/fr\/faqs\/#breadcrumb"},"inLanguage":"es","potentialAction":[{"@type":"ReadAction","target":["https:\/\/argumo.co\/fr\/faqs\/"]}]},{"@type":"BreadcrumbList","@id":"https:\/\/argumo.co\/fr\/faqs\/#breadcrumb","itemListElement":[{"@type":"ListItem","position":1,"name":"Home","item":"https:\/\/argumo.co\/fr\/"},{"@type":"ListItem","position":2,"name":"FAQs"}]},{"@type":"WebSite","@id":"https:\/\/argumo.co\/fr\/#website","url":"https:\/\/argumo.co\/fr\/","name":"ARGUMO","description":"Durabilit\u00e9, Confort Finition &amp; S\u00e9duction Intemporelle","potentialAction":[{"@type":"SearchAction","target":{"@type":"EntryPoint","urlTemplate":"https:\/\/argumo.co\/fr\/?s={search_term_string}"},"query-input":"required name=search_term_string"}],"inLanguage":"es"}]}},"_links":{"self":[{"href":"https:\/\/argumo.co\/es\/wp-json\/wp\/v2\/pages\/3682"}],"collection":[{"href":"https:\/\/argumo.co\/es\/wp-json\/wp\/v2\/pages"}],"about":[{"href":"https:\/\/argumo.co\/es\/wp-json\/wp\/v2\/types\/page"}],"author":[{"embeddable":true,"href":"https:\/\/argumo.co\/es\/wp-json\/wp\/v2\/users\/1"}],"replies":[{"embeddable":true,"href":"https:\/\/argumo.co\/es\/wp-json\/wp\/v2\/comments?post=3682"}],"version-history":[{"count":36,"href":"https:\/\/argumo.co\/es\/wp-json\/wp\/v2\/pages\/3682\/revisions"}],"predecessor-version":[{"id":14136,"href":"https:\/\/argumo.co\/es\/wp-json\/wp\/v2\/pages\/3682\/revisions\/14136"}],"wp:attachment":[{"href":"https:\/\/argumo.co\/es\/wp-json\/wp\/v2\/media?parent=3682"}],"curies":[{"name":"wp","href":"https:\/\/api.w.org\/{rel}","templated":true}]}}