{"id":3,"date":"2022-05-04T14:29:40","date_gmt":"2022-05-04T14:29:40","guid":{"rendered":"https:\/\/argumo.co\/?page_id=3"},"modified":"2023-05-30T13:39:49","modified_gmt":"2023-05-30T12:39:49","slug":"politique-de-confidentialite","status":"publish","type":"page","link":"https:\/\/argumo.co\/es\/politique-de-confidentialite\/","title":{"rendered":"Pol\u00edtica de privacidad"},"content":{"rendered":"<div data-elementor-type=\"wp-page\" data-elementor-id=\"3\" class=\"elementor elementor-3\">\n\t\t\t\t\t\t<section class=\"wd-negative-gap elementor-section elementor-top-section elementor-element elementor-element-24fd0ff elementor-section-boxed elementor-section-height-default elementor-section-height-default\" data-id=\"24fd0ff\" data-element_type=\"section\">\n\t\t\t\t\t\t<div class=\"elementor-container elementor-column-gap-default\">\n\t\t\t\t\t<div class=\"elementor-column elementor-col-100 elementor-top-column elementor-element elementor-element-94f96fb\" data-id=\"94f96fb\" data-element_type=\"column\">\n\t\t\t<div class=\"elementor-widget-wrap elementor-element-populated\">\n\t\t\t\t\t\t<div class=\"elementor-element elementor-element-6739faf elementor-widget elementor-widget-heading\" data-id=\"6739faf\" data-element_type=\"widget\" data-widget_type=\"heading.default\">\n\t\t\t\t<div class=\"elementor-widget-container\">\n\t\t\t<h1 class=\"elementor-heading-title elementor-size-default\">\u00daltima actualizaci\u00f3n: 22 de diciembre de 2022<\/h1>\t\t<\/div>\n\t\t\t\t<\/div>\n\t\t\t\t\t<\/div>\n\t\t<\/div>\n\t\t\t\t\t<\/div>\n\t\t<\/section>\n\t\t\t\t<section class=\"wd-negative-gap elementor-section elementor-top-section elementor-element elementor-element-51a5399 elementor-section-boxed elementor-section-height-default elementor-section-height-default\" data-id=\"51a5399\" data-element_type=\"section\">\n\t\t\t\t\t\t<div class=\"elementor-container elementor-column-gap-default\">\n\t\t\t\t\t<div class=\"elementor-column elementor-col-100 elementor-top-column elementor-element elementor-element-7218288\" data-id=\"7218288\" data-element_type=\"column\">\n\t\t\t<div class=\"elementor-widget-wrap elementor-element-populated\">\n\t\t\t\t\t\t<div class=\"elementor-element elementor-element-aed4f77 elementor-widget elementor-widget-wd_text_block\" data-id=\"aed4f77\" data-element_type=\"widget\" data-widget_type=\"wd_text_block.default\">\n\t\t\t\t<div class=\"elementor-widget-container\">\n\t\t\t\t\t<div class=\"wd-text-block reset-last-child text-left\">\n\t\t\t\n\t\t\t<p>La \"pol\u00edtica de privacidad\" explica lo que hacemos con los datos personales que recibimos sobre usted.\u00a0<strong>el sitio web de Argumo\u00a0<\/strong>de los miembros del sitio.<\/p>\n\t\t\t\t\t<\/div>\n\t\t\t\t<\/div>\n\t\t\t\t<\/div>\n\t\t\t\t\t<\/div>\n\t\t<\/div>\n\t\t\t\t\t<\/div>\n\t\t<\/section>\n\t\t\t\t<section class=\"wd-negative-gap elementor-section elementor-top-section elementor-element elementor-element-e0bc39b elementor-section-boxed elementor-section-height-default elementor-section-height-default\" data-id=\"e0bc39b\" data-element_type=\"section\">\n\t\t\t\t\t\t<div class=\"elementor-container elementor-column-gap-default\">\n\t\t\t\t\t<div class=\"elementor-column elementor-col-100 elementor-top-column elementor-element elementor-element-f3a63d7\" data-id=\"f3a63d7\" data-element_type=\"column\">\n\t\t\t<div class=\"elementor-widget-wrap elementor-element-populated\">\n\t\t\t\t\t\t<div class=\"elementor-element elementor-element-b773162 elementor-widget elementor-widget-heading\" data-id=\"b773162\" data-element_type=\"widget\" data-widget_type=\"heading.default\">\n\t\t\t\t<div class=\"elementor-widget-container\">\n\t\t\t<h2 class=\"elementor-heading-title elementor-size-default\">Qui\u00e9nes somos y c\u00f3mo ponerse en contacto con nosotros<\/h2>\t\t<\/div>\n\t\t\t\t<\/div>\n\t\t\t\t<div class=\"elementor-element elementor-element-70c2778 elementor-widget elementor-widget-wd_text_block\" data-id=\"70c2778\" data-element_type=\"widget\" data-widget_type=\"wd_text_block.default\">\n\t\t\t\t<div class=\"elementor-widget-container\">\n\t\t\t\t\t<div class=\"wd-text-block reset-last-child text-left\">\n\t\t\t\n\t\t\t<p>Argumo es una empresa marroqu\u00ed especializada en equipamiento militar y de seguridad. Su patrimonio t\u00e9cnico, que incluye conocimientos, tecnolog\u00edas y competencias, le ha permitido diversificar sus m\u00e9todos de fabricaci\u00f3n para abarcar todos los estilos de calzado.<span style=\"font-size: 19px; background-color: var(--wd-main-bgcolor); color: var(--wd-text-color);\"><\/span><\/p>\n\t\t\t\t\t<\/div>\n\t\t\t\t<\/div>\n\t\t\t\t<\/div>\n\t\t\t\t<div class=\"elementor-element elementor-element-f38396c elementor-widget elementor-widget-wd_text_block\" data-id=\"f38396c\" data-element_type=\"widget\" data-widget_type=\"wd_text_block.default\">\n\t\t\t\t<div class=\"elementor-widget-container\">\n\t\t\t\t\t<div class=\"wd-text-block reset-last-child text-left\">\n\t\t\t\n\t\t\t<p>Por su funcionalidad, <strong>el sitio web Argumo.co <\/strong>controla sus datos, lo que significa que somos responsables de determinar c\u00f3mo se recopila, almacena y utiliza su informaci\u00f3n personal. En ocasiones podemos recurrir a terceros para procesar su informaci\u00f3n, adem\u00e1s de a nosotros mismos (como se describe con m\u00e1s detalle a continuaci\u00f3n).<\/p>\n\t\t\t\t\t<\/div>\n\t\t\t\t<\/div>\n\t\t\t\t<\/div>\n\t\t\t\t\t<\/div>\n\t\t<\/div>\n\t\t\t\t\t<\/div>\n\t\t<\/section>\n\t\t\t\t<section class=\"wd-negative-gap elementor-section elementor-top-section elementor-element elementor-element-9ea015c elementor-section-boxed elementor-section-height-default elementor-section-height-default\" data-id=\"9ea015c\" data-element_type=\"section\">\n\t\t\t\t\t\t<div class=\"elementor-container elementor-column-gap-default\">\n\t\t\t\t\t<div class=\"elementor-column elementor-col-100 elementor-top-column elementor-element elementor-element-e87a5d0\" data-id=\"e87a5d0\" data-element_type=\"column\">\n\t\t\t<div class=\"elementor-widget-wrap elementor-element-populated\">\n\t\t\t\t\t\t<div class=\"elementor-element elementor-element-c7ffcad elementor-widget elementor-widget-heading\" data-id=\"c7ffcad\" data-element_type=\"widget\" data-widget_type=\"heading.default\">\n\t\t\t\t<div class=\"elementor-widget-container\">\n\t\t\t<h2 class=\"elementor-heading-title elementor-size-default\">\u00bfC\u00f3mo y por qu\u00e9 recopilamos datos sobre usted?<\/h2>\t\t<\/div>\n\t\t\t\t<\/div>\n\t\t\t\t<div class=\"elementor-element elementor-element-41c6315 elementor-widget elementor-widget-wd_text_block\" data-id=\"41c6315\" data-element_type=\"widget\" data-widget_type=\"wd_text_block.default\">\n\t\t\t\t<div class=\"elementor-widget-container\">\n\t\t\t\t\t<div class=\"wd-text-block reset-last-child text-left\">\n\t\t\t\n\t\t\t<p>Tras inscribirse en el <strong>Sitio web de Argumo.co<\/strong> y el uso de nuestros Servicios, recopilaremos la siguiente informaci\u00f3n sobre usted (\"Informaci\u00f3n personal\"):<\/p>\n<ul>\n<li style=\"list-style-type: none;\">\n<ul>\n<li>Su nombre y apellidos ;<\/li>\n<\/ul>\n<\/li>\n<\/ul>\n<ul>\n<li style=\"list-style-type: none;\">\n<ul>\n<li>Su e-mail ;<\/li>\n<\/ul>\n<\/li>\n<\/ul>\n<ul>\n<li style=\"list-style-type: none;\">\n<ul>\n<li>Su n\u00famero de tel\u00e9fono ;<\/li>\n<\/ul>\n<\/li>\n<\/ul>\n<ul>\n<li style=\"list-style-type: none;\">\n<ul>\n<li>Su direcci\u00f3n ;<\/li>\n<\/ul>\n<\/li>\n<\/ul>\n<ul>\n<li style=\"list-style-type: none;\">\n<ul>\n<li>El nombre de su empresa ;<\/li>\n<\/ul>\n<\/li>\n<\/ul>\n<ul>\n<li style=\"list-style-type: none;\">\n<ul>\n<li>Registros de sus visitas a <strong>el<\/strong> <strong>Sitio web Argumo.co;<\/strong><\/li>\n<\/ul>\n<\/li>\n<\/ul>\n\t\t\t\t\t<\/div>\n\t\t\t\t<\/div>\n\t\t\t\t<\/div>\n\t\t\t\t\t<\/div>\n\t\t<\/div>\n\t\t\t\t\t<\/div>\n\t\t<\/section>\n\t\t\t\t<section class=\"wd-negative-gap elementor-section elementor-top-section elementor-element elementor-element-fdf0b88 elementor-section-boxed elementor-section-height-default elementor-section-height-default\" data-id=\"fdf0b88\" data-element_type=\"section\">\n\t\t\t\t\t\t<div class=\"elementor-container elementor-column-gap-default\">\n\t\t\t\t\t<div class=\"elementor-column elementor-col-100 elementor-top-column elementor-element elementor-element-94d5ab9\" data-id=\"94d5ab9\" data-element_type=\"column\">\n\t\t\t<div class=\"elementor-widget-wrap elementor-element-populated\">\n\t\t\t\t\t\t<div class=\"elementor-element elementor-element-ecae354 elementor-widget elementor-widget-heading\" data-id=\"ecae354\" data-element_type=\"widget\" data-widget_type=\"heading.default\">\n\t\t\t\t<div class=\"elementor-widget-container\">\n\t\t\t<h2 class=\"elementor-heading-title elementor-size-default\">Base jur\u00eddica para el tratamiento de sus datos personales<\/h2>\t\t<\/div>\n\t\t\t\t<\/div>\n\t\t\t\t<div class=\"elementor-element elementor-element-2d9c028 elementor-widget elementor-widget-wd_text_block\" data-id=\"2d9c028\" data-element_type=\"widget\" data-widget_type=\"wd_text_block.default\">\n\t\t\t\t<div class=\"elementor-widget-container\">\n\t\t\t\t\t<div class=\"wd-text-block reset-last-child text-left\">\n\t\t\t\n\t\t\t<p>Con fines de investigaci\u00f3n interna sobre el uso del sitio Argumo.co, para enviarle noticias sobre nuestros productos;<\/p><p>Mejorar la experiencia del usuario del<strong>\u00a0Sitio web de Argumo\u00a0<\/strong>;<\/p><p>Nunca recopilaremos datos personales innecesarios y no procesaremos su informaci\u00f3n de ninguna otra forma que no sea la especificada en esta pol\u00edtica.<\/p><p>Hacemos todo lo posible para garantizar que los datos personales que tenemos sobre usted sean exactos, completos y est\u00e9n actualizados. Adem\u00e1s, puede ayudarnos inform\u00e1ndonos inmediatamente de cualquier cambio en sus datos personales.<\/p><p>No seremos responsables de ninguna p\u00e9rdida sufrida como resultado de informaci\u00f3n personal inexacta, incorrecta o incompleta que nos haya sido facilitada.<\/p>\n\t\t\t\t\t<\/div>\n\t\t\t\t<\/div>\n\t\t\t\t<\/div>\n\t\t\t\t\t<\/div>\n\t\t<\/div>\n\t\t\t\t\t<\/div>\n\t\t<\/section>\n\t\t\t\t<section class=\"wd-negative-gap elementor-section elementor-top-section elementor-element elementor-element-d816eff elementor-section-boxed elementor-section-height-default elementor-section-height-default\" data-id=\"d816eff\" data-element_type=\"section\">\n\t\t\t\t\t\t<div class=\"elementor-container elementor-column-gap-default\">\n\t\t\t\t\t<div class=\"elementor-column elementor-col-100 elementor-top-column elementor-element elementor-element-2fab77b\" data-id=\"2fab77b\" data-element_type=\"column\">\n\t\t\t<div class=\"elementor-widget-wrap elementor-element-populated\">\n\t\t\t\t\t\t<div class=\"elementor-element elementor-element-f2039cf elementor-widget elementor-widget-heading\" data-id=\"f2039cf\" data-element_type=\"widget\" data-widget_type=\"heading.default\">\n\t\t\t\t<div class=\"elementor-widget-container\">\n\t\t\t<h2 class=\"elementor-heading-title elementor-size-default\">Con qui\u00e9n compartiremos sus datos personales<\/h2>\t\t<\/div>\n\t\t\t\t<\/div>\n\t\t\t\t<div class=\"elementor-element elementor-element-72963ef elementor-widget elementor-widget-wd_text_block\" data-id=\"72963ef\" data-element_type=\"widget\" data-widget_type=\"wd_text_block.default\">\n\t\t\t\t<div class=\"elementor-widget-container\">\n\t\t\t\t\t<div class=\"wd-text-block reset-last-child text-left\">\n\t\t\t\n\t\t\t<p>De vez en cuando, podemos compartir sus datos personales con las siguientes partes con el fin de mejorar el contenido del sitio:<\/p>\n<ul>\n<li style=\"list-style-type: none;\">\n<ul>\n<li>Equipo de gesti\u00f3n interna ;<\/li>\n<\/ul>\n<\/li>\n<\/ul>\n<ul>\n<li style=\"list-style-type: none;\">\n<ul>\n<li>Equipo de gesti\u00f3n interna ;<\/li>\n<li>Terceros que reciben datos personales de <strong>Argumo <\/strong>firmar un acuerdo de tratamiento de datos con <strong>el<\/strong> <strong>P\u00e1gina web de Argumo, <\/strong>que prev\u00e9 el uso de sus datos personales \u00fanicamente para los fines contratados por <strong>el<\/strong> <strong>Sitio web de Argumo<\/strong>de conformidad con la Ley 09.08 de protecci\u00f3n de las personas f\u00edsicas en lo que respecta al tratamiento de datos personales.<\/li>\n<\/ul>\n<\/li>\n<\/ul>\n\t\t\t\t\t<\/div>\n\t\t\t\t<\/div>\n\t\t\t\t<\/div>\n\t\t\t\t\t<\/div>\n\t\t<\/div>\n\t\t\t\t\t<\/div>\n\t\t<\/section>\n\t\t\t\t<section class=\"wd-negative-gap elementor-section elementor-top-section elementor-element elementor-element-961dc22 elementor-section-boxed elementor-section-height-default elementor-section-height-default\" data-id=\"961dc22\" data-element_type=\"section\">\n\t\t\t\t\t\t<div class=\"elementor-container elementor-column-gap-default\">\n\t\t\t\t\t<div class=\"elementor-column elementor-col-100 elementor-top-column elementor-element elementor-element-318292a\" data-id=\"318292a\" data-element_type=\"column\">\n\t\t\t<div class=\"elementor-widget-wrap elementor-element-populated\">\n\t\t\t\t\t\t<div class=\"elementor-element elementor-element-855763a elementor-widget elementor-widget-heading\" data-id=\"855763a\" data-element_type=\"widget\" data-widget_type=\"heading.default\">\n\t\t\t\t<div class=\"elementor-widget-container\">\n\t\t\t<h2 class=\"elementor-heading-title elementor-size-default\">Cambios en esta pol\u00edtica<\/h2>\t\t<\/div>\n\t\t\t\t<\/div>\n\t\t\t\t<div class=\"elementor-element elementor-element-da888be elementor-widget elementor-widget-wd_text_block\" data-id=\"da888be\" data-element_type=\"widget\" data-widget_type=\"wd_text_block.default\">\n\t\t\t\t<div class=\"elementor-widget-container\">\n\t\t\t\t\t<div class=\"wd-text-block reset-last-child text-left\">\n\t\t\t\n\t\t\t<p>A menos que lo exija la legislaci\u00f3n aplicable, nos reservamos el derecho de actualizar esta Pol\u00edtica para reflejar los cambios en nuestras pr\u00e1cticas de informaci\u00f3n mediante la publicaci\u00f3n de un aviso claro de la actualizaci\u00f3n en nuestros Servicios y la obtenci\u00f3n de su consentimiento, si es necesario. Cualquier actualizaci\u00f3n ser\u00e1 efectiva inmediatamente despu\u00e9s de la publicaci\u00f3n de las actualizaciones de esta Pol\u00edtica y se aplicar\u00e1 a toda la informaci\u00f3n recopilada sobre usted o, en su caso, sobre la base de su consentimiento. Usted se compromete a revisar esta pol\u00edtica peri\u00f3dicamente. Si introducimos cambios en esta Pol\u00edtica, modificaremos la fecha de \"\u00faltima actualizaci\u00f3n\" que figura m\u00e1s arriba.<\/p>\n\t\t\t\t\t<\/div>\n\t\t\t\t<\/div>\n\t\t\t\t<\/div>\n\t\t\t\t\t<\/div>\n\t\t<\/div>\n\t\t\t\t\t<\/div>\n\t\t<\/section>\n\t\t\t\t<\/div>","protected":false},"excerpt":{"rendered":"<p>Derni\u00e8re mise \u00e0 jour : 22 D\u00e9cembre 2022 La \u201cpolitique de confidentialit\u00e9\u201d explique ce que nous faisons des donn\u00e9es personnelles<\/p>","protected":false},"author":1,"featured_media":0,"parent":0,"menu_order":0,"comment_status":"closed","ping_status":"closed","template":"","meta":{"footnotes":""},"class_list":["post-3","page","type-page","status-publish","hentry"],"yoast_head":"<!-- This site is optimized with the Yoast SEO Premium plugin v20.12 (Yoast SEO v20.12) - https:\/\/yoast.com\/wordpress\/plugins\/seo\/ -->\n<title>Politique de confidentialit\u00e9 - ARGUMO<\/title>\n<meta name=\"robots\" content=\"index, follow, max-snippet:-1, max-image-preview:large, max-video-preview:-1\" \/>\n<link rel=\"canonical\" href=\"https:\/\/argumo.co\/es\/politique-de-confidentialite\/\" \/>\n<meta property=\"og:locale\" content=\"es_ES\" \/>\n<meta property=\"og:type\" content=\"article\" \/>\n<meta property=\"og:title\" content=\"Politique de confidentialit\u00e9\" \/>\n<meta property=\"og:description\" content=\"Derni\u00e8re mise \u00e0 jour : 22 D\u00e9cembre 2022 La \u201cpolitique de confidentialit\u00e9\u201d explique ce que nous faisons des donn\u00e9es personnelles\" \/>\n<meta property=\"og:url\" content=\"https:\/\/argumo.co\/es\/politique-de-confidentialite\/\" \/>\n<meta property=\"og:site_name\" content=\"ARGUMO\" \/>\n<meta property=\"article:modified_time\" content=\"2023-05-30T12:39:49+00:00\" \/>\n<meta name=\"twitter:card\" content=\"summary_large_image\" \/>\n<meta name=\"twitter:label1\" content=\"Tiempo de lectura\" \/>\n\t<meta name=\"twitter:data1\" content=\"3 minutos\" \/>\n<script type=\"application\/ld+json\" class=\"yoast-schema-graph\">{\"@context\":\"https:\/\/schema.org\",\"@graph\":[{\"@type\":\"WebPage\",\"@id\":\"https:\/\/argumo.co\/politique-de-confidentialite\/\",\"url\":\"https:\/\/argumo.co\/politique-de-confidentialite\/\",\"name\":\"Politique de confidentialit\u00e9 - ARGUMO\",\"isPartOf\":{\"@id\":\"https:\/\/argumo.co\/fr\/#website\"},\"datePublished\":\"2022-05-04T14:29:40+00:00\",\"dateModified\":\"2023-05-30T12:39:49+00:00\",\"breadcrumb\":{\"@id\":\"https:\/\/argumo.co\/politique-de-confidentialite\/#breadcrumb\"},\"inLanguage\":\"es\",\"potentialAction\":[{\"@type\":\"ReadAction\",\"target\":[\"https:\/\/argumo.co\/politique-de-confidentialite\/\"]}]},{\"@type\":\"BreadcrumbList\",\"@id\":\"https:\/\/argumo.co\/politique-de-confidentialite\/#breadcrumb\",\"itemListElement\":[{\"@type\":\"ListItem\",\"position\":1,\"name\":\"Home\",\"item\":\"https:\/\/argumo.co\/fr\/\"},{\"@type\":\"ListItem\",\"position\":2,\"name\":\"Politique de confidentialit\u00e9\"}]},{\"@type\":\"WebSite\",\"@id\":\"https:\/\/argumo.co\/fr\/#website\",\"url\":\"https:\/\/argumo.co\/fr\/\",\"name\":\"ARGUMO\",\"description\":\"Durabilit\u00e9, Confort Finition &amp; S\u00e9duction Intemporelle\",\"potentialAction\":[{\"@type\":\"SearchAction\",\"target\":{\"@type\":\"EntryPoint\",\"urlTemplate\":\"https:\/\/argumo.co\/fr\/?s={search_term_string}\"},\"query-input\":\"required name=search_term_string\"}],\"inLanguage\":\"es\"}]}<\/script>\n<!-- \/ Yoast SEO Premium plugin. -->","yoast_head_json":{"title":"Politique de confidentialit\u00e9 - ARGUMO","robots":{"index":"index","follow":"follow","max-snippet":"max-snippet:-1","max-image-preview":"max-image-preview:large","max-video-preview":"max-video-preview:-1"},"canonical":"https:\/\/argumo.co\/es\/politique-de-confidentialite\/","og_locale":"es_ES","og_type":"article","og_title":"Politique de confidentialit\u00e9","og_description":"Derni\u00e8re mise \u00e0 jour : 22 D\u00e9cembre 2022 La \u201cpolitique de confidentialit\u00e9\u201d explique ce que nous faisons des donn\u00e9es personnelles","og_url":"https:\/\/argumo.co\/es\/politique-de-confidentialite\/","og_site_name":"ARGUMO","article_modified_time":"2023-05-30T12:39:49+00:00","twitter_card":"summary_large_image","twitter_misc":{"Tiempo de lectura":"3 minutos"},"schema":{"@context":"https:\/\/schema.org","@graph":[{"@type":"WebPage","@id":"https:\/\/argumo.co\/politique-de-confidentialite\/","url":"https:\/\/argumo.co\/politique-de-confidentialite\/","name":"Politique de confidentialit\u00e9 - ARGUMO","isPartOf":{"@id":"https:\/\/argumo.co\/fr\/#website"},"datePublished":"2022-05-04T14:29:40+00:00","dateModified":"2023-05-30T12:39:49+00:00","breadcrumb":{"@id":"https:\/\/argumo.co\/politique-de-confidentialite\/#breadcrumb"},"inLanguage":"es","potentialAction":[{"@type":"ReadAction","target":["https:\/\/argumo.co\/politique-de-confidentialite\/"]}]},{"@type":"BreadcrumbList","@id":"https:\/\/argumo.co\/politique-de-confidentialite\/#breadcrumb","itemListElement":[{"@type":"ListItem","position":1,"name":"Home","item":"https:\/\/argumo.co\/fr\/"},{"@type":"ListItem","position":2,"name":"Politique de confidentialit\u00e9"}]},{"@type":"WebSite","@id":"https:\/\/argumo.co\/fr\/#website","url":"https:\/\/argumo.co\/fr\/","name":"ARGUMO","description":"Durabilit\u00e9, Confort Finition &amp; S\u00e9duction Intemporelle","potentialAction":[{"@type":"SearchAction","target":{"@type":"EntryPoint","urlTemplate":"https:\/\/argumo.co\/fr\/?s={search_term_string}"},"query-input":"required name=search_term_string"}],"inLanguage":"es"}]}},"_links":{"self":[{"href":"https:\/\/argumo.co\/es\/wp-json\/wp\/v2\/pages\/3"}],"collection":[{"href":"https:\/\/argumo.co\/es\/wp-json\/wp\/v2\/pages"}],"about":[{"href":"https:\/\/argumo.co\/es\/wp-json\/wp\/v2\/types\/page"}],"author":[{"embeddable":true,"href":"https:\/\/argumo.co\/es\/wp-json\/wp\/v2\/users\/1"}],"replies":[{"embeddable":true,"href":"https:\/\/argumo.co\/es\/wp-json\/wp\/v2\/comments?post=3"}],"version-history":[{"count":33,"href":"https:\/\/argumo.co\/es\/wp-json\/wp\/v2\/pages\/3\/revisions"}],"predecessor-version":[{"id":13961,"href":"https:\/\/argumo.co\/es\/wp-json\/wp\/v2\/pages\/3\/revisions\/13961"}],"wp:attachment":[{"href":"https:\/\/argumo.co\/es\/wp-json\/wp\/v2\/media?parent=3"}],"curies":[{"name":"wp","href":"https:\/\/api.w.org\/{rel}","templated":true}]}}