{"id":13709,"date":"2022-12-28T11:34:51","date_gmt":"2022-12-28T10:34:51","guid":{"rendered":"https:\/\/argumo.co\/?page_id=13709"},"modified":"2023-01-06T11:56:55","modified_gmt":"2023-01-06T10:56:55","slug":"condition-dutilisation","status":"publish","type":"page","link":"https:\/\/argumo.co\/es\/condition-dutilisation\/","title":{"rendered":"Condiciones de uso"},"content":{"rendered":"<h2 class=\"has-medium-font-size wp-block-heading\"><strong>\u00daltima actualizaci\u00f3n: 22 de diciembre de 2022<\/strong><\/h2><h2 class=\"has-medium-font-size wp-block-heading\"><strong>Bienvenido a Argumo.co<\/strong><\/h2><p class=\"has-black-color has-text-color\">Le rogamos que lea las presentes condiciones de uso y la pol\u00edtica de privacidad antes de registrarse en argumo.co o de utilizar cualquiera de los contenidos del sitio web (por \"sitio web\" se entienden todos los contenidos y p\u00e1ginas que entran en el \u00e1mbito de argumo.co), incluido el acceso a cualquiera de los servicios prestados por el sitio web. Estos t\u00e9rminos y condiciones y la pol\u00edtica de privacidad constituyen acuerdos (que pueden denominarse colectivamente \"acuerdos\") entre usted y <strong>el sitio web argumo.co<\/strong>. Al utilizar el Sitio Web, usted tambi\u00e9n acepta quedar legalmente vinculado por los Acuerdos.<\/p><p class=\"has-black-color has-text-color\"><strong>El sitio web argumo.co <\/strong>se reserva el derecho a modificar estas condiciones en cualquier momento sin previo aviso. Las modificaciones de estas condiciones entrar\u00e1n en vigor cuando se publiquen en esta p\u00e1gina o en cualquier otra secci\u00f3n del sitio web. Al acceder al sitio web despu\u00e9s de cualquier modificaci\u00f3n, usted acepta las condiciones actualizadas y todas las modificaciones introducidas en ellas.<\/p><p class=\"has-black-color has-text-color\">Es importante consultar esta p\u00e1gina con regularidad para mantenerse al corriente de las \u00faltimas condiciones.<\/p><h2 class=\"has-medium-font-size wp-block-heading\"><strong>Visi\u00f3n general del sitio web Argumo.co<\/strong><\/h2><p class=\"has-black-color has-text-color\"><strong>El sitio web Argumo.co <\/strong>es una plataforma de venta en l\u00ednea.<\/p><h2 class=\"has-medium-font-size wp-block-heading\"><strong>C\u00f3digos de conducta en l\u00ednea<\/strong><\/h2><p class=\"has-black-color has-text-color\">Usted acepta que es el \u00fanico responsable del uso que haga del Sitio Web, y acepta que su uso del Sitio Web cumple los Acuerdos y todas las leyes, normas y reglamentos aplicables, incluidas las leyes de derechos de autor.<\/p><p class=\"has-black-color has-text-color\">Usted garantiza que, como condici\u00f3n para utilizar los servicios ofrecidos por <strong>el sitio web Argumo.co<\/strong>No utilizar\u00e1 el Sitio Web de ninguna manera que tenga por objeto abusar, inutilizar o sobrecargar el<strong> Sitio web de Argumo.co<\/strong> red(es) o la<strong> Sitio web de Argumo.co<\/strong> las capacidades de cualquiera de sus servidores ni interferir en el uso y disfrute del Sitio Web por parte de terceros. Tampoco podr\u00e1 intentar obtener acceso no autorizado al Sitio web, a otras cuentas, sistemas inform\u00e1ticos o redes conectadas a cualquiera de los servidores del Sitio web.<strong> Sitio web de Argumo.co<\/strong> mediante pirater\u00eda inform\u00e1tica, extracci\u00f3n de contrase\u00f1as u otros medios. Usted no puede obtener ni intentar obtener ning\u00fan material o informaci\u00f3n almacenada en el sitio web, cualquiera de sus servidores u ordenadores asociados a trav\u00e9s de cualquier medio que no sea intencionalmente puesto a disposici\u00f3n a trav\u00e9s del sitio web.<\/p><h2 class=\"has-medium-font-size wp-block-heading\"><strong>Cuentas de usuario y autoridad<\/strong><\/h2><p class=\"has-black-color has-text-color\">Para aprovechar al m\u00e1ximo los servicios ofrecidos por<strong> el sitio web de Argumo<\/strong>Para crear una nueva cuenta de usuario (la \"Cuenta de Usuario\"), deber\u00e1 facilitarnos su nombre, direcci\u00f3n de correo electr\u00f3nico y contrase\u00f1a de usuario. Como usuario del Sitio Web, se compromete a no revelar ni compartir su informaci\u00f3n de acceso con terceros por ning\u00fan motivo. Al crear su cuenta de usuario, es posible que se le pida que introduzca informaci\u00f3n adicional y opcional. Usted declara que la informaci\u00f3n que ha facilitado es exacta y est\u00e1 actualizada. Asimismo, se compromete a mantener y actualizar sus datos para que sigan siendo exactos y actuales.<\/p><p class=\"has-black-color has-text-color\">Concedemos gran importancia a la confidencialidad y seguridad de sus datos personales. Consulte nuestra pol\u00edtica de confidencialidad para obtener m\u00e1s informaci\u00f3n sobre los datos que tenemos sobre usted. <strong>el sitio web de Argumo <\/strong>sobre usted y la forma en que <strong>el sitio web de Argumo <\/strong>utiliza esta informaci\u00f3n. Al acceder al sitio, usted acepta la recopilaci\u00f3n y el uso de su informaci\u00f3n por parte de <strong>el sitio web Argumo.co<\/strong>.<\/p><h2 class=\"has-medium-font-size wp-block-heading\"><strong>Renuncia de garant\u00eda\/limitaci\u00f3n de responsabilidad<\/strong><\/h2><p class=\"has-black-color has-text-color\">El sitio web y cualquier informaci\u00f3n, contenido o servicio disponible en o a trav\u00e9s del sitio web se proporcionan \"tal cual\" y \"seg\u00fan disponibilidad\", sin garant\u00eda de ning\u00fan tipo, expresa, impl\u00edcita o de otro tipo.<\/p><p class=\"has-black-color has-text-color\"><strong>El sitio web Argumo.co <\/strong>y sus participantes (tal como se definen a continuaci\u00f3n) no garantizan que el sitio web funcione sin interrupciones ni errores, ni que los servicios satisfagan sus necesidades o expectativas. Adem\u00e1s, ni <strong>el sitio web de Argumo <\/strong>ni ninguno de sus participantes garantizan la exactitud, integridad, actualidad o calidad del sitio web.<\/p><p class=\"has-black-color has-text-color\">Es responsabilidad suya utilizar este sitio web y obtener servicios del mismo o a trav\u00e9s de \u00e9l. Adem\u00e1s, es por su cuenta y riesgo que introduce o descarga cualquier informaci\u00f3n o dato disponible en el sitio web o en uno de los sitios web de referencia y usted es el \u00fanico responsable de cualquier da\u00f1o a su propiedad (incluido su sistema inform\u00e1tico); cualquier p\u00e9rdida de datos resultante de la descarga o uso de dichos datos, a menos que se especifique lo contrario en el. <strong>Sitio web Argumo.co.<\/strong><\/p><h2 class=\"has-medium-font-size wp-block-heading\"><strong>Proveedores de servicios externos<\/strong><\/h2><p class=\"has-black-color has-text-color\"><strong>El sitio web Argumo.co <\/strong>utiliza determinados servicios prestados por terceros. Al aceptar las Condiciones del servicio, tambi\u00e9n acepta las siguientes pol\u00edticas y condiciones de los siguientes proveedores de servicios:<\/p><ul class=\"wp-block-list\"><li><a rel=\"noreferrer noopener\" href=\"https:\/\/www.youtube.com\/t\/terms\" target=\"_blank\">\u00a0Condiciones de uso <\/a>YouTube<\/li>\n\n<li><a rel=\"noreferrer noopener\" href=\"https:\/\/policies.google.com\/privacy\" target=\"_blank\">\u00a0 Pol\u00edtica de privacidad <\/a>Google<\/li><\/ul><h2 class=\"has-medium-font-size wp-block-heading\"><strong>Fragmentos<\/strong><\/h2><p class=\"has-black-color has-text-color\">Derechos de cancelaci\u00f3n: Usted acepta que el <strong>Sitio web de Argumo.co<\/strong> a poner fin a su uso o participaci\u00f3n en el Sitio Web a su entera discreci\u00f3n y por cualquier motivo o sin \u00e9l, previo aviso. Siempre que lo considere oportuno,<strong> el sitio web Argumo.co <\/strong>eliminar\u00e1 del sitio web a los usuarios que infrinjan con frecuencia los derechos de autor.<\/p><p class=\"has-black-color has-text-color\">Usted puede cancelar su suscripci\u00f3n al Sitio Web en cualquier momento si no desea continuar. Los derechos que se le conceden en virtud del presente Acuerdo expirar\u00e1n en el momento de la rescisi\u00f3n de su derecho a utilizar el Sitio Web, pero las dem\u00e1s disposiciones de las presentes Condiciones de Servicio seguir\u00e1n en pleno vigor y efecto.<\/p><h2 class=\"has-medium-font-size wp-block-heading\"><strong>Elecci\u00f3n de la ley aplicable<\/strong><\/h2><p class=\"has-black-color has-text-color\">Usted acepta que estos t\u00e9rminos y condiciones y cualquier reclamaci\u00f3n o disputa que surja de o en relaci\u00f3n con ellos o cualquier contenido o servicio obtenible de o a trav\u00e9s del sitio web se regir\u00e1n por las leyes del Reino de Marruecos. Asimismo, acepta someterse a la jurisdicci\u00f3n de los tribunales personales que le sean aplicables a tal efecto y renuncia y acepta no reclamar ni impugnar ning\u00fan procedimiento en dichos tribunales (incluida cualquier defensa u objeci\u00f3n relativa a la insuficiencia de jurisdicci\u00f3n, ubicaci\u00f3n o inconveniencia).<\/p><p class=\"has-black-color has-text-color\">Esta Carta se considera efectiva a partir de la fecha de: 22 de diciembre de 2022<\/p>","protected":false},"excerpt":{"rendered":"<p>Derni\u00e8re mise \u00e0 jour : 22 d\u00e9cembre 2022 Bienvenue sur le site Argumo.co Veuillez lire les pr\u00e9sentes conditions d&#8217;utilisation et<\/p>","protected":false},"author":1,"featured_media":0,"parent":0,"menu_order":0,"comment_status":"closed","ping_status":"closed","template":"","meta":{"footnotes":""},"class_list":["post-13709","page","type-page","status-publish","hentry"],"yoast_head":"<!-- This site is optimized with the Yoast SEO Premium plugin v20.12 (Yoast SEO v20.12) - https:\/\/yoast.com\/wordpress\/plugins\/seo\/ -->\n<title>Condition d&#039;utilisation - ARGUMO<\/title>\n<meta name=\"robots\" content=\"index, follow, max-snippet:-1, max-image-preview:large, max-video-preview:-1\" \/>\n<link rel=\"canonical\" href=\"https:\/\/argumo.co\/es\/condition-dutilisation\/\" \/>\n<meta property=\"og:locale\" content=\"es_ES\" \/>\n<meta property=\"og:type\" content=\"article\" \/>\n<meta property=\"og:title\" content=\"Condition d&#039;utilisation\" \/>\n<meta property=\"og:description\" content=\"Derni\u00e8re mise \u00e0 jour : 22 d\u00e9cembre 2022 Bienvenue sur le site Argumo.co Veuillez lire les pr\u00e9sentes conditions d&#8217;utilisation et\" \/>\n<meta property=\"og:url\" content=\"https:\/\/argumo.co\/es\/condition-dutilisation\/\" \/>\n<meta property=\"og:site_name\" content=\"ARGUMO\" \/>\n<meta property=\"article:modified_time\" content=\"2023-01-06T10:56:55+00:00\" \/>\n<meta name=\"twitter:card\" content=\"summary_large_image\" \/>\n<meta name=\"twitter:label1\" content=\"Tiempo de lectura\" \/>\n\t<meta name=\"twitter:data1\" content=\"5 minutos\" \/>\n<script type=\"application\/ld+json\" class=\"yoast-schema-graph\">{\"@context\":\"https:\/\/schema.org\",\"@graph\":[{\"@type\":\"WebPage\",\"@id\":\"https:\/\/argumo.co\/condition-dutilisation\/\",\"url\":\"https:\/\/argumo.co\/condition-dutilisation\/\",\"name\":\"Condition d'utilisation - ARGUMO\",\"isPartOf\":{\"@id\":\"https:\/\/argumo.co\/fr\/#website\"},\"datePublished\":\"2022-12-28T10:34:51+00:00\",\"dateModified\":\"2023-01-06T10:56:55+00:00\",\"breadcrumb\":{\"@id\":\"https:\/\/argumo.co\/condition-dutilisation\/#breadcrumb\"},\"inLanguage\":\"es\",\"potentialAction\":[{\"@type\":\"ReadAction\",\"target\":[\"https:\/\/argumo.co\/condition-dutilisation\/\"]}]},{\"@type\":\"BreadcrumbList\",\"@id\":\"https:\/\/argumo.co\/condition-dutilisation\/#breadcrumb\",\"itemListElement\":[{\"@type\":\"ListItem\",\"position\":1,\"name\":\"Home\",\"item\":\"https:\/\/argumo.co\/fr\/\"},{\"@type\":\"ListItem\",\"position\":2,\"name\":\"Condition d&#8217;utilisation\"}]},{\"@type\":\"WebSite\",\"@id\":\"https:\/\/argumo.co\/fr\/#website\",\"url\":\"https:\/\/argumo.co\/fr\/\",\"name\":\"ARGUMO\",\"description\":\"Durabilit\u00e9, Confort Finition &amp; S\u00e9duction Intemporelle\",\"potentialAction\":[{\"@type\":\"SearchAction\",\"target\":{\"@type\":\"EntryPoint\",\"urlTemplate\":\"https:\/\/argumo.co\/fr\/?s={search_term_string}\"},\"query-input\":\"required name=search_term_string\"}],\"inLanguage\":\"es\"}]}<\/script>\n<!-- \/ Yoast SEO Premium plugin. -->","yoast_head_json":{"title":"Condition d'utilisation - ARGUMO","robots":{"index":"index","follow":"follow","max-snippet":"max-snippet:-1","max-image-preview":"max-image-preview:large","max-video-preview":"max-video-preview:-1"},"canonical":"https:\/\/argumo.co\/es\/condition-dutilisation\/","og_locale":"es_ES","og_type":"article","og_title":"Condition d'utilisation","og_description":"Derni\u00e8re mise \u00e0 jour : 22 d\u00e9cembre 2022 Bienvenue sur le site Argumo.co Veuillez lire les pr\u00e9sentes conditions d&#8217;utilisation et","og_url":"https:\/\/argumo.co\/es\/condition-dutilisation\/","og_site_name":"ARGUMO","article_modified_time":"2023-01-06T10:56:55+00:00","twitter_card":"summary_large_image","twitter_misc":{"Tiempo de lectura":"5 minutos"},"schema":{"@context":"https:\/\/schema.org","@graph":[{"@type":"WebPage","@id":"https:\/\/argumo.co\/condition-dutilisation\/","url":"https:\/\/argumo.co\/condition-dutilisation\/","name":"Condition d'utilisation - ARGUMO","isPartOf":{"@id":"https:\/\/argumo.co\/fr\/#website"},"datePublished":"2022-12-28T10:34:51+00:00","dateModified":"2023-01-06T10:56:55+00:00","breadcrumb":{"@id":"https:\/\/argumo.co\/condition-dutilisation\/#breadcrumb"},"inLanguage":"es","potentialAction":[{"@type":"ReadAction","target":["https:\/\/argumo.co\/condition-dutilisation\/"]}]},{"@type":"BreadcrumbList","@id":"https:\/\/argumo.co\/condition-dutilisation\/#breadcrumb","itemListElement":[{"@type":"ListItem","position":1,"name":"Home","item":"https:\/\/argumo.co\/fr\/"},{"@type":"ListItem","position":2,"name":"Condition d&#8217;utilisation"}]},{"@type":"WebSite","@id":"https:\/\/argumo.co\/fr\/#website","url":"https:\/\/argumo.co\/fr\/","name":"ARGUMO","description":"Durabilit\u00e9, Confort Finition &amp; S\u00e9duction Intemporelle","potentialAction":[{"@type":"SearchAction","target":{"@type":"EntryPoint","urlTemplate":"https:\/\/argumo.co\/fr\/?s={search_term_string}"},"query-input":"required name=search_term_string"}],"inLanguage":"es"}]}},"_links":{"self":[{"href":"https:\/\/argumo.co\/es\/wp-json\/wp\/v2\/pages\/13709"}],"collection":[{"href":"https:\/\/argumo.co\/es\/wp-json\/wp\/v2\/pages"}],"about":[{"href":"https:\/\/argumo.co\/es\/wp-json\/wp\/v2\/types\/page"}],"author":[{"embeddable":true,"href":"https:\/\/argumo.co\/es\/wp-json\/wp\/v2\/users\/1"}],"replies":[{"embeddable":true,"href":"https:\/\/argumo.co\/es\/wp-json\/wp\/v2\/comments?post=13709"}],"version-history":[{"count":4,"href":"https:\/\/argumo.co\/es\/wp-json\/wp\/v2\/pages\/13709\/revisions"}],"predecessor-version":[{"id":13771,"href":"https:\/\/argumo.co\/es\/wp-json\/wp\/v2\/pages\/13709\/revisions\/13771"}],"wp:attachment":[{"href":"https:\/\/argumo.co\/es\/wp-json\/wp\/v2\/media?parent=13709"}],"curies":[{"name":"wp","href":"https:\/\/api.w.org\/{rel}","templated":true}]}}