{"id":13156,"date":"2022-12-02T15:26:07","date_gmt":"2022-12-02T14:26:07","guid":{"rendered":"https:\/\/argumo.co\/?page_id=13156"},"modified":"2023-09-15T12:40:24","modified_gmt":"2023-09-15T11:40:24","slug":"savoir-faire","status":"publish","type":"page","link":"https:\/\/argumo.co\/es\/savoir-faire\/","title":{"rendered":"Conocimientos t\u00e9cnicos"},"content":{"rendered":"<div data-elementor-type=\"wp-page\" data-elementor-id=\"13156\" class=\"elementor elementor-13156\">\n\t\t\t\t\t\t<section class=\"wd-negative-gap elementor-section elementor-top-section elementor-element elementor-element-7bab321 elementor-section-content-middle elementor-section-stretched elementor-section-boxed elementor-section-height-default elementor-section-height-default\" data-id=\"7bab321\" data-element_type=\"section\" data-settings=\"{&quot;stretch_section&quot;:&quot;section-stretched&quot;}\">\n\t\t\t\t\t\t<div class=\"elementor-container elementor-column-gap-default\">\n\t\t\t\t\t<div class=\"elementor-column elementor-col-50 elementor-top-column elementor-element elementor-element-662b7fe\" data-id=\"662b7fe\" data-element_type=\"column\">\n\t\t\t<div class=\"elementor-widget-wrap elementor-element-populated\">\n\t\t\t\t\t\t<div class=\"elementor-element elementor-element-5d7ba08 elementor-widget elementor-widget-wd_image_or_svg\" data-id=\"5d7ba08\" data-element_type=\"widget\" data-widget_type=\"wd_image_or_svg.default\">\n\t\t\t\t<div class=\"elementor-widget-container\">\n\t\t\t\n\t\t<div class=\"wd-image text-center\">\n\t\t\t\t\t\t\t\t<img fetchpriority=\"high\" decoding=\"async\" width=\"2560\" height=\"1707\" src=\"https:\/\/argumo.co\/wp-content\/uploads\/2022\/12\/making-footwear-scaled.jpg\" class=\"attachment-full size-full\" alt=\"Savoir-faire ARGUMO\" srcset=\"https:\/\/argumo.co\/wp-content\/uploads\/2022\/12\/making-footwear-scaled.jpg 2560w, https:\/\/argumo.co\/wp-content\/uploads\/2022\/12\/making-footwear-400x267.jpg 400w, https:\/\/argumo.co\/wp-content\/uploads\/2022\/12\/making-footwear-1200x800.jpg 1200w, https:\/\/argumo.co\/wp-content\/uploads\/2022\/12\/making-footwear-768x512.jpg 768w, https:\/\/argumo.co\/wp-content\/uploads\/2022\/12\/making-footwear-1536x1024.jpg 1536w, https:\/\/argumo.co\/wp-content\/uploads\/2022\/12\/making-footwear-2048x1365.jpg 2048w, https:\/\/argumo.co\/wp-content\/uploads\/2022\/12\/making-footwear-18x12.jpg 18w, https:\/\/argumo.co\/wp-content\/uploads\/2022\/12\/making-footwear-860x573.jpg 860w, https:\/\/argumo.co\/wp-content\/uploads\/2022\/12\/making-footwear-430x287.jpg 430w, https:\/\/argumo.co\/wp-content\/uploads\/2022\/12\/making-footwear-700x467.jpg 700w\" sizes=\"(max-width: 2560px) 100vw, 2560px\" \/>\t\t\t\t\t<\/div>\n\n\t\t\t\t<\/div>\n\t\t\t\t<\/div>\n\t\t\t\t\t<\/div>\n\t\t<\/div>\n\t\t\t\t<div class=\"elementor-column elementor-col-50 elementor-top-column elementor-element elementor-element-258d6c3\" data-id=\"258d6c3\" data-element_type=\"column\" data-settings=\"{&quot;background_background&quot;:&quot;classic&quot;}\">\n\t\t\t<div class=\"elementor-widget-wrap elementor-element-populated\">\n\t\t\t\t\t\t<div class=\"elementor-element elementor-element-b554239 elementor-widget-divider--separator-type-pattern elementor-widget-divider--view-line elementor-invisible elementor-widget elementor-widget-divider\" data-id=\"b554239\" data-element_type=\"widget\" data-settings=\"{&quot;_animation&quot;:&quot;fadeInRight&quot;}\" data-widget_type=\"divider.default\">\n\t\t\t\t<div class=\"elementor-widget-container\">\n\t\t\t\t\t<div class=\"elementor-divider\" style=\"--divider-pattern-url: url(&quot;data:image\/svg+xml,%3Csvg xmlns=&#039;http:\/\/www.w3.org\/2000\/svg&#039; preserveAspectRatio=&#039;none&#039; overflow=&#039;visible&#039; height=&#039;100%&#039; viewBox=&#039;0 0 24 24&#039; fill=&#039;none&#039; stroke=&#039;black&#039; stroke-width=&#039;5&#039; stroke-linecap=&#039;square&#039; stroke-miterlimit=&#039;10&#039;%3E%3Cpolyline points=&#039;0,18 12,6 24,18 &#039;\/%3E%3C\/svg%3E&quot;);\">\n\t\t\t<span class=\"elementor-divider-separator\">\n\t\t\t\t\t\t<\/span>\n\t\t<\/div>\n\t\t\t\t<\/div>\n\t\t\t\t<\/div>\n\t\t\t\t<div class=\"elementor-element elementor-element-668387e elementor-widget elementor-widget-wd_text_block\" data-id=\"668387e\" data-element_type=\"widget\" data-widget_type=\"wd_text_block.default\">\n\t\t\t\t<div class=\"elementor-widget-container\">\n\t\t\t\t\t<div class=\"wd-text-block reset-last-child text-left\">\n\t\t\t\n\t\t\t<p>En <strong><a href=\"https:\/\/argumo.co\/es\/\">Argumo<\/a><\/strong>el cliente est\u00e1 en el centro de <strong><a href=\"https:\/\/argumo.co\/es\/boutique\/\">nuestras creaciones.<\/a><\/strong> Su gusto \u00fanico, su necesidad de comodidad absoluta y su visi\u00f3n de la seguridad son lo que gu\u00eda el dise\u00f1o y la producci\u00f3n de su par de zapatos, que pueden personalizarse hasta el infinito.<\/p><p>El sector del calzado requiere la habilidad de los artesanos y una creatividad constantemente renovada. Argumo re\u00fane a industriales y artesanos especializados en el dise\u00f1o y la fabricaci\u00f3n de calzado que poseen un patrimonio t\u00e9cnico que incluye habilidad, talento y conocimiento del cuero, para ofrecer una diversidad de modelos y creaciones.<\/p><p>Fabricar un par de zapatos es un oficio art\u00edstico que requiere diversas operaciones, lo que nos permite desarrollar una amplia gama de habilidades en dise\u00f1o, patronaje, corte, montaje y colocaci\u00f3n. Es una particularidad que nos permite ampliar nuestras gamas de productos para satisfacer todos los gustos y estilos de calzado.<\/p>\n\t\t\t\t\t<\/div>\n\t\t\t\t<\/div>\n\t\t\t\t<\/div>\n\t\t\t\t\t<\/div>\n\t\t<\/div>\n\t\t\t\t\t<\/div>\n\t\t<\/section>\n\t\t\t\t<section class=\"wd-negative-gap elementor-section elementor-top-section elementor-element elementor-element-eae9bea elementor-section-content-middle elementor-section-stretched elementor-section-boxed elementor-section-height-default elementor-section-height-default\" data-id=\"eae9bea\" data-element_type=\"section\" data-settings=\"{&quot;stretch_section&quot;:&quot;section-stretched&quot;}\">\n\t\t\t\t\t\t<div class=\"elementor-container elementor-column-gap-default\">\n\t\t\t\t\t<div class=\"elementor-column elementor-col-50 elementor-top-column elementor-element elementor-element-8b821b0\" data-id=\"8b821b0\" data-element_type=\"column\" data-settings=\"{&quot;background_background&quot;:&quot;classic&quot;}\">\n\t\t\t<div class=\"elementor-widget-wrap elementor-element-populated\">\n\t\t\t\t\t\t<div class=\"elementor-element elementor-element-38bd89c elementor-widget-divider--separator-type-pattern elementor-widget-divider--view-line elementor-invisible elementor-widget elementor-widget-divider\" data-id=\"38bd89c\" data-element_type=\"widget\" data-settings=\"{&quot;_animation&quot;:&quot;fadeInRight&quot;}\" data-widget_type=\"divider.default\">\n\t\t\t\t<div class=\"elementor-widget-container\">\n\t\t\t\t\t<div class=\"elementor-divider\" style=\"--divider-pattern-url: url(&quot;data:image\/svg+xml,%3Csvg xmlns=&#039;http:\/\/www.w3.org\/2000\/svg&#039; preserveAspectRatio=&#039;none&#039; overflow=&#039;visible&#039; height=&#039;100%&#039; viewBox=&#039;0 0 24 24&#039; fill=&#039;none&#039; stroke=&#039;black&#039; stroke-width=&#039;5&#039; stroke-linecap=&#039;square&#039; stroke-miterlimit=&#039;10&#039;%3E%3Cpolyline points=&#039;0,18 12,6 24,18 &#039;\/%3E%3C\/svg%3E&quot;);\">\n\t\t\t<span class=\"elementor-divider-separator\">\n\t\t\t\t\t\t<\/span>\n\t\t<\/div>\n\t\t\t\t<\/div>\n\t\t\t\t<\/div>\n\t\t\t\t<div class=\"elementor-element elementor-element-c99f78f elementor-widget elementor-widget-wd_text_block\" data-id=\"c99f78f\" data-element_type=\"widget\" data-widget_type=\"wd_text_block.default\">\n\t\t\t\t<div class=\"elementor-widget-container\">\n\t\t\t\t\t<div class=\"wd-text-block reset-last-child text-left\">\n\t\t\t\n\t\t\t<p>Gracias a esta reconocida experiencia en <strong><a href=\"https:\/\/argumo.co\/es\/processus-de-fabrication\/\">producci\u00f3n industrial de calzado moderno,<\/a><\/strong> A lo largo de sus once a\u00f1os de existencia, ARGUMO ha sido capaz de conquistar varios de los principales mercados nacionales e internacionales, demostrando su capacidad para competir, modernizarse e inicializar su negocio.<\/p><p>Contamos con una amplia red de socios de renombre en todo el mundo, lo que nos permite responder a todas sus solicitudes y requisitos con la m\u00e1xima profesionalidad. Esto se debe a que valoramos nuestra propia marca y nuestros productos, y trabajamos constantemente para mantener nuestra posici\u00f3n como actor de referencia en nuestro campo.<\/p>\n\t\t\t\t\t<\/div>\n\t\t\t\t<\/div>\n\t\t\t\t<\/div>\n\t\t\t\t\t<\/div>\n\t\t<\/div>\n\t\t\t\t<div class=\"elementor-column elementor-col-50 elementor-top-column elementor-element elementor-element-5eb1f68\" data-id=\"5eb1f68\" data-element_type=\"column\">\n\t\t\t<div class=\"elementor-widget-wrap elementor-element-populated\">\n\t\t\t\t\t\t<div class=\"elementor-element elementor-element-52989fc elementor-widget elementor-widget-wd_image_or_svg\" data-id=\"52989fc\" data-element_type=\"widget\" data-widget_type=\"wd_image_or_svg.default\">\n\t\t\t\t<div class=\"elementor-widget-container\">\n\t\t\t\n\t\t<div class=\"wd-image text-center\">\n\t\t\t\t\t\t\t\t<img decoding=\"async\" width=\"2560\" height=\"1707\" src=\"https:\/\/argumo.co\/wp-content\/uploads\/2022\/11\/closeup-shot-beautiful-handmade-shoes-workshop-1-scaled.jpg\" class=\"attachment-full size-full\" alt=\"Savoir-faire ARGUMO\" srcset=\"https:\/\/argumo.co\/wp-content\/uploads\/2022\/11\/closeup-shot-beautiful-handmade-shoes-workshop-1-scaled.jpg 2560w, https:\/\/argumo.co\/wp-content\/uploads\/2022\/11\/closeup-shot-beautiful-handmade-shoes-workshop-1-scaled-430x287.jpg 430w, https:\/\/argumo.co\/wp-content\/uploads\/2022\/11\/closeup-shot-beautiful-handmade-shoes-workshop-1-scaled-700x467.jpg 700w, https:\/\/argumo.co\/wp-content\/uploads\/2022\/11\/closeup-shot-beautiful-handmade-shoes-workshop-1-400x267.jpg 400w, https:\/\/argumo.co\/wp-content\/uploads\/2022\/11\/closeup-shot-beautiful-handmade-shoes-workshop-1-1200x800.jpg 1200w, https:\/\/argumo.co\/wp-content\/uploads\/2022\/11\/closeup-shot-beautiful-handmade-shoes-workshop-1-768x512.jpg 768w, https:\/\/argumo.co\/wp-content\/uploads\/2022\/11\/closeup-shot-beautiful-handmade-shoes-workshop-1-1536x1024.jpg 1536w, https:\/\/argumo.co\/wp-content\/uploads\/2022\/11\/closeup-shot-beautiful-handmade-shoes-workshop-1-2048x1365.jpg 2048w, https:\/\/argumo.co\/wp-content\/uploads\/2022\/11\/closeup-shot-beautiful-handmade-shoes-workshop-1-860x573.jpg 860w\" sizes=\"(max-width: 2560px) 100vw, 2560px\" \/>\t\t\t\t\t<\/div>\n\n\t\t\t\t<\/div>\n\t\t\t\t<\/div>\n\t\t\t\t\t<\/div>\n\t\t<\/div>\n\t\t\t\t\t<\/div>\n\t\t<\/section>\n\t\t\t\t<\/div>","protected":false},"excerpt":{"rendered":"<p>Chez Argumo, le client est au c\u0153ur de nos cr\u00e9ations. Son go\u00fbt unique, son besoin de confort absolu, et sa<\/p>","protected":false},"author":1,"featured_media":0,"parent":0,"menu_order":0,"comment_status":"closed","ping_status":"closed","template":"","meta":{"footnotes":""},"class_list":["post-13156","page","type-page","status-publish","hentry"],"yoast_head":"<!-- This site is optimized with the Yoast SEO Premium plugin v20.12 (Yoast SEO v20.12) - https:\/\/yoast.com\/wordpress\/plugins\/seo\/ -->\n<title>Savoir-faire - ARGUMO<\/title>\n<meta name=\"description\" content=\"Argumo : artisan de chaussures uniques, s\u00fbres et sur mesure, offrant un savoir-faire client-centr\u00e9.\" \/>\n<meta name=\"robots\" content=\"index, follow, max-snippet:-1, max-image-preview:large, max-video-preview:-1\" \/>\n<link rel=\"canonical\" href=\"https:\/\/argumo.co\/es\/savoir-faire\/\" \/>\n<meta property=\"og:locale\" content=\"es_ES\" \/>\n<meta property=\"og:type\" content=\"article\" \/>\n<meta property=\"og:title\" content=\"Savoir-faire\" \/>\n<meta property=\"og:description\" content=\"Argumo : artisan de chaussures uniques, s\u00fbres et sur mesure, offrant un savoir-faire client-centr\u00e9.\" \/>\n<meta property=\"og:url\" content=\"https:\/\/argumo.co\/es\/savoir-faire\/\" \/>\n<meta property=\"og:site_name\" content=\"ARGUMO\" \/>\n<meta property=\"article:modified_time\" content=\"2023-09-15T11:40:24+00:00\" \/>\n<meta property=\"og:image\" content=\"https:\/\/argumo.co\/wp-content\/uploads\/2022\/12\/making-footwear-scaled.jpg\" \/>\n<meta name=\"twitter:card\" content=\"summary_large_image\" \/>\n<meta name=\"twitter:label1\" content=\"Tiempo de lectura\" \/>\n\t<meta name=\"twitter:data1\" content=\"2 minutos\" \/>\n<script type=\"application\/ld+json\" class=\"yoast-schema-graph\">{\"@context\":\"https:\/\/schema.org\",\"@graph\":[{\"@type\":\"WebPage\",\"@id\":\"https:\/\/argumo.co\/savoir-faire\/\",\"url\":\"https:\/\/argumo.co\/savoir-faire\/\",\"name\":\"Savoir-faire - ARGUMO\",\"isPartOf\":{\"@id\":\"https:\/\/argumo.co\/fr\/#website\"},\"datePublished\":\"2022-12-02T14:26:07+00:00\",\"dateModified\":\"2023-09-15T11:40:24+00:00\",\"description\":\"Argumo : artisan de chaussures uniques, s\u00fbres et sur mesure, offrant un savoir-faire client-centr\u00e9.\",\"breadcrumb\":{\"@id\":\"https:\/\/argumo.co\/savoir-faire\/#breadcrumb\"},\"inLanguage\":\"es\",\"potentialAction\":[{\"@type\":\"ReadAction\",\"target\":[\"https:\/\/argumo.co\/savoir-faire\/\"]}]},{\"@type\":\"BreadcrumbList\",\"@id\":\"https:\/\/argumo.co\/savoir-faire\/#breadcrumb\",\"itemListElement\":[{\"@type\":\"ListItem\",\"position\":1,\"name\":\"Home\",\"item\":\"https:\/\/argumo.co\/fr\/\"},{\"@type\":\"ListItem\",\"position\":2,\"name\":\"Savoir-faire\"}]},{\"@type\":\"WebSite\",\"@id\":\"https:\/\/argumo.co\/fr\/#website\",\"url\":\"https:\/\/argumo.co\/fr\/\",\"name\":\"ARGUMO\",\"description\":\"Durabilit\u00e9, Confort Finition &amp; S\u00e9duction Intemporelle\",\"potentialAction\":[{\"@type\":\"SearchAction\",\"target\":{\"@type\":\"EntryPoint\",\"urlTemplate\":\"https:\/\/argumo.co\/fr\/?s={search_term_string}\"},\"query-input\":\"required name=search_term_string\"}],\"inLanguage\":\"es\"}]}<\/script>\n<!-- \/ Yoast SEO Premium plugin. -->","yoast_head_json":{"title":"Savoir-faire - ARGUMO","description":"Argumo : artisan de chaussures uniques, s\u00fbres et sur mesure, offrant un savoir-faire client-centr\u00e9.","robots":{"index":"index","follow":"follow","max-snippet":"max-snippet:-1","max-image-preview":"max-image-preview:large","max-video-preview":"max-video-preview:-1"},"canonical":"https:\/\/argumo.co\/es\/savoir-faire\/","og_locale":"es_ES","og_type":"article","og_title":"Savoir-faire","og_description":"Argumo : artisan de chaussures uniques, s\u00fbres et sur mesure, offrant un savoir-faire client-centr\u00e9.","og_url":"https:\/\/argumo.co\/es\/savoir-faire\/","og_site_name":"ARGUMO","article_modified_time":"2023-09-15T11:40:24+00:00","og_image":[{"url":"https:\/\/argumo.co\/wp-content\/uploads\/2022\/12\/making-footwear-scaled.jpg"}],"twitter_card":"summary_large_image","twitter_misc":{"Tiempo de lectura":"2 minutos"},"schema":{"@context":"https:\/\/schema.org","@graph":[{"@type":"WebPage","@id":"https:\/\/argumo.co\/savoir-faire\/","url":"https:\/\/argumo.co\/savoir-faire\/","name":"Savoir-faire - ARGUMO","isPartOf":{"@id":"https:\/\/argumo.co\/fr\/#website"},"datePublished":"2022-12-02T14:26:07+00:00","dateModified":"2023-09-15T11:40:24+00:00","description":"Argumo : artisan de chaussures uniques, s\u00fbres et sur mesure, offrant un savoir-faire client-centr\u00e9.","breadcrumb":{"@id":"https:\/\/argumo.co\/savoir-faire\/#breadcrumb"},"inLanguage":"es","potentialAction":[{"@type":"ReadAction","target":["https:\/\/argumo.co\/savoir-faire\/"]}]},{"@type":"BreadcrumbList","@id":"https:\/\/argumo.co\/savoir-faire\/#breadcrumb","itemListElement":[{"@type":"ListItem","position":1,"name":"Home","item":"https:\/\/argumo.co\/fr\/"},{"@type":"ListItem","position":2,"name":"Savoir-faire"}]},{"@type":"WebSite","@id":"https:\/\/argumo.co\/fr\/#website","url":"https:\/\/argumo.co\/fr\/","name":"ARGUMO","description":"Durabilit\u00e9, Confort Finition &amp; S\u00e9duction Intemporelle","potentialAction":[{"@type":"SearchAction","target":{"@type":"EntryPoint","urlTemplate":"https:\/\/argumo.co\/fr\/?s={search_term_string}"},"query-input":"required name=search_term_string"}],"inLanguage":"es"}]}},"_links":{"self":[{"href":"https:\/\/argumo.co\/es\/wp-json\/wp\/v2\/pages\/13156"}],"collection":[{"href":"https:\/\/argumo.co\/es\/wp-json\/wp\/v2\/pages"}],"about":[{"href":"https:\/\/argumo.co\/es\/wp-json\/wp\/v2\/types\/page"}],"author":[{"embeddable":true,"href":"https:\/\/argumo.co\/es\/wp-json\/wp\/v2\/users\/1"}],"replies":[{"embeddable":true,"href":"https:\/\/argumo.co\/es\/wp-json\/wp\/v2\/comments?post=13156"}],"version-history":[{"count":54,"href":"https:\/\/argumo.co\/es\/wp-json\/wp\/v2\/pages\/13156\/revisions"}],"predecessor-version":[{"id":14819,"href":"https:\/\/argumo.co\/es\/wp-json\/wp\/v2\/pages\/13156\/revisions\/14819"}],"wp:attachment":[{"href":"https:\/\/argumo.co\/es\/wp-json\/wp\/v2\/media?parent=13156"}],"curies":[{"name":"wp","href":"https:\/\/api.w.org\/{rel}","templated":true}]}}