{"id":12641,"date":"2022-11-10T13:06:33","date_gmt":"2022-11-10T12:06:33","guid":{"rendered":"https:\/\/argumo.co\/?page_id=12641"},"modified":"2023-09-15T12:20:24","modified_gmt":"2023-09-15T11:20:24","slug":"region-de-tanger","status":"publish","type":"page","link":"https:\/\/argumo.co\/es\/region-de-tanger\/","title":{"rendered":"Regi\u00f3n de T\u00e1nger"},"content":{"rendered":"<div data-elementor-type=\"wp-page\" data-elementor-id=\"12641\" class=\"elementor elementor-12641\">\n\t\t\t\t\t\t<section class=\"wd-negative-gap elementor-section elementor-top-section elementor-element elementor-element-8d2a69c elementor-section-boxed elementor-section-height-default elementor-section-height-default\" data-id=\"8d2a69c\" data-element_type=\"section\">\n\t\t\t\t\t\t<div class=\"elementor-container elementor-column-gap-default\">\n\t\t\t\t\t<div class=\"elementor-column elementor-col-100 elementor-top-column elementor-element elementor-element-62b2a70\" data-id=\"62b2a70\" data-element_type=\"column\">\n\t\t\t<div class=\"elementor-widget-wrap elementor-element-populated\">\n\t\t\t\t\t\t<div class=\"elementor-element elementor-element-3bcc7ab wd-width-100 elementor-widget elementor-widget-wd_title\" data-id=\"3bcc7ab\" data-element_type=\"widget\" data-widget_type=\"wd_title.default\">\n\t\t\t\t<div class=\"elementor-widget-container\">\n\t\t\t\t\t<div class=\"title-wrapper set-mb-s reset-last-child wd-title-color-default wd-title-style-default wd-title-size-default text-center\">\n\n\t\t\t\n\t\t\t<div class=\"liner-continer\">\n\t\t\t\t<h4 class=\"woodmart-title-container title wd-fontsize-l\">Regi\u00f3n de T\u00e1nger y potencial industrial<\/h4> \n\t\t\t\t\t\t\t<\/div>\n\n\t\t\t\t\t<\/div>\n\t\t\t\t<\/div>\n\t\t\t\t<\/div>\n\t\t\t\t\t<\/div>\n\t\t<\/div>\n\t\t\t\t\t<\/div>\n\t\t<\/section>\n\t\t\t\t<section class=\"wd-negative-gap elementor-section elementor-top-section elementor-element elementor-element-1dc26c8 elementor-section-boxed elementor-section-height-default elementor-section-height-default\" data-id=\"1dc26c8\" data-element_type=\"section\">\n\t\t\t\t\t\t<div class=\"elementor-container elementor-column-gap-default\">\n\t\t\t\t\t<div class=\"elementor-column elementor-col-50 elementor-top-column elementor-element elementor-element-fe9309c\" data-id=\"fe9309c\" data-element_type=\"column\">\n\t\t\t<div class=\"elementor-widget-wrap elementor-element-populated\">\n\t\t\t\t\t\t<div class=\"elementor-element elementor-element-2533657 elementor-widget elementor-widget-wd_image_or_svg\" data-id=\"2533657\" data-element_type=\"widget\" data-widget_type=\"wd_image_or_svg.default\">\n\t\t\t\t<div class=\"elementor-widget-container\">\n\t\t\t\n\t\t<div class=\"wd-image text-center\">\n\t\t\t\t\t\t\t\t\t\t\t\t\t<\/div>\n\n\t\t\t\t<\/div>\n\t\t\t\t<\/div>\n\t\t\t\t<div class=\"elementor-element elementor-element-306c37b elementor-widget elementor-widget-wd_image_or_svg\" data-id=\"306c37b\" data-element_type=\"widget\" data-widget_type=\"wd_image_or_svg.default\">\n\t\t\t\t<div class=\"elementor-widget-container\">\n\t\t\t\n\t\t<div class=\"wd-image text-center\">\n\t\t\t\t\t\t\t\t\t\t\t\t\t<\/div>\n\n\t\t\t\t<\/div>\n\t\t\t\t<\/div>\n\t\t\t\t<div class=\"elementor-element elementor-element-a40585e elementor-widget elementor-widget-wd_image_or_svg\" data-id=\"a40585e\" data-element_type=\"widget\" data-widget_type=\"wd_image_or_svg.default\">\n\t\t\t\t<div class=\"elementor-widget-container\">\n\t\t\t\n\t\t<div class=\"wd-image text-center\">\n\t\t\t\t\t\t\t\t<img fetchpriority=\"high\" decoding=\"async\" width=\"800\" height=\"523\" src=\"https:\/\/argumo.co\/wp-content\/uploads\/2022\/11\/moroccan-port-revenue-approaches-pre-pandemic-levels-800x523-1.png\" class=\"attachment-full size-full\" alt=\"\" srcset=\"https:\/\/argumo.co\/wp-content\/uploads\/2022\/11\/moroccan-port-revenue-approaches-pre-pandemic-levels-800x523-1.png 800w, https:\/\/argumo.co\/wp-content\/uploads\/2022\/11\/moroccan-port-revenue-approaches-pre-pandemic-levels-800x523-1-430x281.png 430w, https:\/\/argumo.co\/wp-content\/uploads\/2022\/11\/moroccan-port-revenue-approaches-pre-pandemic-levels-800x523-1-700x458.png 700w, https:\/\/argumo.co\/wp-content\/uploads\/2022\/11\/moroccan-port-revenue-approaches-pre-pandemic-levels-800x523-1-400x262.png 400w, https:\/\/argumo.co\/wp-content\/uploads\/2022\/11\/moroccan-port-revenue-approaches-pre-pandemic-levels-800x523-1-768x502.png 768w\" sizes=\"(max-width: 800px) 100vw, 800px\" \/>\t\t\t\t\t<\/div>\n\n\t\t\t\t<\/div>\n\t\t\t\t<\/div>\n\t\t\t\t\t<\/div>\n\t\t<\/div>\n\t\t\t\t<div class=\"elementor-column elementor-col-50 elementor-top-column elementor-element elementor-element-d02372b\" data-id=\"d02372b\" data-element_type=\"column\">\n\t\t\t<div class=\"elementor-widget-wrap elementor-element-populated\">\n\t\t\t\t\t\t<div class=\"elementor-element elementor-element-b828582 elementor-widget-divider--separator-type-pattern elementor-widget-divider--view-line elementor-invisible elementor-widget elementor-widget-divider\" data-id=\"b828582\" data-element_type=\"widget\" data-settings=\"{&quot;_animation&quot;:&quot;fadeInRight&quot;}\" data-widget_type=\"divider.default\">\n\t\t\t\t<div class=\"elementor-widget-container\">\n\t\t\t\t\t<div class=\"elementor-divider\" style=\"--divider-pattern-url: url(&quot;data:image\/svg+xml,%3Csvg xmlns=&#039;http:\/\/www.w3.org\/2000\/svg&#039; preserveAspectRatio=&#039;none&#039; overflow=&#039;visible&#039; height=&#039;100%&#039; viewBox=&#039;0 0 24 24&#039; fill=&#039;none&#039; stroke=&#039;black&#039; stroke-width=&#039;5&#039; stroke-linecap=&#039;square&#039; stroke-miterlimit=&#039;10&#039;%3E%3Cpolyline points=&#039;0,18 12,6 24,18 &#039;\/%3E%3C\/svg%3E&quot;);\">\n\t\t\t<span class=\"elementor-divider-separator\">\n\t\t\t\t\t\t<\/span>\n\t\t<\/div>\n\t\t\t\t<\/div>\n\t\t\t\t<\/div>\n\t\t\t\t<div class=\"elementor-element elementor-element-4ad6d2e elementor-widget elementor-widget-wd_text_block\" data-id=\"4ad6d2e\" data-element_type=\"widget\" data-widget_type=\"wd_text_block.default\">\n\t\t\t\t<div class=\"elementor-widget-container\">\n\t\t\t\t\t<div class=\"wd-text-block reset-last-child text-left\">\n\t\t\t\n\t\t\t<p>Gracias a su posici\u00f3n geogr\u00e1fica estrat\u00e9gica y privilegiada, tanto en la costa mediterr\u00e1nea como en la atl\u00e1ntica, y a su proximidad a Europa (primer socio econ\u00f3mico del pa\u00eds) como puerta de entrada a \u00c1frica, la regi\u00f3n T\u00e1nger-Tetu\u00e1n-Alhucemas est\u00e1 en el centro de la red mundial de comercio mar\u00edtimo, gran parte del cual transita por el Estrecho de Gibraltar, y desempe\u00f1a un papel din\u00e1mico en la industrializaci\u00f3n del pa\u00eds.<\/p><p>Adem\u00e1s de las ventajas que le confiere la estrategia de desarrollo nacional y regional iniciada por el rey Mohammed VI, la regi\u00f3n T\u00e1nger-Tetu\u00e1n-Alhucemas dispone de infraestructuras adecuadas y oportunas, lo que la convierte en un im\u00e1n privilegiado para los inversores nacionales y extranjeros.<\/p>\n\t\t\t\t\t<\/div>\n\t\t\t\t<\/div>\n\t\t\t\t<\/div>\n\t\t\t\t<div class=\"elementor-element elementor-element-0badcc5 elementor-widget elementor-widget-wd_text_block\" data-id=\"0badcc5\" data-element_type=\"widget\" data-widget_type=\"wd_text_block.default\">\n\t\t\t\t<div class=\"elementor-widget-container\">\n\t\t\t\t\t<div class=\"wd-text-block reset-last-child text-left\">\n\t\t\t\n\t\t\t\n\t\t\t\t\t<\/div>\n\t\t\t\t<\/div>\n\t\t\t\t<\/div>\n\t\t\t\t\t<\/div>\n\t\t<\/div>\n\t\t\t\t\t<\/div>\n\t\t<\/section>\n\t\t\t\t<section class=\"wd-negative-gap elementor-section elementor-top-section elementor-element elementor-element-7f095ce elementor-section-content-middle elementor-section-stretched elementor-section-boxed elementor-section-height-default elementor-section-height-default\" data-id=\"7f095ce\" data-element_type=\"section\" data-settings=\"{&quot;stretch_section&quot;:&quot;section-stretched&quot;}\">\n\t\t\t\t\t\t<div class=\"elementor-container elementor-column-gap-default\">\n\t\t\t\t\t<div class=\"elementor-column elementor-col-50 elementor-top-column elementor-element elementor-element-2f72cb7\" data-id=\"2f72cb7\" data-element_type=\"column\">\n\t\t\t<div class=\"elementor-widget-wrap elementor-element-populated\">\n\t\t\t\t\t\t<div class=\"elementor-element elementor-element-0e57e8b elementor-widget elementor-widget-wd_image_or_svg\" data-id=\"0e57e8b\" data-element_type=\"widget\" data-widget_type=\"wd_image_or_svg.default\">\n\t\t\t\t<div class=\"elementor-widget-container\">\n\t\t\t\n\t\t<div class=\"wd-image text-center\">\n\t\t\t\t\t\t\t\t<img decoding=\"async\" width=\"2000\" height=\"1600\" src=\"https:\/\/argumo.co\/wp-content\/uploads\/2022\/11\/Montage-photo-tableau-dhumeur-avec-des-plantes-et-des-arbres-verts-1.png\" class=\"attachment-full size-full\" alt=\"R\u00e9gion de Tanger\" srcset=\"https:\/\/argumo.co\/wp-content\/uploads\/2022\/11\/Montage-photo-tableau-dhumeur-avec-des-plantes-et-des-arbres-verts-1.png 2000w, https:\/\/argumo.co\/wp-content\/uploads\/2022\/11\/Montage-photo-tableau-dhumeur-avec-des-plantes-et-des-arbres-verts-1-430x344.png 430w, https:\/\/argumo.co\/wp-content\/uploads\/2022\/11\/Montage-photo-tableau-dhumeur-avec-des-plantes-et-des-arbres-verts-1-700x560.png 700w, https:\/\/argumo.co\/wp-content\/uploads\/2022\/11\/Montage-photo-tableau-dhumeur-avec-des-plantes-et-des-arbres-verts-1-375x300.png 375w, https:\/\/argumo.co\/wp-content\/uploads\/2022\/11\/Montage-photo-tableau-dhumeur-avec-des-plantes-et-des-arbres-verts-1-1000x800.png 1000w, https:\/\/argumo.co\/wp-content\/uploads\/2022\/11\/Montage-photo-tableau-dhumeur-avec-des-plantes-et-des-arbres-verts-1-768x614.png 768w, https:\/\/argumo.co\/wp-content\/uploads\/2022\/11\/Montage-photo-tableau-dhumeur-avec-des-plantes-et-des-arbres-verts-1-1536x1229.png 1536w, https:\/\/argumo.co\/wp-content\/uploads\/2022\/11\/Montage-photo-tableau-dhumeur-avec-des-plantes-et-des-arbres-verts-1-860x688.png 860w\" sizes=\"(max-width: 2000px) 100vw, 2000px\" \/>\t\t\t\t\t<\/div>\n\n\t\t\t\t<\/div>\n\t\t\t\t<\/div>\n\t\t\t\t\t<\/div>\n\t\t<\/div>\n\t\t\t\t<div class=\"elementor-column elementor-col-50 elementor-top-column elementor-element elementor-element-d2527de\" data-id=\"d2527de\" data-element_type=\"column\" data-settings=\"{&quot;background_background&quot;:&quot;classic&quot;}\">\n\t\t\t<div class=\"elementor-widget-wrap elementor-element-populated\">\n\t\t\t\t\t\t<div class=\"elementor-element elementor-element-3508d4f elementor-widget-divider--separator-type-pattern elementor-widget-divider--view-line elementor-invisible elementor-widget elementor-widget-divider\" data-id=\"3508d4f\" data-element_type=\"widget\" data-settings=\"{&quot;_animation&quot;:&quot;fadeInRight&quot;}\" data-widget_type=\"divider.default\">\n\t\t\t\t<div class=\"elementor-widget-container\">\n\t\t\t\t\t<div class=\"elementor-divider\" style=\"--divider-pattern-url: url(&quot;data:image\/svg+xml,%3Csvg xmlns=&#039;http:\/\/www.w3.org\/2000\/svg&#039; preserveAspectRatio=&#039;none&#039; overflow=&#039;visible&#039; height=&#039;100%&#039; viewBox=&#039;0 0 24 24&#039; fill=&#039;none&#039; stroke=&#039;black&#039; stroke-width=&#039;5&#039; stroke-linecap=&#039;square&#039; stroke-miterlimit=&#039;10&#039;%3E%3Cpolyline points=&#039;0,18 12,6 24,18 &#039;\/%3E%3C\/svg%3E&quot;);\">\n\t\t\t<span class=\"elementor-divider-separator\">\n\t\t\t\t\t\t<\/span>\n\t\t<\/div>\n\t\t\t\t<\/div>\n\t\t\t\t<\/div>\n\t\t\t\t<div class=\"elementor-element elementor-element-1f27750 elementor-widget elementor-widget-wd_text_block\" data-id=\"1f27750\" data-element_type=\"widget\" data-widget_type=\"wd_text_block.default\">\n\t\t\t\t<div class=\"elementor-widget-container\">\n\t\t\t\t\t<div class=\"wd-text-block reset-last-child text-left\">\n\t\t\t\n\t\t\t<p>Por ejemplo, el puerto de T\u00e1nger Med es un centro log\u00edstico mundial, situado en el Estrecho de Gibraltar y conectado con m\u00e1s de 180 puertos y 70 pa\u00edses, que ofrece capacidad de manipulaci\u00f3n para 9 millones de contenedores, 7 millones de pasajeros, 700.000 camiones TIR y 1 mill\u00f3n de veh\u00edculos. T\u00e1nger Med es una plataforma industrial para m\u00e1s de 1.100 empresas con un volumen de negocio anual de 8.600 millones de euros en diversos sectores como automoci\u00f3n, aeron\u00e1utica, log\u00edstica, textil y comercio, cuyo desarrollo se ve estimulado por la disponibilidad de una mano de obra joven, cualificada y bien formada.<\/p><p>Todos estos factores han hecho de la regi\u00f3n T\u00e1nger-Tetu\u00e1n-Alhucemas un nuevo polo industrial del Reino, y el 2\u00ba polo econ\u00f3mico m\u00e1s importante despu\u00e9s de la Gran Regi\u00f3n de Casablanca. La industria que se est\u00e1 desarrollando aqu\u00ed est\u00e1 a\u00fan m\u00e1s orientada a la exportaci\u00f3n que antes, a diferencia de la regi\u00f3n de la Gran Casablanca. Por ejemplo, la tasa de extraversi\u00f3n de T\u00e1nger-Tetu\u00e1n ronda las 6%, frente a las 2% de Casablanca y una media nacional de 3%.<\/p>\n\t\t\t\t\t<\/div>\n\t\t\t\t<\/div>\n\t\t\t\t<\/div>\n\t\t\t\t\t<\/div>\n\t\t<\/div>\n\t\t\t\t\t<\/div>\n\t\t<\/section>\n\t\t\t\t<section class=\"wd-negative-gap elementor-section elementor-top-section elementor-element elementor-element-9029b5e elementor-section-content-middle elementor-section-stretched elementor-section-boxed elementor-section-height-default elementor-section-height-default\" data-id=\"9029b5e\" data-element_type=\"section\" data-settings=\"{&quot;background_background&quot;:&quot;classic&quot;,&quot;stretch_section&quot;:&quot;section-stretched&quot;}\">\n\t\t\t\t\t\t<div class=\"elementor-container elementor-column-gap-narrow\">\n\t\t\t\t\t<div class=\"elementor-column elementor-col-50 elementor-top-column elementor-element elementor-element-82e5b1d\" data-id=\"82e5b1d\" data-element_type=\"column\" data-settings=\"{&quot;background_background&quot;:&quot;classic&quot;}\">\n\t\t\t<div class=\"elementor-widget-wrap elementor-element-populated\">\n\t\t\t\t\t\t<div class=\"elementor-element elementor-element-1365f6a elementor-widget elementor-widget-wd_image_or_svg\" data-id=\"1365f6a\" data-element_type=\"widget\" data-widget_type=\"wd_image_or_svg.default\">\n\t\t\t\t<div class=\"elementor-widget-container\">\n\t\t\t\n\t\t<div class=\"wd-image text-left\">\n\t\t\t\t\t\t\t\t<img decoding=\"async\" width=\"2560\" height=\"1707\" src=\"https:\/\/argumo.co\/wp-content\/uploads\/2022\/11\/bearded-cobbler-glasses-found-right-shoe-form-his-new-collection-scaled.jpg\" class=\"attachment-full size-full\" alt=\"Argumo -fabrication des chaussures en cuir certifi\u00e9s \u00e0 Tanger\" srcset=\"https:\/\/argumo.co\/wp-content\/uploads\/2022\/11\/bearded-cobbler-glasses-found-right-shoe-form-his-new-collection-scaled.jpg 2560w, https:\/\/argumo.co\/wp-content\/uploads\/2022\/11\/bearded-cobbler-glasses-found-right-shoe-form-his-new-collection-scaled-430x287.jpg 430w, https:\/\/argumo.co\/wp-content\/uploads\/2022\/11\/bearded-cobbler-glasses-found-right-shoe-form-his-new-collection-scaled-700x467.jpg 700w, https:\/\/argumo.co\/wp-content\/uploads\/2022\/11\/bearded-cobbler-glasses-found-right-shoe-form-his-new-collection-400x267.jpg 400w, https:\/\/argumo.co\/wp-content\/uploads\/2022\/11\/bearded-cobbler-glasses-found-right-shoe-form-his-new-collection-1200x800.jpg 1200w, https:\/\/argumo.co\/wp-content\/uploads\/2022\/11\/bearded-cobbler-glasses-found-right-shoe-form-his-new-collection-768x512.jpg 768w, https:\/\/argumo.co\/wp-content\/uploads\/2022\/11\/bearded-cobbler-glasses-found-right-shoe-form-his-new-collection-1536x1024.jpg 1536w, https:\/\/argumo.co\/wp-content\/uploads\/2022\/11\/bearded-cobbler-glasses-found-right-shoe-form-his-new-collection-2048x1365.jpg 2048w, https:\/\/argumo.co\/wp-content\/uploads\/2022\/11\/bearded-cobbler-glasses-found-right-shoe-form-his-new-collection-860x573.jpg 860w\" sizes=\"(max-width: 2560px) 100vw, 2560px\" \/>\t\t\t\t\t<\/div>\n\n\t\t\t\t<\/div>\n\t\t\t\t<\/div>\n\t\t\t\t\t<\/div>\n\t\t<\/div>\n\t\t\t\t<div class=\"elementor-column elementor-col-50 elementor-top-column elementor-element elementor-element-4da594b\" data-id=\"4da594b\" data-element_type=\"column\" data-settings=\"{&quot;background_background&quot;:&quot;classic&quot;}\">\n\t\t\t<div class=\"elementor-widget-wrap elementor-element-populated\">\n\t\t\t\t\t\t<div class=\"elementor-element elementor-element-698dae4 elementor-widget-divider--separator-type-pattern elementor-widget-divider--view-line elementor-invisible elementor-widget elementor-widget-divider\" data-id=\"698dae4\" data-element_type=\"widget\" data-settings=\"{&quot;_animation&quot;:&quot;fadeInRight&quot;}\" data-widget_type=\"divider.default\">\n\t\t\t\t<div class=\"elementor-widget-container\">\n\t\t\t\t\t<div class=\"elementor-divider\" style=\"--divider-pattern-url: url(&quot;data:image\/svg+xml,%3Csvg xmlns=&#039;http:\/\/www.w3.org\/2000\/svg&#039; preserveAspectRatio=&#039;none&#039; overflow=&#039;visible&#039; height=&#039;100%&#039; viewBox=&#039;0 0 24 24&#039; fill=&#039;none&#039; stroke=&#039;black&#039; stroke-width=&#039;5&#039; stroke-linecap=&#039;square&#039; stroke-miterlimit=&#039;10&#039;%3E%3Cpolyline points=&#039;0,18 12,6 24,18 &#039;\/%3E%3C\/svg%3E&quot;);\">\n\t\t\t<span class=\"elementor-divider-separator\">\n\t\t\t\t\t\t<\/span>\n\t\t<\/div>\n\t\t\t\t<\/div>\n\t\t\t\t<\/div>\n\t\t\t\t<div class=\"elementor-element elementor-element-21bb99d wd-width-100 elementor-widget elementor-widget-wd_title\" data-id=\"21bb99d\" data-element_type=\"widget\" data-widget_type=\"wd_title.default\">\n\t\t\t\t<div class=\"elementor-widget-container\">\n\t\t\t\t\t<div class=\"title-wrapper set-mb-s reset-last-child wd-title-color-white wd-title-style-default wd-title-size-small text-left\">\n\n\t\t\t\n\t\t\t<div class=\"liner-continer\">\n\t\t\t\t<h3 class=\"woodmart-title-container title wd-fontsize-m wd-underline-colored\">Este territorio tambi\u00e9n est\u00e1 a la vanguardia de un sector tradicional que se ha vuelto cada vez m\u00e1s din\u00e1mico en los \u00faltimos a\u00f1os, el del textil y el cuero. <\/h3> \n\t\t\t\t\t\t\t<\/div>\n\n\t\t\t\t\t<\/div>\n\t\t\t\t<\/div>\n\t\t\t\t<\/div>\n\t\t\t\t<div class=\"elementor-element elementor-element-af07d38 elementor-widget elementor-widget-wd_text_block\" data-id=\"af07d38\" data-element_type=\"widget\" data-widget_type=\"wd_text_block.default\">\n\t\t\t\t<div class=\"elementor-widget-container\">\n\t\t\t\t\t<div class=\"wd-text-block reset-last-child text-left color-scheme-light\">\n\t\t\t\n\t\t\t<p>La principal caracter\u00edstica de este sector es su presencia casi exclusiva en la prefectura de T\u00e1nger-Asilah, especialmente en la zona industrial de Mghogha, que contiene una panoplia de empresas, casi la mitad de las cuales operan en el sector de la confecci\u00f3n, el textil y el cuero, y dan empleo a m\u00e1s de 30.000 trabajadores.<\/p>\n\t\t\t\t\t<\/div>\n\t\t\t\t<\/div>\n\t\t\t\t<\/div>\n\t\t\t\t\t<\/div>\n\t\t<\/div>\n\t\t\t\t\t<\/div>\n\t\t<\/section>\n\t\t\t\t<\/div>","protected":false},"excerpt":{"rendered":"<p>R\u00e9gion de Tanger et Potentiel Industriel Gr\u00e2ce \u00e0 sa position g\u00e9ographique strat\u00e9gique et privil\u00e9gi\u00e9e sur les deux c\u00f4tes m\u00e9diterran\u00e9enne et<\/p>","protected":false},"author":1,"featured_media":0,"parent":0,"menu_order":0,"comment_status":"closed","ping_status":"closed","template":"","meta":{"footnotes":""},"class_list":["post-12641","page","type-page","status-publish","hentry"],"yoast_head":"<!-- This site is optimized with the Yoast SEO Premium plugin v20.12 (Yoast SEO v20.12) - https:\/\/yoast.com\/wordpress\/plugins\/seo\/ -->\n<title>R\u00e9gion de Tanger - ARGUMO<\/title>\n<meta name=\"description\" content=\"R\u00e9gion Tanger-T\u00e9touan-Al Hoceima : plaque tournante commerce maritime, reliant Europe et Afrique, moteur industrialisation.\" \/>\n<meta name=\"robots\" content=\"index, follow, max-snippet:-1, max-image-preview:large, max-video-preview:-1\" \/>\n<link rel=\"canonical\" href=\"https:\/\/argumo.co\/es\/region-de-tanger\/\" \/>\n<meta property=\"og:locale\" content=\"es_ES\" \/>\n<meta property=\"og:type\" content=\"article\" \/>\n<meta property=\"og:title\" content=\"R\u00e9gion de Tanger\" \/>\n<meta property=\"og:description\" content=\"R\u00e9gion Tanger-T\u00e9touan-Al Hoceima : plaque tournante commerce maritime, reliant Europe et Afrique, moteur industrialisation.\" \/>\n<meta property=\"og:url\" content=\"https:\/\/argumo.co\/es\/region-de-tanger\/\" \/>\n<meta property=\"og:site_name\" content=\"ARGUMO\" \/>\n<meta property=\"article:modified_time\" content=\"2023-09-15T11:20:24+00:00\" \/>\n<meta property=\"og:image\" content=\"https:\/\/argumo.co\/wp-content\/uploads\/2022\/11\/moroccan-port-revenue-approaches-pre-pandemic-levels-800x523-1.png\" \/>\n<meta name=\"twitter:card\" content=\"summary_large_image\" \/>\n<meta name=\"twitter:label1\" content=\"Tiempo de lectura\" \/>\n\t<meta name=\"twitter:data1\" content=\"3 minutos\" \/>\n<script type=\"application\/ld+json\" class=\"yoast-schema-graph\">{\"@context\":\"https:\/\/schema.org\",\"@graph\":[{\"@type\":\"WebPage\",\"@id\":\"https:\/\/argumo.co\/fr\/region-de-tanger\/\",\"url\":\"https:\/\/argumo.co\/fr\/region-de-tanger\/\",\"name\":\"R\u00e9gion de Tanger - ARGUMO\",\"isPartOf\":{\"@id\":\"https:\/\/argumo.co\/fr\/#website\"},\"datePublished\":\"2022-11-10T12:06:33+00:00\",\"dateModified\":\"2023-09-15T11:20:24+00:00\",\"description\":\"R\u00e9gion Tanger-T\u00e9touan-Al Hoceima : plaque tournante commerce maritime, reliant Europe et Afrique, moteur industrialisation.\",\"breadcrumb\":{\"@id\":\"https:\/\/argumo.co\/fr\/region-de-tanger\/#breadcrumb\"},\"inLanguage\":\"es\",\"potentialAction\":[{\"@type\":\"ReadAction\",\"target\":[\"https:\/\/argumo.co\/fr\/region-de-tanger\/\"]}]},{\"@type\":\"BreadcrumbList\",\"@id\":\"https:\/\/argumo.co\/fr\/region-de-tanger\/#breadcrumb\",\"itemListElement\":[{\"@type\":\"ListItem\",\"position\":1,\"name\":\"Home\",\"item\":\"https:\/\/argumo.co\/fr\/\"},{\"@type\":\"ListItem\",\"position\":2,\"name\":\"R\u00e9gion de Tanger\"}]},{\"@type\":\"WebSite\",\"@id\":\"https:\/\/argumo.co\/fr\/#website\",\"url\":\"https:\/\/argumo.co\/fr\/\",\"name\":\"ARGUMO\",\"description\":\"Durabilit\u00e9, Confort Finition &amp; S\u00e9duction Intemporelle\",\"potentialAction\":[{\"@type\":\"SearchAction\",\"target\":{\"@type\":\"EntryPoint\",\"urlTemplate\":\"https:\/\/argumo.co\/fr\/?s={search_term_string}\"},\"query-input\":\"required name=search_term_string\"}],\"inLanguage\":\"es\"}]}<\/script>\n<!-- \/ Yoast SEO Premium plugin. -->","yoast_head_json":{"title":"R\u00e9gion de Tanger - ARGUMO","description":"R\u00e9gion Tanger-T\u00e9touan-Al Hoceima : plaque tournante commerce maritime, reliant Europe et Afrique, moteur industrialisation.","robots":{"index":"index","follow":"follow","max-snippet":"max-snippet:-1","max-image-preview":"max-image-preview:large","max-video-preview":"max-video-preview:-1"},"canonical":"https:\/\/argumo.co\/es\/region-de-tanger\/","og_locale":"es_ES","og_type":"article","og_title":"R\u00e9gion de Tanger","og_description":"R\u00e9gion Tanger-T\u00e9touan-Al Hoceima : plaque tournante commerce maritime, reliant Europe et Afrique, moteur industrialisation.","og_url":"https:\/\/argumo.co\/es\/region-de-tanger\/","og_site_name":"ARGUMO","article_modified_time":"2023-09-15T11:20:24+00:00","og_image":[{"url":"https:\/\/argumo.co\/wp-content\/uploads\/2022\/11\/moroccan-port-revenue-approaches-pre-pandemic-levels-800x523-1.png"}],"twitter_card":"summary_large_image","twitter_misc":{"Tiempo de lectura":"3 minutos"},"schema":{"@context":"https:\/\/schema.org","@graph":[{"@type":"WebPage","@id":"https:\/\/argumo.co\/fr\/region-de-tanger\/","url":"https:\/\/argumo.co\/fr\/region-de-tanger\/","name":"R\u00e9gion de Tanger - ARGUMO","isPartOf":{"@id":"https:\/\/argumo.co\/fr\/#website"},"datePublished":"2022-11-10T12:06:33+00:00","dateModified":"2023-09-15T11:20:24+00:00","description":"R\u00e9gion Tanger-T\u00e9touan-Al Hoceima : plaque tournante commerce maritime, reliant Europe et Afrique, moteur industrialisation.","breadcrumb":{"@id":"https:\/\/argumo.co\/fr\/region-de-tanger\/#breadcrumb"},"inLanguage":"es","potentialAction":[{"@type":"ReadAction","target":["https:\/\/argumo.co\/fr\/region-de-tanger\/"]}]},{"@type":"BreadcrumbList","@id":"https:\/\/argumo.co\/fr\/region-de-tanger\/#breadcrumb","itemListElement":[{"@type":"ListItem","position":1,"name":"Home","item":"https:\/\/argumo.co\/fr\/"},{"@type":"ListItem","position":2,"name":"R\u00e9gion de Tanger"}]},{"@type":"WebSite","@id":"https:\/\/argumo.co\/fr\/#website","url":"https:\/\/argumo.co\/fr\/","name":"ARGUMO","description":"Durabilit\u00e9, Confort Finition &amp; S\u00e9duction Intemporelle","potentialAction":[{"@type":"SearchAction","target":{"@type":"EntryPoint","urlTemplate":"https:\/\/argumo.co\/fr\/?s={search_term_string}"},"query-input":"required name=search_term_string"}],"inLanguage":"es"}]}},"_links":{"self":[{"href":"https:\/\/argumo.co\/es\/wp-json\/wp\/v2\/pages\/12641"}],"collection":[{"href":"https:\/\/argumo.co\/es\/wp-json\/wp\/v2\/pages"}],"about":[{"href":"https:\/\/argumo.co\/es\/wp-json\/wp\/v2\/types\/page"}],"author":[{"embeddable":true,"href":"https:\/\/argumo.co\/es\/wp-json\/wp\/v2\/users\/1"}],"replies":[{"embeddable":true,"href":"https:\/\/argumo.co\/es\/wp-json\/wp\/v2\/comments?post=12641"}],"version-history":[{"count":159,"href":"https:\/\/argumo.co\/es\/wp-json\/wp\/v2\/pages\/12641\/revisions"}],"predecessor-version":[{"id":14802,"href":"https:\/\/argumo.co\/es\/wp-json\/wp\/v2\/pages\/12641\/revisions\/14802"}],"wp:attachment":[{"href":"https:\/\/argumo.co\/es\/wp-json\/wp\/v2\/media?parent=12641"}],"curies":[{"name":"wp","href":"https:\/\/api.w.org\/{rel}","templated":true}]}}