{"id":12,"date":"2023-01-06T11:46:25","date_gmt":"2023-01-06T10:46:25","guid":{"rendered":"https:\/\/argumo.co\/?page_id=12"},"modified":"2023-01-06T11:46:58","modified_gmt":"2023-01-06T10:46:58","slug":"politique-de-retour-et-de-remboursement","status":"publish","type":"page","link":"https:\/\/argumo.co\/es\/politique-de-retour-et-de-remboursement\/","title":{"rendered":"Pol\u00edtica de devoluciones y reembolsos"},"content":{"rendered":"<h4 class=\"wp-block-heading\"><strong>\u00daltima actualizaci\u00f3n: 06 enero 2023<\/strong><\/h4><p>En ARGUMO, nos comprometemos a proporcionar a nuestros clientes una experiencia de compra agradable y sin complicaciones. Si no est\u00e1 satisfecho con su compra por cualquier motivo, consulte nuestra pol\u00edtica de devoluciones y reembolsos a continuaci\u00f3n o p\u00f3ngase en contacto con nosotros si no lo tiene claro.<\/p><h3 class=\"wp-block-heading\"><strong>Condiciones de devoluci\u00f3n:<\/strong><\/h3><p>Si desea devolver un pedido, s\u00f3lo tiene que comunic\u00e1rnoslo. Para ello, por favor<strong>o<\/strong>\u00a0puede llamarnos al 0<strong>539 392 69. <\/strong>Por favor, tenga a mano su n\u00famero de pedido; uno de nuestros empleados del servicio de atenci\u00f3n al cliente comprobar\u00e1 los detalles de su pedido y tramitar\u00e1 su devoluci\u00f3n.<\/p><p>Si desea devolver su pedido despu\u00e9s de recibirlo,\u00a0<strong>usted<\/strong>\u00a0deber\u00e1 devolvernos los art\u00edculos en un plazo no superior a 60 d\u00edas a partir de la fecha de recepci\u00f3n de su pedido.<\/p><p>Nos reservamos el derecho a rechazar la devoluci\u00f3n de cualquier producto que no cumpla las siguientes condiciones: los productos devueltos en un plazo de 60 d\u00edas deben estar sin usar y deben devolverse en su embalaje original completo.<\/p><p>Los gastos de devoluci\u00f3n correr\u00e1n a tu cargo, a menos que los zapatos est\u00e9n da\u00f1ados o sean defectuosos.<\/p><h3 class=\"wp-block-heading\"><strong>Condiciones de reembolso:<\/strong><\/h3><p>En caso de devoluci\u00f3n sin cambio: Se le reembolsar\u00e1 el importe de su pedido utilizando el mismo m\u00e9todo de pago empleado originalmente para abonar su compra. Esto se har\u00e1 dentro de los 14 d\u00edas siguientes a la recepci\u00f3n de su devoluci\u00f3n.<\/p><p>Los gastos de env\u00edo no se reembolsar\u00e1n.<\/p><p>Los zapatos personalizados o a medida no pueden acogerse al derecho de desistimiento.<\/p><h3 class=\"wp-block-heading\"><strong>P\u00f3ngase en contacto con nosotros<\/strong><\/h3><p>Si tiene m\u00e1s preguntas o necesita alguna aclaraci\u00f3n, p\u00f3ngase en contacto con nosotros en contact@argumo.co. Estaremos encantados de ayudarle.<\/p><p><\/p>","protected":false},"excerpt":{"rendered":"<p>Derni\u00e8re mise \u00e0 jour : 06 Janvier 2023 Chez ARGUMO, nous nous engageons \u00e0 offrir \u00e0 nos clients une exp\u00e9rience<\/p>","protected":false},"author":1,"featured_media":0,"parent":0,"menu_order":0,"comment_status":"closed","ping_status":"closed","template":"","meta":{"footnotes":""},"class_list":["post-12","page","type-page","status-publish","hentry"],"yoast_head":"<!-- This site is optimized with the Yoast SEO Premium plugin v20.12 (Yoast SEO v20.12) - https:\/\/yoast.com\/wordpress\/plugins\/seo\/ -->\n<title>Politique de retour et de remboursement - ARGUMO<\/title>\n<meta name=\"robots\" content=\"index, follow, max-snippet:-1, max-image-preview:large, max-video-preview:-1\" \/>\n<link rel=\"canonical\" href=\"https:\/\/argumo.co\/es\/politique-de-retour-et-de-remboursement\/\" \/>\n<meta property=\"og:locale\" content=\"es_ES\" \/>\n<meta property=\"og:type\" content=\"article\" \/>\n<meta property=\"og:title\" content=\"Politique de retour et de remboursement\" \/>\n<meta property=\"og:description\" content=\"Derni\u00e8re mise \u00e0 jour : 06 Janvier 2023 Chez ARGUMO, nous nous engageons \u00e0 offrir \u00e0 nos clients une exp\u00e9rience\" \/>\n<meta property=\"og:url\" content=\"https:\/\/argumo.co\/es\/politique-de-retour-et-de-remboursement\/\" \/>\n<meta property=\"og:site_name\" content=\"ARGUMO\" \/>\n<meta property=\"article:modified_time\" content=\"2023-01-06T10:46:58+00:00\" \/>\n<meta name=\"twitter:card\" content=\"summary_large_image\" \/>\n<meta name=\"twitter:label1\" content=\"Tiempo de lectura\" \/>\n\t<meta name=\"twitter:data1\" content=\"2 minutos\" \/>\n<script type=\"application\/ld+json\" class=\"yoast-schema-graph\">{\"@context\":\"https:\/\/schema.org\",\"@graph\":[{\"@type\":\"WebPage\",\"@id\":\"https:\/\/argumo.co\/politique-de-retour-et-de-remboursement\/\",\"url\":\"https:\/\/argumo.co\/politique-de-retour-et-de-remboursement\/\",\"name\":\"Politique de retour et de remboursement - ARGUMO\",\"isPartOf\":{\"@id\":\"https:\/\/argumo.co\/fr\/#website\"},\"datePublished\":\"2023-01-06T10:46:25+00:00\",\"dateModified\":\"2023-01-06T10:46:58+00:00\",\"breadcrumb\":{\"@id\":\"https:\/\/argumo.co\/politique-de-retour-et-de-remboursement\/#breadcrumb\"},\"inLanguage\":\"es\",\"potentialAction\":[{\"@type\":\"ReadAction\",\"target\":[\"https:\/\/argumo.co\/politique-de-retour-et-de-remboursement\/\"]}]},{\"@type\":\"BreadcrumbList\",\"@id\":\"https:\/\/argumo.co\/politique-de-retour-et-de-remboursement\/#breadcrumb\",\"itemListElement\":[{\"@type\":\"ListItem\",\"position\":1,\"name\":\"Home\",\"item\":\"https:\/\/argumo.co\/fr\/\"},{\"@type\":\"ListItem\",\"position\":2,\"name\":\"Politique de retour et de remboursement\"}]},{\"@type\":\"WebSite\",\"@id\":\"https:\/\/argumo.co\/fr\/#website\",\"url\":\"https:\/\/argumo.co\/fr\/\",\"name\":\"ARGUMO\",\"description\":\"Durabilit\u00e9, Confort Finition &amp; S\u00e9duction Intemporelle\",\"potentialAction\":[{\"@type\":\"SearchAction\",\"target\":{\"@type\":\"EntryPoint\",\"urlTemplate\":\"https:\/\/argumo.co\/fr\/?s={search_term_string}\"},\"query-input\":\"required name=search_term_string\"}],\"inLanguage\":\"es\"}]}<\/script>\n<!-- \/ Yoast SEO Premium plugin. -->","yoast_head_json":{"title":"Politique de retour et de remboursement - ARGUMO","robots":{"index":"index","follow":"follow","max-snippet":"max-snippet:-1","max-image-preview":"max-image-preview:large","max-video-preview":"max-video-preview:-1"},"canonical":"https:\/\/argumo.co\/es\/politique-de-retour-et-de-remboursement\/","og_locale":"es_ES","og_type":"article","og_title":"Politique de retour et de remboursement","og_description":"Derni\u00e8re mise \u00e0 jour : 06 Janvier 2023 Chez ARGUMO, nous nous engageons \u00e0 offrir \u00e0 nos clients une exp\u00e9rience","og_url":"https:\/\/argumo.co\/es\/politique-de-retour-et-de-remboursement\/","og_site_name":"ARGUMO","article_modified_time":"2023-01-06T10:46:58+00:00","twitter_card":"summary_large_image","twitter_misc":{"Tiempo de lectura":"2 minutos"},"schema":{"@context":"https:\/\/schema.org","@graph":[{"@type":"WebPage","@id":"https:\/\/argumo.co\/politique-de-retour-et-de-remboursement\/","url":"https:\/\/argumo.co\/politique-de-retour-et-de-remboursement\/","name":"Politique de retour et de remboursement - ARGUMO","isPartOf":{"@id":"https:\/\/argumo.co\/fr\/#website"},"datePublished":"2023-01-06T10:46:25+00:00","dateModified":"2023-01-06T10:46:58+00:00","breadcrumb":{"@id":"https:\/\/argumo.co\/politique-de-retour-et-de-remboursement\/#breadcrumb"},"inLanguage":"es","potentialAction":[{"@type":"ReadAction","target":["https:\/\/argumo.co\/politique-de-retour-et-de-remboursement\/"]}]},{"@type":"BreadcrumbList","@id":"https:\/\/argumo.co\/politique-de-retour-et-de-remboursement\/#breadcrumb","itemListElement":[{"@type":"ListItem","position":1,"name":"Home","item":"https:\/\/argumo.co\/fr\/"},{"@type":"ListItem","position":2,"name":"Politique de retour et de remboursement"}]},{"@type":"WebSite","@id":"https:\/\/argumo.co\/fr\/#website","url":"https:\/\/argumo.co\/fr\/","name":"ARGUMO","description":"Durabilit\u00e9, Confort Finition &amp; S\u00e9duction Intemporelle","potentialAction":[{"@type":"SearchAction","target":{"@type":"EntryPoint","urlTemplate":"https:\/\/argumo.co\/fr\/?s={search_term_string}"},"query-input":"required name=search_term_string"}],"inLanguage":"es"}]}},"_links":{"self":[{"href":"https:\/\/argumo.co\/es\/wp-json\/wp\/v2\/pages\/12"}],"collection":[{"href":"https:\/\/argumo.co\/es\/wp-json\/wp\/v2\/pages"}],"about":[{"href":"https:\/\/argumo.co\/es\/wp-json\/wp\/v2\/types\/page"}],"author":[{"embeddable":true,"href":"https:\/\/argumo.co\/es\/wp-json\/wp\/v2\/users\/1"}],"replies":[{"embeddable":true,"href":"https:\/\/argumo.co\/es\/wp-json\/wp\/v2\/comments?post=12"}],"version-history":[{"count":3,"href":"https:\/\/argumo.co\/es\/wp-json\/wp\/v2\/pages\/12\/revisions"}],"predecessor-version":[{"id":13928,"href":"https:\/\/argumo.co\/es\/wp-json\/wp\/v2\/pages\/12\/revisions\/13928"}],"wp:attachment":[{"href":"https:\/\/argumo.co\/es\/wp-json\/wp\/v2\/media?parent=12"}],"curies":[{"name":"wp","href":"https:\/\/api.w.org\/{rel}","templated":true}]}}