{"id":14500,"date":"2023-08-22T10:49:00","date_gmt":"2023-08-22T09:49:00","guid":{"rendered":"https:\/\/argumo.co\/?post_type=product&#038;p=14500"},"modified":"2023-09-15T13:34:51","modified_gmt":"2023-09-15T12:34:51","slug":"bottes-en-cuir-avec-motif-camouflage-bott-0062","status":"publish","type":"product","link":"https:\/\/argumo.co\/en\/product\/bottes-en-cuir-avec-motif-camouflage-bott-0062\/","title":{"rendered":"Leather boots with Camouflage pattern - BOTT-0062"},"content":{"rendered":"<p>Discover Leather Boots with Camouflage Pattern - BOTT-0062, with their unique camouflage pattern, these versatile booties combine safety and utility for a variety of environments. They feature anti-slip grip to prevent falls, water-repellent 20-22 full-grain leather to resist water, solid mounting for durability, a notched rubber sole for stability and Cordura\u00ae fabric to keep your feet dry.<\/p>","protected":false},"excerpt":{"rendered":"<p>Discover Leather Boots with Camouflage Pattern - BOTT-0062, with their unique camouflage pattern, these versatile booties combine safety and utility for a variety of environments. They feature anti-slip grip to prevent falls, water-repellent 20-22 full-grain leather to resist water, solid mounting for durability, a notched rubber sole for stability and Cordura\u00ae fabric to keep your feet dry.<\/p>","protected":false},"featured_media":14501,"comment_status":"open","ping_status":"closed","template":"","meta":[],"product_cat":[20,166],"product_tag":[],"class_list":{"0":"post-14500","1":"product","2":"type-product","3":"status-publish","4":"has-post-thumbnail","6":"product_cat-tactiques","7":"product_cat-uniforme","9":"first","10":"instock","11":"taxable","12":"shipping-taxable","13":"purchasable","14":"product-type-simple"},"yoast_head":"<!-- This site is optimized with the Yoast SEO Premium plugin v20.12 (Yoast SEO v20.12) - https:\/\/yoast.com\/wordpress\/plugins\/seo\/ -->\n<title>Bottes en cuir avec motif Camouflage - BOTT-0062 - ARGUMO<\/title>\n<meta name=\"description\" content=\"D\u00e9couvrez les Bottes en Cuir avec Motif Camouflage \u2013 BOTT-0062, avec leur motif camouflage unique, allient s\u00e9curit\u00e9 et utilit\u00e9 pour divers environnements.\" \/>\n<meta name=\"robots\" content=\"index, follow, max-snippet:-1, max-image-preview:large, max-video-preview:-1\" \/>\n<link rel=\"canonical\" href=\"https:\/\/argumo.co\/en\/product\/bottes-en-cuir-avec-motif-camouflage-bott-0062\/\" \/>\n<meta property=\"og:locale\" content=\"en_US\" \/>\n<meta property=\"og:type\" content=\"article\" \/>\n<meta property=\"og:title\" content=\"Bottes en cuir avec motif Camouflage - BOTT-0062\" \/>\n<meta property=\"og:description\" content=\"D\u00e9couvrez les Bottes en Cuir avec Motif Camouflage \u2013 BOTT-0062, avec leur motif camouflage unique, allient s\u00e9curit\u00e9 et utilit\u00e9 pour divers environnements.\" \/>\n<meta property=\"og:url\" content=\"https:\/\/argumo.co\/en\/product\/bottes-en-cuir-avec-motif-camouflage-bott-0062\/\" \/>\n<meta property=\"og:site_name\" content=\"ARGUMO\" \/>\n<meta property=\"article:modified_time\" content=\"2023-09-15T12:34:51+00:00\" \/>\n<meta property=\"og:image\" content=\"https:\/\/argumo.co\/wp-content\/uploads\/2023\/08\/P1164764-min.webp\" \/>\n\t<meta property=\"og:image:width\" content=\"1800\" \/>\n\t<meta property=\"og:image:height\" content=\"2160\" \/>\n\t<meta property=\"og:image:type\" content=\"image\/webp\" \/>\n<meta name=\"twitter:card\" content=\"summary_large_image\" \/>\n<meta name=\"twitter:label1\" content=\"Price\" \/>\n\t<meta name=\"twitter:data1\" content=\"1.00&nbsp;&euro;\" \/>\n\t<meta name=\"twitter:label2\" content=\"Availability\" \/>\n\t<meta name=\"twitter:data2\" content=\"In stock\" \/>\n<script type=\"application\/ld+json\" class=\"yoast-schema-graph\">{\"@context\":\"https:\/\/schema.org\",\"@graph\":[{\"@type\":\"WebPage\",\"@id\":\"https:\/\/argumo.co\/produit\/bottes-en-cuir-avec-motif-camouflage-bott-0062\/\",\"url\":\"https:\/\/argumo.co\/produit\/bottes-en-cuir-avec-motif-camouflage-bott-0062\/\",\"name\":\"Bottes en cuir avec motif Camouflage - BOTT-0062 - ARGUMO\",\"isPartOf\":{\"@id\":\"https:\/\/argumo.co\/fr\/#website\"},\"datePublished\":\"2023-08-22T09:49:00+00:00\",\"dateModified\":\"2023-09-15T12:34:51+00:00\",\"description\":\"D\u00e9couvrez les Bottes en Cuir avec Motif Camouflage \u2013 BOTT-0062, avec leur motif camouflage unique, allient s\u00e9curit\u00e9 et utilit\u00e9 pour divers environnements.\",\"breadcrumb\":{\"@id\":\"https:\/\/argumo.co\/produit\/bottes-en-cuir-avec-motif-camouflage-bott-0062\/#breadcrumb\"},\"inLanguage\":\"en-US\",\"potentialAction\":[{\"@type\":\"ReadAction\",\"target\":[\"https:\/\/argumo.co\/produit\/bottes-en-cuir-avec-motif-camouflage-bott-0062\/\"]}]},{\"@type\":\"BreadcrumbList\",\"@id\":\"https:\/\/argumo.co\/produit\/bottes-en-cuir-avec-motif-camouflage-bott-0062\/#breadcrumb\",\"itemListElement\":[{\"@type\":\"ListItem\",\"position\":1,\"name\":\"Home\",\"item\":\"https:\/\/argumo.co\/fr\/\"},{\"@type\":\"ListItem\",\"position\":2,\"name\":\"Catalogue de chaussures\",\"item\":\"https:\/\/argumo.co\/boutique\/\"},{\"@type\":\"ListItem\",\"position\":3,\"name\":\"Bottes en cuir avec motif Camouflage &#8211; BOTT-0062\"}]},{\"@type\":\"WebSite\",\"@id\":\"https:\/\/argumo.co\/fr\/#website\",\"url\":\"https:\/\/argumo.co\/fr\/\",\"name\":\"ARGUMO\",\"description\":\"Durabilit\u00e9, Confort Finition &amp; S\u00e9duction Intemporelle\",\"potentialAction\":[{\"@type\":\"SearchAction\",\"target\":{\"@type\":\"EntryPoint\",\"urlTemplate\":\"https:\/\/argumo.co\/fr\/?s={search_term_string}\"},\"query-input\":\"required name=search_term_string\"}],\"inLanguage\":\"en-US\"}]}<\/script>\n<meta property=\"product:price:amount\" content=\"1.00\" \/>\n<meta property=\"product:price:currency\" content=\"EUR\" \/>\n<meta property=\"og:availability\" content=\"instock\" \/>\n<meta property=\"product:availability\" content=\"instock\" \/>\n<meta property=\"product:condition\" content=\"new\" \/>\n<!-- \/ Yoast SEO Premium plugin. -->","yoast_head_json":{"title":"Bottes en cuir avec motif Camouflage - BOTT-0062 - ARGUMO","description":"D\u00e9couvrez les Bottes en Cuir avec Motif Camouflage \u2013 BOTT-0062, avec leur motif camouflage unique, allient s\u00e9curit\u00e9 et utilit\u00e9 pour divers environnements.","robots":{"index":"index","follow":"follow","max-snippet":"max-snippet:-1","max-image-preview":"max-image-preview:large","max-video-preview":"max-video-preview:-1"},"canonical":"https:\/\/argumo.co\/en\/product\/bottes-en-cuir-avec-motif-camouflage-bott-0062\/","og_locale":"en_US","og_type":"article","og_title":"Bottes en cuir avec motif Camouflage - BOTT-0062","og_description":"D\u00e9couvrez les Bottes en Cuir avec Motif Camouflage \u2013 BOTT-0062, avec leur motif camouflage unique, allient s\u00e9curit\u00e9 et utilit\u00e9 pour divers environnements.","og_url":"https:\/\/argumo.co\/en\/product\/bottes-en-cuir-avec-motif-camouflage-bott-0062\/","og_site_name":"ARGUMO","article_modified_time":"2023-09-15T12:34:51+00:00","og_image":[{"width":1800,"height":2160,"url":"https:\/\/argumo.co\/wp-content\/uploads\/2023\/08\/P1164764-min.webp","type":"image\/webp"}],"twitter_card":"summary_large_image","twitter_misc":{"Price":"1.00&nbsp;&euro;","Availability":"In stock"},"schema":{"@context":"https:\/\/schema.org","@graph":[{"@type":"WebPage","@id":"https:\/\/argumo.co\/produit\/bottes-en-cuir-avec-motif-camouflage-bott-0062\/","url":"https:\/\/argumo.co\/produit\/bottes-en-cuir-avec-motif-camouflage-bott-0062\/","name":"Bottes en cuir avec motif Camouflage - BOTT-0062 - ARGUMO","isPartOf":{"@id":"https:\/\/argumo.co\/fr\/#website"},"datePublished":"2023-08-22T09:49:00+00:00","dateModified":"2023-09-15T12:34:51+00:00","description":"D\u00e9couvrez les Bottes en Cuir avec Motif Camouflage \u2013 BOTT-0062, avec leur motif camouflage unique, allient s\u00e9curit\u00e9 et utilit\u00e9 pour divers environnements.","breadcrumb":{"@id":"https:\/\/argumo.co\/produit\/bottes-en-cuir-avec-motif-camouflage-bott-0062\/#breadcrumb"},"inLanguage":"en-US","potentialAction":[{"@type":"ReadAction","target":["https:\/\/argumo.co\/produit\/bottes-en-cuir-avec-motif-camouflage-bott-0062\/"]}]},{"@type":"BreadcrumbList","@id":"https:\/\/argumo.co\/produit\/bottes-en-cuir-avec-motif-camouflage-bott-0062\/#breadcrumb","itemListElement":[{"@type":"ListItem","position":1,"name":"Home","item":"https:\/\/argumo.co\/fr\/"},{"@type":"ListItem","position":2,"name":"Catalogue de chaussures","item":"https:\/\/argumo.co\/boutique\/"},{"@type":"ListItem","position":3,"name":"Bottes en cuir avec motif Camouflage &#8211; BOTT-0062"}]},{"@type":"WebSite","@id":"https:\/\/argumo.co\/fr\/#website","url":"https:\/\/argumo.co\/fr\/","name":"ARGUMO","description":"Durabilit\u00e9, Confort Finition &amp; S\u00e9duction Intemporelle","potentialAction":[{"@type":"SearchAction","target":{"@type":"EntryPoint","urlTemplate":"https:\/\/argumo.co\/fr\/?s={search_term_string}"},"query-input":"required name=search_term_string"}],"inLanguage":"en-US"}]},"product_price_amount":"1.00","product_price_currency":"EUR","og_availability":"instock","product_availability":"instock","product_condition":"new"},"_links":{"self":[{"href":"https:\/\/argumo.co\/en\/wp-json\/wp\/v2\/product\/14500"}],"collection":[{"href":"https:\/\/argumo.co\/en\/wp-json\/wp\/v2\/product"}],"about":[{"href":"https:\/\/argumo.co\/en\/wp-json\/wp\/v2\/types\/product"}],"replies":[{"embeddable":true,"href":"https:\/\/argumo.co\/en\/wp-json\/wp\/v2\/comments?post=14500"}],"version-history":[{"count":5,"href":"https:\/\/argumo.co\/en\/wp-json\/wp\/v2\/product\/14500\/revisions"}],"predecessor-version":[{"id":15453,"href":"https:\/\/argumo.co\/en\/wp-json\/wp\/v2\/product\/14500\/revisions\/15453"}],"wp:featuredmedia":[{"embeddable":true,"href":"https:\/\/argumo.co\/en\/wp-json\/wp\/v2\/media\/14501"}],"wp:attachment":[{"href":"https:\/\/argumo.co\/en\/wp-json\/wp\/v2\/media?parent=14500"}],"wp:term":[{"taxonomy":"product_cat","embeddable":true,"href":"https:\/\/argumo.co\/en\/wp-json\/wp\/v2\/product_cat?post=14500"},{"taxonomy":"product_tag","embeddable":true,"href":"https:\/\/argumo.co\/en\/wp-json\/wp\/v2\/product_tag?post=14500"}],"curies":[{"name":"wp","href":"https:\/\/api.w.org\/{rel}","templated":true}]}}