{"id":14456,"date":"2023-08-17T18:20:48","date_gmt":"2023-08-17T17:20:48","guid":{"rendered":"https:\/\/argumo.co\/?post_type=product&#038;p=14456"},"modified":"2023-08-29T16:23:32","modified_gmt":"2023-08-29T15:23:32","slug":"boots-elastique","status":"publish","type":"product","link":"https:\/\/argumo.co\/en\/product\/boots-elastique\/","title":{"rendered":"Elastic leather boots - BOT 0047-CE"},"content":{"rendered":"<p>Discover elegant elastic boots in black leather. Available in a range of sizes, these boots combine simplicity and quality. Made from 16-18 mm full-grain leather, they offer durability and style. With welded construction, these boots provide solid construction for a variety of occasions, from casual to formal.<\/p>","protected":false},"excerpt":{"rendered":"<p>Discover elegant elastic boots in black leather. Available in a range of sizes, these boots combine simplicity and quality. Made from 16-18 mm full-grain leather, they offer durability and style. With Good-Year\u00ae mounting, these boots provide solid construction for a variety of occasions, from casual to formal.<\/p>","protected":false},"featured_media":14458,"comment_status":"open","ping_status":"closed","template":"","meta":[],"product_cat":[167,166],"product_tag":[],"class_list":{"0":"post-14456","1":"product","2":"type-product","3":"status-publish","4":"has-post-thumbnail","6":"product_cat-industrie","7":"product_cat-uniforme","9":"first","10":"instock","11":"taxable","12":"shipping-taxable","13":"purchasable","14":"product-type-simple"},"yoast_head":"<!-- This site is optimized with the Yoast SEO Premium plugin v20.12 (Yoast SEO v20.12) - https:\/\/yoast.com\/wordpress\/plugins\/seo\/ -->\n<title>Bottines \u00e9lastiques en cuir - BOT 0047-CE - ARGUMO<\/title>\n<meta name=\"robots\" content=\"index, follow, max-snippet:-1, max-image-preview:large, max-video-preview:-1\" \/>\n<link rel=\"canonical\" href=\"https:\/\/argumo.co\/en\/product\/boots-elastique\/\" \/>\n<meta property=\"og:locale\" content=\"en_US\" \/>\n<meta property=\"og:type\" content=\"article\" \/>\n<meta property=\"og:title\" content=\"Bottines \u00e9lastiques en cuir - BOT 0047-CE\" \/>\n<meta property=\"og:description\" content=\"D\u00e9couvrez les \u00e9l\u00e9gantes Boots \u00e9lastique en cuir noir. Disponibles dans une gamme de pointures, ces boots allient simplicit\u00e9 et qualit\u00e9. Fabriqu\u00e9s en cuir pleine fleur de 16-18 mm, ils offrent durabilit\u00e9 et style. Avec le montage Good-Year\u00ae, ces boots assurent une construction solide pour diverses occasions, du d\u00e9contract\u00e9 au formel.\" \/>\n<meta property=\"og:url\" content=\"https:\/\/argumo.co\/en\/product\/boots-elastique\/\" \/>\n<meta property=\"og:site_name\" content=\"ARGUMO\" \/>\n<meta property=\"article:modified_time\" content=\"2023-08-29T15:23:32+00:00\" \/>\n<meta property=\"og:image\" content=\"https:\/\/argumo.co\/wp-content\/uploads\/2023\/08\/Groupe-3-min.webp\" \/>\n\t<meta property=\"og:image:width\" content=\"1800\" \/>\n\t<meta property=\"og:image:height\" content=\"2067\" \/>\n\t<meta property=\"og:image:type\" content=\"image\/webp\" \/>\n<meta name=\"twitter:card\" content=\"summary_large_image\" \/>\n<meta name=\"twitter:label1\" content=\"Price\" \/>\n\t<meta name=\"twitter:data1\" content=\"1.00&nbsp;&euro;\" \/>\n\t<meta name=\"twitter:label2\" content=\"Availability\" \/>\n\t<meta name=\"twitter:data2\" content=\"In stock\" \/>\n<script type=\"application\/ld+json\" class=\"yoast-schema-graph\">{\"@context\":\"https:\/\/schema.org\",\"@graph\":[{\"@type\":\"WebPage\",\"@id\":\"https:\/\/argumo.co\/produit\/boots-elastique\/\",\"url\":\"https:\/\/argumo.co\/produit\/boots-elastique\/\",\"name\":\"Bottines \u00e9lastiques en cuir - BOT 0047-CE - ARGUMO\",\"isPartOf\":{\"@id\":\"https:\/\/argumo.co\/fr\/#website\"},\"datePublished\":\"2023-08-17T17:20:48+00:00\",\"dateModified\":\"2023-08-29T15:23:32+00:00\",\"breadcrumb\":{\"@id\":\"https:\/\/argumo.co\/produit\/boots-elastique\/#breadcrumb\"},\"inLanguage\":\"en-US\",\"potentialAction\":[{\"@type\":\"ReadAction\",\"target\":[\"https:\/\/argumo.co\/produit\/boots-elastique\/\"]}]},{\"@type\":\"BreadcrumbList\",\"@id\":\"https:\/\/argumo.co\/produit\/boots-elastique\/#breadcrumb\",\"itemListElement\":[{\"@type\":\"ListItem\",\"position\":1,\"name\":\"Home\",\"item\":\"https:\/\/argumo.co\/fr\/\"},{\"@type\":\"ListItem\",\"position\":2,\"name\":\"Catalogue de chaussures\",\"item\":\"https:\/\/argumo.co\/boutique\/\"},{\"@type\":\"ListItem\",\"position\":3,\"name\":\"Bottines \u00e9lastiques en cuir &#8211; BOT 0047-CE\"}]},{\"@type\":\"WebSite\",\"@id\":\"https:\/\/argumo.co\/fr\/#website\",\"url\":\"https:\/\/argumo.co\/fr\/\",\"name\":\"ARGUMO\",\"description\":\"Durabilit\u00e9, Confort Finition &amp; S\u00e9duction Intemporelle\",\"potentialAction\":[{\"@type\":\"SearchAction\",\"target\":{\"@type\":\"EntryPoint\",\"urlTemplate\":\"https:\/\/argumo.co\/fr\/?s={search_term_string}\"},\"query-input\":\"required name=search_term_string\"}],\"inLanguage\":\"en-US\"}]}<\/script>\n<meta property=\"product:price:amount\" content=\"1.00\" \/>\n<meta property=\"product:price:currency\" content=\"EUR\" \/>\n<meta property=\"og:availability\" content=\"instock\" \/>\n<meta property=\"product:availability\" content=\"instock\" \/>\n<meta property=\"product:condition\" content=\"new\" \/>\n<!-- \/ Yoast SEO Premium plugin. -->","yoast_head_json":{"title":"Bottines \u00e9lastiques en cuir - BOT 0047-CE - ARGUMO","robots":{"index":"index","follow":"follow","max-snippet":"max-snippet:-1","max-image-preview":"max-image-preview:large","max-video-preview":"max-video-preview:-1"},"canonical":"https:\/\/argumo.co\/en\/product\/boots-elastique\/","og_locale":"en_US","og_type":"article","og_title":"Bottines \u00e9lastiques en cuir - BOT 0047-CE","og_description":"D\u00e9couvrez les \u00e9l\u00e9gantes Boots \u00e9lastique en cuir noir. Disponibles dans une gamme de pointures, ces boots allient simplicit\u00e9 et qualit\u00e9. Fabriqu\u00e9s en cuir pleine fleur de 16-18 mm, ils offrent durabilit\u00e9 et style. Avec le montage Good-Year\u00ae, ces boots assurent une construction solide pour diverses occasions, du d\u00e9contract\u00e9 au formel.","og_url":"https:\/\/argumo.co\/en\/product\/boots-elastique\/","og_site_name":"ARGUMO","article_modified_time":"2023-08-29T15:23:32+00:00","og_image":[{"width":1800,"height":2067,"url":"https:\/\/argumo.co\/wp-content\/uploads\/2023\/08\/Groupe-3-min.webp","type":"image\/webp"}],"twitter_card":"summary_large_image","twitter_misc":{"Price":"1.00&nbsp;&euro;","Availability":"In stock"},"schema":{"@context":"https:\/\/schema.org","@graph":[{"@type":"WebPage","@id":"https:\/\/argumo.co\/produit\/boots-elastique\/","url":"https:\/\/argumo.co\/produit\/boots-elastique\/","name":"Bottines \u00e9lastiques en cuir - BOT 0047-CE - ARGUMO","isPartOf":{"@id":"https:\/\/argumo.co\/fr\/#website"},"datePublished":"2023-08-17T17:20:48+00:00","dateModified":"2023-08-29T15:23:32+00:00","breadcrumb":{"@id":"https:\/\/argumo.co\/produit\/boots-elastique\/#breadcrumb"},"inLanguage":"en-US","potentialAction":[{"@type":"ReadAction","target":["https:\/\/argumo.co\/produit\/boots-elastique\/"]}]},{"@type":"BreadcrumbList","@id":"https:\/\/argumo.co\/produit\/boots-elastique\/#breadcrumb","itemListElement":[{"@type":"ListItem","position":1,"name":"Home","item":"https:\/\/argumo.co\/fr\/"},{"@type":"ListItem","position":2,"name":"Catalogue de chaussures","item":"https:\/\/argumo.co\/boutique\/"},{"@type":"ListItem","position":3,"name":"Bottines \u00e9lastiques en cuir &#8211; BOT 0047-CE"}]},{"@type":"WebSite","@id":"https:\/\/argumo.co\/fr\/#website","url":"https:\/\/argumo.co\/fr\/","name":"ARGUMO","description":"Durabilit\u00e9, Confort Finition &amp; S\u00e9duction Intemporelle","potentialAction":[{"@type":"SearchAction","target":{"@type":"EntryPoint","urlTemplate":"https:\/\/argumo.co\/fr\/?s={search_term_string}"},"query-input":"required name=search_term_string"}],"inLanguage":"en-US"}]},"product_price_amount":"1.00","product_price_currency":"EUR","og_availability":"instock","product_availability":"instock","product_condition":"new"},"_links":{"self":[{"href":"https:\/\/argumo.co\/en\/wp-json\/wp\/v2\/product\/14456"}],"collection":[{"href":"https:\/\/argumo.co\/en\/wp-json\/wp\/v2\/product"}],"about":[{"href":"https:\/\/argumo.co\/en\/wp-json\/wp\/v2\/types\/product"}],"replies":[{"embeddable":true,"href":"https:\/\/argumo.co\/en\/wp-json\/wp\/v2\/comments?post=14456"}],"version-history":[{"count":4,"href":"https:\/\/argumo.co\/en\/wp-json\/wp\/v2\/product\/14456\/revisions"}],"predecessor-version":[{"id":14777,"href":"https:\/\/argumo.co\/en\/wp-json\/wp\/v2\/product\/14456\/revisions\/14777"}],"wp:featuredmedia":[{"embeddable":true,"href":"https:\/\/argumo.co\/en\/wp-json\/wp\/v2\/media\/14458"}],"wp:attachment":[{"href":"https:\/\/argumo.co\/en\/wp-json\/wp\/v2\/media?parent=14456"}],"wp:term":[{"taxonomy":"product_cat","embeddable":true,"href":"https:\/\/argumo.co\/en\/wp-json\/wp\/v2\/product_cat?post=14456"},{"taxonomy":"product_tag","embeddable":true,"href":"https:\/\/argumo.co\/en\/wp-json\/wp\/v2\/product_tag?post=14456"}],"curies":[{"name":"wp","href":"https:\/\/api.w.org\/{rel}","templated":true}]}}