{"id":14437,"date":"2023-08-17T17:43:01","date_gmt":"2023-08-17T16:43:01","guid":{"rendered":"https:\/\/argumo.co\/?post_type=product&#038;p=14437"},"modified":"2023-08-22T10:29:04","modified_gmt":"2023-08-22T09:29:04","slug":"bottes-tactique-avec-motif-camouflage-bott-0002","status":"publish","type":"product","link":"https:\/\/argumo.co\/en\/product\/bottes-tactique-avec-motif-camouflage-bott-0002\/","title":{"rendered":"Tactical boots with Camouflage pattern - BOTT-0061"},"content":{"rendered":"<p>BOTT-0061 Tactical Boots combine style and comfort with their distinctive camouflage pattern. These boots are designed to offer excellent grip thanks to their anti-slip feature, preventing slips and falls. Made from 18-20 beige croute velvet leather and solidly mounted, they offer durability and sturdiness. The notched rubber sole ensures optimum grip, even on difficult surfaces. Cordura\u00ae fabric ensures that your feet stay dry in a variety of conditions.<\/p>","protected":false},"excerpt":{"rendered":"<p>BOTT-0061 Tactical Boots combine style and comfort with their distinctive camouflage pattern. These boots are designed to offer excellent grip thanks to their anti-slip feature, preventing slips and falls. Made from 18-20 beige croute velvet leather and solidly mounted, they offer durability and sturdiness. The notched rubber sole ensures optimum grip, even on difficult surfaces. Cordura\u00ae fabric ensures that your feet stay dry in a variety of conditions.<\/p>","protected":false},"featured_media":14440,"comment_status":"open","ping_status":"closed","template":"","meta":[],"product_cat":[20,166],"product_tag":[],"class_list":{"0":"post-14437","1":"product","2":"type-product","3":"status-publish","4":"has-post-thumbnail","6":"product_cat-tactiques","7":"product_cat-uniforme","9":"first","10":"instock","11":"taxable","12":"shipping-taxable","13":"purchasable","14":"product-type-simple"},"yoast_head":"<!-- This site is optimized with the Yoast SEO Premium plugin v20.12 (Yoast SEO v20.12) - https:\/\/yoast.com\/wordpress\/plugins\/seo\/ -->\n<title>Bottes Tactique avec motif Camouflage - BOTT-0061 - ARGUMO<\/title>\n<meta name=\"robots\" content=\"index, follow, max-snippet:-1, max-image-preview:large, max-video-preview:-1\" \/>\n<link rel=\"canonical\" href=\"https:\/\/argumo.co\/en\/product\/bottes-tactique-avec-motif-camouflage-bott-0002\/\" \/>\n<meta property=\"og:locale\" content=\"en_US\" \/>\n<meta property=\"og:type\" content=\"article\" \/>\n<meta property=\"og:title\" content=\"Bottes Tactique avec motif Camouflage - BOTT-0061\" \/>\n<meta property=\"og:description\" content=\"Les Bottes Tactiques BOTT-0061 combinent style et confort avec leur motif camouflage distinctif. Ces bottes\u00a0 con\u00e7ues pour offrir une excellente adh\u00e9rence gr\u00e2ce \u00e0 leur caract\u00e9ristique antid\u00e9rapante, \u00e9vitant ainsi les chutes par glissade. Fabriqu\u00e9es en cuir de croute velours beige 18-20 et mont\u00e9es de mani\u00e8re solide, elles offrent durabilit\u00e9 et robustesse. La semelle en caoutchouc crant\u00e9 assure une adh\u00e9rence optimale, m\u00eame sur des surfaces difficiles. Le tissu Cordura\u00ae garantit que vos pieds resteront au sec dans diverses conditions.\" \/>\n<meta property=\"og:url\" content=\"https:\/\/argumo.co\/en\/product\/bottes-tactique-avec-motif-camouflage-bott-0002\/\" \/>\n<meta property=\"og:site_name\" content=\"ARGUMO\" \/>\n<meta property=\"article:modified_time\" content=\"2023-08-22T09:29:04+00:00\" \/>\n<meta property=\"og:image\" content=\"https:\/\/argumo.co\/wp-content\/uploads\/2023\/08\/Groupe-60-min.webp\" \/>\n\t<meta property=\"og:image:width\" content=\"1800\" \/>\n\t<meta property=\"og:image:height\" content=\"2160\" \/>\n\t<meta property=\"og:image:type\" content=\"image\/webp\" \/>\n<meta name=\"twitter:card\" content=\"summary_large_image\" \/>\n<meta name=\"twitter:label1\" content=\"Price\" \/>\n\t<meta name=\"twitter:data1\" content=\"1.00&nbsp;&euro;\" \/>\n\t<meta name=\"twitter:label2\" content=\"Availability\" \/>\n\t<meta name=\"twitter:data2\" content=\"In stock\" \/>\n<script type=\"application\/ld+json\" class=\"yoast-schema-graph\">{\"@context\":\"https:\/\/schema.org\",\"@graph\":[{\"@type\":\"WebPage\",\"@id\":\"https:\/\/argumo.co\/produit\/bottes-tactique-avec-motif-camouflage-bott-0002\/\",\"url\":\"https:\/\/argumo.co\/produit\/bottes-tactique-avec-motif-camouflage-bott-0002\/\",\"name\":\"Bottes Tactique avec motif Camouflage - BOTT-0061 - ARGUMO\",\"isPartOf\":{\"@id\":\"https:\/\/argumo.co\/fr\/#website\"},\"datePublished\":\"2023-08-17T16:43:01+00:00\",\"dateModified\":\"2023-08-22T09:29:04+00:00\",\"breadcrumb\":{\"@id\":\"https:\/\/argumo.co\/produit\/bottes-tactique-avec-motif-camouflage-bott-0002\/#breadcrumb\"},\"inLanguage\":\"en-US\",\"potentialAction\":[{\"@type\":\"ReadAction\",\"target\":[\"https:\/\/argumo.co\/produit\/bottes-tactique-avec-motif-camouflage-bott-0002\/\"]}]},{\"@type\":\"BreadcrumbList\",\"@id\":\"https:\/\/argumo.co\/produit\/bottes-tactique-avec-motif-camouflage-bott-0002\/#breadcrumb\",\"itemListElement\":[{\"@type\":\"ListItem\",\"position\":1,\"name\":\"Home\",\"item\":\"https:\/\/argumo.co\/fr\/\"},{\"@type\":\"ListItem\",\"position\":2,\"name\":\"Catalogue de chaussures\",\"item\":\"https:\/\/argumo.co\/boutique\/\"},{\"@type\":\"ListItem\",\"position\":3,\"name\":\"Bottes Tactique avec motif Camouflage &#8211; BOTT-0061\"}]},{\"@type\":\"WebSite\",\"@id\":\"https:\/\/argumo.co\/fr\/#website\",\"url\":\"https:\/\/argumo.co\/fr\/\",\"name\":\"ARGUMO\",\"description\":\"Durabilit\u00e9, Confort Finition &amp; S\u00e9duction Intemporelle\",\"potentialAction\":[{\"@type\":\"SearchAction\",\"target\":{\"@type\":\"EntryPoint\",\"urlTemplate\":\"https:\/\/argumo.co\/fr\/?s={search_term_string}\"},\"query-input\":\"required name=search_term_string\"}],\"inLanguage\":\"en-US\"}]}<\/script>\n<meta property=\"product:price:amount\" content=\"1.00\" \/>\n<meta property=\"product:price:currency\" content=\"EUR\" \/>\n<meta property=\"og:availability\" content=\"instock\" \/>\n<meta property=\"product:availability\" content=\"instock\" \/>\n<meta property=\"product:condition\" content=\"new\" \/>\n<!-- \/ Yoast SEO Premium plugin. -->","yoast_head_json":{"title":"Bottes Tactique avec motif Camouflage - BOTT-0061 - ARGUMO","robots":{"index":"index","follow":"follow","max-snippet":"max-snippet:-1","max-image-preview":"max-image-preview:large","max-video-preview":"max-video-preview:-1"},"canonical":"https:\/\/argumo.co\/en\/product\/bottes-tactique-avec-motif-camouflage-bott-0002\/","og_locale":"en_US","og_type":"article","og_title":"Bottes Tactique avec motif Camouflage - BOTT-0061","og_description":"Les Bottes Tactiques BOTT-0061 combinent style et confort avec leur motif camouflage distinctif. Ces bottes\u00a0 con\u00e7ues pour offrir une excellente adh\u00e9rence gr\u00e2ce \u00e0 leur caract\u00e9ristique antid\u00e9rapante, \u00e9vitant ainsi les chutes par glissade. Fabriqu\u00e9es en cuir de croute velours beige 18-20 et mont\u00e9es de mani\u00e8re solide, elles offrent durabilit\u00e9 et robustesse. La semelle en caoutchouc crant\u00e9 assure une adh\u00e9rence optimale, m\u00eame sur des surfaces difficiles. Le tissu Cordura\u00ae garantit que vos pieds resteront au sec dans diverses conditions.","og_url":"https:\/\/argumo.co\/en\/product\/bottes-tactique-avec-motif-camouflage-bott-0002\/","og_site_name":"ARGUMO","article_modified_time":"2023-08-22T09:29:04+00:00","og_image":[{"width":1800,"height":2160,"url":"https:\/\/argumo.co\/wp-content\/uploads\/2023\/08\/Groupe-60-min.webp","type":"image\/webp"}],"twitter_card":"summary_large_image","twitter_misc":{"Price":"1.00&nbsp;&euro;","Availability":"In stock"},"schema":{"@context":"https:\/\/schema.org","@graph":[{"@type":"WebPage","@id":"https:\/\/argumo.co\/produit\/bottes-tactique-avec-motif-camouflage-bott-0002\/","url":"https:\/\/argumo.co\/produit\/bottes-tactique-avec-motif-camouflage-bott-0002\/","name":"Bottes Tactique avec motif Camouflage - BOTT-0061 - ARGUMO","isPartOf":{"@id":"https:\/\/argumo.co\/fr\/#website"},"datePublished":"2023-08-17T16:43:01+00:00","dateModified":"2023-08-22T09:29:04+00:00","breadcrumb":{"@id":"https:\/\/argumo.co\/produit\/bottes-tactique-avec-motif-camouflage-bott-0002\/#breadcrumb"},"inLanguage":"en-US","potentialAction":[{"@type":"ReadAction","target":["https:\/\/argumo.co\/produit\/bottes-tactique-avec-motif-camouflage-bott-0002\/"]}]},{"@type":"BreadcrumbList","@id":"https:\/\/argumo.co\/produit\/bottes-tactique-avec-motif-camouflage-bott-0002\/#breadcrumb","itemListElement":[{"@type":"ListItem","position":1,"name":"Home","item":"https:\/\/argumo.co\/fr\/"},{"@type":"ListItem","position":2,"name":"Catalogue de chaussures","item":"https:\/\/argumo.co\/boutique\/"},{"@type":"ListItem","position":3,"name":"Bottes Tactique avec motif Camouflage &#8211; BOTT-0061"}]},{"@type":"WebSite","@id":"https:\/\/argumo.co\/fr\/#website","url":"https:\/\/argumo.co\/fr\/","name":"ARGUMO","description":"Durabilit\u00e9, Confort Finition &amp; S\u00e9duction Intemporelle","potentialAction":[{"@type":"SearchAction","target":{"@type":"EntryPoint","urlTemplate":"https:\/\/argumo.co\/fr\/?s={search_term_string}"},"query-input":"required name=search_term_string"}],"inLanguage":"en-US"}]},"product_price_amount":"1.00","product_price_currency":"EUR","og_availability":"instock","product_availability":"instock","product_condition":"new"},"_links":{"self":[{"href":"https:\/\/argumo.co\/en\/wp-json\/wp\/v2\/product\/14437"}],"collection":[{"href":"https:\/\/argumo.co\/en\/wp-json\/wp\/v2\/product"}],"about":[{"href":"https:\/\/argumo.co\/en\/wp-json\/wp\/v2\/types\/product"}],"replies":[{"embeddable":true,"href":"https:\/\/argumo.co\/en\/wp-json\/wp\/v2\/comments?post=14437"}],"version-history":[{"count":5,"href":"https:\/\/argumo.co\/en\/wp-json\/wp\/v2\/product\/14437\/revisions"}],"predecessor-version":[{"id":14495,"href":"https:\/\/argumo.co\/en\/wp-json\/wp\/v2\/product\/14437\/revisions\/14495"}],"wp:featuredmedia":[{"embeddable":true,"href":"https:\/\/argumo.co\/en\/wp-json\/wp\/v2\/media\/14440"}],"wp:attachment":[{"href":"https:\/\/argumo.co\/en\/wp-json\/wp\/v2\/media?parent=14437"}],"wp:term":[{"taxonomy":"product_cat","embeddable":true,"href":"https:\/\/argumo.co\/en\/wp-json\/wp\/v2\/product_cat?post=14437"},{"taxonomy":"product_tag","embeddable":true,"href":"https:\/\/argumo.co\/en\/wp-json\/wp\/v2\/product_tag?post=14437"}],"curies":[{"name":"wp","href":"https:\/\/api.w.org\/{rel}","templated":true}]}}