{"id":13094,"date":"2022-11-30T15:48:24","date_gmt":"2022-11-30T14:48:24","guid":{"rendered":"https:\/\/argumo.co\/?post_type=product&#038;p=13094"},"modified":"2023-08-23T10:54:07","modified_gmt":"2023-08-23T09:54:07","slug":"tactique-obsra","status":"publish","type":"product","link":"https:\/\/argumo.co\/en\/product\/tactique-obsra\/","title":{"rendered":"Black leather shoes - Tactique OB+SRA"},"content":{"rendered":"<p>Discover the OB+SRA Tactical Black Leather Shoes, ISO-certified for quality performance. Available in a range of sizes, these water-repellent full-grain leather shoes (20-22 mm) combine durability and moisture resistance. Anti-slip features and welded construction ensure safety and durability. With a notched rubber sole and waterproof Cordura\u00ae fabric, they offer grip and protection. An elegant, functional choice for tactical missions and interventions.<\/p>","protected":false},"excerpt":{"rendered":"<p>Discover the OB+SRA Tactical Black Leather Shoes, ISO-certified for quality performance. Available in a range of sizes, these water-repellent full-grain leather shoes (20-22 mm) combine durability and moisture resistance. Anti-slip features and welded construction ensure safety and durability. With a notched rubber sole and waterproof Cordura\u00ae fabric, they offer grip and protection. An elegant, functional choice for tactical missions and interventions.<\/p>","protected":false},"featured_media":14419,"comment_status":"open","ping_status":"closed","template":"","meta":[],"product_cat":[167,20,166],"product_tag":[],"class_list":{"0":"post-13094","1":"product","2":"type-product","3":"status-publish","4":"has-post-thumbnail","6":"product_cat-industrie","7":"product_cat-tactiques","8":"product_cat-uniforme","10":"first","11":"instock","12":"taxable","13":"shipping-taxable","14":"purchasable","15":"product-type-variable"},"yoast_head":"<!-- This site is optimized with the Yoast SEO Premium plugin v20.12 (Yoast SEO v20.12) - https:\/\/yoast.com\/wordpress\/plugins\/seo\/ -->\n<title>Chaussures noires en cuir - Tactique OB+SRA - ARGUMO<\/title>\n<meta name=\"robots\" content=\"index, follow, max-snippet:-1, max-image-preview:large, max-video-preview:-1\" \/>\n<link rel=\"canonical\" href=\"https:\/\/argumo.co\/en\/product\/tactique-obsra\/\" \/>\n<meta property=\"og:locale\" content=\"en_US\" \/>\n<meta property=\"og:type\" content=\"article\" \/>\n<meta property=\"og:title\" content=\"Chaussures noires en cuir - Tactique OB+SRA\" \/>\n<meta property=\"og:description\" content=\"D\u00e9couvrez les Chaussures noires en cuir - Tactique OB+SRA, certifi\u00e9es ISO pour leur performance de qualit\u00e9. Disponibles dans diverses pointures, ces chaussures en cuir pleine fleur hydrofuge (20-22 mm) associent durabilit\u00e9 et r\u00e9sistance \u00e0 l&#039;humidit\u00e9. Les caract\u00e9ristiques antid\u00e9rapantes et le montage soud\u00e9 assurent s\u00e9curit\u00e9 et solidit\u00e9. Avec une semelle en caoutchouc crant\u00e9 et un tissu Cordura\u00ae imperm\u00e9able, elles offrent adh\u00e9rence et protection. Un choix \u00e9l\u00e9gant et fonctionnel, adapt\u00e9 aux missions et interventions tactiques.\" \/>\n<meta property=\"og:url\" content=\"https:\/\/argumo.co\/en\/product\/tactique-obsra\/\" \/>\n<meta property=\"og:site_name\" content=\"ARGUMO\" \/>\n<meta property=\"article:modified_time\" content=\"2023-08-23T09:54:07+00:00\" \/>\n<meta property=\"og:image\" content=\"https:\/\/argumo.co\/wp-content\/uploads\/2022\/11\/Groupe-123.webp\" \/>\n\t<meta property=\"og:image:width\" content=\"1800\" \/>\n\t<meta property=\"og:image:height\" content=\"2160\" \/>\n\t<meta property=\"og:image:type\" content=\"image\/webp\" \/>\n<meta name=\"twitter:card\" content=\"summary_large_image\" \/>\n<meta name=\"twitter:label1\" content=\"Availability\" \/>\n\t<meta name=\"twitter:data1\" content=\"In stock\" \/>\n<script type=\"application\/ld+json\" class=\"yoast-schema-graph\">{\"@context\":\"https:\/\/schema.org\",\"@graph\":[{\"@type\":\"WebPage\",\"@id\":\"https:\/\/argumo.co\/produit\/tactique-obsra\/\",\"url\":\"https:\/\/argumo.co\/produit\/tactique-obsra\/\",\"name\":\"Chaussures noires en cuir - Tactique OB+SRA - ARGUMO\",\"isPartOf\":{\"@id\":\"https:\/\/argumo.co\/fr\/#website\"},\"datePublished\":\"2022-11-30T14:48:24+00:00\",\"dateModified\":\"2023-08-23T09:54:07+00:00\",\"breadcrumb\":{\"@id\":\"https:\/\/argumo.co\/produit\/tactique-obsra\/#breadcrumb\"},\"inLanguage\":\"en-US\",\"potentialAction\":[{\"@type\":\"ReadAction\",\"target\":[\"https:\/\/argumo.co\/produit\/tactique-obsra\/\"]}]},{\"@type\":\"BreadcrumbList\",\"@id\":\"https:\/\/argumo.co\/produit\/tactique-obsra\/#breadcrumb\",\"itemListElement\":[{\"@type\":\"ListItem\",\"position\":1,\"name\":\"Home\",\"item\":\"https:\/\/argumo.co\/fr\/\"},{\"@type\":\"ListItem\",\"position\":2,\"name\":\"Catalogue de chaussures\",\"item\":\"https:\/\/argumo.co\/boutique\/\"},{\"@type\":\"ListItem\",\"position\":3,\"name\":\"Chaussures noires en cuir &#8211; Tactique OB+SRA\"}]},{\"@type\":\"WebSite\",\"@id\":\"https:\/\/argumo.co\/fr\/#website\",\"url\":\"https:\/\/argumo.co\/fr\/\",\"name\":\"ARGUMO\",\"description\":\"Durabilit\u00e9, Confort Finition &amp; S\u00e9duction Intemporelle\",\"potentialAction\":[{\"@type\":\"SearchAction\",\"target\":{\"@type\":\"EntryPoint\",\"urlTemplate\":\"https:\/\/argumo.co\/fr\/?s={search_term_string}\"},\"query-input\":\"required name=search_term_string\"}],\"inLanguage\":\"en-US\"}]}<\/script>\n<meta property=\"og:availability\" content=\"instock\" \/>\n<meta property=\"product:availability\" content=\"instock\" \/>\n<meta property=\"product:condition\" content=\"new\" \/>\n<!-- \/ Yoast SEO Premium plugin. -->","yoast_head_json":{"title":"Chaussures noires en cuir - Tactique OB+SRA - ARGUMO","robots":{"index":"index","follow":"follow","max-snippet":"max-snippet:-1","max-image-preview":"max-image-preview:large","max-video-preview":"max-video-preview:-1"},"canonical":"https:\/\/argumo.co\/en\/product\/tactique-obsra\/","og_locale":"en_US","og_type":"article","og_title":"Chaussures noires en cuir - Tactique OB+SRA","og_description":"D\u00e9couvrez les Chaussures noires en cuir - Tactique OB+SRA, certifi\u00e9es ISO pour leur performance de qualit\u00e9. Disponibles dans diverses pointures, ces chaussures en cuir pleine fleur hydrofuge (20-22 mm) associent durabilit\u00e9 et r\u00e9sistance \u00e0 l'humidit\u00e9. Les caract\u00e9ristiques antid\u00e9rapantes et le montage soud\u00e9 assurent s\u00e9curit\u00e9 et solidit\u00e9. Avec une semelle en caoutchouc crant\u00e9 et un tissu Cordura\u00ae imperm\u00e9able, elles offrent adh\u00e9rence et protection. Un choix \u00e9l\u00e9gant et fonctionnel, adapt\u00e9 aux missions et interventions tactiques.","og_url":"https:\/\/argumo.co\/en\/product\/tactique-obsra\/","og_site_name":"ARGUMO","article_modified_time":"2023-08-23T09:54:07+00:00","og_image":[{"width":1800,"height":2160,"url":"https:\/\/argumo.co\/wp-content\/uploads\/2022\/11\/Groupe-123.webp","type":"image\/webp"}],"twitter_card":"summary_large_image","twitter_misc":{"Availability":"In stock"},"schema":{"@context":"https:\/\/schema.org","@graph":[{"@type":"WebPage","@id":"https:\/\/argumo.co\/produit\/tactique-obsra\/","url":"https:\/\/argumo.co\/produit\/tactique-obsra\/","name":"Chaussures noires en cuir - Tactique OB+SRA - ARGUMO","isPartOf":{"@id":"https:\/\/argumo.co\/fr\/#website"},"datePublished":"2022-11-30T14:48:24+00:00","dateModified":"2023-08-23T09:54:07+00:00","breadcrumb":{"@id":"https:\/\/argumo.co\/produit\/tactique-obsra\/#breadcrumb"},"inLanguage":"en-US","potentialAction":[{"@type":"ReadAction","target":["https:\/\/argumo.co\/produit\/tactique-obsra\/"]}]},{"@type":"BreadcrumbList","@id":"https:\/\/argumo.co\/produit\/tactique-obsra\/#breadcrumb","itemListElement":[{"@type":"ListItem","position":1,"name":"Home","item":"https:\/\/argumo.co\/fr\/"},{"@type":"ListItem","position":2,"name":"Catalogue de chaussures","item":"https:\/\/argumo.co\/boutique\/"},{"@type":"ListItem","position":3,"name":"Chaussures noires en cuir &#8211; Tactique OB+SRA"}]},{"@type":"WebSite","@id":"https:\/\/argumo.co\/fr\/#website","url":"https:\/\/argumo.co\/fr\/","name":"ARGUMO","description":"Durabilit\u00e9, Confort Finition &amp; S\u00e9duction Intemporelle","potentialAction":[{"@type":"SearchAction","target":{"@type":"EntryPoint","urlTemplate":"https:\/\/argumo.co\/fr\/?s={search_term_string}"},"query-input":"required name=search_term_string"}],"inLanguage":"en-US"}]},"og_availability":"instock","product_availability":"instock","product_condition":"new"},"_links":{"self":[{"href":"https:\/\/argumo.co\/en\/wp-json\/wp\/v2\/product\/13094"}],"collection":[{"href":"https:\/\/argumo.co\/en\/wp-json\/wp\/v2\/product"}],"about":[{"href":"https:\/\/argumo.co\/en\/wp-json\/wp\/v2\/types\/product"}],"replies":[{"embeddable":true,"href":"https:\/\/argumo.co\/en\/wp-json\/wp\/v2\/comments?post=13094"}],"version-history":[{"count":4,"href":"https:\/\/argumo.co\/en\/wp-json\/wp\/v2\/product\/13094\/revisions"}],"predecessor-version":[{"id":14418,"href":"https:\/\/argumo.co\/en\/wp-json\/wp\/v2\/product\/13094\/revisions\/14418"}],"wp:featuredmedia":[{"embeddable":true,"href":"https:\/\/argumo.co\/en\/wp-json\/wp\/v2\/media\/14419"}],"wp:attachment":[{"href":"https:\/\/argumo.co\/en\/wp-json\/wp\/v2\/media?parent=13094"}],"wp:term":[{"taxonomy":"product_cat","embeddable":true,"href":"https:\/\/argumo.co\/en\/wp-json\/wp\/v2\/product_cat?post=13094"},{"taxonomy":"product_tag","embeddable":true,"href":"https:\/\/argumo.co\/en\/wp-json\/wp\/v2\/product_tag?post=13094"}],"curies":[{"name":"wp","href":"https:\/\/api.w.org\/{rel}","templated":true}]}}