{"id":13082,"date":"2022-11-30T15:22:53","date_gmt":"2022-11-30T14:22:53","guid":{"rendered":"https:\/\/argumo.co\/?post_type=product&#038;p=13082"},"modified":"2023-08-18T09:47:18","modified_gmt":"2023-08-18T08:47:18","slug":"basse%e2%80%901-col-mousse","status":"publish","type":"product","link":"https:\/\/argumo.co\/en\/product\/basse%e2%80%901-col-mousse\/","title":{"rendered":"Low shoes with foam collar - BASS-0017"},"content":{"rendered":"<p>The \"Low shoes with foam collar - BASS-0017\" product is a pair of black shoes in 14-16 Nappa leather, designed to offer comfort, grip and durability. Featuring a foam collar for a comfortable fit around the ankle, they are equipped with a notched PU sole to prevent slipping. With a solid welded construction, they are suitable for everyday activities and are available in sizes 39 to 47.<\/p>","protected":false},"excerpt":{"rendered":"<p>The \"Low shoes with foam collar - BASS-0017\" product is a pair of black shoes in 14-16 Nappa leather, designed to offer comfort, grip and durability. Featuring a foam collar for a comfortable fit around the ankle, they are equipped with a notched PU sole to prevent slipping. With a solid welded construction, they are suitable for everyday activities and are available in sizes 39 to 47.<\/p>","protected":false},"featured_media":14473,"comment_status":"open","ping_status":"closed","template":"","meta":[],"product_cat":[167,166],"product_tag":[],"class_list":{"0":"post-13082","1":"product","2":"type-product","3":"status-publish","4":"has-post-thumbnail","6":"product_cat-industrie","7":"product_cat-uniforme","9":"first","10":"instock","11":"taxable","12":"shipping-taxable","13":"purchasable","14":"product-type-simple"},"yoast_head":"<!-- This site is optimized with the Yoast SEO Premium plugin v20.12 (Yoast SEO v20.12) - https:\/\/yoast.com\/wordpress\/plugins\/seo\/ -->\n<title>Chaussures basses avec col mousse - BASS-0017 - ARGUMO<\/title>\n<meta name=\"robots\" content=\"index, follow, max-snippet:-1, max-image-preview:large, max-video-preview:-1\" \/>\n<link rel=\"canonical\" href=\"https:\/\/argumo.co\/en\/product\/basse\u20101-col-mousse\/\" \/>\n<meta property=\"og:locale\" content=\"en_US\" \/>\n<meta property=\"og:type\" content=\"article\" \/>\n<meta property=\"og:title\" content=\"Chaussures basses avec col mousse - BASS-0017\" \/>\n<meta property=\"og:description\" content=\"Le produit &quot;Chaussures basses avec col mousse \u2013 BASS-0017&quot; est une paire de chaussures noires en cuir Nappa 14-16, con\u00e7ue pour offrir confort, adh\u00e9rence et durabilit\u00e9. Dot\u00e9es d&#039;un col en mousse pour un ajustement confortable \u00e0 la cheville, elles sont \u00e9quip\u00e9es d&#039;une semelle en PU crant\u00e9 pour pr\u00e9venir les glissades. Avec un montage soud\u00e9 solide, elles conviennent aux activit\u00e9s quotidiennes et sont disponibles en pointures de 39 \u00e0 47.\" \/>\n<meta property=\"og:url\" content=\"https:\/\/argumo.co\/en\/product\/basse\u20101-col-mousse\/\" \/>\n<meta property=\"og:site_name\" content=\"ARGUMO\" \/>\n<meta property=\"article:modified_time\" content=\"2023-08-18T08:47:18+00:00\" \/>\n<meta property=\"og:image\" content=\"https:\/\/argumo.co\/wp-content\/uploads\/2022\/11\/Groupe-73.webp\" \/>\n\t<meta property=\"og:image:width\" content=\"1800\" \/>\n\t<meta property=\"og:image:height\" content=\"2160\" \/>\n\t<meta property=\"og:image:type\" content=\"image\/webp\" \/>\n<meta name=\"twitter:card\" content=\"summary_large_image\" \/>\n<meta name=\"twitter:label1\" content=\"Price\" \/>\n\t<meta name=\"twitter:data1\" content=\"1.00&nbsp;&euro;\" \/>\n\t<meta name=\"twitter:label2\" content=\"Availability\" \/>\n\t<meta name=\"twitter:data2\" content=\"In stock\" \/>\n<script type=\"application\/ld+json\" class=\"yoast-schema-graph\">{\"@context\":\"https:\/\/schema.org\",\"@graph\":[{\"@type\":\"WebPage\",\"@id\":\"https:\/\/argumo.co\/produit\/basse%e2%80%901-col-mousse\/\",\"url\":\"https:\/\/argumo.co\/produit\/basse%e2%80%901-col-mousse\/\",\"name\":\"Chaussures basses avec col mousse - BASS-0017 - ARGUMO\",\"isPartOf\":{\"@id\":\"https:\/\/argumo.co\/fr\/#website\"},\"datePublished\":\"2022-11-30T14:22:53+00:00\",\"dateModified\":\"2023-08-18T08:47:18+00:00\",\"breadcrumb\":{\"@id\":\"https:\/\/argumo.co\/produit\/basse%e2%80%901-col-mousse\/#breadcrumb\"},\"inLanguage\":\"en-US\",\"potentialAction\":[{\"@type\":\"ReadAction\",\"target\":[\"https:\/\/argumo.co\/produit\/basse%e2%80%901-col-mousse\/\"]}]},{\"@type\":\"BreadcrumbList\",\"@id\":\"https:\/\/argumo.co\/produit\/basse%e2%80%901-col-mousse\/#breadcrumb\",\"itemListElement\":[{\"@type\":\"ListItem\",\"position\":1,\"name\":\"Home\",\"item\":\"https:\/\/argumo.co\/fr\/\"},{\"@type\":\"ListItem\",\"position\":2,\"name\":\"Catalogue de chaussures\",\"item\":\"https:\/\/argumo.co\/boutique\/\"},{\"@type\":\"ListItem\",\"position\":3,\"name\":\"Chaussures basses avec col mousse &#8211; BASS-0017\"}]},{\"@type\":\"WebSite\",\"@id\":\"https:\/\/argumo.co\/fr\/#website\",\"url\":\"https:\/\/argumo.co\/fr\/\",\"name\":\"ARGUMO\",\"description\":\"Durabilit\u00e9, Confort Finition &amp; S\u00e9duction Intemporelle\",\"potentialAction\":[{\"@type\":\"SearchAction\",\"target\":{\"@type\":\"EntryPoint\",\"urlTemplate\":\"https:\/\/argumo.co\/fr\/?s={search_term_string}\"},\"query-input\":\"required name=search_term_string\"}],\"inLanguage\":\"en-US\"}]}<\/script>\n<meta property=\"product:price:amount\" content=\"1.00\" \/>\n<meta property=\"product:price:currency\" content=\"EUR\" \/>\n<meta property=\"og:availability\" content=\"instock\" \/>\n<meta property=\"product:availability\" content=\"instock\" \/>\n<meta property=\"product:condition\" content=\"new\" \/>\n<!-- \/ Yoast SEO Premium plugin. -->","yoast_head_json":{"title":"Chaussures basses avec col mousse - BASS-0017 - ARGUMO","robots":{"index":"index","follow":"follow","max-snippet":"max-snippet:-1","max-image-preview":"max-image-preview:large","max-video-preview":"max-video-preview:-1"},"canonical":"https:\/\/argumo.co\/en\/product\/basse\u20101-col-mousse\/","og_locale":"en_US","og_type":"article","og_title":"Chaussures basses avec col mousse - BASS-0017","og_description":"Le produit \"Chaussures basses avec col mousse \u2013 BASS-0017\" est une paire de chaussures noires en cuir Nappa 14-16, con\u00e7ue pour offrir confort, adh\u00e9rence et durabilit\u00e9. Dot\u00e9es d'un col en mousse pour un ajustement confortable \u00e0 la cheville, elles sont \u00e9quip\u00e9es d'une semelle en PU crant\u00e9 pour pr\u00e9venir les glissades. Avec un montage soud\u00e9 solide, elles conviennent aux activit\u00e9s quotidiennes et sont disponibles en pointures de 39 \u00e0 47.","og_url":"https:\/\/argumo.co\/en\/product\/basse\u20101-col-mousse\/","og_site_name":"ARGUMO","article_modified_time":"2023-08-18T08:47:18+00:00","og_image":[{"width":1800,"height":2160,"url":"https:\/\/argumo.co\/wp-content\/uploads\/2022\/11\/Groupe-73.webp","type":"image\/webp"}],"twitter_card":"summary_large_image","twitter_misc":{"Price":"1.00&nbsp;&euro;","Availability":"In stock"},"schema":{"@context":"https:\/\/schema.org","@graph":[{"@type":"WebPage","@id":"https:\/\/argumo.co\/produit\/basse%e2%80%901-col-mousse\/","url":"https:\/\/argumo.co\/produit\/basse%e2%80%901-col-mousse\/","name":"Chaussures basses avec col mousse - BASS-0017 - ARGUMO","isPartOf":{"@id":"https:\/\/argumo.co\/fr\/#website"},"datePublished":"2022-11-30T14:22:53+00:00","dateModified":"2023-08-18T08:47:18+00:00","breadcrumb":{"@id":"https:\/\/argumo.co\/produit\/basse%e2%80%901-col-mousse\/#breadcrumb"},"inLanguage":"en-US","potentialAction":[{"@type":"ReadAction","target":["https:\/\/argumo.co\/produit\/basse%e2%80%901-col-mousse\/"]}]},{"@type":"BreadcrumbList","@id":"https:\/\/argumo.co\/produit\/basse%e2%80%901-col-mousse\/#breadcrumb","itemListElement":[{"@type":"ListItem","position":1,"name":"Home","item":"https:\/\/argumo.co\/fr\/"},{"@type":"ListItem","position":2,"name":"Catalogue de chaussures","item":"https:\/\/argumo.co\/boutique\/"},{"@type":"ListItem","position":3,"name":"Chaussures basses avec col mousse &#8211; BASS-0017"}]},{"@type":"WebSite","@id":"https:\/\/argumo.co\/fr\/#website","url":"https:\/\/argumo.co\/fr\/","name":"ARGUMO","description":"Durabilit\u00e9, Confort Finition &amp; S\u00e9duction Intemporelle","potentialAction":[{"@type":"SearchAction","target":{"@type":"EntryPoint","urlTemplate":"https:\/\/argumo.co\/fr\/?s={search_term_string}"},"query-input":"required name=search_term_string"}],"inLanguage":"en-US"}]},"product_price_amount":"1.00","product_price_currency":"EUR","og_availability":"instock","product_availability":"instock","product_condition":"new"},"_links":{"self":[{"href":"https:\/\/argumo.co\/en\/wp-json\/wp\/v2\/product\/13082"}],"collection":[{"href":"https:\/\/argumo.co\/en\/wp-json\/wp\/v2\/product"}],"about":[{"href":"https:\/\/argumo.co\/en\/wp-json\/wp\/v2\/types\/product"}],"replies":[{"embeddable":true,"href":"https:\/\/argumo.co\/en\/wp-json\/wp\/v2\/comments?post=13082"}],"version-history":[{"count":4,"href":"https:\/\/argumo.co\/en\/wp-json\/wp\/v2\/product\/13082\/revisions"}],"predecessor-version":[{"id":14474,"href":"https:\/\/argumo.co\/en\/wp-json\/wp\/v2\/product\/13082\/revisions\/14474"}],"wp:featuredmedia":[{"embeddable":true,"href":"https:\/\/argumo.co\/en\/wp-json\/wp\/v2\/media\/14473"}],"wp:attachment":[{"href":"https:\/\/argumo.co\/en\/wp-json\/wp\/v2\/media?parent=13082"}],"wp:term":[{"taxonomy":"product_cat","embeddable":true,"href":"https:\/\/argumo.co\/en\/wp-json\/wp\/v2\/product_cat?post=13082"},{"taxonomy":"product_tag","embeddable":true,"href":"https:\/\/argumo.co\/en\/wp-json\/wp\/v2\/product_tag?post=13082"}],"curies":[{"name":"wp","href":"https:\/\/api.w.org\/{rel}","templated":true}]}}