{"id":13080,"date":"2022-11-30T15:21:10","date_gmt":"2022-11-30T14:21:10","guid":{"rendered":"https:\/\/argumo.co\/?post_type=product&#038;p=13080"},"modified":"2024-10-16T16:43:08","modified_gmt":"2024-10-16T15:43:08","slug":"basse-onc-s10","status":"publish","type":"product","link":"https:\/\/argumo.co\/en\/product\/basse-onc-s10\/","title":{"rendered":"ONC S100 Low Shoes - BASS-0051"},"content":{"rendered":"<p>Discover the LOW ONC S100 - BASS-0051 shoe, an elegant and functional option in black. This low leather shoe offers non-slip grip to prevent slipping, with a welded construction for added strength. Its notched PU sole ensures optimum traction. Versatile for a variety of occasions, this shoe combines durability and style.<\/p>","protected":false},"excerpt":{"rendered":"<p>Discover the LOW ONC S100 - BASS-0051 shoe, an elegant and functional option in black. This low leather shoe offers non-slip grip to prevent slipping, with a welded construction for added strength. Its notched PU sole ensures optimum traction. Versatile for a variety of occasions, this shoe combines durability and style.<\/p>","protected":false},"featured_media":14276,"comment_status":"open","ping_status":"closed","template":"","meta":[],"product_cat":[167,166],"product_tag":[],"class_list":{"0":"post-13080","1":"product","2":"type-product","3":"status-publish","4":"has-post-thumbnail","6":"product_cat-industrie","7":"product_cat-uniforme","9":"first","10":"instock","11":"taxable","12":"shipping-taxable","13":"purchasable","14":"product-type-simple"},"yoast_head":"<!-- This site is optimized with the Yoast SEO Premium plugin v20.12 (Yoast SEO v20.12) - https:\/\/yoast.com\/wordpress\/plugins\/seo\/ -->\n<title>Chaussures Basses ONC S100 - BASS-0051 - ARGUMO<\/title>\n<meta name=\"robots\" content=\"index, follow, max-snippet:-1, max-image-preview:large, max-video-preview:-1\" \/>\n<link rel=\"canonical\" href=\"https:\/\/argumo.co\/en\/product\/basse-onc-s10\/\" \/>\n<meta property=\"og:locale\" content=\"en_US\" \/>\n<meta property=\"og:type\" content=\"article\" \/>\n<meta property=\"og:title\" content=\"Chaussures Basses ONC S100 - BASS-0051\" \/>\n<meta property=\"og:description\" content=\"D\u00e9couvrez la chaussure BASSE ONC S100 \u2013 BASS-0051, une option \u00e9l\u00e9gante et fonctionnelle en noir. Cette chaussure basse en cuir offre une adh\u00e9rence antid\u00e9rapante pour \u00e9viter les glissades, avec un montage soud\u00e9 pour une solidit\u00e9 accrue. Sa semelle en PU crant\u00e9 assure une traction optimale. Polyvalente pour diverses occasions, cette chaussure allie durabilit\u00e9 et style.\" \/>\n<meta property=\"og:url\" content=\"https:\/\/argumo.co\/en\/product\/basse-onc-s10\/\" \/>\n<meta property=\"og:site_name\" content=\"ARGUMO\" \/>\n<meta property=\"article:modified_time\" content=\"2024-10-16T15:43:08+00:00\" \/>\n<meta property=\"og:image\" content=\"https:\/\/argumo.co\/wp-content\/uploads\/2022\/11\/Groupe-65.webp\" \/>\n\t<meta property=\"og:image:width\" content=\"1800\" \/>\n\t<meta property=\"og:image:height\" content=\"2160\" \/>\n\t<meta property=\"og:image:type\" content=\"image\/webp\" \/>\n<meta name=\"twitter:card\" content=\"summary_large_image\" \/>\n<meta name=\"twitter:label1\" content=\"Price\" \/>\n\t<meta name=\"twitter:data1\" content=\"1.00&nbsp;&euro;\" \/>\n\t<meta name=\"twitter:label2\" content=\"Availability\" \/>\n\t<meta name=\"twitter:data2\" content=\"In stock\" \/>\n<script type=\"application\/ld+json\" class=\"yoast-schema-graph\">{\"@context\":\"https:\/\/schema.org\",\"@graph\":[{\"@type\":\"WebPage\",\"@id\":\"https:\/\/argumo.co\/produit\/basse-onc-s10\/\",\"url\":\"https:\/\/argumo.co\/produit\/basse-onc-s10\/\",\"name\":\"Chaussures Basses ONC S100 - BASS-0051 - ARGUMO\",\"isPartOf\":{\"@id\":\"https:\/\/argumo.co\/fr\/#website\"},\"datePublished\":\"2022-11-30T14:21:10+00:00\",\"dateModified\":\"2024-10-16T15:43:08+00:00\",\"breadcrumb\":{\"@id\":\"https:\/\/argumo.co\/produit\/basse-onc-s10\/#breadcrumb\"},\"inLanguage\":\"en-US\",\"potentialAction\":[{\"@type\":\"ReadAction\",\"target\":[\"https:\/\/argumo.co\/produit\/basse-onc-s10\/\"]}]},{\"@type\":\"BreadcrumbList\",\"@id\":\"https:\/\/argumo.co\/produit\/basse-onc-s10\/#breadcrumb\",\"itemListElement\":[{\"@type\":\"ListItem\",\"position\":1,\"name\":\"Home\",\"item\":\"https:\/\/argumo.co\/fr\/\"},{\"@type\":\"ListItem\",\"position\":2,\"name\":\"Catalogue de chaussures\",\"item\":\"https:\/\/argumo.co\/boutique\/\"},{\"@type\":\"ListItem\",\"position\":3,\"name\":\"Chaussures Basses ONC S100 &#8211; BASS-0051\"}]},{\"@type\":\"WebSite\",\"@id\":\"https:\/\/argumo.co\/fr\/#website\",\"url\":\"https:\/\/argumo.co\/fr\/\",\"name\":\"ARGUMO\",\"description\":\"Durabilit\u00e9, Confort Finition &amp; S\u00e9duction Intemporelle\",\"potentialAction\":[{\"@type\":\"SearchAction\",\"target\":{\"@type\":\"EntryPoint\",\"urlTemplate\":\"https:\/\/argumo.co\/fr\/?s={search_term_string}\"},\"query-input\":\"required name=search_term_string\"}],\"inLanguage\":\"en-US\"}]}<\/script>\n<meta property=\"product:price:amount\" content=\"1.00\" \/>\n<meta property=\"product:price:currency\" content=\"EUR\" \/>\n<meta property=\"og:availability\" content=\"instock\" \/>\n<meta property=\"product:availability\" content=\"instock\" \/>\n<meta property=\"product:condition\" content=\"new\" \/>\n<!-- \/ Yoast SEO Premium plugin. -->","yoast_head_json":{"title":"Chaussures Basses ONC S100 - BASS-0051 - ARGUMO","robots":{"index":"index","follow":"follow","max-snippet":"max-snippet:-1","max-image-preview":"max-image-preview:large","max-video-preview":"max-video-preview:-1"},"canonical":"https:\/\/argumo.co\/en\/product\/basse-onc-s10\/","og_locale":"en_US","og_type":"article","og_title":"Chaussures Basses ONC S100 - BASS-0051","og_description":"D\u00e9couvrez la chaussure BASSE ONC S100 \u2013 BASS-0051, une option \u00e9l\u00e9gante et fonctionnelle en noir. Cette chaussure basse en cuir offre une adh\u00e9rence antid\u00e9rapante pour \u00e9viter les glissades, avec un montage soud\u00e9 pour une solidit\u00e9 accrue. Sa semelle en PU crant\u00e9 assure une traction optimale. Polyvalente pour diverses occasions, cette chaussure allie durabilit\u00e9 et style.","og_url":"https:\/\/argumo.co\/en\/product\/basse-onc-s10\/","og_site_name":"ARGUMO","article_modified_time":"2024-10-16T15:43:08+00:00","og_image":[{"width":1800,"height":2160,"url":"https:\/\/argumo.co\/wp-content\/uploads\/2022\/11\/Groupe-65.webp","type":"image\/webp"}],"twitter_card":"summary_large_image","twitter_misc":{"Price":"1.00&nbsp;&euro;","Availability":"In stock"},"schema":{"@context":"https:\/\/schema.org","@graph":[{"@type":"WebPage","@id":"https:\/\/argumo.co\/produit\/basse-onc-s10\/","url":"https:\/\/argumo.co\/produit\/basse-onc-s10\/","name":"Chaussures Basses ONC S100 - BASS-0051 - ARGUMO","isPartOf":{"@id":"https:\/\/argumo.co\/fr\/#website"},"datePublished":"2022-11-30T14:21:10+00:00","dateModified":"2024-10-16T15:43:08+00:00","breadcrumb":{"@id":"https:\/\/argumo.co\/produit\/basse-onc-s10\/#breadcrumb"},"inLanguage":"en-US","potentialAction":[{"@type":"ReadAction","target":["https:\/\/argumo.co\/produit\/basse-onc-s10\/"]}]},{"@type":"BreadcrumbList","@id":"https:\/\/argumo.co\/produit\/basse-onc-s10\/#breadcrumb","itemListElement":[{"@type":"ListItem","position":1,"name":"Home","item":"https:\/\/argumo.co\/fr\/"},{"@type":"ListItem","position":2,"name":"Catalogue de chaussures","item":"https:\/\/argumo.co\/boutique\/"},{"@type":"ListItem","position":3,"name":"Chaussures Basses ONC S100 &#8211; BASS-0051"}]},{"@type":"WebSite","@id":"https:\/\/argumo.co\/fr\/#website","url":"https:\/\/argumo.co\/fr\/","name":"ARGUMO","description":"Durabilit\u00e9, Confort Finition &amp; S\u00e9duction Intemporelle","potentialAction":[{"@type":"SearchAction","target":{"@type":"EntryPoint","urlTemplate":"https:\/\/argumo.co\/fr\/?s={search_term_string}"},"query-input":"required name=search_term_string"}],"inLanguage":"en-US"}]},"product_price_amount":"1.00","product_price_currency":"EUR","og_availability":"instock","product_availability":"instock","product_condition":"new"},"_links":{"self":[{"href":"https:\/\/argumo.co\/en\/wp-json\/wp\/v2\/product\/13080"}],"collection":[{"href":"https:\/\/argumo.co\/en\/wp-json\/wp\/v2\/product"}],"about":[{"href":"https:\/\/argumo.co\/en\/wp-json\/wp\/v2\/types\/product"}],"replies":[{"embeddable":true,"href":"https:\/\/argumo.co\/en\/wp-json\/wp\/v2\/comments?post=13080"}],"version-history":[{"count":6,"href":"https:\/\/argumo.co\/en\/wp-json\/wp\/v2\/product\/13080\/revisions"}],"predecessor-version":[{"id":14360,"href":"https:\/\/argumo.co\/en\/wp-json\/wp\/v2\/product\/13080\/revisions\/14360"}],"wp:featuredmedia":[{"embeddable":true,"href":"https:\/\/argumo.co\/en\/wp-json\/wp\/v2\/media\/14276"}],"wp:attachment":[{"href":"https:\/\/argumo.co\/en\/wp-json\/wp\/v2\/media?parent=13080"}],"wp:term":[{"taxonomy":"product_cat","embeddable":true,"href":"https:\/\/argumo.co\/en\/wp-json\/wp\/v2\/product_cat?post=13080"},{"taxonomy":"product_tag","embeddable":true,"href":"https:\/\/argumo.co\/en\/wp-json\/wp\/v2\/product_tag?post=13080"}],"curies":[{"name":"wp","href":"https:\/\/api.w.org\/{rel}","templated":true}]}}