{"id":13058,"date":"2022-11-30T14:59:05","date_gmt":"2022-11-30T13:59:05","guid":{"rendered":"https:\/\/argumo.co\/?post_type=product&#038;p=13058"},"modified":"2023-08-22T16:31:05","modified_gmt":"2023-08-22T15:31:05","slug":"bottine-claudina-%e2%80%90-fa","status":"publish","type":"product","link":"https:\/\/argumo.co\/en\/product\/bottine-claudina-%e2%80%90-fa\/","title":{"rendered":"CLAUDINA leather boots - BOTT-0045"},"content":{"rendered":"<p>CLAUDINA leather booties (model BOTT-0045) combine elegance and comfort. Their timeless design in black leather is versatile for a variety of occasions. Featuring a non-slip sole for stable walking, they are made from quality full-grain leather (13-15) with welted construction for optimum durability. The notched PU sole provides a solid grip.<\/p>","protected":false},"excerpt":{"rendered":"<p>CLAUDINA leather booties (model BOTT-0045) combine elegance and comfort. Their timeless design in black leather is versatile for a variety of occasions. Featuring a non-slip sole for stable walking, they are made from quality full-grain leather (13-15) with welted construction for optimum durability. The notched PU sole provides a solid grip.<\/p>","protected":false},"featured_media":14529,"comment_status":"open","ping_status":"closed","template":"","meta":[],"product_cat":[167,166],"product_tag":[],"class_list":{"0":"post-13058","1":"product","2":"type-product","3":"status-publish","4":"has-post-thumbnail","6":"product_cat-industrie","7":"product_cat-uniforme","9":"first","10":"instock","11":"taxable","12":"shipping-taxable","13":"purchasable","14":"product-type-simple"},"yoast_head":"<!-- This site is optimized with the Yoast SEO Premium plugin v20.12 (Yoast SEO v20.12) - https:\/\/yoast.com\/wordpress\/plugins\/seo\/ -->\n<title>Bottines CLAUDINA en cuir - BOTT-0045 - ARGUMO<\/title>\n<meta name=\"robots\" content=\"index, follow, max-snippet:-1, max-image-preview:large, max-video-preview:-1\" \/>\n<link rel=\"canonical\" href=\"https:\/\/argumo.co\/en\/product\/bottine-claudina-\u2010-fa\/\" \/>\n<meta property=\"og:locale\" content=\"en_US\" \/>\n<meta property=\"og:type\" content=\"article\" \/>\n<meta property=\"og:title\" content=\"Bottines CLAUDINA en cuir - BOTT-0045\" \/>\n<meta property=\"og:description\" content=\"Les bottines en cuir CLAUDINA (mod\u00e8le BOTT-0045) associent \u00e9l\u00e9gance et confort. Leur design intemporel en cuir noir est polyvalent pour diverses occasions. Dot\u00e9es d&#039;une semelle antid\u00e9rapante pour une marche stable, elles sont fabriqu\u00e9es en cuir pleine fleur de qualit\u00e9 (13-15) avec un montage soud\u00e9 pour une durabilit\u00e9 optimale. La semelle en PU crant\u00e9 offre une adh\u00e9rence solide.\" \/>\n<meta property=\"og:url\" content=\"https:\/\/argumo.co\/en\/product\/bottine-claudina-\u2010-fa\/\" \/>\n<meta property=\"og:site_name\" content=\"ARGUMO\" \/>\n<meta property=\"article:modified_time\" content=\"2023-08-22T15:31:05+00:00\" \/>\n<meta property=\"og:image\" content=\"https:\/\/argumo.co\/wp-content\/uploads\/2022\/11\/D4.webp\" \/>\n\t<meta property=\"og:image:width\" content=\"1800\" \/>\n\t<meta property=\"og:image:height\" content=\"2160\" \/>\n\t<meta property=\"og:image:type\" content=\"image\/webp\" \/>\n<meta name=\"twitter:card\" content=\"summary_large_image\" \/>\n<meta name=\"twitter:label1\" content=\"Price\" \/>\n\t<meta name=\"twitter:data1\" content=\"1.00&nbsp;&euro;\" \/>\n\t<meta name=\"twitter:label2\" content=\"Availability\" \/>\n\t<meta name=\"twitter:data2\" content=\"In stock\" \/>\n<script type=\"application\/ld+json\" class=\"yoast-schema-graph\">{\"@context\":\"https:\/\/schema.org\",\"@graph\":[{\"@type\":\"WebPage\",\"@id\":\"https:\/\/argumo.co\/produit\/bottine-claudina-%e2%80%90-fa\/\",\"url\":\"https:\/\/argumo.co\/produit\/bottine-claudina-%e2%80%90-fa\/\",\"name\":\"Bottines CLAUDINA en cuir - BOTT-0045 - ARGUMO\",\"isPartOf\":{\"@id\":\"https:\/\/argumo.co\/fr\/#website\"},\"datePublished\":\"2022-11-30T13:59:05+00:00\",\"dateModified\":\"2023-08-22T15:31:05+00:00\",\"breadcrumb\":{\"@id\":\"https:\/\/argumo.co\/produit\/bottine-claudina-%e2%80%90-fa\/#breadcrumb\"},\"inLanguage\":\"en-US\",\"potentialAction\":[{\"@type\":\"ReadAction\",\"target\":[\"https:\/\/argumo.co\/produit\/bottine-claudina-%e2%80%90-fa\/\"]}]},{\"@type\":\"BreadcrumbList\",\"@id\":\"https:\/\/argumo.co\/produit\/bottine-claudina-%e2%80%90-fa\/#breadcrumb\",\"itemListElement\":[{\"@type\":\"ListItem\",\"position\":1,\"name\":\"Home\",\"item\":\"https:\/\/argumo.co\/fr\/\"},{\"@type\":\"ListItem\",\"position\":2,\"name\":\"Catalogue de chaussures\",\"item\":\"https:\/\/argumo.co\/boutique\/\"},{\"@type\":\"ListItem\",\"position\":3,\"name\":\"Bottines CLAUDINA en cuir &#8211; BOTT-0045\"}]},{\"@type\":\"WebSite\",\"@id\":\"https:\/\/argumo.co\/fr\/#website\",\"url\":\"https:\/\/argumo.co\/fr\/\",\"name\":\"ARGUMO\",\"description\":\"Durabilit\u00e9, Confort Finition &amp; S\u00e9duction Intemporelle\",\"potentialAction\":[{\"@type\":\"SearchAction\",\"target\":{\"@type\":\"EntryPoint\",\"urlTemplate\":\"https:\/\/argumo.co\/fr\/?s={search_term_string}\"},\"query-input\":\"required name=search_term_string\"}],\"inLanguage\":\"en-US\"}]}<\/script>\n<meta property=\"product:price:amount\" content=\"1.00\" \/>\n<meta property=\"product:price:currency\" content=\"EUR\" \/>\n<meta property=\"og:availability\" content=\"instock\" \/>\n<meta property=\"product:availability\" content=\"instock\" \/>\n<meta property=\"product:condition\" content=\"new\" \/>\n<!-- \/ Yoast SEO Premium plugin. -->","yoast_head_json":{"title":"Bottines CLAUDINA en cuir - BOTT-0045 - ARGUMO","robots":{"index":"index","follow":"follow","max-snippet":"max-snippet:-1","max-image-preview":"max-image-preview:large","max-video-preview":"max-video-preview:-1"},"canonical":"https:\/\/argumo.co\/en\/product\/bottine-claudina-\u2010-fa\/","og_locale":"en_US","og_type":"article","og_title":"Bottines CLAUDINA en cuir - BOTT-0045","og_description":"Les bottines en cuir CLAUDINA (mod\u00e8le BOTT-0045) associent \u00e9l\u00e9gance et confort. Leur design intemporel en cuir noir est polyvalent pour diverses occasions. Dot\u00e9es d'une semelle antid\u00e9rapante pour une marche stable, elles sont fabriqu\u00e9es en cuir pleine fleur de qualit\u00e9 (13-15) avec un montage soud\u00e9 pour une durabilit\u00e9 optimale. La semelle en PU crant\u00e9 offre une adh\u00e9rence solide.","og_url":"https:\/\/argumo.co\/en\/product\/bottine-claudina-\u2010-fa\/","og_site_name":"ARGUMO","article_modified_time":"2023-08-22T15:31:05+00:00","og_image":[{"width":1800,"height":2160,"url":"https:\/\/argumo.co\/wp-content\/uploads\/2022\/11\/D4.webp","type":"image\/webp"}],"twitter_card":"summary_large_image","twitter_misc":{"Price":"1.00&nbsp;&euro;","Availability":"In stock"},"schema":{"@context":"https:\/\/schema.org","@graph":[{"@type":"WebPage","@id":"https:\/\/argumo.co\/produit\/bottine-claudina-%e2%80%90-fa\/","url":"https:\/\/argumo.co\/produit\/bottine-claudina-%e2%80%90-fa\/","name":"Bottines CLAUDINA en cuir - BOTT-0045 - ARGUMO","isPartOf":{"@id":"https:\/\/argumo.co\/fr\/#website"},"datePublished":"2022-11-30T13:59:05+00:00","dateModified":"2023-08-22T15:31:05+00:00","breadcrumb":{"@id":"https:\/\/argumo.co\/produit\/bottine-claudina-%e2%80%90-fa\/#breadcrumb"},"inLanguage":"en-US","potentialAction":[{"@type":"ReadAction","target":["https:\/\/argumo.co\/produit\/bottine-claudina-%e2%80%90-fa\/"]}]},{"@type":"BreadcrumbList","@id":"https:\/\/argumo.co\/produit\/bottine-claudina-%e2%80%90-fa\/#breadcrumb","itemListElement":[{"@type":"ListItem","position":1,"name":"Home","item":"https:\/\/argumo.co\/fr\/"},{"@type":"ListItem","position":2,"name":"Catalogue de chaussures","item":"https:\/\/argumo.co\/boutique\/"},{"@type":"ListItem","position":3,"name":"Bottines CLAUDINA en cuir &#8211; BOTT-0045"}]},{"@type":"WebSite","@id":"https:\/\/argumo.co\/fr\/#website","url":"https:\/\/argumo.co\/fr\/","name":"ARGUMO","description":"Durabilit\u00e9, Confort Finition &amp; S\u00e9duction Intemporelle","potentialAction":[{"@type":"SearchAction","target":{"@type":"EntryPoint","urlTemplate":"https:\/\/argumo.co\/fr\/?s={search_term_string}"},"query-input":"required name=search_term_string"}],"inLanguage":"en-US"}]},"product_price_amount":"1.00","product_price_currency":"EUR","og_availability":"instock","product_availability":"instock","product_condition":"new"},"_links":{"self":[{"href":"https:\/\/argumo.co\/en\/wp-json\/wp\/v2\/product\/13058"}],"collection":[{"href":"https:\/\/argumo.co\/en\/wp-json\/wp\/v2\/product"}],"about":[{"href":"https:\/\/argumo.co\/en\/wp-json\/wp\/v2\/types\/product"}],"replies":[{"embeddable":true,"href":"https:\/\/argumo.co\/en\/wp-json\/wp\/v2\/comments?post=13058"}],"version-history":[{"count":4,"href":"https:\/\/argumo.co\/en\/wp-json\/wp\/v2\/product\/13058\/revisions"}],"predecessor-version":[{"id":14536,"href":"https:\/\/argumo.co\/en\/wp-json\/wp\/v2\/product\/13058\/revisions\/14536"}],"wp:featuredmedia":[{"embeddable":true,"href":"https:\/\/argumo.co\/en\/wp-json\/wp\/v2\/media\/14529"}],"wp:attachment":[{"href":"https:\/\/argumo.co\/en\/wp-json\/wp\/v2\/media?parent=13058"}],"wp:term":[{"taxonomy":"product_cat","embeddable":true,"href":"https:\/\/argumo.co\/en\/wp-json\/wp\/v2\/product_cat?post=13058"},{"taxonomy":"product_tag","embeddable":true,"href":"https:\/\/argumo.co\/en\/wp-json\/wp\/v2\/product_tag?post=13058"}],"curies":[{"name":"wp","href":"https:\/\/api.w.org\/{rel}","templated":true}]}}