{"id":13709,"date":"2022-12-28T11:34:51","date_gmt":"2022-12-28T10:34:51","guid":{"rendered":"https:\/\/argumo.co\/?page_id=13709"},"modified":"2023-01-06T11:56:55","modified_gmt":"2023-01-06T10:56:55","slug":"condition-dutilisation","status":"publish","type":"page","link":"https:\/\/argumo.co\/en\/condition-dutilisation\/","title":{"rendered":"Conditions of use"},"content":{"rendered":"<h2 class=\"has-medium-font-size wp-block-heading\"><strong>Last update: December 22, 2022<\/strong><\/h2><h2 class=\"has-medium-font-size wp-block-heading\"><strong>Welcome to Argumo.co<\/strong><\/h2><p class=\"has-black-color has-text-color\">Please read these Terms of Use and Privacy Policy before registering with argumo.co or using any of the content of the website (by \"website\" we mean all content and pages that fall within the scope of argumo.co), including access to any services provided by the site. These Terms and the Privacy Policy constitute agreements (which may be referred to collectively as the \"Agreements\") between you and <strong>argumo.co website<\/strong>. By using the website, you also agree to be legally bound by the Agreements.<\/p><p class=\"has-black-color has-text-color\"><strong>The argumo.co website <\/strong>reserves the right to modify these conditions at any time without notice. Changes to these terms will be effective immediately upon posting on this page or any other section of the site. By accessing the website after any modification, you accept the updated conditions and all modifications made thereto.<\/p><p class=\"has-black-color has-text-color\">It is important to check this page regularly for the latest conditions.<\/p><h2 class=\"has-medium-font-size wp-block-heading\"><strong>An overview of the Argumo.co website<\/strong><\/h2><p class=\"has-black-color has-text-color\"><strong>Argumo.co website <\/strong>is an online sales platform.<\/p><h2 class=\"has-medium-font-size wp-block-heading\"><strong>Online codes of conduct<\/strong><\/h2><p class=\"has-black-color has-text-color\">You agree that you are solely responsible for your use of the Website, and you agree that your use of the Website complies with the Agreements and all applicable laws, rules and regulations, including copyright laws.<\/p><p class=\"has-black-color has-text-color\">You hereby warrant that, as a condition of your use of the services offered by <strong>the Argumo.co website<\/strong>you will not use the Web site in any manner that could damage, disable or overburden the<strong> Argumo.co website<\/strong> or the network(s) of the<strong> Argumo.co website<\/strong> the capabilities of any of its servers or interfere with any third party's use and enjoyment of the website. You may not attempt to gain unauthorized access to the Web site, other accounts, computer systems or networks connected to any of the<strong> Argumo.co website<\/strong> by hacking, password mining or other means. You may not obtain or attempt to obtain any materials or information stored on the website, any of its servers or associated computers through any means not intentionally made available through the website.<\/p><h2 class=\"has-medium-font-size wp-block-heading\"><strong>User accounts and authority<\/strong><\/h2><p class=\"has-black-color has-text-color\">To participate fully in the services offered by<strong> the Argumo website<\/strong>In order to create a new user account (the \"User Account\"), you must provide us with your name, e-mail address and user password. As a user of the Website, you agree not to disclose or share your access information with any third party for any reason whatsoever. When creating your user account, you may be asked to enter additional and optional information. You declare that the information you have provided is accurate and up-to-date. You also agree to maintain and update your information to keep it accurate and up-to-date.<\/p><p class=\"has-black-color has-text-color\">Your privacy and security are important to us. Please consult our privacy policy for more information on the information we collect from you. <strong>the Argumo website <\/strong>may collect about you and the way in which <strong>the Argumo website <\/strong>uses this information. By accessing this site, you consent to the collection and use of your information by <strong>the Argumo.co website<\/strong>.<\/p><h2 class=\"has-medium-font-size wp-block-heading\"><strong>Waiver of warranty\/limitation of liability<\/strong><\/h2><p class=\"has-black-color has-text-color\">The website and any information, content or services available on or through the website are provided \"as is\" and \"as available\" without warranty of any kind, express, implied or otherwise.<\/p><p class=\"has-black-color has-text-color\"><strong>Argumo.co website <\/strong>and its participants (as defined below) do not warrant that the website will operate uninterrupted or error-free, or that the services will meet your needs or expectations. Furthermore, neither <strong>the Argumo website <\/strong>nor any of its participants guarantee the accuracy, completeness, timeliness or quality of the website.<\/p><p class=\"has-black-color has-text-color\">It is your responsibility to use this website and to obtain services from or through the website. Furthermore, it is at your own risk to enter or download any information or data available on the website or on any of the referring websites and you alone are responsible for any damage to your property (including your computer system); any loss of data resulting from the download or use of such data, unless otherwise specified in the privacy policy of the <strong>Argumo.co website.<\/strong><\/p><h2 class=\"has-medium-font-size wp-block-heading\"><strong>External service providers<\/strong><\/h2><p class=\"has-black-color has-text-color\"><strong>Argumo.co website <\/strong>uses certain services provided by third parties. By accepting the Terms of Service, you also agree to the following policies and conditions of the following service providers:<\/p><ul class=\"wp-block-list\"><li><a rel=\"noreferrer noopener\" href=\"https:\/\/www.youtube.com\/t\/terms\" target=\"_blank\">\u00a0Terms of use <\/a>YouTube<\/li>\n\n<li><a rel=\"noreferrer noopener\" href=\"https:\/\/policies.google.com\/privacy\" target=\"_blank\">\u00a0 Privacy Policy <\/a>Google<\/li><\/ul><h2 class=\"has-medium-font-size wp-block-heading\"><strong>Fragments<\/strong><\/h2><p class=\"has-black-color has-text-color\">Termination rights: You agree to allow the <strong>Argumo.co website<\/strong> to terminate your use of or participation in the Website at its sole discretion and for any reason, or for no reason, upon notice. Whenever deemed appropriate,<strong> the Argumo.co website <\/strong>will remove from the website users who frequently infringe copyright.<\/p><p class=\"has-black-color has-text-color\">You may terminate your subscription to the website at any time if you do not wish to continue. The rights granted to you under this Agreement shall expire upon termination of your right to use the Website, but the other provisions of these Terms of Service shall remain in full force and effect.<\/p><h2 class=\"has-medium-font-size wp-block-heading\"><strong>The choice of law<\/strong><\/h2><p class=\"has-black-color has-text-color\">You agree that these terms and conditions and any claim or dispute arising out of or relating to them or any content or service obtainable from or through the website shall be subject to the laws of the Kingdom of Morocco. You further agree to submit to the jurisdiction of such personal courts as may be applicable to you for such purpose and you waive and agree not to claim or contest such proceedings in such courts (including any defense or objection relating to insufficiency of jurisdiction, location or inconvenience).<\/p><p class=\"has-black-color has-text-color\">This Charter is considered effective from the date of: December 22, 2022<\/p>","protected":false},"excerpt":{"rendered":"<p>Derni\u00e8re mise \u00e0 jour : 22 d\u00e9cembre 2022 Bienvenue sur le site Argumo.co Veuillez lire les pr\u00e9sentes conditions d&#8217;utilisation et<\/p>","protected":false},"author":1,"featured_media":0,"parent":0,"menu_order":0,"comment_status":"closed","ping_status":"closed","template":"","meta":{"footnotes":""},"class_list":["post-13709","page","type-page","status-publish","hentry"],"yoast_head":"<!-- This site is optimized with the Yoast SEO Premium plugin v20.12 (Yoast SEO v20.12) - https:\/\/yoast.com\/wordpress\/plugins\/seo\/ -->\n<title>Condition d&#039;utilisation - ARGUMO<\/title>\n<meta name=\"robots\" content=\"index, follow, max-snippet:-1, max-image-preview:large, max-video-preview:-1\" \/>\n<link rel=\"canonical\" href=\"https:\/\/argumo.co\/en\/condition-dutilisation\/\" \/>\n<meta property=\"og:locale\" content=\"en_US\" \/>\n<meta property=\"og:type\" content=\"article\" \/>\n<meta property=\"og:title\" content=\"Condition d&#039;utilisation\" \/>\n<meta property=\"og:description\" content=\"Derni\u00e8re mise \u00e0 jour : 22 d\u00e9cembre 2022 Bienvenue sur le site Argumo.co Veuillez lire les pr\u00e9sentes conditions d&#8217;utilisation et\" \/>\n<meta property=\"og:url\" content=\"https:\/\/argumo.co\/en\/condition-dutilisation\/\" \/>\n<meta property=\"og:site_name\" content=\"ARGUMO\" \/>\n<meta property=\"article:modified_time\" content=\"2023-01-06T10:56:55+00:00\" \/>\n<meta name=\"twitter:card\" content=\"summary_large_image\" \/>\n<meta name=\"twitter:label1\" content=\"Est. reading time\" \/>\n\t<meta name=\"twitter:data1\" content=\"5 minutes\" \/>\n<script type=\"application\/ld+json\" class=\"yoast-schema-graph\">{\"@context\":\"https:\/\/schema.org\",\"@graph\":[{\"@type\":\"WebPage\",\"@id\":\"https:\/\/argumo.co\/condition-dutilisation\/\",\"url\":\"https:\/\/argumo.co\/condition-dutilisation\/\",\"name\":\"Condition d'utilisation - ARGUMO\",\"isPartOf\":{\"@id\":\"https:\/\/argumo.co\/fr\/#website\"},\"datePublished\":\"2022-12-28T10:34:51+00:00\",\"dateModified\":\"2023-01-06T10:56:55+00:00\",\"breadcrumb\":{\"@id\":\"https:\/\/argumo.co\/condition-dutilisation\/#breadcrumb\"},\"inLanguage\":\"en-US\",\"potentialAction\":[{\"@type\":\"ReadAction\",\"target\":[\"https:\/\/argumo.co\/condition-dutilisation\/\"]}]},{\"@type\":\"BreadcrumbList\",\"@id\":\"https:\/\/argumo.co\/condition-dutilisation\/#breadcrumb\",\"itemListElement\":[{\"@type\":\"ListItem\",\"position\":1,\"name\":\"Home\",\"item\":\"https:\/\/argumo.co\/fr\/\"},{\"@type\":\"ListItem\",\"position\":2,\"name\":\"Condition d&#8217;utilisation\"}]},{\"@type\":\"WebSite\",\"@id\":\"https:\/\/argumo.co\/fr\/#website\",\"url\":\"https:\/\/argumo.co\/fr\/\",\"name\":\"ARGUMO\",\"description\":\"Durabilit\u00e9, Confort Finition &amp; S\u00e9duction Intemporelle\",\"potentialAction\":[{\"@type\":\"SearchAction\",\"target\":{\"@type\":\"EntryPoint\",\"urlTemplate\":\"https:\/\/argumo.co\/fr\/?s={search_term_string}\"},\"query-input\":\"required name=search_term_string\"}],\"inLanguage\":\"en-US\"}]}<\/script>\n<!-- \/ Yoast SEO Premium plugin. -->","yoast_head_json":{"title":"Condition d'utilisation - ARGUMO","robots":{"index":"index","follow":"follow","max-snippet":"max-snippet:-1","max-image-preview":"max-image-preview:large","max-video-preview":"max-video-preview:-1"},"canonical":"https:\/\/argumo.co\/en\/condition-dutilisation\/","og_locale":"en_US","og_type":"article","og_title":"Condition d'utilisation","og_description":"Derni\u00e8re mise \u00e0 jour : 22 d\u00e9cembre 2022 Bienvenue sur le site Argumo.co Veuillez lire les pr\u00e9sentes conditions d&#8217;utilisation et","og_url":"https:\/\/argumo.co\/en\/condition-dutilisation\/","og_site_name":"ARGUMO","article_modified_time":"2023-01-06T10:56:55+00:00","twitter_card":"summary_large_image","twitter_misc":{"Est. reading time":"5 minutes"},"schema":{"@context":"https:\/\/schema.org","@graph":[{"@type":"WebPage","@id":"https:\/\/argumo.co\/condition-dutilisation\/","url":"https:\/\/argumo.co\/condition-dutilisation\/","name":"Condition d'utilisation - ARGUMO","isPartOf":{"@id":"https:\/\/argumo.co\/fr\/#website"},"datePublished":"2022-12-28T10:34:51+00:00","dateModified":"2023-01-06T10:56:55+00:00","breadcrumb":{"@id":"https:\/\/argumo.co\/condition-dutilisation\/#breadcrumb"},"inLanguage":"en-US","potentialAction":[{"@type":"ReadAction","target":["https:\/\/argumo.co\/condition-dutilisation\/"]}]},{"@type":"BreadcrumbList","@id":"https:\/\/argumo.co\/condition-dutilisation\/#breadcrumb","itemListElement":[{"@type":"ListItem","position":1,"name":"Home","item":"https:\/\/argumo.co\/fr\/"},{"@type":"ListItem","position":2,"name":"Condition d&#8217;utilisation"}]},{"@type":"WebSite","@id":"https:\/\/argumo.co\/fr\/#website","url":"https:\/\/argumo.co\/fr\/","name":"ARGUMO","description":"Durabilit\u00e9, Confort Finition &amp; S\u00e9duction Intemporelle","potentialAction":[{"@type":"SearchAction","target":{"@type":"EntryPoint","urlTemplate":"https:\/\/argumo.co\/fr\/?s={search_term_string}"},"query-input":"required name=search_term_string"}],"inLanguage":"en-US"}]}},"_links":{"self":[{"href":"https:\/\/argumo.co\/en\/wp-json\/wp\/v2\/pages\/13709"}],"collection":[{"href":"https:\/\/argumo.co\/en\/wp-json\/wp\/v2\/pages"}],"about":[{"href":"https:\/\/argumo.co\/en\/wp-json\/wp\/v2\/types\/page"}],"author":[{"embeddable":true,"href":"https:\/\/argumo.co\/en\/wp-json\/wp\/v2\/users\/1"}],"replies":[{"embeddable":true,"href":"https:\/\/argumo.co\/en\/wp-json\/wp\/v2\/comments?post=13709"}],"version-history":[{"count":4,"href":"https:\/\/argumo.co\/en\/wp-json\/wp\/v2\/pages\/13709\/revisions"}],"predecessor-version":[{"id":13771,"href":"https:\/\/argumo.co\/en\/wp-json\/wp\/v2\/pages\/13709\/revisions\/13771"}],"wp:attachment":[{"href":"https:\/\/argumo.co\/en\/wp-json\/wp\/v2\/media?parent=13709"}],"curies":[{"name":"wp","href":"https:\/\/api.w.org\/{rel}","templated":true}]}}